{"id":40,"date":"2017-03-17T19:09:10","date_gmt":"2017-03-17T22:09:10","guid":{"rendered":"http:\/\/blog.ufes.br\/jairfreitas\/?page_id=40"},"modified":"2020-02-28T16:12:40","modified_gmt":"2020-02-28T19:12:40","slug":"disciplinas","status":"publish","type":"page","link":"https:\/\/blog.ufes.br\/jairfreitas\/disciplinas\/","title":{"rendered":"Disciplinas"},"content":{"rendered":"<p>Disciplinas &#8211; p\u00f3s-gradua\u00e7\u00e3o:<\/p>\n<ul>\n<li><a href=\"http:\/\/blog.ufes.br\/jairfreitas\/disciplinas\/rmnpg\/\" target=\"_blank\" rel=\"noopener noreferrer\">M\u00e9todos de RMN no estado s\u00f3lido<\/a><\/li>\n<\/ul>\n<p>Disciplinas &#8211; gradua\u00e7\u00e3o:<\/p>\n<ul>\n<li><a href=\"https:\/\/blog.ufes.br\/jairfreitas\/disciplinas\/introfismod\/\" target=\"_blank\" rel=\"noopener noreferrer\">Introdu\u00e7\u00e3o \u00e0 F\u00edsica Moderna<\/a><\/li>\n<li><a href=\"https:\/\/blog.ufes.br\/jairfreitas\/disciplinas\/te2\/\" target=\"_blank\" rel=\"noopener noreferrer\">Teoria Eletromagn\u00e9tica I<\/a><\/li>\n<\/ul>\n","protected":false},"excerpt":{"rendered":"<p>Disciplinas &#8211; p\u00f3s-gradua\u00e7\u00e3o: M\u00e9todos de RMN no estado s\u00f3lido Disciplinas &#8211; gradua\u00e7\u00e3o: Introdu\u00e7\u00e3o \u00e0 F\u00edsica Moderna Teoria Eletromagn\u00e9tica I<\/p>\n","protected":false},"author":303,"featured_media":0,"parent":0,"menu_order":0,"comment_status":"closed","ping_status":"closed","template":"","meta":{"_bbp_topic_count":0,"_bbp_reply_count":0,"_bbp_total_topic_count":0,"_bbp_total_reply_count":0,"_bbp_voice_count":0,"_bbp_anonymous_reply_count":0,"_bbp_topic_count_hidden":0,"_bbp_reply_count_hidden":0,"_bbp_forum_subforum_count":0,"_uag_custom_page_level_css":"","footnotes":""},"class_list":["post-40","page","type-page","status-publish","hentry"],"uagb_featured_image_src":{"full":false,"thumbnail":false,"medium":false,"medium_large":false,"large":false,"1536x1536":false,"2048x2048":false,"post-thumbnail":false},"uagb_author_info":{"display_name":"jair.freitas","author_link":"https:\/\/blog.ufes.br\/jairfreitas\/author\/jair_carlos-checon-de-freitas\/"},"uagb_comment_info":0,"uagb_excerpt":"Disciplinas &#8211; p\u00f3s-gradua\u00e7\u00e3o: M\u00e9todos de RMN no estado s\u00f3lido Disciplinas &#8211; gradua\u00e7\u00e3o: Introdu\u00e7\u00e3o \u00e0 F\u00edsica Moderna Teoria Eletromagn\u00e9tica I","_links":{"self":[{"href":"https:\/\/blog.ufes.br\/jairfreitas\/wp-json\/wp\/v2\/pages\/40","targetHints":{"allow":["GET"]}}],"collection":[{"href":"https:\/\/blog.ufes.br\/jairfreitas\/wp-json\/wp\/v2\/pages"}],"about":[{"href":"https:\/\/blog.ufes.br\/jairfreitas\/wp-json\/wp\/v2\/types\/page"}],"author":[{"embeddable":true,"href":"https:\/\/blog.ufes.br\/jairfreitas\/wp-json\/wp\/v2\/users\/303"}],"replies":[{"embeddable":true,"href":"https:\/\/blog.ufes.br\/jairfreitas\/wp-json\/wp\/v2\/comments?post=40"}],"version-history":[{"count":7,"href":"https:\/\/blog.ufes.br\/jairfreitas\/wp-json\/wp\/v2\/pages\/40\/revisions"}],"predecessor-version":[{"id":865,"href":"https:\/\/blog.ufes.br\/jairfreitas\/wp-json\/wp\/v2\/pages\/40\/revisions\/865"}],"wp:attachment":[{"href":"https:\/\/blog.ufes.br\/jairfreitas\/wp-json\/wp\/v2\/media?parent=40"}],"curies":[{"name":"wp","href":"https:\/\/api.w.org\/{rel}","templated":true}]}}