{"id":593,"date":"2019-05-17T16:17:09","date_gmt":"2019-05-17T19:17:09","guid":{"rendered":"http:\/\/blog.ufes.br\/jairfreitas\/?page_id=593"},"modified":"2020-03-03T17:18:23","modified_gmt":"2020-03-03T20:18:23","slug":"links","status":"publish","type":"page","link":"https:\/\/blog.ufes.br\/jairfreitas\/disciplinas\/fis3\/links\/","title":{"rendered":"Links"},"content":{"rendered":"<h2 style=\"text-align: center\"><span style=\"color: #ff6600\">F\u00edsica III\u00a0<\/span><\/h2>\n<h4 style=\"text-align: center\">FIS 06580<\/h4>\n<h4 style=\"text-align: center\">Semestre 2020\/01<\/h4>\n<p style=\"text-align: right\">Professor <a href=\"mailto:jairccfreitas@yahoo.com.br\">Jair C. C. Freitas<\/a><\/p>\n<p>Links interessantes (textos, v\u00eddeos, simula\u00e7\u00f5es, etc.):<\/p>\n<p><a href=\"https:\/\/www.dropbox.com\/s\/a3pzre59o131a7n\/Apres_Series.pdf?dl=0\" target=\"_blank\" rel=\"noopener noreferrer\">Apresenta\u00e7\u00e3o sobre aproxima\u00e7\u00f5es utilizando s\u00e9ries de pot\u00eancias.<\/a><\/p>\n<p><a href=\"http:\/\/www.explorelearning.com\/\">ExploreLearning<\/a>, portal com simula\u00e7\u00f5es diversas de f\u00edsica, matem\u00e1tica, estat\u00edstica, etc.<\/p>\n<p><a href=\"http:\/\/www.sbfisica.org.br\/v1\/portalpion\/\" target=\"_blank\" rel=\"noopener noreferrer\">Pion \u2013 portal da SBF voltado para o ensino e a divulga\u00e7\u00e3o da F\u00edsica<\/a>.<\/p>\n<p><a href=\"http:\/\/www1.fisica.org.br\/fne\/\" target=\"_blank\" rel=\"noopener noreferrer\">Revista <em>F\u00edsica na Escola<\/em><\/a>, da SBF, com artigos diversos sobre F\u00edsica em um n\u00edvel bastante acess\u00edvel. Download livre.<\/p>\n<p><a href=\"http:\/\/www.physics.org\/\" target=\"_blank\" rel=\"noopener noreferrer\">Convite \u00e0 F\u00edsica<\/a>, s\u00e9rie de col\u00f3quios organizada pelo Instituto de F\u00edsica da USP.<\/p>\n<p><a href=\"http:\/\/www.sbfisica.org.br\/\" target=\"_blank\" rel=\"noopener noreferrer\">Sociedade Brasileira de F\u00edsica (SBF)<\/a>.<\/p>\n<p><a href=\"http:\/\/en.wikipedia.org\/wiki\/Portal:Physics\" target=\"_blank\" rel=\"noopener noreferrer\">Portal de F\u00edsica da Wikipedia (em ingl\u00eas)<\/a>.<\/p>\n<p><a href=\"http:\/\/www.physics.org\/\" target=\"_blank\" rel=\"noopener noreferrer\">Convite \u00e0 F\u00edsica<\/a>.<\/p>\n<p><em>\u00a0<\/em><\/p>\n","protected":false},"excerpt":{"rendered":"<p>F\u00edsica III\u00a0 FIS 06580 Semestre 2020\/01 Professor Jair C. C. Freitas Links interessantes (textos, v\u00eddeos, simula\u00e7\u00f5es, etc.): Apresenta\u00e7\u00e3o sobre aproxima\u00e7\u00f5es utilizando s\u00e9ries de pot\u00eancias. ExploreLearning, portal com simula\u00e7\u00f5es diversas de f\u00edsica, matem\u00e1tica, estat\u00edstica, etc. Pion \u2013 portal da SBF voltado para o ensino e a divulga\u00e7\u00e3o da F\u00edsica. Revista F\u00edsica na Escola, da SBF, com &hellip; <a href=\"https:\/\/blog.ufes.br\/jairfreitas\/disciplinas\/fis3\/links\/\" class=\"more-link\">Continue lendo <span class=\"screen-reader-text\">Links<\/span> <span class=\"meta-nav\">&rarr;<\/span><\/a><\/p>\n","protected":false},"author":303,"featured_media":0,"parent":63,"menu_order":0,"comment_status":"closed","ping_status":"closed","template":"","meta":{"_bbp_topic_count":0,"_bbp_reply_count":0,"_bbp_total_topic_count":0,"_bbp_total_reply_count":0,"_bbp_voice_count":0,"_bbp_anonymous_reply_count":0,"_bbp_topic_count_hidden":0,"_bbp_reply_count_hidden":0,"_bbp_forum_subforum_count":0,"_uag_custom_page_level_css":"","footnotes":""},"class_list":["post-593","page","type-page","status-publish","hentry"],"uagb_featured_image_src":{"full":false,"thumbnail":false,"medium":false,"medium_large":false,"large":false,"1536x1536":false,"2048x2048":false,"post-thumbnail":false},"uagb_author_info":{"display_name":"jair.freitas","author_link":"https:\/\/blog.ufes.br\/jairfreitas\/author\/jair_carlos-checon-de-freitas\/"},"uagb_comment_info":0,"uagb_excerpt":"F\u00edsica III\u00a0 FIS 06580 Semestre 2020\/01 Professor Jair C. C. Freitas Links interessantes (textos, v\u00eddeos, simula\u00e7\u00f5es, etc.): Apresenta\u00e7\u00e3o sobre aproxima\u00e7\u00f5es utilizando s\u00e9ries de pot\u00eancias. ExploreLearning, portal com simula\u00e7\u00f5es diversas de f\u00edsica, matem\u00e1tica, estat\u00edstica, etc. Pion \u2013 portal da SBF voltado para o ensino e a divulga\u00e7\u00e3o da F\u00edsica. Revista F\u00edsica na Escola, da SBF, com&hellip;","_links":{"self":[{"href":"https:\/\/blog.ufes.br\/jairfreitas\/wp-json\/wp\/v2\/pages\/593","targetHints":{"allow":["GET"]}}],"collection":[{"href":"https:\/\/blog.ufes.br\/jairfreitas\/wp-json\/wp\/v2\/pages"}],"about":[{"href":"https:\/\/blog.ufes.br\/jairfreitas\/wp-json\/wp\/v2\/types\/page"}],"author":[{"embeddable":true,"href":"https:\/\/blog.ufes.br\/jairfreitas\/wp-json\/wp\/v2\/users\/303"}],"replies":[{"embeddable":true,"href":"https:\/\/blog.ufes.br\/jairfreitas\/wp-json\/wp\/v2\/comments?post=593"}],"version-history":[{"count":9,"href":"https:\/\/blog.ufes.br\/jairfreitas\/wp-json\/wp\/v2\/pages\/593\/revisions"}],"predecessor-version":[{"id":879,"href":"https:\/\/blog.ufes.br\/jairfreitas\/wp-json\/wp\/v2\/pages\/593\/revisions\/879"}],"up":[{"embeddable":true,"href":"https:\/\/blog.ufes.br\/jairfreitas\/wp-json\/wp\/v2\/pages\/63"}],"wp:attachment":[{"href":"https:\/\/blog.ufes.br\/jairfreitas\/wp-json\/wp\/v2\/media?parent=593"}],"curies":[{"name":"wp","href":"https:\/\/api.w.org\/{rel}","templated":true}]}}