{"id":740,"date":"2019-08-27T18:36:36","date_gmt":"2019-08-27T21:36:36","guid":{"rendered":"http:\/\/blog.ufes.br\/jairfreitas\/?page_id=740"},"modified":"2021-02-19T13:33:53","modified_gmt":"2021-02-19T16:33:53","slug":"texts","status":"publish","type":"page","link":"https:\/\/blog.ufes.br\/jairfreitas\/disciplinas\/rmnpg\/texts\/","title":{"rendered":"Texts"},"content":{"rendered":"\n<h1 class=\"has-text-align-center wp-block-heading\"><span style=\"color: #ff6600\">Solid-state NMR<\/span><\/h1>\n\n\n\n<h4 class=\"has-text-align-center wp-block-heading\">PFIS-2020 \/ PQUI-335<\/h4>\n\n\n\n<p><\/p>\n\n\n\n<p class=\"has-text-align-right\">Prof. <a href=\"mailto:jairccfreitas@yahoo.com.br\">Jair C. C. Freitas<\/a><\/p>\n\n\n\n<p>Suggested texts:<\/p>\n\n\n\n<p><a rel=\"noreferrer noopener\" aria-label=\"\u201cOs n\u00facleos at\u00f4micos e a RMN\u201d, J. C. C. Freitas, T. J. Bonagamba. In: J. D. Figueroa Villar (editor), Fundamentos e Aplica\u00e7\u00f5es da Resson\u00e2ncia Magn\u00e9tica Nuclear, no 1, AUREMN, 1999 (abre numa nova aba)\" href=\"http:\/\/blog.ufes.br\/jairfreitas\/files\/2019\/08\/Nucleos_Atomicos_RMN_JCCFreitas_TJBonagamba.pdf\" target=\"_blank\">\u201cOs n\u00facleos at\u00f4micos e a RMN\u201d, J. C. C. Freitas, T. J. Bonagamba. In: J. D. Figueroa Villar (editor), Fundamentos e Aplica\u00e7\u00f5es da Resson\u00e2ncia Magn\u00e9tica Nuclear, n. 1, AUREMN, 1999<\/a>. <\/p>\n\n\n\n<p> <a rel=\"noreferrer noopener\" aria-label=\"\u201cNew Zealand developments in Earth\u2019s field NMR\u201d, P. T. Callaghan, A. Coy, R. Dykstra, C. D. Eccles, M. E. Halse, M. W. Hunter, O. R. Mercier, J. N. Robionson. Appl. Magn. Reson. 2007;32:63-74. (abre numa nova aba)\" href=\"https:\/\/link.springer.com\/article\/10.1007\/s00723-007-0012-5\" target=\"_blank\">\u201cNew Zealand developments in Earth\u2019s field NMR\u201d, P. T. Callaghan, A. Coy, R. Dykstra, C. D. Eccles, M. E. Halse, M. W. Hunter, O. R. Mercier, J. N. Robionson. Appl. Magn. Reson. 2007;32:63-74.<\/a> <\/p>\n\n\n\n<p><a rel=\"noreferrer noopener\" aria-label=\" \u201cNuclear magnetic resonance for the people\u201d, P. J. Grandinetti. (abre numa nova aba)\" href=\"https:\/\/hallaweb.jlab.org\/equipment\/targets\/polhe3\/lab\/pnmr\/NMRftp.pdf\" target=\"_blank\"> \u201cNuclear magnetic resonance for the people\u201d, P. J. Grandinetti.<\/a> <\/p>\n\n\n\n<p> <a href=\"https:\/\/doi.org\/10.1351\/pac200173111795\" target=\"_blank\" rel=\"noreferrer noopener\" aria-label=\" (abre numa nova aba)\">\u201cNMR and nomenclature. Nuclear spin properties and conventions for chemical shifts (IUPAC Recommendations 2001)\u201d, R. K. Harris, E. D. Becker, S. M. Cabral de Menezes, R. Goodfelow, P. Granger. Pure Appl. Chem. 2001;73:1795-1818<\/a>. <\/p>\n\n\n\n<p> <a href=\"https:\/\/doi.org\/10.1016\/j.ssnmr.2008.02.004\" target=\"_blank\" rel=\"noreferrer noopener\" aria-label=\"\u201cFurther conventions for NMR shielding and chemical shifts (IUPAC recommendations 2008)\u201d, R. K. Harris, E. D. Becker, S. M. Cabral de Menezes, P. Granger, R. E. Hoffman, K. W. Zilm. Pure Appl. Chem. 2008;80:59-84 (abre numa nova aba)\">\u201cFurther conventions for NMR shielding and chemical shifts (IUPAC recommendations 2008)\u201d, R. K. Harris, E. D. Becker, S. M. Cabral de Menezes, P. Granger, R. E. Hoffman, K. W. Zilm. Pure Appl. Chem. 2008;80:59-84<\/a>. <\/p>\n\n\n\n<p><a href=\"https:\/\/doi.org\/10.1002\/(SICI)1099-0534(1997)9:5%3C277::AID-CMR1%3E3.0.CO;2-W\" target=\"_blank\" rel=\"noreferrer noopener\" aria-label=\" \u201cNMR signal reception: virtual photons and coherent spontaneous emission\u201d, D. I. Hoult, B. Bhakar. Concepts Magn. Reson. 1997;9:277-297 (abre numa nova aba)\"> \u201cNMR signal reception: virtual photons and coherent spontaneous emission\u201d, D. I. Hoult, B. Bhakar. Concepts Magn. Reson<\/a><em><a href=\"https:\/\/doi.org\/10.1002\/(SICI)1099-0534(1997)9:5%3C277::AID-CMR1%3E3.0.CO;2-W\" target=\"_blank\" rel=\"noreferrer noopener\" aria-label=\" \u201cNMR signal reception: virtual photons and coherent spontaneous emission\u201d, D. I. Hoult, B. Bhakar. Concepts Magn. Reson. 1997;9:277-297 (abre numa nova aba)\">.<\/a><\/em><a href=\"https:\/\/doi.org\/10.1002\/(SICI)1099-0534(1997)9:5%3C277::AID-CMR1%3E3.0.CO;2-W\" target=\"_blank\" rel=\"noreferrer noopener\" aria-label=\" \u201cNMR signal reception: virtual photons and coherent spontaneous emission\u201d, D. I. Hoult, B. Bhakar. Concepts Magn. Reson. 1997;9:277-297 (abre numa nova aba)\"> 1997;9:277-297<\/a>. <\/p>\n\n\n\n<p>\u201cSimple laboratory experiments to observe the manifestations of the sinc function\u201d, D. D. Traficante, M. M McGregor. Concepts Magn. Reson. 2002;14:308-325.<\/p>\n\n\n\n<p>\u201cThe effects of finite rectangular pulses in NMR: phase and intensity distortions for a spin-1\/2\u201d, R. M. Gregory, A. D. Bain. Concepts Magn. Reson. 2009;34A:305-314.<\/p>\n\n\n\n<p>\u201cSingle- and multiple-frequency-shifted laminar pulses\u201d, S. L. Patt. J. Magn. Reson. 1992;96:94-102.<\/p>\n\n\n\n<p>\u201cSpin echoes\u201d, E. L. Hahn. Phys. Rev. 1950;80:580-594.<\/p>\n\n\n\n<p>\u201cEffects of diffusion on free precession in nuclear magnetic resonance experiments\u201d, H. Y. Carr, E. M. Purcell. Phys. Rev. 1954;94:630-638.<\/p>\n\n\n\n<p>\u201cModified spin\u2013echo method for measuring nuclear relaxation times.\u201d S. Meiboom, D. Gill. Rev. Sci. Instrm. 1958;29:688\u2013691.<\/p>\n\n\n\n<p>\u201cProton-enhanced NMR of dilute spins in solids\u201d, A. Pines, M. G. Gibby, J. S. Waugh. J. Chem. Phys. 1973;59:569.<\/p>\n\n\n\n<p>\u201cPractical aspects of modern routine solid-state nuclear magnetic resonance spectroscopy: one-dimensional experiments\u201d, D. L. Bryce, G. M. Bernard, M. Gee, M. D. Lumsden, K. Eichele, R. E. Wasylishen, Can. J. Anal. Sci. Spectr. 2001;46:46.<\/p>\n\n\n\n<p>\u201cNMR in rotating solids\u201d, M. M. Maricq, J. S. Waugh. J. Chem. Phys. 1979;70:3300-3316.<\/p>\n\n\n\n<p>\u201cIntera\u00e7\u00f5es hiperfinas\u201d, I. S. Oliveira, A. P. Guimar\u00e3es, Revista Brasileira de Ensino de F\u00edsica 2000;22:353-359.<\/p>\n\n\n\n<p>\u201cAplica\u00e7\u00f5es da resson\u00e2ncia magn\u00e9tica nuclear ao estudo de materiais magn\u00e9ticos\u201d, A. P. Guimar\u00e3es, Revista Brasileira de Ensino de F\u00edsica 2000;22:360-362.<\/p>\n\n\n\n<p>\u201cRecent advances in experimental solid state NMR methodology for half-integer quadrupolar nuclei\u201d, M. E. Smith, E. R. H. van Eck, Prog. Nucl. Magn. Reson. Spec. 1999;34:159-201.<\/p>\n\n\n\n<p>\u201cNuclear resonance in hydrated crystals: fine structure of proton line\u201d, G. E. Pake, J. Chem. Phys. 1948;16:327-336. <\/p>\n\n\n\n<p>\u201cAplica\u00e7\u00f5es da resson\u00e2ncia magn\u00e9tica nuclear ao estudo de materiais magn\u00e9ticos\u201d, A. P. Guimar\u00e3es. Revista Brasileira de Ensino de F\u00edsica 2000;22:360-362.<\/p>\n\n\n","protected":false},"excerpt":{"rendered":"<p>Solid-state NMR PFIS-2020 \/ PQUI-335 Prof. Jair C. C. Freitas Suggested texts: \u201cOs n\u00facleos at\u00f4micos e a RMN\u201d, J. C. C. Freitas, T. J. Bonagamba. In: J. D. Figueroa Villar (editor), Fundamentos e Aplica\u00e7\u00f5es da Resson\u00e2ncia Magn\u00e9tica Nuclear, n. 1, AUREMN, 1999. \u201cNew Zealand developments in Earth\u2019s field NMR\u201d, P. T. Callaghan, A. Coy, R. &hellip; <a href=\"https:\/\/blog.ufes.br\/jairfreitas\/disciplinas\/rmnpg\/texts\/\" class=\"more-link\">Continue lendo <span class=\"screen-reader-text\">Texts<\/span> <span class=\"meta-nav\">&rarr;<\/span><\/a><\/p>\n","protected":false},"author":303,"featured_media":0,"parent":12,"menu_order":0,"comment_status":"closed","ping_status":"closed","template":"","meta":{"_bbp_topic_count":0,"_bbp_reply_count":0,"_bbp_total_topic_count":0,"_bbp_total_reply_count":0,"_bbp_voice_count":0,"_bbp_anonymous_reply_count":0,"_bbp_topic_count_hidden":0,"_bbp_reply_count_hidden":0,"_bbp_forum_subforum_count":0,"_uag_custom_page_level_css":"","footnotes":""},"class_list":["post-740","page","type-page","status-publish","hentry"],"uagb_featured_image_src":{"full":false,"thumbnail":false,"medium":false,"medium_large":false,"large":false,"1536x1536":false,"2048x2048":false,"post-thumbnail":false},"uagb_author_info":{"display_name":"jair.freitas","author_link":"https:\/\/blog.ufes.br\/jairfreitas\/author\/jair_carlos-checon-de-freitas\/"},"uagb_comment_info":0,"uagb_excerpt":"Solid-state NMR PFIS-2020 \/ PQUI-335 Prof. Jair C. C. Freitas Suggested texts: \u201cOs n\u00facleos at\u00f4micos e a RMN\u201d, J. C. C. Freitas, T. J. Bonagamba. In: J. D. Figueroa Villar (editor), Fundamentos e Aplica\u00e7\u00f5es da Resson\u00e2ncia Magn\u00e9tica Nuclear, n. 1, AUREMN, 1999. \u201cNew Zealand developments in Earth\u2019s field NMR\u201d, P. T. Callaghan, A. Coy, R.&hellip;","_links":{"self":[{"href":"https:\/\/blog.ufes.br\/jairfreitas\/wp-json\/wp\/v2\/pages\/740","targetHints":{"allow":["GET"]}}],"collection":[{"href":"https:\/\/blog.ufes.br\/jairfreitas\/wp-json\/wp\/v2\/pages"}],"about":[{"href":"https:\/\/blog.ufes.br\/jairfreitas\/wp-json\/wp\/v2\/types\/page"}],"author":[{"embeddable":true,"href":"https:\/\/blog.ufes.br\/jairfreitas\/wp-json\/wp\/v2\/users\/303"}],"replies":[{"embeddable":true,"href":"https:\/\/blog.ufes.br\/jairfreitas\/wp-json\/wp\/v2\/comments?post=740"}],"version-history":[{"count":12,"href":"https:\/\/blog.ufes.br\/jairfreitas\/wp-json\/wp\/v2\/pages\/740\/revisions"}],"predecessor-version":[{"id":991,"href":"https:\/\/blog.ufes.br\/jairfreitas\/wp-json\/wp\/v2\/pages\/740\/revisions\/991"}],"up":[{"embeddable":true,"href":"https:\/\/blog.ufes.br\/jairfreitas\/wp-json\/wp\/v2\/pages\/12"}],"wp:attachment":[{"href":"https:\/\/blog.ufes.br\/jairfreitas\/wp-json\/wp\/v2\/media?parent=740"}],"curies":[{"name":"wp","href":"https:\/\/api.w.org\/{rel}","templated":true}]}}