{"id":89,"date":"2017-03-29T19:39:55","date_gmt":"2017-03-29T22:39:55","guid":{"rendered":"http:\/\/blog.ufes.br\/jairfreitas\/?page_id=89"},"modified":"2021-02-19T13:18:41","modified_gmt":"2021-02-19T16:18:41","slug":"videos","status":"publish","type":"page","link":"https:\/\/blog.ufes.br\/jairfreitas\/disciplinas\/rmnpg\/videos\/","title":{"rendered":"Videos"},"content":{"rendered":"<h1 style=\"text-align: center\"><span style=\"color: #ff6600\">Solid-state NMR<\/span><\/h1>\n<h4 style=\"text-align: center\">PFIS-2020 \/ PQUI-335<\/h4>\n<h4 style=\"text-align: center\"><\/h4>\n<p style=\"text-align: right\">Prof. <a href=\"mailto:jairccfreitas@yahoo.com.br\">Jair C. C. Freitas<\/a><\/p>\n<p>Interesting videos:<\/p>\n<p><a href=\"http:\/\/www.magritek.com\/support\/videos\/\" target=\"_blank\" rel=\"noopener noreferrer\">Introductory NMR and MRI<\/a>.<\/p>\n<p><a href=\"http:\/\/www.youtube.com\/watch?v=uNM801B9Y84\" target=\"_blank\" rel=\"noopener noreferrer\">Proton nuclear magnetic resonance (NMR)<\/a>.<\/p>\n<p><a href=\"https:\/\/www.google.com.br\/url?sa=t&amp;rct=j&amp;q=&amp;esrc=s&amp;source=web&amp;cd=1&amp;cad=rja&amp;uact=8&amp;ved=0ahUKEwj19tKw4_zSAhVJGpAKHZZFBhEQFggaMAA&amp;url=http%3A%2F%2Fvideo.if.usp.br%2Fvideo%2Fsimula%25C3%25A7%25C3%25B5es-qu%25C3%25A2nticas-por-resson%25C3%25A2ncia-magn%25C3%25A9tica-nuclear&amp;usg=AFQjCNFKtknYiooOfDThkyUiA_ofEaGT5A\" target=\"_blank\" rel=\"noopener noreferrer\">Simula\u00e7\u00f5es qu\u00e2nticas por resson\u00e2ncia magn\u00e9tica nuclear<\/a>.<\/p>\n<p><a href=\"http:\/\/www.vega.org.uk\/video\/programme\/21\">Richard Ernst, NL \u2013 Developer of Multidimensional NMR techniques<\/a>.<\/p>\n","protected":false},"excerpt":{"rendered":"<p>Solid-state NMR PFIS-2020 \/ PQUI-335 Prof. Jair C. C. Freitas Interesting videos: Introductory NMR and MRI. Proton nuclear magnetic resonance (NMR). Simula\u00e7\u00f5es qu\u00e2nticas por resson\u00e2ncia magn\u00e9tica nuclear. Richard Ernst, NL \u2013 Developer of Multidimensional NMR techniques.<\/p>\n","protected":false},"author":303,"featured_media":0,"parent":12,"menu_order":0,"comment_status":"closed","ping_status":"closed","template":"","meta":{"_bbp_topic_count":0,"_bbp_reply_count":0,"_bbp_total_topic_count":0,"_bbp_total_reply_count":0,"_bbp_voice_count":0,"_bbp_anonymous_reply_count":0,"_bbp_topic_count_hidden":0,"_bbp_reply_count_hidden":0,"_bbp_forum_subforum_count":0,"_uag_custom_page_level_css":"","footnotes":""},"class_list":["post-89","page","type-page","status-publish","hentry"],"uagb_featured_image_src":{"full":false,"thumbnail":false,"medium":false,"medium_large":false,"large":false,"1536x1536":false,"2048x2048":false,"post-thumbnail":false},"uagb_author_info":{"display_name":"jair.freitas","author_link":"https:\/\/blog.ufes.br\/jairfreitas\/author\/jair_carlos-checon-de-freitas\/"},"uagb_comment_info":0,"uagb_excerpt":"Solid-state NMR PFIS-2020 \/ PQUI-335 Prof. Jair C. C. Freitas Interesting videos: Introductory NMR and MRI. Proton nuclear magnetic resonance (NMR). Simula\u00e7\u00f5es qu\u00e2nticas por resson\u00e2ncia magn\u00e9tica nuclear. Richard Ernst, NL \u2013 Developer of Multidimensional NMR techniques.","_links":{"self":[{"href":"https:\/\/blog.ufes.br\/jairfreitas\/wp-json\/wp\/v2\/pages\/89","targetHints":{"allow":["GET"]}}],"collection":[{"href":"https:\/\/blog.ufes.br\/jairfreitas\/wp-json\/wp\/v2\/pages"}],"about":[{"href":"https:\/\/blog.ufes.br\/jairfreitas\/wp-json\/wp\/v2\/types\/page"}],"author":[{"embeddable":true,"href":"https:\/\/blog.ufes.br\/jairfreitas\/wp-json\/wp\/v2\/users\/303"}],"replies":[{"embeddable":true,"href":"https:\/\/blog.ufes.br\/jairfreitas\/wp-json\/wp\/v2\/comments?post=89"}],"version-history":[{"count":6,"href":"https:\/\/blog.ufes.br\/jairfreitas\/wp-json\/wp\/v2\/pages\/89\/revisions"}],"predecessor-version":[{"id":987,"href":"https:\/\/blog.ufes.br\/jairfreitas\/wp-json\/wp\/v2\/pages\/89\/revisions\/987"}],"up":[{"embeddable":true,"href":"https:\/\/blog.ufes.br\/jairfreitas\/wp-json\/wp\/v2\/pages\/12"}],"wp:attachment":[{"href":"https:\/\/blog.ufes.br\/jairfreitas\/wp-json\/wp\/v2\/media?parent=89"}],"curies":[{"name":"wp","href":"https:\/\/api.w.org\/{rel}","templated":true}]}}