{"id":94,"date":"2017-04-07T18:24:41","date_gmt":"2017-04-07T21:24:41","guid":{"rendered":"http:\/\/blog.ufes.br\/jairfreitas\/?page_id=94"},"modified":"2020-03-06T20:28:30","modified_gmt":"2020-03-06T23:28:30","slug":"apresentacoes","status":"publish","type":"page","link":"https:\/\/blog.ufes.br\/jairfreitas\/disciplinas\/fis3\/apresentacoes\/","title":{"rendered":"Apresenta\u00e7\u00f5es"},"content":{"rendered":"<h2 style=\"text-align: center\"><span style=\"color: #ff6600\">F\u00edsica III\u00a0<\/span><\/h2>\n<h4 style=\"text-align: center\">FIS 06580<\/h4>\n<h4 style=\"text-align: center\">Semestre 2020\/01<\/h4>\n<p style=\"text-align: right\">Professor <a href=\"mailto:jairccfreitas@yahoo.com.br\">Jair C. C. Freitas<\/a><\/p>\n<p style=\"text-align: left\">Apresenta\u00e7\u00f5es utilizadas como apoio \u00e0s aulas:<\/p>\n<p><a href=\"https:\/\/www.dropbox.com\/s\/g2j13gqlp4ovhym\/Apres1_Carga_Campo_Eletrico_2020_01.pdf?dl=0\" target=\"_blank\" rel=\"noopener noreferrer\"><span style=\"color: #3366ff\"><strong>Apresenta\u00e7\u00e3o 1: Carga el\u00e9trica e campo el\u00e9trico<\/strong><\/span><\/a><\/p>\n<p>\u00a0<\/p>\n\n\n<p><\/p>\n","protected":false},"excerpt":{"rendered":"<p>F\u00edsica III\u00a0 FIS 06580 Semestre 2020\/01 Professor Jair C. C. Freitas Apresenta\u00e7\u00f5es utilizadas como apoio \u00e0s aulas: Apresenta\u00e7\u00e3o 1: Carga el\u00e9trica e campo el\u00e9trico \u00a0<\/p>\n","protected":false},"author":303,"featured_media":0,"parent":63,"menu_order":0,"comment_status":"closed","ping_status":"closed","template":"","meta":{"_bbp_topic_count":0,"_bbp_reply_count":0,"_bbp_total_topic_count":0,"_bbp_total_reply_count":0,"_bbp_voice_count":0,"_bbp_anonymous_reply_count":0,"_bbp_topic_count_hidden":0,"_bbp_reply_count_hidden":0,"_bbp_forum_subforum_count":0,"_uag_custom_page_level_css":"","footnotes":""},"class_list":["post-94","page","type-page","status-publish","hentry"],"uagb_featured_image_src":{"full":false,"thumbnail":false,"medium":false,"medium_large":false,"large":false,"1536x1536":false,"2048x2048":false,"post-thumbnail":false},"uagb_author_info":{"display_name":"jair.freitas","author_link":"https:\/\/blog.ufes.br\/jairfreitas\/author\/jair_carlos-checon-de-freitas\/"},"uagb_comment_info":0,"uagb_excerpt":"F\u00edsica III\u00a0 FIS 06580 Semestre 2020\/01 Professor Jair C. C. Freitas Apresenta\u00e7\u00f5es utilizadas como apoio \u00e0s aulas: Apresenta\u00e7\u00e3o 1: Carga el\u00e9trica e campo el\u00e9trico \u00a0","_links":{"self":[{"href":"https:\/\/blog.ufes.br\/jairfreitas\/wp-json\/wp\/v2\/pages\/94","targetHints":{"allow":["GET"]}}],"collection":[{"href":"https:\/\/blog.ufes.br\/jairfreitas\/wp-json\/wp\/v2\/pages"}],"about":[{"href":"https:\/\/blog.ufes.br\/jairfreitas\/wp-json\/wp\/v2\/types\/page"}],"author":[{"embeddable":true,"href":"https:\/\/blog.ufes.br\/jairfreitas\/wp-json\/wp\/v2\/users\/303"}],"replies":[{"embeddable":true,"href":"https:\/\/blog.ufes.br\/jairfreitas\/wp-json\/wp\/v2\/comments?post=94"}],"version-history":[{"count":56,"href":"https:\/\/blog.ufes.br\/jairfreitas\/wp-json\/wp\/v2\/pages\/94\/revisions"}],"predecessor-version":[{"id":888,"href":"https:\/\/blog.ufes.br\/jairfreitas\/wp-json\/wp\/v2\/pages\/94\/revisions\/888"}],"up":[{"embeddable":true,"href":"https:\/\/blog.ufes.br\/jairfreitas\/wp-json\/wp\/v2\/pages\/63"}],"wp:attachment":[{"href":"https:\/\/blog.ufes.br\/jairfreitas\/wp-json\/wp\/v2\/media?parent=94"}],"curies":[{"name":"wp","href":"https:\/\/api.w.org\/{rel}","templated":true}]}}