{"id":93,"date":"2017-04-21T08:13:08","date_gmt":"2017-04-21T11:13:08","guid":{"rendered":"http:\/\/blog.ufes.br\/jamilabreu\/?page_id=93"},"modified":"2021-12-11T17:54:32","modified_gmt":"2021-12-11T20:54:32","slug":"informacoes","status":"publish","type":"page","link":"https:\/\/blog.ufes.br\/jamilabreu\/informacoes\/","title":{"rendered":"Informa\u00e7\u00f5es"},"content":{"rendered":"<div id=\"attachment_723\" style=\"width: 161px\" class=\"wp-caption alignnone\"><img loading=\"lazy\" decoding=\"async\" aria-describedby=\"caption-attachment-723\" class=\"wp-image-723\" src=\"http:\/\/blog.ufes.br\/jamilabreu\/files\/2019\/05\/Eu-maio2019.jpg\" alt=\"\" width=\"151\" height=\"201\" \/><p id=\"caption-attachment-723\" class=\"wp-caption-text\">Maio\/2019<\/p><\/div>\n<h2>CV<\/h2>\n<p><a href=\"http:\/\/buscatextual.cnpq.br\/buscatextual\/visualizacv.do?id=K4210988Y3\">Curr\u00edculo Lattes<\/a><\/p>\n<h2>Email<\/h2>\n<p>jamil.abreu *at* ufes.br<\/p>\n<h2>Telefone<\/h2>\n<p>+55-35-3829-1961<\/p>\n<h2>Endere\u00e7o\/Address\/Direcci\u00f3n<\/h2>\n<p>Universidade Federal de Lavras<br \/>\nInstituto de Ci\u00eancias Exatas e Tecnol\u00f3gicas<br \/>\n<a href=\"https:\/\/icet.ufla.br\/departamentos\/dmm\">Departamento de Matem\u00e1tica e Matem\u00e1tica Aplicada<\/a><br \/>\nAvenida Central UFLA, S\/n<br \/>\nAquenta Sol<br \/>\nCEP 37200-000<br \/>\nLavras\/MG<br \/>\nBrasil<\/p>\n","protected":false},"excerpt":{"rendered":"<p>CV Curr\u00edculo Lattes Email jamil.abreu *at* ufes.br Telefone +55-35-3829-1961 Endere\u00e7o\/Address\/Direcci\u00f3n Universidade Federal de Lavras Instituto de Ci\u00eancias Exatas e Tecnol\u00f3gicas Departamento de Matem\u00e1tica e Matem\u00e1tica Aplicada Avenida Central UFLA, S\/n Aquenta Sol CEP 37200-000 Lavras\/MG Brasil<\/p>\n","protected":false},"author":306,"featured_media":0,"parent":0,"menu_order":0,"comment_status":"closed","ping_status":"closed","template":"","meta":{"_bbp_topic_count":0,"_bbp_reply_count":0,"_bbp_total_topic_count":0,"_bbp_total_reply_count":0,"_bbp_voice_count":0,"_bbp_anonymous_reply_count":0,"_bbp_topic_count_hidden":0,"_bbp_reply_count_hidden":0,"_bbp_forum_subforum_count":0,"_uag_custom_page_level_css":"","footnotes":""},"class_list":["post-93","page","type-page","status-publish","hentry"],"uagb_featured_image_src":{"full":false,"thumbnail":false,"medium":false,"medium_large":false,"large":false,"1536x1536":false,"2048x2048":false,"post-thumbnail":false},"uagb_author_info":{"display_name":"Jamil","author_link":"https:\/\/blog.ufes.br\/jamilabreu\/author\/jamil_gomes-de-abreu-junior\/"},"uagb_comment_info":0,"uagb_excerpt":"CV Curr\u00edculo Lattes Email jamil.abreu *at* ufes.br Telefone +55-35-3829-1961 Endere\u00e7o\/Address\/Direcci\u00f3n Universidade Federal de Lavras Instituto de Ci\u00eancias Exatas e Tecnol\u00f3gicas Departamento de Matem\u00e1tica e Matem\u00e1tica Aplicada Avenida Central UFLA, S\/n Aquenta Sol CEP 37200-000 Lavras\/MG Brasil","_links":{"self":[{"href":"https:\/\/blog.ufes.br\/jamilabreu\/wp-json\/wp\/v2\/pages\/93","targetHints":{"allow":["GET"]}}],"collection":[{"href":"https:\/\/blog.ufes.br\/jamilabreu\/wp-json\/wp\/v2\/pages"}],"about":[{"href":"https:\/\/blog.ufes.br\/jamilabreu\/wp-json\/wp\/v2\/types\/page"}],"author":[{"embeddable":true,"href":"https:\/\/blog.ufes.br\/jamilabreu\/wp-json\/wp\/v2\/users\/306"}],"replies":[{"embeddable":true,"href":"https:\/\/blog.ufes.br\/jamilabreu\/wp-json\/wp\/v2\/comments?post=93"}],"version-history":[{"count":16,"href":"https:\/\/blog.ufes.br\/jamilabreu\/wp-json\/wp\/v2\/pages\/93\/revisions"}],"predecessor-version":[{"id":883,"href":"https:\/\/blog.ufes.br\/jamilabreu\/wp-json\/wp\/v2\/pages\/93\/revisions\/883"}],"wp:attachment":[{"href":"https:\/\/blog.ufes.br\/jamilabreu\/wp-json\/wp\/v2\/media?parent=93"}],"curies":[{"name":"wp","href":"https:\/\/api.w.org\/{rel}","templated":true}]}}