{"id":18,"date":"2015-03-18T15:07:38","date_gmt":"2015-03-18T18:07:38","guid":{"rendered":"http:\/\/blog.ufes.br\/joserafael\/?page_id=18"},"modified":"2015-09-14T12:00:59","modified_gmt":"2015-09-14T15:00:59","slug":"ciencia-dos-materiais","status":"publish","type":"page","link":"https:\/\/blog.ufes.br\/joserafael\/?page_id=18","title":{"rendered":"Ci\u00eancia dos Materiais"},"content":{"rendered":"<p>Conte\u00fado dispon\u00edvel para a disciplina Ci\u00eancia dos Materiais no link abaixo:<\/p>\n<p><a href=\"https:\/\/www.dropbox.com\/sh\/lt5qgf86zpqvpiq\/AACUaiPd955EfFoFgeS9jHrFa?dl=0\" target=\"_blank\">Acesso aos Slides<\/a><\/p>\n<p>&nbsp;<\/p>\n","protected":false},"excerpt":{"rendered":"<p>Conte\u00fado dispon\u00edvel para a disciplina Ci\u00eancia dos Materiais no link abaixo: Acesso aos Slides &nbsp;<\/p>\n","protected":false},"author":215,"featured_media":0,"parent":63,"menu_order":0,"comment_status":"open","ping_status":"open","template":"","meta":{"_bbp_topic_count":0,"_bbp_reply_count":0,"_bbp_total_topic_count":0,"_bbp_total_reply_count":0,"_bbp_voice_count":0,"_bbp_anonymous_reply_count":0,"_bbp_topic_count_hidden":0,"_bbp_reply_count_hidden":0,"_bbp_forum_subforum_count":0,"_uag_custom_page_level_css":"","footnotes":""},"class_list":["post-18","page","type-page","status-publish","hentry"],"uagb_featured_image_src":{"full":false,"thumbnail":false,"medium":false,"medium_large":false,"large":false,"1536x1536":false,"2048x2048":false,"post-thumbnail":false,"large-feature":false,"small-feature":false},"uagb_author_info":{"display_name":"Jos\u00e9 Rafael Capua Proveti","author_link":"https:\/\/blog.ufes.br\/joserafael\/?author=215"},"uagb_comment_info":2,"uagb_excerpt":"Conte\u00fado dispon\u00edvel para a disciplina Ci\u00eancia dos Materiais no link abaixo: Acesso aos Slides &nbsp;","_links":{"self":[{"href":"https:\/\/blog.ufes.br\/joserafael\/index.php?rest_route=\/wp\/v2\/pages\/18","targetHints":{"allow":["GET"]}}],"collection":[{"href":"https:\/\/blog.ufes.br\/joserafael\/index.php?rest_route=\/wp\/v2\/pages"}],"about":[{"href":"https:\/\/blog.ufes.br\/joserafael\/index.php?rest_route=\/wp\/v2\/types\/page"}],"author":[{"embeddable":true,"href":"https:\/\/blog.ufes.br\/joserafael\/index.php?rest_route=\/wp\/v2\/users\/215"}],"replies":[{"embeddable":true,"href":"https:\/\/blog.ufes.br\/joserafael\/index.php?rest_route=%2Fwp%2Fv2%2Fcomments&post=18"}],"version-history":[{"count":9,"href":"https:\/\/blog.ufes.br\/joserafael\/index.php?rest_route=\/wp\/v2\/pages\/18\/revisions"}],"predecessor-version":[{"id":92,"href":"https:\/\/blog.ufes.br\/joserafael\/index.php?rest_route=\/wp\/v2\/pages\/18\/revisions\/92"}],"up":[{"embeddable":true,"href":"https:\/\/blog.ufes.br\/joserafael\/index.php?rest_route=\/wp\/v2\/pages\/63"}],"wp:attachment":[{"href":"https:\/\/blog.ufes.br\/joserafael\/index.php?rest_route=%2Fwp%2Fv2%2Fmedia&parent=18"}],"curies":[{"name":"wp","href":"https:\/\/api.w.org\/{rel}","templated":true}]}}