{"id":2,"date":"2017-07-12T12:36:13","date_gmt":"2017-07-12T15:36:13","guid":{"rendered":"http:\/\/blog.ufes.br\/kyria\/?page_id=2"},"modified":"2025-04-01T22:09:11","modified_gmt":"2025-04-02T01:09:11","slug":"pagina-exemplo","status":"publish","type":"page","link":"https:\/\/blog.ufes.br\/kyriafinardi\/","title":{"rendered":""},"content":{"rendered":"\n<p><strong>Ol\u00e1, este \u00e9 o blog da professora Kyria Rebeca Finardi, respons\u00e1vel pela Disciplina de Est\u00e1gio Supervisionado I em Letras Ingl\u00eas na Ufes. Aqui poder\u00e1s encontrar conte\u00fados de interesse para essa disciplina. Para informa\u00e7\u00f5es sobre publica\u00e7\u00f5es, agenda, not\u00edcias, projetos, colaboradores, entre outros, visite o site da professora Kyria Rebeca Finardi <a href=\"https:\/\/www.kyriafinardi.com\/\">https:\/\/www.kyriafinardi.com\/<\/a><\/strong><\/p>\n\n\n\n<p><\/p>\n","protected":false},"excerpt":{"rendered":"<p>Ol\u00e1, este \u00e9 o blog da professora Kyria Rebeca Finardi, respons\u00e1vel pela Disciplina de Est\u00e1gio Supervisionado I em Letras Ingl\u00eas na Ufes. Aqui poder\u00e1s encontrar conte\u00fados de interesse para essa disciplina. Para informa\u00e7\u00f5es sobre publica\u00e7\u00f5es, agenda, not\u00edcias, projetos, colaboradores, entre outros, visite o site da professora Kyria Rebeca Finardi https:\/\/www.kyriafinardi.com\/<\/p>\n","protected":false},"author":90,"featured_media":6644,"parent":0,"menu_order":0,"comment_status":"closed","ping_status":"open","template":"","meta":{"_bbp_topic_count":0,"_bbp_reply_count":0,"_bbp_total_topic_count":0,"_bbp_total_reply_count":0,"_bbp_voice_count":0,"_bbp_anonymous_reply_count":0,"_bbp_topic_count_hidden":0,"_bbp_reply_count_hidden":0,"_bbp_forum_subforum_count":0,"_uag_custom_page_level_css":"","footnotes":""},"class_list":["post-2","page","type-page","status-publish","has-post-thumbnail","hentry"],"uagb_featured_image_src":{"full":["https:\/\/blog.ufes.br\/kyriafinardi\/files\/2021\/12\/Foto-para-home-blog-Kyria-e1639332584693.jpeg",250,312,false],"thumbnail":["https:\/\/blog.ufes.br\/kyriafinardi\/files\/2021\/12\/Foto-para-home-blog-Kyria-150x150.jpeg",150,150,true],"medium":["https:\/\/blog.ufes.br\/kyriafinardi\/files\/2021\/12\/Foto-para-home-blog-Kyria-241x300.jpeg",241,300,true],"medium_large":["https:\/\/blog.ufes.br\/kyriafinardi\/files\/2021\/12\/Foto-para-home-blog-Kyria-e1639332584693.jpeg",250,312,false],"large":["https:\/\/blog.ufes.br\/kyriafinardi\/files\/2021\/12\/Foto-para-home-blog-Kyria-e1639332584693.jpeg",250,312,false],"1536x1536":["https:\/\/blog.ufes.br\/kyriafinardi\/files\/2021\/12\/Foto-para-home-blog-Kyria-e1639332584693.jpeg",250,312,false],"2048x2048":["https:\/\/blog.ufes.br\/kyriafinardi\/files\/2021\/12\/Foto-para-home-blog-Kyria-e1639332584693.jpeg",250,312,false],"post-thumbnail":["https:\/\/blog.ufes.br\/kyriafinardi\/files\/2021\/12\/Foto-para-home-blog-Kyria-e1639332584693.jpeg",250,312,false]},"uagb_author_info":{"display_name":"Kyria Finardi","author_link":"https:\/\/blog.ufes.br\/kyriafinardi\/author\/kyria_rebeca-neiva-de-lima-finardi\/"},"uagb_comment_info":1,"uagb_excerpt":"Ol\u00e1, este \u00e9 o blog da professora Kyria Rebeca Finardi, respons\u00e1vel pela Disciplina de Est\u00e1gio Supervisionado I em Letras Ingl\u00eas na Ufes. Aqui poder\u00e1s encontrar conte\u00fados de interesse para essa disciplina. Para informa\u00e7\u00f5es sobre publica\u00e7\u00f5es, agenda, not\u00edcias, projetos, colaboradores, entre outros, visite o site da professora Kyria Rebeca Finardi https:\/\/www.kyriafinardi.com\/","_links":{"self":[{"href":"https:\/\/blog.ufes.br\/kyriafinardi\/wp-json\/wp\/v2\/pages\/2","targetHints":{"allow":["GET"]}}],"collection":[{"href":"https:\/\/blog.ufes.br\/kyriafinardi\/wp-json\/wp\/v2\/pages"}],"about":[{"href":"https:\/\/blog.ufes.br\/kyriafinardi\/wp-json\/wp\/v2\/types\/page"}],"author":[{"embeddable":true,"href":"https:\/\/blog.ufes.br\/kyriafinardi\/wp-json\/wp\/v2\/users\/90"}],"replies":[{"embeddable":true,"href":"https:\/\/blog.ufes.br\/kyriafinardi\/wp-json\/wp\/v2\/comments?post=2"}],"version-history":[{"count":177,"href":"https:\/\/blog.ufes.br\/kyriafinardi\/wp-json\/wp\/v2\/pages\/2\/revisions"}],"predecessor-version":[{"id":8452,"href":"https:\/\/blog.ufes.br\/kyriafinardi\/wp-json\/wp\/v2\/pages\/2\/revisions\/8452"}],"wp:featuredmedia":[{"embeddable":true,"href":"https:\/\/blog.ufes.br\/kyriafinardi\/wp-json\/wp\/v2\/media\/6644"}],"wp:attachment":[{"href":"https:\/\/blog.ufes.br\/kyriafinardi\/wp-json\/wp\/v2\/media?parent=2"}],"curies":[{"name":"wp","href":"https:\/\/api.w.org\/{rel}","templated":true}]}}