{"id":2189,"date":"2020-04-16T15:13:09","date_gmt":"2020-04-16T18:13:09","guid":{"rendered":"http:\/\/blog.ufes.br\/kyriafinardi\/?page_id=2189"},"modified":"2025-05-12T16:25:14","modified_gmt":"2025-05-12T19:25:14","slug":"recursos-online-que-ajudam-a-aprender-idiomas","status":"publish","type":"page","link":"https:\/\/blog.ufes.br\/kyriafinardi\/recursos-online-que-ajudam-a-aprender-idiomas\/","title":{"rendered":"Apoio aprendizado e uso de idiomas"},"content":{"rendered":"\n<p>Clique aqui para dicas de seguran\u00e7a online no uso de ferramentas web: <a rel=\"noreferrer noopener\" href=\"https:\/\/drive.google.com\/file\/d\/1kFMnGH8xhHdyBWis5oWJ5sfuhFYUKMBS\/view?usp=sharing\" target=\"_blank\">dicas de seguran\u00e7a online (STI\/UFES)<\/a><\/p>\n\n\n\n<p>Al\u00e9m das videoaulas disponibilizadas nesta p\u00e1gina, voc\u00ea encontrar\u00e1 sugest\u00f5es de <strong>aplicativos<\/strong> e <strong>sites<\/strong> para aprendizado de idiomas, e <strong>bibliografias<\/strong> sobre uso de tecnologias no ensino remoto de idiomas que podem te ajudar com sua pesquisa ou design e organiza\u00e7\u00e3o de aulas. <strong>Clique nas imagens ou links para acess\u00e1-los<\/strong>:<\/p>\n\n\n\n<p><\/p>\n\n\n\n<div class=\"wp-block-media-text alignwide is-stacked-on-mobile\" style=\"grid-template-columns:18% auto\"><figure class=\"wp-block-media-text__media\"><a href=\"https:\/\/blog.ufes.br\/kyriafinardi\/recursos-online-que-ajudam-a-aprender-idiomas\/biblioteca-apoio-ao-aprendizado-e-uso-de-idiomas\/\" target=\"_blank\" rel=\"noopener\"><img decoding=\"async\" src=\"https:\/\/st2.depositphotos.com\/5266903\/9631\/v\/950\/depositphotos_96313640-stock-illustration-library-flat-icon.jpg\" alt=\"\u00cdcone plano da biblioteca imagem vetorial de \u00a9 ahasoft #96313640\" \/><\/a><\/figure><div class=\"wp-block-media-text__content\">\n<h2 class=\"wp-block-heading\" id=\"biblioteca\"><a href=\"https:\/\/blog.ufes.br\/kyriafinardi\/recursos-online-que-ajudam-a-aprender-idiomas\/biblioteca-apoio-ao-aprendizado-e-uso-de-idiomas\/\" target=\"_blank\" rel=\"noreferrer noopener\">Biblioteca<\/a><\/h2>\n\n\n\n<p><\/p>\n<\/div><\/div>\n\n\n\n<div class=\"wp-block-media-text alignwide is-stacked-on-mobile\" style=\"grid-template-columns:18% auto\"><figure class=\"wp-block-media-text__media\"><a href=\"https:\/\/blog.ufes.br\/kyriafinardi\/recursos-online-que-ajudam-a-aprender-idiomas\/sites-sugeridos-apoio-ao-aprendizado-e-uso-de-idiomas\/\" target=\"_blank\" rel=\"noopener\"><img decoding=\"async\" src=\"https:\/\/static.vecteezy.com\/ti\/vetor-gratis\/t2\/571216-icone-da-web-tv-gr%C3%A1tis-vetor.jpg\" alt=\"\u00cdcone da Web TV - Download Vetores Gratis, Desenhos de Vetor, Modelos e  Clipart\" \/><\/a><\/figure><div class=\"wp-block-media-text__content\">\n<h2 class=\"wp-block-heading\" id=\"sites\"><a href=\"https:\/\/blog.ufes.br\/kyriafinardi\/recursos-online-que-ajudam-a-aprender-idiomas\/sites-sugeridos-apoio-ao-aprendizado-e-uso-de-idiomas\/\" target=\"_blank\" rel=\"noreferrer noopener\">Sites<\/a><\/h2>\n\n\n\n<p><\/p>\n<\/div><\/div>\n\n\n\n<div class=\"wp-block-media-text alignwide is-stacked-on-mobile\" style=\"grid-template-columns:19% auto\"><figure class=\"wp-block-media-text__media\"><a href=\"https:\/\/blog.ufes.br\/kyriafinardi\/recursos-online-que-ajudam-a-aprender-idiomas\/aplicativos-apoio-aprendizado-e-uso-de-idiomas\/\" target=\"_blank\" rel=\"noopener\"><img loading=\"lazy\" decoding=\"async\" width=\"878\" height=\"766\" src=\"https:\/\/blog.ufes.br\/kyriafinardi\/files\/2025\/05\/Temas-e-atividades-2.jpg\" alt=\"\" class=\"wp-image-8520 size-full\" srcset=\"https:\/\/blog.ufes.br\/kyriafinardi\/files\/2025\/05\/Temas-e-atividades-2.jpg 878w, https:\/\/blog.ufes.br\/kyriafinardi\/files\/2025\/05\/Temas-e-atividades-2-300x262.jpg 300w, https:\/\/blog.ufes.br\/kyriafinardi\/files\/2025\/05\/Temas-e-atividades-2-768x670.jpg 768w, https:\/\/blog.ufes.br\/kyriafinardi\/files\/2025\/05\/Temas-e-atividades-2-624x544.jpg 624w\" sizes=\"auto, (max-width: 878px) 100vw, 878px\" \/><\/a><\/figure><div class=\"wp-block-media-text__content\">\n<h2 class=\"wp-block-heading\" id=\"aplicativos\"><a href=\"https:\/\/blog.ufes.br\/kyriafinardi\/recursos-online-que-ajudam-a-aprender-idiomas\/aplicativos-apoio-aprendizado-e-uso-de-idiomas\/\" target=\"_blank\" rel=\"noreferrer noopener\">Aplicativos<\/a><\/h2>\n\n\n\n<p><\/p>\n<\/div><\/div>\n\n\n\n<div class=\"wp-block-media-text alignwide is-stacked-on-mobile\" style=\"grid-template-columns:18% auto\"><figure class=\"wp-block-media-text__media\"><img decoding=\"async\" src=\"https:\/\/www.kindpng.com\/picc\/m\/157-1576631_learning-educational-technology-distance-education-education-hd-png.png\" alt=\"Learning Educational Technology Distance Education - Education, HD Png  Download - kindpng\" \/><\/figure><div class=\"wp-block-media-text__content\">\n<h2 class=\"wp-block-heading\" id=\"virtual-exchange\"><a href=\"https:\/\/blog.ufes.br\/kyriafinardi\/recursos-online-que-ajudam-a-aprender-idiomas\/virtual-exchange\/\" target=\"_blank\" rel=\"noreferrer noopener\">Virtual Exchange<\/a><\/h2>\n<\/div><\/div>\n\n\n\n<p class=\"has-white-color has-text-color\">&#8230;&#8230;<\/p>\n\n\n\n<div class=\"wp-block-media-text alignwide is-stacked-on-mobile\" style=\"grid-template-columns:19% auto\"><figure class=\"wp-block-media-text__media\"><a href=\"https:\/\/repository.lit4clil.uw.edu.pl\/literacy-units\/\" target=\"_blank\" rel=\"noopener\"><img decoding=\"async\" src=\"https:\/\/repository.lit4clil.uw.edu.pl\/wp-content\/uploads\/2020\/11\/trademark_colour-1.png.webp\" alt=\"\" \/><\/a><\/figure><div class=\"wp-block-media-text__content\">\n<p>Mooc&#8217;s repository of 10 literacy units for grades 3, 4 and 5. <strong>Literacy units <\/strong><a rel=\"noreferrer noopener\" href=\"https:\/\/repository.lit4clil.uw.edu.pl\/literacy-units\/\" target=\"_blank\">https:\/\/repository.lit4clil.uw.edu.pl\/literacy-units\/<\/a><br><strong>Repository<\/strong>: <a href=\"https:\/\/repository.lit4clil.uw.edu.pl\/#\" target=\"_blank\" rel=\"noreferrer noopener\">https:\/\/repository.lit4clil.uw.edu.pl\/#<\/a><\/p>\n<\/div><\/div>\n\n\n\n<p class=\"has-white-color has-text-color\">&#8230;.<\/p>\n\n\n\n<div class=\"wp-block-media-text alignwide is-stacked-on-mobile\" style=\"grid-template-columns:20% auto\"><figure class=\"wp-block-media-text__media\"><img loading=\"lazy\" decoding=\"async\" width=\"810\" height=\"370\" src=\"https:\/\/blog.ufes.br\/kyriafinardi\/files\/2021\/06\/image-4.png\" alt=\"\" class=\"wp-image-5560 size-full\" srcset=\"https:\/\/blog.ufes.br\/kyriafinardi\/files\/2021\/06\/image-4.png 810w, https:\/\/blog.ufes.br\/kyriafinardi\/files\/2021\/06\/image-4-300x137.png 300w, https:\/\/blog.ufes.br\/kyriafinardi\/files\/2021\/06\/image-4-768x351.png 768w, https:\/\/blog.ufes.br\/kyriafinardi\/files\/2021\/06\/image-4-624x285.png 624w\" sizes=\"auto, (max-width: 810px) 100vw, 810px\" \/><\/figure><div class=\"wp-block-media-text__content\">\n<p><strong>Erasmus Plus Project Developing Literacy for CLIL Contexts: <\/strong><a href=\"https:\/\/lit4clil.uw.edu.pl\/\" target=\"_blank\" rel=\"noreferrer noopener\">https:\/\/lit4clil.uw.edu.pl\/<\/a><\/p>\n<\/div><\/div>\n\n\n\n<div class=\"wp-block-media-text alignwide is-stacked-on-mobile\" style=\"grid-template-columns:21% auto\"><figure class=\"wp-block-media-text__media\"><img loading=\"lazy\" decoding=\"async\" width=\"417\" height=\"332\" src=\"https:\/\/blog.ufes.br\/kyriafinardi\/files\/2021\/06\/image-3.png\" alt=\"\" class=\"wp-image-5551 size-full\" srcset=\"https:\/\/blog.ufes.br\/kyriafinardi\/files\/2021\/06\/image-3.png 417w, https:\/\/blog.ufes.br\/kyriafinardi\/files\/2021\/06\/image-3-300x239.png 300w\" sizes=\"auto, (max-width: 417px) 100vw, 417px\" \/><\/figure><div class=\"wp-block-media-text__content\">\n<h2 class=\"wp-block-heading\" id=\"collaborative-online-whiteboards\">Collaborative Online Whiteboards<\/h2>\n\n\n\n<ul class=\"wp-block-list\">\n<li>White board chat <a href=\"https:\/\/www.whiteboard.chat\/\" target=\"_blank\" rel=\"noreferrer noopener\">https:\/\/www.whiteboard.chat\/<\/a><\/li>\n\n\n\n<li>Concept board <a href=\"https:\/\/conceptboard.com\/\" target=\"_blank\" rel=\"noreferrer noopener\">https:\/\/conceptboard.com\/<\/a><\/li>\n\n\n\n<li>Miro <a href=\"https:\/\/miro.com\/\" target=\"_blank\" rel=\"noreferrer noopener\">https:\/\/miro.com\/<\/a><\/li>\n\n\n\n<li>Storm board <a href=\"https:\/\/stormboard.com\/\" target=\"_blank\" rel=\"noreferrer noopener\">https:\/\/stormboard.com\/<\/a><\/li>\n\n\n\n<li>Explain Everything <a href=\"https:\/\/explaineverything.com\/\" target=\"_blank\" rel=\"noreferrer noopener\">https:\/\/explaineverything.com\/<\/a><\/li>\n\n\n\n<li>Invision <a href=\"https:\/\/www.invisionapp.com\/freehand\" target=\"_blank\" rel=\"noreferrer noopener\">https:\/\/www.invisionapp.com\/freehand<\/a><\/li>\n<\/ul>\n<\/div><\/div>\n\n\n\n<div class=\"wp-block-media-text alignwide is-stacked-on-mobile is-vertically-aligned-center\" style=\"grid-template-columns:22% auto\"><figure class=\"wp-block-media-text__media\"><img loading=\"lazy\" decoding=\"async\" width=\"798\" height=\"753\" src=\"https:\/\/blog.ufes.br\/kyriafinardi\/files\/2025\/05\/Temas-e-atividades-3.jpg\" alt=\"\" class=\"wp-image-8521 size-full\" srcset=\"https:\/\/blog.ufes.br\/kyriafinardi\/files\/2025\/05\/Temas-e-atividades-3.jpg 798w, https:\/\/blog.ufes.br\/kyriafinardi\/files\/2025\/05\/Temas-e-atividades-3-300x283.jpg 300w, https:\/\/blog.ufes.br\/kyriafinardi\/files\/2025\/05\/Temas-e-atividades-3-768x725.jpg 768w, https:\/\/blog.ufes.br\/kyriafinardi\/files\/2025\/05\/Temas-e-atividades-3-624x589.jpg 624w\" sizes=\"auto, (max-width: 798px) 100vw, 798px\" \/><\/figure><div class=\"wp-block-media-text__content\">\n<h2 class=\"wp-block-heading\" id=\"other-resources\">Other resources<\/h2>\n\n\n\n<ul class=\"wp-block-list\">\n<li><a href=\"https:\/\/acronym-generator.com\/index.php\" target=\"_blank\" rel=\"noreferrer noopener\">https:\/\/acronym-generator.com\/index.php<\/a> (acronym generator)<\/li>\n\n\n\n<li><a href=\"http:\/\/www.miro.com\/\" target=\"_blank\" rel=\"noreferrer noopener\">www.miro.com<\/a>\u00a0(diagramas, mapas mentais &#8212; tudo colaborativo)<\/li>\n\n\n\n<li><strong><a href=\"https:\/\/www.canva.com\/pt_br\/apresentacoes\/modelos\/\" target=\"_blank\" rel=\"noreferrer noopener\">https:\/\/www.canva.com\/pt_br\/apresentacoes\/modelos\/<\/a><\/strong>\u00a0(d\u00e1 pra fazer slides &#8212; templates maravilhosos &#8212; e d\u00e1 pra vc gravar sua apresenta\u00e7\u00e3o em v\u00eddeo)<\/li>\n\n\n\n<li><a href=\"http:\/\/www.ed.ted.com\/\" target=\"_blank\" rel=\"noreferrer noopener\">www.ed.ted.com<\/a>\u00a0(exerc\u00edcios com os TED Talks)<\/li>\n\n\n\n<li><a href=\"http:\/\/www.spreaker.com\/\" target=\"_blank\" rel=\"noreferrer noopener\">www.spreaker.com<\/a>\u00a0(fazer podcasts)<\/li>\n<\/ul>\n<\/div><\/div>\n\n\n\n<p class=\"has-white-color has-text-color\">&#8230;.<br>&#8230;<\/p>\n\n\n\n<ul id=\"block-41fab947-8410-4aa0-8f7a-f8c083ae7e69\" class=\"wp-block-list\">\n<li><a href=\"http:\/\/www.mentimeter.com\/\" target=\"_blank\" rel=\"noreferrer noopener\">www.mentimeter.com<\/a>\u00a0(enquetes)<\/li>\n\n\n\n<li><a href=\"https:\/\/www.mindmeister.com\/pt?utm_source=google&amp;utm_medium=cpc&amp;utm_campaign=BR_pt_brand&amp;utm_content=homepage&amp;gclid=CjwKCAjw7rWKBhAtEiwAJ3CWLJm6b4QFVm5UrfkZOlOqmdwnEomMwI1zFUx5MpIf2Oj2sBD83CS7SRoCL1oQAvD_BwE\" target=\"_blank\" rel=\"noreferrer noopener\">https:\/\/www.mindmeister.com\/pt?utm_source=google&amp;utm_medium=cpc&amp;utm_campaign=BR_pt_brand&amp;utm_content=homepage&amp;gclid=CjwKCAjw7rWKBhAtEiwAJ3CWLJm6b4QFVm5UrfkZOlOqmdwnEomMwI1zFUx5MpIf2Oj2sBD83CS7SRoCL1oQAvD_BwE<\/a> (mapas mentais online).<\/li>\n<\/ul>\n\n\n\n<p><\/p>\n\n\n\n<figure class=\"wp-block-embed aligncenter is-type-video is-provider-youtube wp-block-embed-youtube wp-embed-aspect-16-9 wp-has-aspect-ratio\"><div class=\"wp-block-embed__wrapper\">\n<iframe loading=\"lazy\" title=\"7. Produ\u00e7\u00e3o: Grava\u00e7\u00e3o de tela - Criando Videoaulas (LDI\/Sead\/Ufes)\" width=\"625\" height=\"352\" src=\"https:\/\/www.youtube.com\/embed\/ljEyw9AFyWo?feature=oembed\" frameborder=\"0\" allow=\"accelerometer; autoplay; clipboard-write; encrypted-media; gyroscope; picture-in-picture; web-share\" referrerpolicy=\"strict-origin-when-cross-origin\" allowfullscreen><\/iframe>\n<\/div><\/figure>\n\n\n\n<p><\/p>\n\n\n\n<p><strong>Videoaulas<\/strong><\/p>\n\n\n\n<h4 class=\"wp-block-heading\" id=\"aula-1-intro-warm-up-roberta-leao\">Aula 1 &#8211; Intro Warm Up &#8211; Roberta Le\u00e3o<\/h4>\n\n\n<div class=\"wp-block-image\">\n<figure class=\"aligncenter size-large\"><a href=\"https:\/\/drive.google.com\/file\/d\/1piyWufzIr1-7OfjHttrhG7WxD5yI66Jt\/view?usp=sharing\" target=\"_blank\" rel=\"noopener noreferrer\"><img loading=\"lazy\" decoding=\"async\" width=\"878\" height=\"471\" src=\"https:\/\/blog.ufes.br\/kyriafinardi\/files\/2020\/09\/image-4.png\" alt=\"\" class=\"wp-image-3796\" \/><\/a><figcaption class=\"wp-element-caption\"><strong>CLIQUE NA IMAGEM <\/strong><\/figcaption><\/figure>\n<\/div>\n\n\n<p class=\"has-white-color has-text-color\">&#8230;<\/p>\n\n\n\n<h4 class=\"wp-block-heading\" id=\"aula-2-learning-from-mistakes-and-listening\">Aula 2 &#8211; Learning from Mistakes and Listening<\/h4>\n\n\n<div class=\"wp-block-image\">\n<figure class=\"aligncenter size-large\"><a href=\"https:\/\/drive.google.com\/file\/d\/1pwxVOCBUV6njZrkON27g1p3mqnlaGOVd\/view?usp=sharing\" target=\"_blank\" rel=\"noopener noreferrer\"><img loading=\"lazy\" decoding=\"async\" width=\"915\" height=\"511\" src=\"https:\/\/blog.ufes.br\/kyriafinardi\/files\/2020\/09\/image-13.png\" alt=\"\" class=\"wp-image-3844\" \/><\/a><figcaption class=\"wp-element-caption\"><strong>CLIQUE NA IMAGEM<\/strong><\/figcaption><\/figure>\n<\/div>\n\n\n<p class=\"has-white-color has-text-color\">&#8230;.<\/p>\n\n\n\n<h4 class=\"wp-block-heading\" id=\"aula-3-speaking\">Aula 3 &#8211; Speaking<\/h4>\n\n\n<div class=\"wp-block-image\">\n<figure class=\"aligncenter size-large\"><a href=\"https:\/\/drive.google.com\/file\/d\/1KmxaKtwM64vyJWkfs-Cs_KaZqn2XY52Q\/view?usp=sharing\" target=\"_blank\" rel=\"noopener noreferrer\"><img loading=\"lazy\" decoding=\"async\" width=\"917\" height=\"511\" src=\"https:\/\/blog.ufes.br\/kyriafinardi\/files\/2020\/09\/image-14.png\" alt=\"\" class=\"wp-image-3845\" \/><\/a><figcaption class=\"wp-element-caption\"><strong>CLIQUE NA IMAGEM<\/strong><\/figcaption><\/figure>\n<\/div>\n\n\n<p class=\"has-white-color has-text-color\">,,<\/p>\n\n\n\n<h4 class=\"wp-block-heading\" id=\"aula-4-reading\">Aula 4 &#8211; Reading<\/h4>\n\n\n<div class=\"wp-block-image\">\n<figure class=\"aligncenter size-large\"><a href=\"https:\/\/drive.google.com\/file\/d\/1dZV0TocDoV4ZeMheTDwrgPu3eomeN9ma\/view?usp=sharing\" target=\"_blank\" rel=\"noopener noreferrer\"><img loading=\"lazy\" decoding=\"async\" width=\"925\" height=\"523\" src=\"https:\/\/blog.ufes.br\/kyriafinardi\/files\/2020\/09\/image-15.png\" alt=\"\" class=\"wp-image-3847\" \/><\/a><figcaption class=\"wp-element-caption\"><strong>CLIQUE NA IMAGEM<\/strong><\/figcaption><\/figure>\n<\/div>\n\n\n<p class=\"has-white-color has-text-color\">&#8230;.<\/p>\n\n\n\n<h4 class=\"wp-block-heading\" id=\"aula-5-writing\">Aula 5 &#8211; Writing<\/h4>\n\n\n<div class=\"wp-block-image\">\n<figure class=\"aligncenter size-large\"><a href=\"https:\/\/drive.google.com\/file\/d\/1tO8eXsrA5YJ2Gyn1rCLwEvdivj160AIA\/view?usp=sharing\" target=\"_blank\" rel=\"noopener noreferrer\"><img loading=\"lazy\" decoding=\"async\" width=\"887\" height=\"495\" src=\"https:\/\/blog.ufes.br\/kyriafinardi\/files\/2020\/10\/image-2.png\" alt=\"\" class=\"wp-image-3882\" \/><\/a><figcaption class=\"wp-element-caption\"><strong>CLIQUE NA IMAGEM<\/strong><\/figcaption><\/figure>\n<\/div>\n\n\n<h1 class=\"wp-block-heading\" id=\"material\">Material<\/h1>\n\n\n\n<div class=\"wp-block-media-text alignwide is-stacked-on-mobile is-vertically-aligned-center\"><figure class=\"wp-block-media-text__media\"><a href=\"http:\/\/cienciadotreinamento.com.br\/usp-disponibiliza-material-gratuito-ensinando-a-escrever-artigo-cientifico\/\" target=\"_blank\" rel=\"noopener\"><img decoding=\"async\" src=\"http:\/\/cienciadotreinamento.com.br\/wp-content\/themes\/cdtnew\/images\/logo.png\" alt=\"\" \/><\/a><\/figure><div class=\"wp-block-media-text__content\">\n<h2 class=\"wp-block-heading\" id=\"usp-disponibiliza-material-gratuito-ensinando-a-escrever-artigo-cientifico\"><strong>USP disponibiliza material gratuito ensinando a escrever artigo cient\u00edfico!!<\/strong><\/h2>\n\n\n\n<p><a href=\"http:\/\/cienciadotreinamento.com.br\/usp-disponibiliza-material-gratuito-ensinando-a-escrever-artigo-cientifico\/\" target=\"_blank\" rel=\"noreferrer noopener\">http:\/\/cienciadotreinamento.com.br\/usp-disponibiliza-material-gratuito-ensinando-a-escrever-artigo-cientifico\/<\/a><\/p>\n<\/div><\/div>\n\n\n\n<p class=\"has-white-color has-text-color\">&#8230;.<br>&#8230;.<\/p>\n\n\n\n<h1 class=\"wp-block-heading\" id=\"toefl\">TOEFL<\/h1>\n\n\n\n<div class=\"wp-block-media-text alignwide is-stacked-on-mobile\" style=\"grid-template-columns:22% auto\"><figure class=\"wp-block-media-text__media\"><a href=\"https:\/\/www.edx.org\/course\/toefl-test-preparation-the-insiders-guide#\" target=\"_blank\" rel=\"noopener\"><img decoding=\"async\" src=\"https:\/\/prod-discovery.edx-cdn.org\/organization\/logos\/9d9e1a30-c34d-4ad1-8c5a-d2410db8c123-e81ff505f3ce.png\" alt=\"Educational Testing Service Logo\" \/><\/a><\/figure><div class=\"wp-block-media-text__content\">\n<h2 class=\"wp-block-heading\" id=\"toefl-test-preparation-the-insider-s-guide\">TOEFL\u00ae Test Preparation: The Insider\u2019s Guide<\/h2>\n\n\n\n<p><strong>Preparat\u00f3rio TOEFL<\/strong><br><a href=\"https:\/\/www.edx.org\/course\/toefl-test-preparation-the-insiders-guide#\" target=\"_blank\" rel=\"noreferrer noopener\">https:\/\/www.edx.org\/course\/toefl-test-preparation-the-insiders-guide#<\/a><\/p>\n<\/div><\/div>\n\n\n\n<p class=\"has-white-color has-text-color\">&#8230;<br>&#8230;<\/p>\n\n\n\n<div class=\"wp-block-group\"><div class=\"wp-block-group__inner-container is-layout-flow wp-block-group-is-layout-flow\"><\/div><\/div>\n\n\n\n<p class=\"has-white-color has-text-color\">.<\/p>\n\n\n\n<p class=\"has-white-color has-text-color\">.<\/p>\n\n\n\n<p class=\"has-white-color has-text-color\">.<\/p>\n\n\n\n<p class=\"has-white-color has-text-color\">.<\/p>\n\n\n\n<p>.<\/p>\n\n\n\n<p class=\"has-white-color has-text-color\">.<\/p>\n\n\n\n<p class=\"has-white-color has-text-color\">.<\/p>\n","protected":false},"excerpt":{"rendered":"<p>Clique aqui para dicas de seguran\u00e7a online no uso de ferramentas web: dicas de seguran\u00e7a online (STI\/UFES) Al\u00e9m das videoaulas disponibilizadas nesta p\u00e1gina, voc\u00ea encontrar\u00e1 sugest\u00f5es de aplicativos e sites para aprendizado de idiomas, e bibliografias sobre uso de tecnologias no ensino remoto de idiomas que podem te ajudar com sua pesquisa ou design e [&hellip;]<\/p>\n","protected":false},"author":151,"featured_media":8543,"parent":0,"menu_order":0,"comment_status":"closed","ping_status":"closed","template":"","meta":{"_bbp_topic_count":0,"_bbp_reply_count":0,"_bbp_total_topic_count":0,"_bbp_total_reply_count":0,"_bbp_voice_count":0,"_bbp_anonymous_reply_count":0,"_bbp_topic_count_hidden":0,"_bbp_reply_count_hidden":0,"_bbp_forum_subforum_count":0,"_uag_custom_page_level_css":"","footnotes":""},"class_list":["post-2189","page","type-page","status-publish","has-post-thumbnail","hentry"],"uagb_featured_image_src":{"full":["https:\/\/blog.ufes.br\/kyriafinardi\/files\/2025\/05\/Apoio-Aprendizado-e-uso-de-idiomas-1.jpg",1584,396,false],"thumbnail":["https:\/\/blog.ufes.br\/kyriafinardi\/files\/2025\/05\/Apoio-Aprendizado-e-uso-de-idiomas-1-150x150.jpg",150,150,true],"medium":["https:\/\/blog.ufes.br\/kyriafinardi\/files\/2025\/05\/Apoio-Aprendizado-e-uso-de-idiomas-1-300x75.jpg",300,75,true],"medium_large":["https:\/\/blog.ufes.br\/kyriafinardi\/files\/2025\/05\/Apoio-Aprendizado-e-uso-de-idiomas-1-768x192.jpg",625,156,true],"large":["https:\/\/blog.ufes.br\/kyriafinardi\/files\/2025\/05\/Apoio-Aprendizado-e-uso-de-idiomas-1-1024x256.jpg",625,156,true],"1536x1536":["https:\/\/blog.ufes.br\/kyriafinardi\/files\/2025\/05\/Apoio-Aprendizado-e-uso-de-idiomas-1-1536x384.jpg",1536,384,true],"2048x2048":["https:\/\/blog.ufes.br\/kyriafinardi\/files\/2025\/05\/Apoio-Aprendizado-e-uso-de-idiomas-1.jpg",1584,396,false],"post-thumbnail":["https:\/\/blog.ufes.br\/kyriafinardi\/files\/2025\/05\/Apoio-Aprendizado-e-uso-de-idiomas-1-624x156.jpg",624,156,true]},"uagb_author_info":{"display_name":"carlos.hildeblando","author_link":"https:\/\/blog.ufes.br\/kyriafinardi\/author\/carlos_alberto-hildeblando-junior\/"},"uagb_comment_info":0,"uagb_excerpt":"Clique aqui para dicas de seguran\u00e7a online no uso de ferramentas web: dicas de seguran\u00e7a online (STI\/UFES) Al\u00e9m das videoaulas disponibilizadas nesta p\u00e1gina, voc\u00ea encontrar\u00e1 sugest\u00f5es de aplicativos e sites para aprendizado de idiomas, e bibliografias sobre uso de tecnologias no ensino remoto de idiomas que podem te ajudar com sua pesquisa ou design e&hellip;","_links":{"self":[{"href":"https:\/\/blog.ufes.br\/kyriafinardi\/wp-json\/wp\/v2\/pages\/2189","targetHints":{"allow":["GET"]}}],"collection":[{"href":"https:\/\/blog.ufes.br\/kyriafinardi\/wp-json\/wp\/v2\/pages"}],"about":[{"href":"https:\/\/blog.ufes.br\/kyriafinardi\/wp-json\/wp\/v2\/types\/page"}],"author":[{"embeddable":true,"href":"https:\/\/blog.ufes.br\/kyriafinardi\/wp-json\/wp\/v2\/users\/151"}],"replies":[{"embeddable":true,"href":"https:\/\/blog.ufes.br\/kyriafinardi\/wp-json\/wp\/v2\/comments?post=2189"}],"version-history":[{"count":82,"href":"https:\/\/blog.ufes.br\/kyriafinardi\/wp-json\/wp\/v2\/pages\/2189\/revisions"}],"predecessor-version":[{"id":8522,"href":"https:\/\/blog.ufes.br\/kyriafinardi\/wp-json\/wp\/v2\/pages\/2189\/revisions\/8522"}],"wp:featuredmedia":[{"embeddable":true,"href":"https:\/\/blog.ufes.br\/kyriafinardi\/wp-json\/wp\/v2\/media\/8543"}],"wp:attachment":[{"href":"https:\/\/blog.ufes.br\/kyriafinardi\/wp-json\/wp\/v2\/media?parent=2189"}],"curies":[{"name":"wp","href":"https:\/\/api.w.org\/{rel}","templated":true}]}}