{"id":2252,"date":"2020-04-29T18:44:03","date_gmt":"2020-04-29T21:44:03","guid":{"rendered":"http:\/\/blog.ufes.br\/kyriafinardi\/?page_id=2252"},"modified":"2021-04-28T23:22:00","modified_gmt":"2021-04-29T02:22:00","slug":"12o-cbla","status":"publish","type":"page","link":"https:\/\/blog.ufes.br\/kyriafinardi\/videos\/12o-cbla\/","title":{"rendered":"12\u00ba CBLA"},"content":{"rendered":"\n<figure class=\"wp-block-image size-large\"><img loading=\"lazy\" decoding=\"async\" width=\"400\" height=\"200\" src=\"https:\/\/blog.ufes.br\/kyriafinardi\/files\/2020\/04\/header.png\" alt=\"\" class=\"wp-image-2253\" \/><\/figure>\n\n\n\n<p>O 12\u00ba Congresso Brasileiro de Lingu\u00edstica Aplicada (12\u00ba CBLA) foi realizado em Vit\u00f3ria\/ES, no per\u00edodo de 09 a 12 de julho de 2019 para discutir o papel do linguista aplicado nos diferentes dom\u00ednios discursivos e formas de melhor divulgar o conhecimento constru\u00eddo na \u00e1rea. Com o tema \u201cTransitando e transpondo (n)a Lingu\u00edstica Aplicada\u201d, o 12\u00ba CBLA contou com 4 confer\u00eancias, 3 mesas-redondas, 8 simp\u00f3sios convidados, 1 plen\u00e1ria de balan\u00e7os e perspectivas, al\u00e9m de cerca de 600 comunica\u00e7\u00f5es tem\u00e1ticas e 100 p\u00f4steres.<\/p>\n\n\n\n<p>Os participantes do 12\u00ba CBLA que submeteram trabalho eram associados da Associa\u00e7\u00e3o de Lingu\u00edstica Aplicada do Brasil (ALAB).<\/p>\n\n\n\n<p>Mais informa\u00e7\u00f5es dispon\u00edveis em:<\/p>\n\n\n\n<p class=\"has-light-gray-background-color has-background\"><strong><a rel=\"noreferrer noopener\" href=\"https:\/\/blog.ufes.br\/kyriafinardi\/12o-cbla\/organizacao-e-comite-cientifico-do-12o-cbla\/?preview_id=3226&amp;preview_nonce=c7e719ed36&amp;preview=true\" target=\"_blank\">Organiza\u00e7\u00e3o e Comit\u00ea Cient\u00edfico<\/a>    <\/strong>|   <strong><a rel=\"noreferrer noopener\" href=\"https:\/\/blog.ufes.br\/kyriafinardi\/12o-cbla\/linhas-tematicas-e-programacao-do-12o-cbla\/\" target=\"_blank\">Linhas Tem\u00e1ticas e Programa\u00e7\u00e3o<\/a> <\/strong> <br><a rel=\"noreferrer noopener\" href=\"https:\/\/blog.ufes.br\/kyriafinardi\/12o-cbla\/caderno-de-resumos-e-certificados-do-12o-cbla\/\" target=\"_blank\"><strong>Caderno de resumos e certificados<\/strong> <\/a>|   <a rel=\"noreferrer noopener\" href=\"https:\/\/blog.ufes.br\/kyriafinardi\/12o-cbla\/lancamento-de-livros-2\/\" target=\"_blank\"><strong>Novidades &#8211; Lan\u00e7amentos de livros <\/strong><\/a> <br><strong><a rel=\"noreferrer noopener\" href=\"https:\/\/blog.ufes.br\/kyriafinardi\/12o-cbla\/midias-do-12o-cbla\/\" target=\"_blank\">M\u00eddias<\/a><\/strong>   | <strong><a href=\"https:\/\/blog.ufes.br\/kyriafinardi\/12o-cbla\/homenagens\/\" target=\"_blank\" rel=\"noreferrer noopener\">Homenagens<\/a><\/strong>   |   <strong><a href=\"https:\/\/blog.ufes.br\/kyriafinardi\/12o-cbla\/local-do-evento-espirito-santo\/\" target=\"_blank\" rel=\"noreferrer noopener\">Local do Evento: Esp\u00edrito Santo<\/a><\/strong><\/p>\n\n\n\n<p><\/p>\n\n\n\n<div class=\"wp-block-group\"><div class=\"wp-block-group__inner-container is-layout-flow wp-block-group-is-layout-flow\">\n<p> O site da ALAB pode ser acessado em  <a rel=\"noreferrer noopener\" href=\"https:\/\/alab.org.br\/\" target=\"_blank\">https:\/\/alab.org.br\/<\/a>  <\/p>\n<\/div><\/div>\n\n\n\n<p>     <\/p>\n\n\n\n<h3 class=\"wp-block-heading\">Agradecimentos<\/h3>\n\n\n\n<p>Em nome dos organizadores do 12\u00ba CBLA, Kyria Finardi, Christine Almeida e Gabriel Brito Amorim, agradecemos a todos que contribu\u00edram, direta ou indiretamente, para a realiza\u00e7\u00e3o e brilho do evento.<\/p>\n\n\n\n<p> @ Copyright \u00a9 2020&nbsp;12\u00ba CBLA \u2013 12\u00ba Congresso Brasileiro de Lingu\u00edstica Aplicada <\/p>\n\n\n\n<div class=\"wp-block-image\"><figure class=\"aligncenter size-large\"><img loading=\"lazy\" decoding=\"async\" width=\"960\" height=\"720\" src=\"https:\/\/blog.ufes.br\/kyriafinardi\/files\/2020\/05\/66104326_10157423813824044_5953945590000779264_o-1.jpg\" alt=\"\" class=\"wp-image-2470\" \/><figcaption>Monitores e organizadores do 12\u00ba CBLA<br>Foto tirada por Kyria Finardi.<\/figcaption><\/figure><\/div>\n\n\n\n<div class=\"wp-block-image\"><figure class=\"aligncenter size-large is-resized\"><img loading=\"lazy\" decoding=\"async\" src=\"https:\/\/blog.ufes.br\/kyriafinardi\/files\/2020\/05\/FB_IMG_1588308245667.jpg\" alt=\"\" class=\"wp-image-2471\" width=\"231\" height=\"474\" \/><figcaption>Monitores e organizadores do 12\u00ba CBLA<br>Foto tirada por Kyria Finardi<\/figcaption><\/figure><\/div>\n\n\n\n<p>        <\/p>\n\n\n\n<div class=\"wp-block-image\"><figure class=\"aligncenter size-large is-resized\"><img loading=\"lazy\" decoding=\"async\" src=\"https:\/\/blog.ufes.br\/kyriafinardi\/files\/2020\/05\/apoio-cbla.png\" alt=\"\" class=\"wp-image-2475\" width=\"416\" height=\"265\" \/><\/figure><\/div>\n","protected":false},"excerpt":{"rendered":"<p>O 12\u00ba Congresso Brasileiro de Lingu\u00edstica Aplicada (12\u00ba CBLA) foi realizado em Vit\u00f3ria\/ES, no per\u00edodo de 09 a 12 de julho de 2019 para discutir o papel do linguista aplicado nos diferentes dom\u00ednios discursivos e formas de melhor divulgar o conhecimento constru\u00eddo na \u00e1rea. Com o tema \u201cTransitando e transpondo (n)a Lingu\u00edstica Aplicada\u201d, o 12\u00ba [&hellip;]<\/p>\n","protected":false},"author":151,"featured_media":0,"parent":3772,"menu_order":0,"comment_status":"closed","ping_status":"closed","template":"","meta":{"_bbp_topic_count":0,"_bbp_reply_count":0,"_bbp_total_topic_count":0,"_bbp_total_reply_count":0,"_bbp_voice_count":0,"_bbp_anonymous_reply_count":0,"_bbp_topic_count_hidden":0,"_bbp_reply_count_hidden":0,"_bbp_forum_subforum_count":0,"_uag_custom_page_level_css":"","footnotes":""},"class_list":["post-2252","page","type-page","status-publish","hentry"],"uagb_featured_image_src":{"full":false,"thumbnail":false,"medium":false,"medium_large":false,"large":false,"1536x1536":false,"2048x2048":false,"post-thumbnail":false},"uagb_author_info":{"display_name":"carlos.hildeblando","author_link":"https:\/\/blog.ufes.br\/kyriafinardi\/author\/carlos_alberto-hildeblando-junior\/"},"uagb_comment_info":0,"uagb_excerpt":"O 12\u00ba Congresso Brasileiro de Lingu\u00edstica Aplicada (12\u00ba CBLA) foi realizado em Vit\u00f3ria\/ES, no per\u00edodo de 09 a 12 de julho de 2019 para discutir o papel do linguista aplicado nos diferentes dom\u00ednios discursivos e formas de melhor divulgar o conhecimento constru\u00eddo na \u00e1rea. Com o tema \u201cTransitando e transpondo (n)a Lingu\u00edstica Aplicada\u201d, o 12\u00ba&hellip;","_links":{"self":[{"href":"https:\/\/blog.ufes.br\/kyriafinardi\/wp-json\/wp\/v2\/pages\/2252","targetHints":{"allow":["GET"]}}],"collection":[{"href":"https:\/\/blog.ufes.br\/kyriafinardi\/wp-json\/wp\/v2\/pages"}],"about":[{"href":"https:\/\/blog.ufes.br\/kyriafinardi\/wp-json\/wp\/v2\/types\/page"}],"author":[{"embeddable":true,"href":"https:\/\/blog.ufes.br\/kyriafinardi\/wp-json\/wp\/v2\/users\/151"}],"replies":[{"embeddable":true,"href":"https:\/\/blog.ufes.br\/kyriafinardi\/wp-json\/wp\/v2\/comments?post=2252"}],"version-history":[{"count":28,"href":"https:\/\/blog.ufes.br\/kyriafinardi\/wp-json\/wp\/v2\/pages\/2252\/revisions"}],"predecessor-version":[{"id":3244,"href":"https:\/\/blog.ufes.br\/kyriafinardi\/wp-json\/wp\/v2\/pages\/2252\/revisions\/3244"}],"up":[{"embeddable":true,"href":"https:\/\/blog.ufes.br\/kyriafinardi\/wp-json\/wp\/v2\/pages\/3772"}],"wp:attachment":[{"href":"https:\/\/blog.ufes.br\/kyriafinardi\/wp-json\/wp\/v2\/media?parent=2252"}],"curies":[{"name":"wp","href":"https:\/\/api.w.org\/{rel}","templated":true}]}}