{"id":2269,"date":"2020-04-29T22:06:32","date_gmt":"2020-04-30T01:06:32","guid":{"rendered":"http:\/\/blog.ufes.br\/kyriafinardi\/?page_id=2269"},"modified":"2020-07-13T19:39:31","modified_gmt":"2020-07-13T22:39:31","slug":"fotos-do-dia-09-de-julho","status":"publish","type":"page","link":"https:\/\/blog.ufes.br\/kyriafinardi\/videos\/12o-cbla\/midias-do-12o-cbla\/fotos-do-dia-09-de-julho\/","title":{"rendered":"Fotos do dia 09 de julho"},"content":{"rendered":"\n<h2 class=\"wp-block-heading\"><strong>Minicurso \u2013<em>Vis\u00f5es de Sociedade, Sujeito e L\u00ednguas na Perspectiva do Letramento Cr\u00edtico<\/em><\/strong><\/h2>\n\n\n\n<p><br><strong>Palestrante:<\/strong>&nbsp;Walkyria Monte Mor (USP)<br>Fotos: Luana Moura <\/p>\n\n\n\n<div class=\"wp-block-image\"><figure class=\"aligncenter size-large is-resized\"><img loading=\"lazy\" decoding=\"async\" src=\"https:\/\/blog.ufes.br\/kyriafinardi\/files\/2020\/04\/1-1.jpg\" alt=\"\" class=\"wp-image-2271\" width=\"568\" height=\"426\" \/><\/figure><\/div>\n\n\n\n<div class=\"wp-block-image\"><figure class=\"aligncenter size-large is-resized\"><img loading=\"lazy\" decoding=\"async\" src=\"https:\/\/blog.ufes.br\/kyriafinardi\/files\/2020\/04\/2.jpg\" alt=\"\" class=\"wp-image-2272\" width=\"554\" height=\"410\" \/><\/figure><\/div>\n\n\n\n<div class=\"wp-block-image\"><figure class=\"aligncenter size-large is-resized\"><img loading=\"lazy\" decoding=\"async\" src=\"https:\/\/blog.ufes.br\/kyriafinardi\/files\/2020\/04\/3-1.jpg\" alt=\"\" class=\"wp-image-2273\" width=\"551\" height=\"412\" \/><\/figure><\/div>\n\n\n\n<div class=\"wp-block-image\"><figure class=\"aligncenter size-large is-resized\"><img loading=\"lazy\" decoding=\"async\" src=\"https:\/\/blog.ufes.br\/kyriafinardi\/files\/2020\/04\/4.jpg\" alt=\"\" class=\"wp-image-2274\" width=\"558\" height=\"416\" \/><\/figure><\/div>\n\n\n\n<p>     <\/p>\n\n\n\n<p>.<\/p>\n\n\n\n<h2 class=\"wp-block-heading\"><strong>Abertura Oficial, Confer\u00eancia de Abertura (Profa. Vera Menezes), Apresenta\u00e7\u00e3o Art\u00edstico-Cultural e Coquetel<\/strong> <\/h2>\n\n\n\n<p><br>Fotos: Camilla Baptistin<\/p>\n\n\n\n<div class=\"wp-block-image\"><figure class=\"aligncenter size-large is-resized\"><img loading=\"lazy\" decoding=\"async\" src=\"https:\/\/blog.ufes.br\/kyriafinardi\/files\/2020\/04\/alab_007-XL.jpg\" alt=\"\" class=\"wp-image-2278\" width=\"648\" height=\"432\" \/><\/figure><\/div>\n\n\n\n<div class=\"wp-block-image\"><figure class=\"aligncenter size-large\"><img loading=\"lazy\" decoding=\"async\" width=\"1024\" height=\"683\" src=\"https:\/\/blog.ufes.br\/kyriafinardi\/files\/2020\/04\/alab_023-XL.jpg\" alt=\"\" class=\"wp-image-2279\" \/><\/figure><\/div>\n\n\n\n<div class=\"wp-block-image\"><figure class=\"aligncenter size-large\"><img loading=\"lazy\" decoding=\"async\" width=\"1024\" height=\"683\" src=\"https:\/\/blog.ufes.br\/kyriafinardi\/files\/2020\/04\/alab_021-XL.jpg\" alt=\"\" class=\"wp-image-2282\" \/><\/figure><\/div>\n\n\n\n<div class=\"wp-block-image\"><figure class=\"aligncenter size-large\"><img loading=\"lazy\" decoding=\"async\" width=\"1024\" height=\"683\" src=\"https:\/\/blog.ufes.br\/kyriafinardi\/files\/2020\/04\/alab_010-XL.jpg\" alt=\"\" class=\"wp-image-2287\" \/><\/figure><\/div>\n\n\n\n<div class=\"wp-block-image\"><figure class=\"aligncenter size-large\"><img loading=\"lazy\" decoding=\"async\" width=\"1024\" height=\"683\" src=\"https:\/\/blog.ufes.br\/kyriafinardi\/files\/2020\/04\/alab_018-XL.jpg\" alt=\"\" class=\"wp-image-2286\" \/><\/figure><\/div>\n\n\n\n<div class=\"wp-block-image\"><figure class=\"aligncenter size-large\"><img loading=\"lazy\" decoding=\"async\" width=\"1024\" height=\"683\" src=\"https:\/\/blog.ufes.br\/kyriafinardi\/files\/2020\/04\/alab_009-XL.jpg\" alt=\"\" class=\"wp-image-2284\" \/><\/figure><\/div>\n\n\n\n<div class=\"wp-block-image\"><figure class=\"aligncenter size-large is-resized\"><img loading=\"lazy\" decoding=\"async\" src=\"https:\/\/blog.ufes.br\/kyriafinardi\/files\/2020\/04\/alab_037-XL.jpg\" alt=\"\" class=\"wp-image-2289\" width=\"655\" height=\"436\" \/><\/figure><\/div>\n\n\n\n<div class=\"wp-block-image\"><figure class=\"aligncenter size-large\"><img loading=\"lazy\" decoding=\"async\" width=\"1024\" height=\"683\" src=\"https:\/\/blog.ufes.br\/kyriafinardi\/files\/2020\/07\/alab_348-XL-min.jpg\" alt=\"\" class=\"wp-image-3413\" \/><\/figure><\/div>\n\n\n\n<div class=\"wp-block-image\"><figure class=\"aligncenter size-large\"><img loading=\"lazy\" decoding=\"async\" width=\"1024\" height=\"683\" src=\"https:\/\/blog.ufes.br\/kyriafinardi\/files\/2020\/07\/alab_344-XL-min.jpg\" alt=\"\" class=\"wp-image-3412\" \/><\/figure><\/div>\n\n\n\n<div class=\"wp-block-image\"><figure class=\"aligncenter size-large\"><img loading=\"lazy\" decoding=\"async\" width=\"1024\" height=\"683\" src=\"https:\/\/blog.ufes.br\/kyriafinardi\/files\/2020\/04\/alab_014-XL.jpg\" alt=\"\" class=\"wp-image-2285\" \/><\/figure><\/div>\n\n\n\n<div class=\"wp-block-image\"><figure class=\"aligncenter size-large\"><img loading=\"lazy\" decoding=\"async\" width=\"1024\" height=\"683\" src=\"https:\/\/blog.ufes.br\/kyriafinardi\/files\/2020\/04\/alab_027-XL-1.jpg\" alt=\"\" class=\"wp-image-2292\" \/><\/figure><\/div>\n\n\n\n<div class=\"wp-block-image\"><figure class=\"aligncenter size-large\"><img loading=\"lazy\" decoding=\"async\" width=\"1024\" height=\"683\" src=\"https:\/\/blog.ufes.br\/kyriafinardi\/files\/2020\/04\/alab_032-XL.jpg\" alt=\"\" class=\"wp-image-2293\" \/><\/figure><\/div>\n\n\n\n<div class=\"wp-block-image\"><figure class=\"aligncenter size-large\"><img loading=\"lazy\" decoding=\"async\" width=\"1024\" height=\"683\" src=\"https:\/\/blog.ufes.br\/kyriafinardi\/files\/2020\/04\/alab_349-XL.jpg\" alt=\"\" class=\"wp-image-2294\" \/><\/figure><\/div>\n\n\n\n<div class=\"wp-block-image\"><figure class=\"aligncenter size-large\"><img loading=\"lazy\" decoding=\"async\" width=\"1024\" height=\"683\" src=\"https:\/\/blog.ufes.br\/kyriafinardi\/files\/2020\/04\/alab_063-XL.jpg\" alt=\"\" class=\"wp-image-2301\" \/><\/figure><\/div>\n\n\n\n<div class=\"wp-block-image\"><figure class=\"aligncenter size-large is-resized\"><img loading=\"lazy\" decoding=\"async\" src=\"https:\/\/blog.ufes.br\/kyriafinardi\/files\/2020\/07\/alab_038-XL-min.jpg\" alt=\"\" class=\"wp-image-3399\" width=\"655\" height=\"436\" \/><\/figure><\/div>\n\n\n\n<div class=\"wp-block-image\"><figure class=\"aligncenter size-large is-resized\"><img loading=\"lazy\" decoding=\"async\" src=\"https:\/\/blog.ufes.br\/kyriafinardi\/files\/2020\/04\/alab_041-XL-1.jpg\" alt=\"\" class=\"wp-image-2298\" width=\"655\" height=\"436\" \/><\/figure><\/div>\n\n\n\n<div class=\"wp-block-image\"><figure class=\"aligncenter size-large\"><img loading=\"lazy\" decoding=\"async\" width=\"1024\" height=\"683\" src=\"https:\/\/blog.ufes.br\/kyriafinardi\/files\/2020\/07\/alab_050-XL-min.jpg\" alt=\"\" class=\"wp-image-3400\" \/><\/figure><\/div>\n\n\n\n<div class=\"wp-block-image\"><figure class=\"aligncenter size-large\"><img loading=\"lazy\" decoding=\"async\" width=\"1024\" height=\"683\" src=\"https:\/\/blog.ufes.br\/kyriafinardi\/files\/2020\/04\/alab_066-XL-1.jpg\" alt=\"\" class=\"wp-image-2299\" \/><\/figure><\/div>\n\n\n\n<div class=\"wp-block-image\"><figure class=\"aligncenter size-large is-resized\"><img loading=\"lazy\" decoding=\"async\" src=\"https:\/\/blog.ufes.br\/kyriafinardi\/files\/2020\/04\/alab_100-XL.jpg\" alt=\"\" class=\"wp-image-2300\" width=\"655\" height=\"436\" \/><\/figure><\/div>\n\n\n\n<div class=\"wp-block-image\"><figure class=\"aligncenter size-large\"><img loading=\"lazy\" decoding=\"async\" width=\"1024\" height=\"683\" src=\"https:\/\/blog.ufes.br\/kyriafinardi\/files\/2020\/07\/alab_120-XL-min.jpg\" alt=\"\" class=\"wp-image-3402\" \/><\/figure><\/div>\n\n\n\n<div class=\"wp-block-image\"><figure class=\"aligncenter size-large\"><img loading=\"lazy\" decoding=\"async\" width=\"1024\" height=\"683\" src=\"https:\/\/blog.ufes.br\/kyriafinardi\/files\/2020\/04\/alab_124-XL.jpg\" alt=\"\" class=\"wp-image-2303\" \/><\/figure><\/div>\n\n\n\n<div class=\"wp-block-image\"><figure class=\"aligncenter size-large is-resized\"><img loading=\"lazy\" decoding=\"async\" src=\"https:\/\/blog.ufes.br\/kyriafinardi\/files\/2020\/04\/alab_209-XL.jpg\" alt=\"\" class=\"wp-image-2306\" width=\"655\" height=\"436\" \/><\/figure><\/div>\n\n\n\n<div class=\"wp-block-image\"><figure class=\"aligncenter size-large is-resized\"><img loading=\"lazy\" decoding=\"async\" src=\"https:\/\/blog.ufes.br\/kyriafinardi\/files\/2020\/07\/alab_225-XL-min.jpg\" alt=\"\" class=\"wp-image-3405\" width=\"655\" height=\"436\" \/><\/figure><\/div>\n\n\n\n<div class=\"wp-block-image\"><figure class=\"aligncenter size-large\"><img loading=\"lazy\" decoding=\"async\" width=\"1024\" height=\"683\" src=\"https:\/\/blog.ufes.br\/kyriafinardi\/files\/2020\/04\/alab_219-XL.jpg\" alt=\"\" class=\"wp-image-2308\" \/><\/figure><\/div>\n\n\n\n<div class=\"wp-block-image\"><figure class=\"aligncenter size-large\"><img loading=\"lazy\" decoding=\"async\" width=\"1024\" height=\"683\" src=\"https:\/\/blog.ufes.br\/kyriafinardi\/files\/2020\/04\/alab_232-XL.jpg\" alt=\"\" class=\"wp-image-2310\" \/><\/figure><\/div>\n\n\n\n<div class=\"wp-block-image\"><figure class=\"aligncenter size-large is-resized\"><img loading=\"lazy\" decoding=\"async\" src=\"https:\/\/blog.ufes.br\/kyriafinardi\/files\/2020\/07\/alab_236-XL-min.jpg\" alt=\"\" class=\"wp-image-3407\" width=\"655\" height=\"436\" \/><\/figure><\/div>\n\n\n\n<div class=\"wp-block-image\"><figure class=\"aligncenter size-large is-resized\"><img loading=\"lazy\" decoding=\"async\" src=\"https:\/\/blog.ufes.br\/kyriafinardi\/files\/2020\/07\/alab_337-XL-min.jpg\" alt=\"\" class=\"wp-image-3409\" width=\"655\" height=\"436\" \/><\/figure><\/div>\n\n\n\n<div class=\"wp-block-image\"><figure class=\"aligncenter size-large\"><img loading=\"lazy\" decoding=\"async\" width=\"1024\" height=\"683\" src=\"https:\/\/blog.ufes.br\/kyriafinardi\/files\/2020\/07\/alab_332-XL-min.jpg\" alt=\"\" class=\"wp-image-3410\" \/><\/figure><\/div>\n\n\n\n<div class=\"wp-block-image\"><figure class=\"aligncenter size-large\"><img loading=\"lazy\" decoding=\"async\" width=\"1024\" height=\"683\" src=\"https:\/\/blog.ufes.br\/kyriafinardi\/files\/2020\/04\/alab_133-XL.jpg\" alt=\"\" class=\"wp-image-2304\" \/><\/figure><\/div>\n\n\n\n<div class=\"wp-block-image\"><figure class=\"aligncenter size-large\"><img loading=\"lazy\" decoding=\"async\" width=\"1024\" height=\"683\" src=\"https:\/\/blog.ufes.br\/kyriafinardi\/files\/2020\/04\/alab_035-XL.jpg\" alt=\"\" class=\"wp-image-2312\" \/><\/figure><\/div>\n\n\n\n<div class=\"wp-block-image\"><figure class=\"aligncenter size-large\"><img loading=\"lazy\" decoding=\"async\" width=\"1024\" height=\"683\" src=\"https:\/\/blog.ufes.br\/kyriafinardi\/files\/2020\/04\/alab_379-XL.jpg\" alt=\"\" class=\"wp-image-2313\" \/><\/figure><\/div>\n\n\n\n<div class=\"wp-block-image\"><figure class=\"aligncenter size-large\"><img loading=\"lazy\" decoding=\"async\" width=\"1024\" height=\"683\" src=\"https:\/\/blog.ufes.br\/kyriafinardi\/files\/2020\/04\/alab_382-XL.jpg\" alt=\"\" class=\"wp-image-2315\" \/><\/figure><\/div>\n\n\n\n<div class=\"wp-block-image\"><figure class=\"aligncenter size-large\"><img loading=\"lazy\" decoding=\"async\" width=\"1024\" height=\"683\" src=\"https:\/\/blog.ufes.br\/kyriafinardi\/files\/2020\/04\/alab_380-XL.jpg\" alt=\"\" class=\"wp-image-2314\" \/><\/figure><\/div>\n\n\n\n<div class=\"wp-block-image\"><figure class=\"aligncenter size-large is-resized\"><img loading=\"lazy\" decoding=\"async\" src=\"https:\/\/blog.ufes.br\/kyriafinardi\/files\/2020\/04\/alab_393-XL.jpg\" alt=\"\" class=\"wp-image-2322\" width=\"655\" height=\"436\" \/><\/figure><\/div>\n\n\n\n<div class=\"wp-block-image\"><figure class=\"aligncenter size-large\"><img loading=\"lazy\" decoding=\"async\" width=\"1024\" height=\"683\" src=\"https:\/\/blog.ufes.br\/kyriafinardi\/files\/2020\/04\/alab_373-XL.jpg\" alt=\"\" class=\"wp-image-2316\" \/><\/figure><\/div>\n\n\n\n<div class=\"wp-block-image\"><figure class=\"aligncenter size-large\"><img loading=\"lazy\" decoding=\"async\" width=\"1024\" height=\"683\" src=\"https:\/\/blog.ufes.br\/kyriafinardi\/files\/2020\/04\/alab_374-XL.jpg\" alt=\"\" class=\"wp-image-2317\" \/><\/figure><\/div>\n\n\n\n<div class=\"wp-block-image\"><figure class=\"aligncenter size-large is-resized\"><img loading=\"lazy\" decoding=\"async\" src=\"https:\/\/blog.ufes.br\/kyriafinardi\/files\/2020\/07\/alab_389-XL-min.jpg\" alt=\"\" class=\"wp-image-3421\" width=\"655\" height=\"436\" \/><\/figure><\/div>\n\n\n\n<div class=\"wp-block-image\"><figure class=\"aligncenter size-large\"><img loading=\"lazy\" decoding=\"async\" width=\"1024\" height=\"683\" src=\"https:\/\/blog.ufes.br\/kyriafinardi\/files\/2020\/07\/alab_396-XL-min.jpg\" alt=\"\" class=\"wp-image-3423\" \/><\/figure><\/div>\n\n\n\n<div class=\"wp-block-image\"><figure class=\"aligncenter size-large\"><img loading=\"lazy\" decoding=\"async\" width=\"1024\" height=\"683\" src=\"https:\/\/blog.ufes.br\/kyriafinardi\/files\/2020\/04\/alab_375-XL.jpg\" alt=\"\" class=\"wp-image-2318\" \/><\/figure><\/div>\n\n\n\n<div class=\"wp-block-image\"><figure class=\"aligncenter size-large\"><img loading=\"lazy\" decoding=\"async\" width=\"1024\" height=\"683\" src=\"https:\/\/blog.ufes.br\/kyriafinardi\/files\/2020\/07\/alab_360-XL-min.jpg\" alt=\"\" class=\"wp-image-3415\" \/><\/figure><\/div>\n\n\n\n<div class=\"wp-block-image\"><figure class=\"aligncenter size-large is-resized\"><img loading=\"lazy\" decoding=\"async\" src=\"https:\/\/blog.ufes.br\/kyriafinardi\/files\/2020\/04\/alab_390-XL.jpg\" alt=\"\" class=\"wp-image-2320\" width=\"655\" height=\"436\" \/><\/figure><\/div>\n\n\n\n<div class=\"wp-block-image\"><figure class=\"aligncenter size-large\"><img loading=\"lazy\" decoding=\"async\" width=\"1024\" height=\"683\" src=\"https:\/\/blog.ufes.br\/kyriafinardi\/files\/2020\/07\/alab_376-XL-min.jpg\" alt=\"\" class=\"wp-image-3425\" \/><\/figure><\/div>\n\n\n\n<div class=\"wp-block-image\"><figure class=\"aligncenter size-large\"><img loading=\"lazy\" decoding=\"async\" width=\"1024\" height=\"683\" src=\"https:\/\/blog.ufes.br\/kyriafinardi\/files\/2020\/04\/alab_392-XL.jpg\" alt=\"\" class=\"wp-image-2321\" \/><\/figure><\/div>\n\n\n\n<div class=\"wp-block-image\"><figure class=\"aligncenter size-large is-resized\"><img loading=\"lazy\" decoding=\"async\" src=\"http:\/\/blog.ufes.br\/kyriafinardi\/files\/2020\/07\/alab_388-XL-min.jpg\" alt=\"\" class=\"wp-image-3419\" width=\"655\" height=\"436\" \/><\/figure><\/div>\n\n\n\n<div class=\"wp-block-image\"><figure class=\"aligncenter size-large\"><img loading=\"lazy\" decoding=\"async\" width=\"1024\" height=\"683\" src=\"https:\/\/blog.ufes.br\/kyriafinardi\/files\/2020\/07\/alab_372-XL-min.jpg\" alt=\"\" class=\"wp-image-3417\" \/><\/figure><\/div>\n\n\n\n<div class=\"wp-block-image\"><figure class=\"aligncenter size-large\"><img loading=\"lazy\" decoding=\"async\" width=\"1024\" height=\"683\" src=\"https:\/\/blog.ufes.br\/kyriafinardi\/files\/2020\/04\/alab_386-XL.jpg\" alt=\"\" class=\"wp-image-2324\" \/><\/figure><\/div>\n\n\n\n<div class=\"wp-block-image\"><figure class=\"aligncenter size-large\"><img loading=\"lazy\" decoding=\"async\" width=\"1024\" height=\"683\" src=\"https:\/\/blog.ufes.br\/kyriafinardi\/files\/2020\/04\/alab_385-XL.jpg\" alt=\"\" class=\"wp-image-2325\" \/><\/figure><\/div>\n\n\n\n<div class=\"wp-block-image\"><figure class=\"aligncenter size-large\"><img loading=\"lazy\" decoding=\"async\" width=\"1024\" height=\"683\" src=\"https:\/\/blog.ufes.br\/kyriafinardi\/files\/2020\/04\/alab_369-XL.jpg\" alt=\"\" class=\"wp-image-2327\" \/><\/figure><\/div>\n\n\n\n<p>     <\/p>\n\n\n\n<p>  @ Copyright \u00a9 2020&nbsp;12\u00ba CBLA \u2013 12\u00ba Congresso Brasileiro de Lingu\u00edstica Aplicada <\/p>\n","protected":false},"excerpt":{"rendered":"<p>Minicurso \u2013Vis\u00f5es de Sociedade, Sujeito e L\u00ednguas na Perspectiva do Letramento Cr\u00edtico Palestrante:&nbsp;Walkyria Monte Mor (USP)Fotos: Luana Moura . Abertura Oficial, Confer\u00eancia de Abertura (Profa. Vera Menezes), Apresenta\u00e7\u00e3o Art\u00edstico-Cultural e Coquetel Fotos: Camilla Baptistin @ Copyright \u00a9 2020&nbsp;12\u00ba CBLA \u2013 12\u00ba Congresso Brasileiro de Lingu\u00edstica Aplicada<\/p>\n","protected":false},"author":151,"featured_media":0,"parent":2261,"menu_order":0,"comment_status":"closed","ping_status":"closed","template":"","meta":{"_bbp_topic_count":0,"_bbp_reply_count":0,"_bbp_total_topic_count":0,"_bbp_total_reply_count":0,"_bbp_voice_count":0,"_bbp_anonymous_reply_count":0,"_bbp_topic_count_hidden":0,"_bbp_reply_count_hidden":0,"_bbp_forum_subforum_count":0,"_uag_custom_page_level_css":"","footnotes":""},"class_list":["post-2269","page","type-page","status-publish","hentry"],"uagb_featured_image_src":{"full":false,"thumbnail":false,"medium":false,"medium_large":false,"large":false,"1536x1536":false,"2048x2048":false,"post-thumbnail":false},"uagb_author_info":{"display_name":"carlos.hildeblando","author_link":"https:\/\/blog.ufes.br\/kyriafinardi\/author\/carlos_alberto-hildeblando-junior\/"},"uagb_comment_info":0,"uagb_excerpt":"Minicurso \u2013Vis\u00f5es de Sociedade, Sujeito e L\u00ednguas na Perspectiva do Letramento Cr\u00edtico Palestrante:&nbsp;Walkyria Monte Mor (USP)Fotos: Luana Moura . Abertura Oficial, Confer\u00eancia de Abertura (Profa. Vera Menezes), Apresenta\u00e7\u00e3o Art\u00edstico-Cultural e Coquetel Fotos: Camilla Baptistin @ Copyright \u00a9 2020&nbsp;12\u00ba CBLA \u2013 12\u00ba Congresso Brasileiro de Lingu\u00edstica Aplicada","_links":{"self":[{"href":"https:\/\/blog.ufes.br\/kyriafinardi\/wp-json\/wp\/v2\/pages\/2269","targetHints":{"allow":["GET"]}}],"collection":[{"href":"https:\/\/blog.ufes.br\/kyriafinardi\/wp-json\/wp\/v2\/pages"}],"about":[{"href":"https:\/\/blog.ufes.br\/kyriafinardi\/wp-json\/wp\/v2\/types\/page"}],"author":[{"embeddable":true,"href":"https:\/\/blog.ufes.br\/kyriafinardi\/wp-json\/wp\/v2\/users\/151"}],"replies":[{"embeddable":true,"href":"https:\/\/blog.ufes.br\/kyriafinardi\/wp-json\/wp\/v2\/comments?post=2269"}],"version-history":[{"count":31,"href":"https:\/\/blog.ufes.br\/kyriafinardi\/wp-json\/wp\/v2\/pages\/2269\/revisions"}],"predecessor-version":[{"id":3426,"href":"https:\/\/blog.ufes.br\/kyriafinardi\/wp-json\/wp\/v2\/pages\/2269\/revisions\/3426"}],"up":[{"embeddable":true,"href":"https:\/\/blog.ufes.br\/kyriafinardi\/wp-json\/wp\/v2\/pages\/2261"}],"wp:attachment":[{"href":"https:\/\/blog.ufes.br\/kyriafinardi\/wp-json\/wp\/v2\/media?parent=2269"}],"curies":[{"name":"wp","href":"https:\/\/api.w.org\/{rel}","templated":true}]}}