{"id":2333,"date":"2020-04-29T23:35:48","date_gmt":"2020-04-30T02:35:48","guid":{"rendered":"http:\/\/blog.ufes.br\/kyriafinardi\/?page_id=2333"},"modified":"2020-07-02T20:21:02","modified_gmt":"2020-07-02T23:21:02","slug":"fotos-do-dia-10-de-julho","status":"publish","type":"page","link":"https:\/\/blog.ufes.br\/kyriafinardi\/videos\/12o-cbla\/midias-do-12o-cbla\/fotos-do-dia-10-de-julho\/","title":{"rendered":"Fotos do dia 10 de julho"},"content":{"rendered":"\n<h2 class=\"wp-block-heading\"> <strong>Simp\u00f3sio Convidado 1<\/strong><\/h2>\n\n\n\n<p><em>Tradu\u00e7\u00e3o\u00a0<\/em>(Sala Vit\u00f3ria)<br> Fotos: Luana Moura <\/p>\n\n\n\n<div class=\"wp-block-image\"><figure class=\"aligncenter size-large\"><img loading=\"lazy\" decoding=\"async\" width=\"800\" height=\"600\" src=\"https:\/\/blog.ufes.br\/kyriafinardi\/files\/2020\/04\/2-1.jpg\" alt=\"\" class=\"wp-image-2334\" \/><\/figure><\/div>\n\n\n\n<div class=\"wp-block-image\"><figure class=\"aligncenter size-large\"><img loading=\"lazy\" decoding=\"async\" width=\"800\" height=\"600\" src=\"https:\/\/blog.ufes.br\/kyriafinardi\/files\/2020\/04\/13.jpg\" alt=\"\" class=\"wp-image-2337\" \/><\/figure><\/div>\n\n\n\n<div class=\"wp-block-image\"><figure class=\"aligncenter size-large\"><img loading=\"lazy\" decoding=\"async\" width=\"800\" height=\"600\" src=\"https:\/\/blog.ufes.br\/kyriafinardi\/files\/2020\/04\/6.jpg\" alt=\"\" class=\"wp-image-2338\" \/><\/figure><\/div>\n\n\n\n<div class=\"wp-block-image\"><figure class=\"aligncenter size-large\"><img loading=\"lazy\" decoding=\"async\" width=\"800\" height=\"600\" src=\"https:\/\/blog.ufes.br\/kyriafinardi\/files\/2020\/04\/17.jpg\" alt=\"\" class=\"wp-image-2339\" \/><\/figure><\/div>\n\n\n\n<div class=\"wp-block-image\"><figure class=\"aligncenter size-large\"><img loading=\"lazy\" decoding=\"async\" width=\"800\" height=\"600\" src=\"https:\/\/blog.ufes.br\/kyriafinardi\/files\/2020\/04\/4-1.jpg\" alt=\"\" class=\"wp-image-2335\" \/><\/figure><\/div>\n\n\n\n<p>                             .<\/p>\n\n\n\n<h2 class=\"wp-block-heading\"><strong>Mesa redonda 1<\/strong><\/h2>\n\n\n\n<p><em>Forma\u00e7\u00e3o de professores de l\u00ednguas\u00a0<\/em>(Sala Vit\u00f3ria) <br>Fotos: Tain\u00e1 Rocha <\/p>\n\n\n\n<div class=\"wp-block-image\"><figure class=\"aligncenter size-large\"><img loading=\"lazy\" decoding=\"async\" width=\"800\" height=\"600\" src=\"https:\/\/blog.ufes.br\/kyriafinardi\/files\/2020\/04\/12.jpg\" alt=\"\" class=\"wp-image-2340\" \/><\/figure><\/div>\n\n\n\n<div class=\"wp-block-image\"><figure class=\"aligncenter size-large\"><img loading=\"lazy\" decoding=\"async\" width=\"600\" height=\"800\" src=\"https:\/\/blog.ufes.br\/kyriafinardi\/files\/2020\/04\/1-2.jpg\" alt=\"\" class=\"wp-image-2343\" \/><\/figure><\/div>\n\n\n\n<div class=\"wp-block-image\"><figure class=\"aligncenter size-large is-resized\"><img loading=\"lazy\" decoding=\"async\" src=\"https:\/\/blog.ufes.br\/kyriafinardi\/files\/2020\/04\/7.jpg\" alt=\"\" class=\"wp-image-2341\" width=\"600\" height=\"800\" \/><\/figure><\/div>\n\n\n\n<div class=\"wp-block-image\"><figure class=\"aligncenter size-large\"><img loading=\"lazy\" decoding=\"async\" width=\"600\" height=\"800\" src=\"https:\/\/blog.ufes.br\/kyriafinardi\/files\/2020\/04\/5.jpg\" alt=\"\" class=\"wp-image-2342\" \/><\/figure><\/div>\n\n\n\n<div class=\"wp-block-image\"><figure class=\"aligncenter size-large\"><img loading=\"lazy\" decoding=\"async\" width=\"600\" height=\"800\" src=\"https:\/\/blog.ufes.br\/kyriafinardi\/files\/2020\/04\/14.jpg\" alt=\"\" class=\"wp-image-2344\" \/><\/figure><\/div>\n\n\n\n<div class=\"wp-block-image\"><figure class=\"aligncenter size-large\"><img loading=\"lazy\" decoding=\"async\" width=\"800\" height=\"600\" src=\"https:\/\/blog.ufes.br\/kyriafinardi\/files\/2020\/04\/15.jpg\" alt=\"\" class=\"wp-image-2345\" \/><\/figure><\/div>\n\n\n\n<p>                               .<\/p>\n\n\n\n<h2 class=\"wp-block-heading\"><strong>Confer\u00eancia 1 \u2013 Vilson Leffa (UFPEL)<\/strong><\/h2>\n\n\n\n<p>(Sala Vit\u00f3ria)<br>Fotos: Pamyla Patricia<\/p>\n\n\n\n<div class=\"wp-block-image\"><figure class=\"aligncenter size-large\"><img loading=\"lazy\" decoding=\"async\" width=\"1024\" height=\"576\" src=\"https:\/\/blog.ufes.br\/kyriafinardi\/files\/2020\/07\/IMG_20190710_084637-min.jpg\" alt=\"\" class=\"wp-image-3055\" \/><\/figure><\/div>\n\n\n\n<div class=\"wp-block-image\"><figure class=\"aligncenter size-large\"><img loading=\"lazy\" decoding=\"async\" width=\"1024\" height=\"576\" src=\"https:\/\/blog.ufes.br\/kyriafinardi\/files\/2020\/07\/IMG_20190710_084716-min.jpg\" alt=\"\" class=\"wp-image-3056\" \/><\/figure><\/div>\n\n\n\n<div class=\"wp-block-image\"><figure class=\"aligncenter size-large\"><img loading=\"lazy\" decoding=\"async\" width=\"1024\" height=\"576\" src=\"https:\/\/blog.ufes.br\/kyriafinardi\/files\/2020\/07\/IMG_20190710_084754-min.jpg\" alt=\"\" class=\"wp-image-3057\" \/><\/figure><\/div>\n\n\n\n<p>.<\/p>\n\n\n\n<h2 class=\"wp-block-heading\"><strong>Simp\u00f3sio Convidado 1 \u2013 Vera Santiago (UECE)<\/strong><\/h2>\n\n\n\n<p><em>Tradu\u00e7\u00e3o\u00a0<\/em>(Sala Vit\u00f3ria)<br>Fotos: Luana Moura<\/p>\n\n\n\n<div class=\"wp-block-image\"><figure class=\"aligncenter size-large\"><img loading=\"lazy\" decoding=\"async\" width=\"800\" height=\"600\" src=\"https:\/\/blog.ufes.br\/kyriafinardi\/files\/2020\/07\/3-min.jpg\" alt=\"\" class=\"wp-image-3060\" \/><\/figure><\/div>\n\n\n\n<div class=\"wp-block-image\"><figure class=\"aligncenter size-large\"><img loading=\"lazy\" decoding=\"async\" width=\"800\" height=\"600\" src=\"https:\/\/blog.ufes.br\/kyriafinardi\/files\/2020\/07\/2-min.jpg\" alt=\"\" class=\"wp-image-3059\" \/><\/figure><\/div>\n\n\n\n<div class=\"wp-block-image\"><figure class=\"aligncenter size-large\"><img loading=\"lazy\" decoding=\"async\" width=\"800\" height=\"600\" src=\"https:\/\/blog.ufes.br\/kyriafinardi\/files\/2020\/07\/10-min.jpg\" alt=\"\" class=\"wp-image-3064\" \/><\/figure><\/div>\n\n\n\n<div class=\"wp-block-image\"><figure class=\"aligncenter size-large\"><img loading=\"lazy\" decoding=\"async\" width=\"800\" height=\"600\" src=\"https:\/\/blog.ufes.br\/kyriafinardi\/files\/2020\/07\/6-min.jpg\" alt=\"\" class=\"wp-image-3062\" \/><\/figure><\/div>\n\n\n\n<div class=\"wp-block-image\"><figure class=\"aligncenter size-large\"><img loading=\"lazy\" decoding=\"async\" width=\"800\" height=\"600\" src=\"https:\/\/blog.ufes.br\/kyriafinardi\/files\/2020\/07\/13-min.jpg\" alt=\"\" class=\"wp-image-3065\" \/><\/figure><\/div>\n\n\n\n<div class=\"wp-block-image\"><figure class=\"aligncenter size-large\"><img loading=\"lazy\" decoding=\"async\" width=\"800\" height=\"600\" src=\"https:\/\/blog.ufes.br\/kyriafinardi\/files\/2020\/07\/19-min.jpg\" alt=\"\" class=\"wp-image-3067\" \/><\/figure><\/div>\n\n\n\n<div class=\"wp-block-image\"><figure class=\"aligncenter size-large\"><img loading=\"lazy\" decoding=\"async\" width=\"800\" height=\"600\" src=\"https:\/\/blog.ufes.br\/kyriafinardi\/files\/2020\/07\/17-min.jpg\" alt=\"\" class=\"wp-image-3066\" \/><\/figure><\/div>\n\n\n\n<div class=\"wp-block-image\"><figure class=\"aligncenter size-large\"><img loading=\"lazy\" decoding=\"async\" width=\"800\" height=\"600\" src=\"https:\/\/blog.ufes.br\/kyriafinardi\/files\/2020\/07\/4-min.jpg\" alt=\"\" class=\"wp-image-3061\" \/><\/figure><\/div>\n\n\n\n<div class=\"wp-block-image\"><figure class=\"aligncenter size-large is-resized\"><img loading=\"lazy\" decoding=\"async\" src=\"https:\/\/blog.ufes.br\/kyriafinardi\/files\/2020\/07\/8-min.jpg\" alt=\"\" class=\"wp-image-3063\" width=\"655\" height=\"491\" \/><\/figure><\/div>\n\n\n\n<p>.<\/p>\n\n\n\n<h2 class=\"wp-block-heading\"><strong>Simp\u00f3sio Convidado 2 \u2013 Izabel Magalh\u00e3es (UnB)<\/strong><\/h2>\n\n\n\n<p><em>An\u00e1lise do Discurso\u00a0<\/em>(Sala Tubar\u00e3o)<br>Fotos: \u00c9rica Alc\u00e2ntara Pinheiro<\/p>\n\n\n\n<div class=\"wp-block-image\"><figure class=\"aligncenter size-large is-resized\"><img loading=\"lazy\" decoding=\"async\" src=\"https:\/\/blog.ufes.br\/kyriafinardi\/files\/2020\/07\/IMG_20190710_094113846-min.jpg\" alt=\"\" class=\"wp-image-3069\" width=\"370\" height=\"494\" \/><\/figure><\/div>\n\n\n\n<div class=\"wp-block-image\"><figure class=\"aligncenter size-large is-resized\"><img loading=\"lazy\" decoding=\"async\" src=\"https:\/\/blog.ufes.br\/kyriafinardi\/files\/2020\/07\/IMG_20190710_105041632-min.jpg\" alt=\"\" class=\"wp-image-3070\" width=\"368\" height=\"490\" \/><\/figure><\/div>\n\n\n\n<div class=\"wp-block-image\"><figure class=\"aligncenter size-large is-resized\"><img loading=\"lazy\" decoding=\"async\" src=\"https:\/\/blog.ufes.br\/kyriafinardi\/files\/2020\/07\/IMG_20190710_113519658-min.jpg\" alt=\"\" class=\"wp-image-3071\" width=\"368\" height=\"489\" \/><\/figure><\/div>\n\n\n\n<div class=\"wp-block-image\"><figure class=\"aligncenter size-large is-resized\"><img loading=\"lazy\" decoding=\"async\" src=\"https:\/\/blog.ufes.br\/kyriafinardi\/files\/2020\/07\/IMG_20190710_113522389-min.jpg\" alt=\"\" class=\"wp-image-3072\" width=\"365\" height=\"487\" \/><\/figure><\/div>\n\n\n\n<p>.<\/p>\n\n\n\n<h2 class=\"wp-block-heading\"><strong>Simp\u00f3sio Convidado 3 \u2013 Glenda Melo (UniRio)<\/strong><\/h2>\n\n\n\n<p><em>Identidades\u00a0<\/em>(Sala Vit\u00f3ria)<br>Fotos: Sarah Drago<\/p>\n\n\n\n<div class=\"wp-block-image\"><figure class=\"aligncenter size-large\"><img loading=\"lazy\" decoding=\"async\" width=\"960\" height=\"540\" src=\"https:\/\/blog.ufes.br\/kyriafinardi\/files\/2020\/07\/20190710_134352-min.jpg\" alt=\"\" class=\"wp-image-3074\" \/><\/figure><\/div>\n\n\n\n<div class=\"wp-block-image\"><figure class=\"aligncenter size-large\"><img loading=\"lazy\" decoding=\"async\" width=\"960\" height=\"540\" src=\"https:\/\/blog.ufes.br\/kyriafinardi\/files\/2020\/07\/20190710_134719-min.jpg\" alt=\"\" class=\"wp-image-3075\" \/><\/figure><\/div>\n\n\n\n<div class=\"wp-block-image\"><figure class=\"aligncenter size-large\"><img loading=\"lazy\" decoding=\"async\" width=\"960\" height=\"540\" src=\"https:\/\/blog.ufes.br\/kyriafinardi\/files\/2020\/07\/20190710_135521-min.jpg\" alt=\"\" class=\"wp-image-3076\" \/><\/figure><\/div>\n\n\n\n<div class=\"wp-block-image\"><figure class=\"aligncenter size-large\"><img loading=\"lazy\" decoding=\"async\" width=\"960\" height=\"540\" src=\"https:\/\/blog.ufes.br\/kyriafinardi\/files\/2020\/07\/20190710_151721-min.jpg\" alt=\"\" class=\"wp-image-3077\" \/><\/figure><\/div>\n\n\n\n<p>.<\/p>\n\n\n\n<h2 class=\"wp-block-heading\"><strong><strong>Simp\u00f3sio Convidado 4 \u2013 Mailce Mota (UFSC)<\/strong><\/strong><\/h2>\n\n\n\n<p><em>Aquisi\u00e7\u00e3o de linguagem\u00a0<\/em>(Sala Tubar\u00e3o)<br>Fotos: Geyciane Scardua<\/p>\n\n\n\n<div class=\"wp-block-image\"><figure class=\"aligncenter size-large\"><img loading=\"lazy\" decoding=\"async\" width=\"1024\" height=\"768\" src=\"https:\/\/blog.ufes.br\/kyriafinardi\/files\/2020\/07\/20190710_154817-min.jpg\" alt=\"\" class=\"wp-image-3097\" \/><\/figure><\/div>\n\n\n\n<div class=\"wp-block-image\"><figure class=\"aligncenter size-large is-resized\"><img loading=\"lazy\" decoding=\"async\" src=\"https:\/\/blog.ufes.br\/kyriafinardi\/files\/2020\/07\/20190710_135237-min.jpg\" alt=\"\" class=\"wp-image-3091\" width=\"400\" height=\"533\" \/><\/figure><\/div>\n\n\n\n<div class=\"wp-block-image\"><figure class=\"aligncenter size-large is-resized\"><img loading=\"lazy\" decoding=\"async\" src=\"https:\/\/blog.ufes.br\/kyriafinardi\/files\/2020\/07\/20190710_140458-min.jpg\" alt=\"\" class=\"wp-image-3092\" width=\"405\" height=\"538\" \/><\/figure><\/div>\n\n\n\n<div class=\"wp-block-image\"><figure class=\"aligncenter size-large is-resized\"><img loading=\"lazy\" decoding=\"async\" src=\"https:\/\/blog.ufes.br\/kyriafinardi\/files\/2020\/07\/20190710_143956-min.jpg\" alt=\"\" class=\"wp-image-3093\" width=\"405\" height=\"538\" \/><\/figure><\/div>\n\n\n\n<div class=\"wp-block-image\"><figure class=\"aligncenter size-large is-resized\"><img loading=\"lazy\" decoding=\"async\" src=\"https:\/\/blog.ufes.br\/kyriafinardi\/files\/2020\/07\/20190710_151627-min.jpg\" alt=\"\" class=\"wp-image-3094\" width=\"383\" height=\"510\" \/><\/figure><\/div>\n\n\n\n<div class=\"wp-block-image\"><figure class=\"aligncenter size-large is-resized\"><img loading=\"lazy\" decoding=\"async\" src=\"https:\/\/blog.ufes.br\/kyriafinardi\/files\/2020\/07\/20190710_152007-min.jpg\" alt=\"\" class=\"wp-image-3096\" width=\"393\" height=\"523\" \/><\/figure><\/div>\n\n\n\n<div class=\"wp-block-image\"><figure class=\"aligncenter size-large is-resized\"><img loading=\"lazy\" decoding=\"async\" src=\"https:\/\/blog.ufes.br\/kyriafinardi\/files\/2020\/07\/20190710_162305-min.jpg\" alt=\"\" class=\"wp-image-3098\" width=\"443\" height=\"590\" \/><\/figure><\/div>\n\n\n\n<div class=\"wp-block-image\"><figure class=\"aligncenter size-large is-resized\"><img loading=\"lazy\" decoding=\"async\" src=\"https:\/\/blog.ufes.br\/kyriafinardi\/files\/2020\/07\/20190710_151707-min.jpg\" alt=\"\" class=\"wp-image-3095\" width=\"439\" height=\"585\" \/><\/figure><\/div>\n\n\n\n<p><\/p>\n\n\n\n<p>.<\/p>\n\n\n\n<p> @ Copyright \u00a9 2020&nbsp;12\u00ba CBLA \u2013 12\u00ba Congresso Brasileiro de Lingu\u00edstica Aplicada <\/p>\n","protected":false},"excerpt":{"rendered":"<p>Simp\u00f3sio Convidado 1 Tradu\u00e7\u00e3o\u00a0(Sala Vit\u00f3ria) Fotos: Luana Moura . Mesa redonda 1 Forma\u00e7\u00e3o de professores de l\u00ednguas\u00a0(Sala Vit\u00f3ria) Fotos: Tain\u00e1 Rocha . Confer\u00eancia 1 \u2013 Vilson Leffa (UFPEL) (Sala Vit\u00f3ria)Fotos: Pamyla Patricia . Simp\u00f3sio Convidado 1 \u2013 Vera Santiago (UECE) Tradu\u00e7\u00e3o\u00a0(Sala Vit\u00f3ria)Fotos: Luana Moura . Simp\u00f3sio Convidado 2 \u2013 Izabel Magalh\u00e3es (UnB) An\u00e1lise do Discurso\u00a0(Sala [&hellip;]<\/p>\n","protected":false},"author":151,"featured_media":0,"parent":2261,"menu_order":0,"comment_status":"closed","ping_status":"closed","template":"","meta":{"_bbp_topic_count":0,"_bbp_reply_count":0,"_bbp_total_topic_count":0,"_bbp_total_reply_count":0,"_bbp_voice_count":0,"_bbp_anonymous_reply_count":0,"_bbp_topic_count_hidden":0,"_bbp_reply_count_hidden":0,"_bbp_forum_subforum_count":0,"_uag_custom_page_level_css":"","footnotes":""},"class_list":["post-2333","page","type-page","status-publish","hentry"],"uagb_featured_image_src":{"full":false,"thumbnail":false,"medium":false,"medium_large":false,"large":false,"1536x1536":false,"2048x2048":false,"post-thumbnail":false},"uagb_author_info":{"display_name":"carlos.hildeblando","author_link":"https:\/\/blog.ufes.br\/kyriafinardi\/author\/carlos_alberto-hildeblando-junior\/"},"uagb_comment_info":0,"uagb_excerpt":"Simp\u00f3sio Convidado 1 Tradu\u00e7\u00e3o\u00a0(Sala Vit\u00f3ria) Fotos: Luana Moura . Mesa redonda 1 Forma\u00e7\u00e3o de professores de l\u00ednguas\u00a0(Sala Vit\u00f3ria) Fotos: Tain\u00e1 Rocha . Confer\u00eancia 1 \u2013 Vilson Leffa (UFPEL) (Sala Vit\u00f3ria)Fotos: Pamyla Patricia . Simp\u00f3sio Convidado 1 \u2013 Vera Santiago (UECE) Tradu\u00e7\u00e3o\u00a0(Sala Vit\u00f3ria)Fotos: Luana Moura . Simp\u00f3sio Convidado 2 \u2013 Izabel Magalh\u00e3es (UnB) An\u00e1lise do Discurso\u00a0(Sala&hellip;","_links":{"self":[{"href":"https:\/\/blog.ufes.br\/kyriafinardi\/wp-json\/wp\/v2\/pages\/2333","targetHints":{"allow":["GET"]}}],"collection":[{"href":"https:\/\/blog.ufes.br\/kyriafinardi\/wp-json\/wp\/v2\/pages"}],"about":[{"href":"https:\/\/blog.ufes.br\/kyriafinardi\/wp-json\/wp\/v2\/types\/page"}],"author":[{"embeddable":true,"href":"https:\/\/blog.ufes.br\/kyriafinardi\/wp-json\/wp\/v2\/users\/151"}],"replies":[{"embeddable":true,"href":"https:\/\/blog.ufes.br\/kyriafinardi\/wp-json\/wp\/v2\/comments?post=2333"}],"version-history":[{"count":12,"href":"https:\/\/blog.ufes.br\/kyriafinardi\/wp-json\/wp\/v2\/pages\/2333\/revisions"}],"predecessor-version":[{"id":3100,"href":"https:\/\/blog.ufes.br\/kyriafinardi\/wp-json\/wp\/v2\/pages\/2333\/revisions\/3100"}],"up":[{"embeddable":true,"href":"https:\/\/blog.ufes.br\/kyriafinardi\/wp-json\/wp\/v2\/pages\/2261"}],"wp:attachment":[{"href":"https:\/\/blog.ufes.br\/kyriafinardi\/wp-json\/wp\/v2\/media?parent=2333"}],"curies":[{"name":"wp","href":"https:\/\/api.w.org\/{rel}","templated":true}]}}