{"id":2396,"date":"2020-05-01T03:12:57","date_gmt":"2020-05-01T06:12:57","guid":{"rendered":"http:\/\/blog.ufes.br\/kyriafinardi\/?page_id=2396"},"modified":"2020-07-02T20:02:17","modified_gmt":"2020-07-02T23:02:17","slug":"fotos-das-comunicacoes-tematicas-salas-9-e-12","status":"publish","type":"page","link":"https:\/\/blog.ufes.br\/kyriafinardi\/videos\/12o-cbla\/midias-do-12o-cbla\/fotos-do-dia-11-de-julho\/fotos-das-comunicacoes-tematicas-salas-9-e-12\/","title":{"rendered":"Fotos das Comunica\u00e7\u00f5es Tem\u00e1ticas \u2013 Salas 9 e 12"},"content":{"rendered":"\n<p><strong>Comunica\u00e7\u00f5es tem\u00e1ticas&nbsp;<\/strong>do 12\u00ba CBLA no dia 11 de julho de 2019 .<\/p>\n\n\n\n<h2 class=\"wp-block-heading\">Fotos da\u00a0<em><strong>Sala<\/strong><\/em><strong><em> 9<\/em><\/strong><\/h2>\n\n\n\n<p>Fotos: Barbara Cortat Simoneli<\/p>\n\n\n\n<div class=\"wp-block-image\"><figure class=\"aligncenter size-large is-resized\"><img loading=\"lazy\" decoding=\"async\" src=\"https:\/\/blog.ufes.br\/kyriafinardi\/files\/2020\/04\/IMG_20190711_160912-1.jpg\" alt=\"\" class=\"wp-image-2397\" width=\"238\" height=\"423\" \/><\/figure><\/div>\n\n\n\n<div class=\"wp-block-image\"><figure class=\"aligncenter size-large is-resized\"><img loading=\"lazy\" decoding=\"async\" src=\"https:\/\/blog.ufes.br\/kyriafinardi\/files\/2020\/04\/IMG_20190711_153225-1.jpg\" alt=\"\" class=\"wp-image-2398\" width=\"494\" height=\"278\" \/><\/figure><\/div>\n\n\n\n<div class=\"wp-block-image\"><figure class=\"aligncenter size-large is-resized\"><img loading=\"lazy\" decoding=\"async\" src=\"https:\/\/blog.ufes.br\/kyriafinardi\/files\/2020\/05\/IMG_20190711_152043-1.jpg\" alt=\"\" class=\"wp-image-2481\" width=\"256\" height=\"455\" \/><\/figure><\/div>\n\n\n\n<div class=\"wp-block-image\"><figure class=\"aligncenter size-large is-resized\"><img loading=\"lazy\" decoding=\"async\" src=\"https:\/\/blog.ufes.br\/kyriafinardi\/files\/2020\/05\/IMG_20190711_145219-1.jpg\" alt=\"\" class=\"wp-image-2483\" width=\"485\" height=\"273\" \/><\/figure><\/div>\n\n\n\n<div class=\"wp-block-image\"><figure class=\"aligncenter size-large is-resized\"><img loading=\"lazy\" decoding=\"async\" src=\"https:\/\/blog.ufes.br\/kyriafinardi\/files\/2020\/05\/IMG_20190711_143051-1.jpg\" alt=\"\" class=\"wp-image-2484\" width=\"507\" height=\"284\" \/><\/figure><\/div>\n\n\n\n<div class=\"wp-block-image\"><figure class=\"aligncenter size-large is-resized\"><img loading=\"lazy\" decoding=\"async\" src=\"https:\/\/blog.ufes.br\/kyriafinardi\/files\/2020\/05\/IMG_20190711_135611-1.jpg\" alt=\"\" class=\"wp-image-2485\" width=\"549\" height=\"308\" \/><\/figure><\/div>\n\n\n\n<div class=\"wp-block-image\"><figure class=\"aligncenter size-large is-resized\"><img loading=\"lazy\" decoding=\"async\" src=\"https:\/\/blog.ufes.br\/kyriafinardi\/files\/2020\/05\/IMG_20190711_135241-1.jpg\" alt=\"\" class=\"wp-image-2486\" width=\"550\" height=\"309\" \/><\/figure><\/div>\n\n\n\n<div class=\"wp-block-image\"><figure class=\"aligncenter size-large is-resized\"><img loading=\"lazy\" decoding=\"async\" src=\"https:\/\/blog.ufes.br\/kyriafinardi\/files\/2020\/05\/IMG_20190711_135234-1.jpg\" alt=\"\" class=\"wp-image-2487\" width=\"530\" height=\"298\" \/><\/figure><\/div>\n\n\n\n<div class=\"wp-block-image\"><figure class=\"aligncenter size-large is-resized\"><img loading=\"lazy\" decoding=\"async\" src=\"https:\/\/blog.ufes.br\/kyriafinardi\/files\/2020\/05\/IMG_20190711_133346-1.jpg\" alt=\"\" class=\"wp-image-2488\" width=\"551\" height=\"309\" \/><\/figure><\/div>\n\n\n\n<div class=\"wp-block-image\"><figure class=\"aligncenter size-large is-resized\"><img loading=\"lazy\" decoding=\"async\" src=\"https:\/\/blog.ufes.br\/kyriafinardi\/files\/2020\/05\/IMG_20190711_122737-1.jpg\" alt=\"\" class=\"wp-image-2491\" width=\"310\" height=\"549\" \/><\/figure><\/div>\n\n\n\n<div class=\"wp-block-image\"><figure class=\"aligncenter size-large is-resized\"><img loading=\"lazy\" decoding=\"async\" src=\"https:\/\/blog.ufes.br\/kyriafinardi\/files\/2020\/05\/IMG_20190711_123619-1.jpg\" alt=\"\" class=\"wp-image-2490\" width=\"314\" height=\"556\" \/><\/figure><\/div>\n\n\n\n<div class=\"wp-block-image\"><figure class=\"aligncenter size-large is-resized\"><img loading=\"lazy\" decoding=\"async\" src=\"https:\/\/blog.ufes.br\/kyriafinardi\/files\/2020\/05\/IMG_20190711_120927-1.jpg\" alt=\"\" class=\"wp-image-2492\" width=\"274\" height=\"485\" \/><\/figure><\/div>\n\n\n\n<div class=\"wp-block-image\"><figure class=\"aligncenter size-large is-resized\"><img loading=\"lazy\" decoding=\"async\" src=\"https:\/\/blog.ufes.br\/kyriafinardi\/files\/2020\/05\/IMG_20190711_113845-1.jpg\" alt=\"\" class=\"wp-image-2493\" width=\"256\" height=\"455\" \/><\/figure><\/div>\n\n\n\n<div class=\"wp-block-image\"><figure class=\"aligncenter size-large is-resized\"><img loading=\"lazy\" decoding=\"async\" src=\"https:\/\/blog.ufes.br\/kyriafinardi\/files\/2020\/05\/IMG_20190711_113833-1.jpg\" alt=\"\" class=\"wp-image-2494\" width=\"239\" height=\"424\" \/><\/figure><\/div>\n\n\n\n<div class=\"wp-block-image\"><figure class=\"aligncenter size-large\"><img loading=\"lazy\" decoding=\"async\" width=\"3840\" height=\"2160\" src=\"https:\/\/blog.ufes.br\/kyriafinardi\/files\/2020\/05\/IMG_20190711_115731-1.jpg\" alt=\"\" class=\"wp-image-2495\" \/><\/figure><\/div>\n\n\n\n<div class=\"wp-block-image\"><figure class=\"aligncenter size-large is-resized\"><img loading=\"lazy\" decoding=\"async\" src=\"https:\/\/blog.ufes.br\/kyriafinardi\/files\/2020\/05\/IMG_20190711_145231-1.jpg\" alt=\"\" class=\"wp-image-2482\" width=\"470\" height=\"263\" \/><\/figure><\/div>\n\n\n\n<p>         .<\/p>\n\n\n\n<h2 class=\"wp-block-heading\">Fotos da <em><strong>Sala 12<\/strong><\/em><\/h2>\n\n\n\n<p>Fotos: Maria Cirlene Mantovani Piva<\/p>\n\n\n\n<div class=\"wp-block-image\"><figure class=\"aligncenter size-large is-resized\"><img loading=\"lazy\" decoding=\"async\" src=\"https:\/\/blog.ufes.br\/kyriafinardi\/files\/2020\/05\/CL\u00c1UDIA-FERNANDES-BENEVENUTE-1.jpg\" alt=\"\" class=\"wp-image-2496\" width=\"298\" height=\"396\" \/><\/figure><\/div>\n\n\n\n<div class=\"wp-block-image\"><figure class=\"aligncenter size-large is-resized\"><img loading=\"lazy\" decoding=\"async\" src=\"https:\/\/blog.ufes.br\/kyriafinardi\/files\/2020\/05\/D\u00c9BORA-NASCIMENTO-3.jpg\" alt=\"\" class=\"wp-image-2497\" width=\"336\" height=\"448\" \/><\/figure><\/div>\n\n\n\n<div class=\"wp-block-image\"><figure class=\"aligncenter size-large is-resized\"><img loading=\"lazy\" decoding=\"async\" src=\"https:\/\/blog.ufes.br\/kyriafinardi\/files\/2020\/05\/FL\u00c1VIO-AMORIM-DA-ROCHA-2.jpg\" alt=\"\" class=\"wp-image-2498\" width=\"375\" height=\"500\" \/><\/figure><\/div>\n\n\n\n<div class=\"wp-block-image\"><figure class=\"aligncenter size-large is-resized\"><img loading=\"lazy\" decoding=\"async\" src=\"https:\/\/blog.ufes.br\/kyriafinardi\/files\/2020\/05\/IRIS-ANITA-FABIAN-RAMIREZ.jpg\" alt=\"\" class=\"wp-image-2499\" width=\"380\" height=\"505\" \/><\/figure><\/div>\n\n\n\n<div class=\"wp-block-image\"><figure class=\"aligncenter size-large is-resized\"><img loading=\"lazy\" decoding=\"async\" src=\"https:\/\/blog.ufes.br\/kyriafinardi\/files\/2020\/05\/MARIANA-ROQUE-LINS-DA-SILVA-1.jpg\" alt=\"\" class=\"wp-image-2500\" width=\"368\" height=\"488\" \/><\/figure><\/div>\n\n\n\n<div class=\"wp-block-image\"><figure class=\"aligncenter size-large is-resized\"><img loading=\"lazy\" decoding=\"async\" src=\"https:\/\/blog.ufes.br\/kyriafinardi\/files\/2020\/05\/TA\u00cdSA-FARIA-VALANI-ALMEIDA-3.jpg\" alt=\"\" class=\"wp-image-2501\" width=\"400\" height=\"533\" \/><\/figure><\/div>\n\n\n\n<div class=\"wp-block-image\"><figure class=\"aligncenter size-large is-resized\"><img loading=\"lazy\" decoding=\"async\" src=\"https:\/\/blog.ufes.br\/kyriafinardi\/files\/2020\/05\/VITOR-FERREIRA-PINTO-3.jpg\" alt=\"\" class=\"wp-image-2502\" width=\"515\" height=\"385\" \/><\/figure><\/div>\n\n\n\n<p>      .<\/p>\n\n\n\n<p>@ Copyright \u00a9 2020&nbsp;12\u00ba CBLA \u2013 12\u00ba Congresso Brasileiro de Lingu\u00edstica Aplicada <\/p>\n","protected":false},"excerpt":{"rendered":"<p>Comunica\u00e7\u00f5es tem\u00e1ticas&nbsp;do 12\u00ba CBLA no dia 11 de julho de 2019 . Fotos da\u00a0Sala 9 Fotos: Barbara Cortat Simoneli . Fotos da Sala 12 Fotos: Maria Cirlene Mantovani Piva . @ Copyright \u00a9 2020&nbsp;12\u00ba CBLA \u2013 12\u00ba Congresso Brasileiro de Lingu\u00edstica Aplicada<\/p>\n","protected":false},"author":151,"featured_media":0,"parent":2350,"menu_order":0,"comment_status":"closed","ping_status":"closed","template":"","meta":{"_bbp_topic_count":0,"_bbp_reply_count":0,"_bbp_total_topic_count":0,"_bbp_total_reply_count":0,"_bbp_voice_count":0,"_bbp_anonymous_reply_count":0,"_bbp_topic_count_hidden":0,"_bbp_reply_count_hidden":0,"_bbp_forum_subforum_count":0,"_uag_custom_page_level_css":"","footnotes":""},"class_list":["post-2396","page","type-page","status-publish","hentry"],"uagb_featured_image_src":{"full":false,"thumbnail":false,"medium":false,"medium_large":false,"large":false,"1536x1536":false,"2048x2048":false,"post-thumbnail":false},"uagb_author_info":{"display_name":"carlos.hildeblando","author_link":"https:\/\/blog.ufes.br\/kyriafinardi\/author\/carlos_alberto-hildeblando-junior\/"},"uagb_comment_info":0,"uagb_excerpt":"Comunica\u00e7\u00f5es tem\u00e1ticas&nbsp;do 12\u00ba CBLA no dia 11 de julho de 2019 . Fotos da\u00a0Sala 9 Fotos: Barbara Cortat Simoneli . Fotos da Sala 12 Fotos: Maria Cirlene Mantovani Piva . @ Copyright \u00a9 2020&nbsp;12\u00ba CBLA \u2013 12\u00ba Congresso Brasileiro de Lingu\u00edstica Aplicada","_links":{"self":[{"href":"https:\/\/blog.ufes.br\/kyriafinardi\/wp-json\/wp\/v2\/pages\/2396","targetHints":{"allow":["GET"]}}],"collection":[{"href":"https:\/\/blog.ufes.br\/kyriafinardi\/wp-json\/wp\/v2\/pages"}],"about":[{"href":"https:\/\/blog.ufes.br\/kyriafinardi\/wp-json\/wp\/v2\/types\/page"}],"author":[{"embeddable":true,"href":"https:\/\/blog.ufes.br\/kyriafinardi\/wp-json\/wp\/v2\/users\/151"}],"replies":[{"embeddable":true,"href":"https:\/\/blog.ufes.br\/kyriafinardi\/wp-json\/wp\/v2\/comments?post=2396"}],"version-history":[{"count":3,"href":"https:\/\/blog.ufes.br\/kyriafinardi\/wp-json\/wp\/v2\/pages\/2396\/revisions"}],"predecessor-version":[{"id":3088,"href":"https:\/\/blog.ufes.br\/kyriafinardi\/wp-json\/wp\/v2\/pages\/2396\/revisions\/3088"}],"up":[{"embeddable":true,"href":"https:\/\/blog.ufes.br\/kyriafinardi\/wp-json\/wp\/v2\/pages\/2350"}],"wp:attachment":[{"href":"https:\/\/blog.ufes.br\/kyriafinardi\/wp-json\/wp\/v2\/media?parent=2396"}],"curies":[{"name":"wp","href":"https:\/\/api.w.org\/{rel}","templated":true}]}}