{"id":3026,"date":"2020-07-02T18:34:56","date_gmt":"2020-07-02T21:34:56","guid":{"rendered":"http:\/\/blog.ufes.br\/kyriafinardi\/?page_id=3026"},"modified":"2020-07-13T13:51:29","modified_gmt":"2020-07-13T16:51:29","slug":"lancamento-de-livros-2","status":"publish","type":"page","link":"https:\/\/blog.ufes.br\/kyriafinardi\/videos\/12o-cbla\/lancamento-de-livros-2\/","title":{"rendered":"Lan\u00e7amento de livros"},"content":{"rendered":"\n<p>No dia 11 de julho de 2019 houve o lan\u00e7amento de livros no 12\u00ba CBLA. Os livros lan\u00e7ados podem ser encontrados na sub-aba ou no seguinte link: <a href=\"https:\/\/blog.ufes.br\/kyriafinardi\/12o-cbla\/lancamento-de-livros-2\/lancamento-de-livros\/\" target=\"_blank\" rel=\"noreferrer noopener\">livroslan\u00e7ados.aba<\/a><\/p>\n\n\n\n<p>As fotos do lan\u00e7amento de livros encontram-se abaixo:<\/p>\n\n\n\n<div class=\"wp-block-image\"><figure class=\"aligncenter size-large is-resized\"><img loading=\"lazy\" decoding=\"async\" src=\"https:\/\/blog.ufes.br\/kyriafinardi\/files\/2020\/07\/CAMB0084-min.jpg\" alt=\"\" class=\"wp-image-3027\" width=\"625\" height=\"418\" \/><\/figure><\/div>\n\n\n\n<div class=\"wp-block-image\"><figure class=\"aligncenter size-large is-resized\"><img loading=\"lazy\" decoding=\"async\" src=\"https:\/\/blog.ufes.br\/kyriafinardi\/files\/2020\/07\/CAMB0099-min.jpg\" alt=\"\" class=\"wp-image-3032\" width=\"630\" height=\"419\" \/><\/figure><\/div>\n\n\n\n<div class=\"wp-block-image\"><figure class=\"aligncenter size-large is-resized\"><img loading=\"lazy\" decoding=\"async\" src=\"https:\/\/blog.ufes.br\/kyriafinardi\/files\/2020\/07\/CAMB0097-min.jpg\" alt=\"\" class=\"wp-image-3346\" width=\"626\" height=\"417\" \/><\/figure><\/div>\n\n\n\n<div class=\"wp-block-image\"><figure class=\"aligncenter size-large is-resized\"><img loading=\"lazy\" decoding=\"async\" src=\"https:\/\/blog.ufes.br\/kyriafinardi\/files\/2020\/07\/CAMB0222-min.jpg\" alt=\"\" class=\"wp-image-3364\" width=\"627\" height=\"417\" \/><\/figure><\/div>\n\n\n\n<div class=\"wp-block-image\"><figure class=\"aligncenter size-large is-resized\"><img loading=\"lazy\" decoding=\"async\" src=\"https:\/\/blog.ufes.br\/kyriafinardi\/files\/2020\/07\/CAMB0225-min.jpg\" alt=\"\" class=\"wp-image-3376\" width=\"638\" height=\"425\" \/><\/figure><\/div>\n\n\n\n<div class=\"wp-block-image\"><figure class=\"aligncenter size-large is-resized\"><img loading=\"lazy\" decoding=\"async\" src=\"https:\/\/blog.ufes.br\/kyriafinardi\/files\/2020\/07\/CAMB0151-min.jpg\" alt=\"\" class=\"wp-image-3350\" width=\"633\" height=\"421\" \/><\/figure><\/div>\n\n\n\n<div class=\"wp-block-image\"><figure class=\"aligncenter size-large is-resized\"><img loading=\"lazy\" decoding=\"async\" src=\"https:\/\/blog.ufes.br\/kyriafinardi\/files\/2020\/07\/CAMB0201-min.jpg\" alt=\"\" class=\"wp-image-3372\" width=\"641\" height=\"427\" \/><\/figure><\/div>\n\n\n\n<div class=\"wp-block-image\"><figure class=\"aligncenter size-large is-resized\"><img loading=\"lazy\" decoding=\"async\" src=\"https:\/\/blog.ufes.br\/kyriafinardi\/files\/2020\/07\/CAMB0160-min.jpg\" alt=\"\" class=\"wp-image-3352\" width=\"635\" height=\"423\" \/><\/figure><\/div>\n\n\n\n<div class=\"wp-block-image\"><figure class=\"aligncenter size-large is-resized\"><img loading=\"lazy\" decoding=\"async\" src=\"https:\/\/blog.ufes.br\/kyriafinardi\/files\/2020\/07\/CAMB0089-min.jpg\" alt=\"\" class=\"wp-image-3356\" width=\"643\" height=\"428\" \/><\/figure><\/div>\n\n\n\n<div class=\"wp-block-image\"><figure class=\"aligncenter size-large is-resized\"><img loading=\"lazy\" decoding=\"async\" src=\"https:\/\/blog.ufes.br\/kyriafinardi\/files\/2020\/07\/CAMB0101-min.jpg\" alt=\"\" class=\"wp-image-3358\" width=\"646\" height=\"430\" \/><\/figure><\/div>\n\n\n\n<div class=\"wp-block-image\"><figure class=\"aligncenter size-large is-resized\"><img loading=\"lazy\" decoding=\"async\" src=\"https:\/\/blog.ufes.br\/kyriafinardi\/files\/2020\/07\/CAMB0244-min.jpg\" alt=\"\" class=\"wp-image-3354\" width=\"644\" height=\"429\" \/><\/figure><\/div>\n\n\n\n<div class=\"wp-block-image\"><figure class=\"aligncenter size-large is-resized\"><img loading=\"lazy\" decoding=\"async\" src=\"https:\/\/blog.ufes.br\/kyriafinardi\/files\/2020\/07\/CAMB0103-min.jpg\" alt=\"\" class=\"wp-image-3033\" width=\"635\" height=\"423\" \/><\/figure><\/div>\n\n\n\n<div class=\"wp-block-image\"><figure class=\"aligncenter size-large is-resized\"><img loading=\"lazy\" decoding=\"async\" src=\"https:\/\/blog.ufes.br\/kyriafinardi\/files\/2020\/07\/CAMB0197-min.jpg\" alt=\"\" class=\"wp-image-3362\" width=\"641\" height=\"427\" \/><\/figure><\/div>\n\n\n\n<div class=\"wp-block-image\"><figure class=\"aligncenter size-large is-resized\"><img loading=\"lazy\" decoding=\"async\" src=\"https:\/\/blog.ufes.br\/kyriafinardi\/files\/2020\/07\/CAMB0109-min.jpg\" alt=\"\" class=\"wp-image-3035\" width=\"625\" height=\"415\" \/><\/figure><\/div>\n\n\n\n<div class=\"wp-block-image\"><figure class=\"aligncenter size-large is-resized\"><img loading=\"lazy\" decoding=\"async\" src=\"https:\/\/blog.ufes.br\/kyriafinardi\/files\/2020\/07\/CAMB0145-min.jpg\" alt=\"\" class=\"wp-image-3360\" width=\"632\" height=\"421\" \/><\/figure><\/div>\n\n\n\n<div class=\"wp-block-image\"><figure class=\"aligncenter size-large is-resized\"><img loading=\"lazy\" decoding=\"async\" src=\"https:\/\/blog.ufes.br\/kyriafinardi\/files\/2020\/07\/CAMB0113-min.jpg\" alt=\"\" class=\"wp-image-3036\" width=\"353\" height=\"529\" \/><\/figure><\/div>\n\n\n\n<div class=\"wp-block-image\"><figure class=\"aligncenter size-large is-resized\"><img loading=\"lazy\" decoding=\"async\" src=\"https:\/\/blog.ufes.br\/kyriafinardi\/files\/2020\/07\/CAMB0223-min.jpg\" alt=\"\" class=\"wp-image-3374\" width=\"630\" height=\"419\" \/><\/figure><\/div>\n\n\n\n<div class=\"wp-block-image\"><figure class=\"aligncenter size-large is-resized\"><img loading=\"lazy\" decoding=\"async\" src=\"https:\/\/blog.ufes.br\/kyriafinardi\/files\/2020\/07\/CAMB0117-min.jpg\" alt=\"\" class=\"wp-image-3037\" width=\"630\" height=\"419\" \/><\/figure><\/div>\n\n\n\n<div class=\"wp-block-image\"><figure class=\"aligncenter size-large is-resized\"><img loading=\"lazy\" decoding=\"async\" src=\"https:\/\/blog.ufes.br\/kyriafinardi\/files\/2020\/07\/CAMB0120-min.jpg\" alt=\"\" class=\"wp-image-3038\" width=\"639\" height=\"425\" \/><\/figure><\/div>\n\n\n\n<div class=\"wp-block-image\"><figure class=\"aligncenter size-large is-resized\"><img loading=\"lazy\" decoding=\"async\" src=\"https:\/\/blog.ufes.br\/kyriafinardi\/files\/2020\/07\/CAMB0140-min.jpg\" alt=\"\" class=\"wp-image-3348\" width=\"648\" height=\"431\" \/><\/figure><\/div>\n\n\n\n<div class=\"wp-block-image\"><figure class=\"aligncenter size-large is-resized\"><img loading=\"lazy\" decoding=\"async\" src=\"https:\/\/blog.ufes.br\/kyriafinardi\/files\/2020\/07\/CAMB0122-min.jpg\" alt=\"\" class=\"wp-image-3039\" width=\"370\" height=\"553\" \/><\/figure><\/div>\n\n\n\n<div class=\"wp-block-image\"><figure class=\"aligncenter size-large is-resized\"><img loading=\"lazy\" decoding=\"async\" src=\"https:\/\/blog.ufes.br\/kyriafinardi\/files\/2020\/07\/CAMB0142-min.jpg\" alt=\"\" class=\"wp-image-3366\" width=\"628\" height=\"418\" \/><\/figure><\/div>\n\n\n\n<div class=\"wp-block-image\"><figure class=\"aligncenter size-large is-resized\"><img loading=\"lazy\" decoding=\"async\" src=\"https:\/\/blog.ufes.br\/kyriafinardi\/files\/2020\/07\/CAMB0188-min.jpg\" alt=\"\" class=\"wp-image-3388\" width=\"646\" height=\"430\" \/><\/figure><\/div>\n\n\n\n<div class=\"wp-block-image\"><figure class=\"aligncenter size-large is-resized\"><img loading=\"lazy\" decoding=\"async\" src=\"https:\/\/blog.ufes.br\/kyriafinardi\/files\/2020\/07\/CAMB0126-min.jpg\" alt=\"\" class=\"wp-image-3040\" width=\"384\" height=\"574\" \/><\/figure><\/div>\n\n\n\n<div class=\"wp-block-image\"><figure class=\"aligncenter size-large is-resized\"><img loading=\"lazy\" decoding=\"async\" src=\"https:\/\/blog.ufes.br\/kyriafinardi\/files\/2020\/07\/CAMB0131-min.jpg\" alt=\"\" class=\"wp-image-3043\" width=\"615\" height=\"409\" \/><\/figure><\/div>\n\n\n\n<div class=\"wp-block-image\"><figure class=\"aligncenter size-large is-resized\"><img loading=\"lazy\" decoding=\"async\" src=\"https:\/\/blog.ufes.br\/kyriafinardi\/files\/2020\/07\/CAMB0087-min.jpg\" alt=\"\" class=\"wp-image-3028\" width=\"630\" height=\"419\" \/><\/figure><\/div>\n\n\n\n<div class=\"wp-block-image\"><figure class=\"aligncenter size-large is-resized\"><img loading=\"lazy\" decoding=\"async\" src=\"https:\/\/blog.ufes.br\/kyriafinardi\/files\/2020\/07\/CAMB0129-min.jpg\" alt=\"\" class=\"wp-image-3041\" width=\"625\" height=\"415\" \/><\/figure><\/div>\n\n\n\n<div class=\"wp-block-image\"><figure class=\"aligncenter size-large is-resized\"><img loading=\"lazy\" decoding=\"async\" src=\"https:\/\/blog.ufes.br\/kyriafinardi\/files\/2020\/07\/CAMB0134-min.jpg\" alt=\"\" class=\"wp-image-3044\" width=\"628\" height=\"418\" \/><\/figure><\/div>\n\n\n\n<div class=\"wp-block-image\"><figure class=\"aligncenter size-large is-resized\"><img loading=\"lazy\" decoding=\"async\" src=\"https:\/\/blog.ufes.br\/kyriafinardi\/files\/2020\/07\/CAMB0093-min.jpg\" alt=\"\" class=\"wp-image-3030\" width=\"625\" height=\"416\" \/><\/figure><\/div>\n\n\n\n<div class=\"wp-block-image\"><figure class=\"aligncenter size-large is-resized\"><img loading=\"lazy\" decoding=\"async\" src=\"https:\/\/blog.ufes.br\/kyriafinardi\/files\/2020\/07\/CAMB0092-min.jpg\" alt=\"\" class=\"wp-image-3029\" width=\"620\" height=\"413\" \/><\/figure><\/div>\n\n\n\n<div class=\"wp-block-image\"><figure class=\"aligncenter size-large is-resized\"><img loading=\"lazy\" decoding=\"async\" src=\"https:\/\/blog.ufes.br\/kyriafinardi\/files\/2020\/07\/CAMB0106-min.jpg\" alt=\"\" class=\"wp-image-3034\" width=\"615\" height=\"410\" \/><\/figure><\/div>\n\n\n\n<div class=\"wp-block-image\"><figure class=\"aligncenter size-large is-resized\"><img loading=\"lazy\" decoding=\"async\" src=\"https:\/\/blog.ufes.br\/kyriafinardi\/files\/2020\/07\/CAMB0149-min.jpg\" alt=\"\" class=\"wp-image-3368\" width=\"626\" height=\"417\" \/><\/figure><\/div>\n\n\n\n<div class=\"wp-block-image\"><figure class=\"aligncenter size-large is-resized\"><img loading=\"lazy\" decoding=\"async\" src=\"https:\/\/blog.ufes.br\/kyriafinardi\/files\/2020\/07\/CAMB0162-min.jpg\" alt=\"\" class=\"wp-image-3378\" width=\"647\" height=\"431\" \/><\/figure><\/div>\n\n\n\n<div class=\"wp-block-image\"><figure class=\"aligncenter size-large is-resized\"><img loading=\"lazy\" decoding=\"async\" src=\"https:\/\/blog.ufes.br\/kyriafinardi\/files\/2020\/07\/CAMB0205-min.jpg\" alt=\"\" class=\"wp-image-3380\" width=\"655\" height=\"436\" \/><\/figure><\/div>\n\n\n\n<div class=\"wp-block-image\"><figure class=\"aligncenter size-large is-resized\"><img loading=\"lazy\" decoding=\"async\" src=\"https:\/\/blog.ufes.br\/kyriafinardi\/files\/2020\/07\/CAMB0207-min.jpg\" alt=\"\" class=\"wp-image-3381\" width=\"655\" height=\"436\" \/><\/figure><\/div>\n\n\n\n<div class=\"wp-block-image\"><figure class=\"aligncenter size-large is-resized\"><img loading=\"lazy\" decoding=\"async\" src=\"https:\/\/blog.ufes.br\/kyriafinardi\/files\/2020\/07\/CAMB0168-min.jpg\" alt=\"\" class=\"wp-image-3383\" width=\"655\" height=\"436\" \/><\/figure><\/div>\n\n\n\n<div class=\"wp-block-image\"><figure class=\"aligncenter size-large is-resized\"><img loading=\"lazy\" decoding=\"async\" src=\"https:\/\/blog.ufes.br\/kyriafinardi\/files\/2020\/07\/CAMB0166-min.jpg\" alt=\"\" class=\"wp-image-3385\" width=\"655\" height=\"436\" \/><\/figure><\/div>\n\n\n\n<div class=\"wp-block-image\"><figure class=\"aligncenter size-large\"><img loading=\"lazy\" decoding=\"async\" width=\"1800\" height=\"1200\" src=\"https:\/\/blog.ufes.br\/kyriafinardi\/files\/2020\/07\/CAMB0212-min.jpg\" alt=\"\" class=\"wp-image-3387\" \/><\/figure><\/div>\n\n\n\n<p><\/p>\n\n\n\n<div class=\"wp-block-image\"><figure class=\"aligncenter size-large is-resized\"><img loading=\"lazy\" decoding=\"async\" src=\"https:\/\/blog.ufes.br\/kyriafinardi\/files\/2020\/07\/CAMB0136-min.jpg\" alt=\"\" class=\"wp-image-3046\" width=\"618\" height=\"411\" \/><\/figure><\/div>\n\n\n\n<div class=\"wp-block-image\"><figure class=\"aligncenter size-large is-resized\"><img loading=\"lazy\" decoding=\"async\" src=\"https:\/\/blog.ufes.br\/kyriafinardi\/files\/2020\/07\/CAMB0095-min.jpg\" alt=\"\" class=\"wp-image-3031\" width=\"627\" height=\"416\" \/><\/figure><\/div>\n\n\n\n<div class=\"wp-block-image\"><figure class=\"aligncenter size-large is-resized\"><img loading=\"lazy\" decoding=\"async\" src=\"https:\/\/blog.ufes.br\/kyriafinardi\/files\/2020\/07\/CAMB0135-min.jpg\" alt=\"\" class=\"wp-image-3045\" width=\"630\" height=\"420\" \/><\/figure><\/div>\n\n\n\n<div class=\"wp-block-image\"><figure class=\"aligncenter size-large is-resized\"><img loading=\"lazy\" decoding=\"async\" src=\"https:\/\/blog.ufes.br\/kyriafinardi\/files\/2020\/07\/CAMB0138-min.jpg\" alt=\"\" class=\"wp-image-3047\" width=\"630\" height=\"419\" \/><\/figure><\/div>\n\n\n\n<div class=\"wp-block-image\"><figure class=\"aligncenter size-large is-resized\"><img loading=\"lazy\" decoding=\"async\" src=\"https:\/\/blog.ufes.br\/kyriafinardi\/files\/2020\/07\/CAMB0228-min.jpg\" alt=\"\" class=\"wp-image-3390\" width=\"641\" height=\"427\" \/><\/figure><\/div>\n\n\n\n<div class=\"wp-block-image\"><figure class=\"aligncenter size-large\"><img loading=\"lazy\" decoding=\"async\" width=\"1800\" height=\"1200\" src=\"https:\/\/blog.ufes.br\/kyriafinardi\/files\/2020\/07\/CAMB0243-min.jpg\" alt=\"\" class=\"wp-image-3392\" \/><\/figure><\/div>\n\n\n\n<figure class=\"wp-block-image size-large\"><img loading=\"lazy\" decoding=\"async\" width=\"1800\" height=\"1200\" src=\"https:\/\/blog.ufes.br\/kyriafinardi\/files\/2020\/07\/CAMB0175-min.jpg\" alt=\"\" class=\"wp-image-3370\" \/><\/figure>\n\n\n\n<p>@ Copyright \u00a9 2020&nbsp;12\u00ba CBLA \u2013 12\u00ba Congresso Brasileiro de Lingu\u00edstica Aplicada<\/p>\n","protected":false},"excerpt":{"rendered":"<p>No dia 11 de julho de 2019 houve o lan\u00e7amento de livros no 12\u00ba CBLA. Os livros lan\u00e7ados podem ser encontrados na sub-aba ou no seguinte link: livroslan\u00e7ados.aba As fotos do lan\u00e7amento de livros encontram-se abaixo: @ Copyright \u00a9 2020&nbsp;12\u00ba CBLA \u2013 12\u00ba Congresso Brasileiro de Lingu\u00edstica Aplicada<\/p>\n","protected":false},"author":151,"featured_media":3234,"parent":2252,"menu_order":0,"comment_status":"closed","ping_status":"closed","template":"","meta":{"_bbp_topic_count":0,"_bbp_reply_count":0,"_bbp_total_topic_count":0,"_bbp_total_reply_count":0,"_bbp_voice_count":0,"_bbp_anonymous_reply_count":0,"_bbp_topic_count_hidden":0,"_bbp_reply_count_hidden":0,"_bbp_forum_subforum_count":0,"_uag_custom_page_level_css":"","footnotes":""},"class_list":["post-3026","page","type-page","status-publish","has-post-thumbnail","hentry"],"uagb_featured_image_src":{"full":["https:\/\/blog.ufes.br\/kyriafinardi\/files\/2020\/07\/slide2-1440x500-1.jpg",1440,500,false],"thumbnail":["https:\/\/blog.ufes.br\/kyriafinardi\/files\/2020\/07\/slide2-1440x500-1.jpg",150,52,false],"medium":["https:\/\/blog.ufes.br\/kyriafinardi\/files\/2020\/07\/slide2-1440x500-1.jpg",300,104,false],"medium_large":["https:\/\/blog.ufes.br\/kyriafinardi\/files\/2020\/07\/slide2-1440x500-1.jpg",625,217,false],"large":["https:\/\/blog.ufes.br\/kyriafinardi\/files\/2020\/07\/slide2-1440x500-1.jpg",625,217,false],"1536x1536":["https:\/\/blog.ufes.br\/kyriafinardi\/files\/2020\/07\/slide2-1440x500-1.jpg",1440,500,false],"2048x2048":["https:\/\/blog.ufes.br\/kyriafinardi\/files\/2020\/07\/slide2-1440x500-1.jpg",1440,500,false],"post-thumbnail":["https:\/\/blog.ufes.br\/kyriafinardi\/files\/2020\/07\/slide2-1440x500-1.jpg",624,217,false]},"uagb_author_info":{"display_name":"carlos.hildeblando","author_link":"https:\/\/blog.ufes.br\/kyriafinardi\/author\/carlos_alberto-hildeblando-junior\/"},"uagb_comment_info":0,"uagb_excerpt":"No dia 11 de julho de 2019 houve o lan\u00e7amento de livros no 12\u00ba CBLA. Os livros lan\u00e7ados podem ser encontrados na sub-aba ou no seguinte link: livroslan\u00e7ados.aba As fotos do lan\u00e7amento de livros encontram-se abaixo: @ Copyright \u00a9 2020&nbsp;12\u00ba CBLA \u2013 12\u00ba Congresso Brasileiro de Lingu\u00edstica Aplicada","_links":{"self":[{"href":"https:\/\/blog.ufes.br\/kyriafinardi\/wp-json\/wp\/v2\/pages\/3026","targetHints":{"allow":["GET"]}}],"collection":[{"href":"https:\/\/blog.ufes.br\/kyriafinardi\/wp-json\/wp\/v2\/pages"}],"about":[{"href":"https:\/\/blog.ufes.br\/kyriafinardi\/wp-json\/wp\/v2\/types\/page"}],"author":[{"embeddable":true,"href":"https:\/\/blog.ufes.br\/kyriafinardi\/wp-json\/wp\/v2\/users\/151"}],"replies":[{"embeddable":true,"href":"https:\/\/blog.ufes.br\/kyriafinardi\/wp-json\/wp\/v2\/comments?post=3026"}],"version-history":[{"count":28,"href":"https:\/\/blog.ufes.br\/kyriafinardi\/wp-json\/wp\/v2\/pages\/3026\/revisions"}],"predecessor-version":[{"id":3386,"href":"https:\/\/blog.ufes.br\/kyriafinardi\/wp-json\/wp\/v2\/pages\/3026\/revisions\/3386"}],"up":[{"embeddable":true,"href":"https:\/\/blog.ufes.br\/kyriafinardi\/wp-json\/wp\/v2\/pages\/2252"}],"wp:featuredmedia":[{"embeddable":true,"href":"https:\/\/blog.ufes.br\/kyriafinardi\/wp-json\/wp\/v2\/media\/3234"}],"wp:attachment":[{"href":"https:\/\/blog.ufes.br\/kyriafinardi\/wp-json\/wp\/v2\/media?parent=3026"}],"curies":[{"name":"wp","href":"https:\/\/api.w.org\/{rel}","templated":true}]}}