{"id":3105,"date":"2020-07-02T21:40:13","date_gmt":"2020-07-03T00:40:13","guid":{"rendered":"http:\/\/blog.ufes.br\/kyriafinardi\/?page_id=3105"},"modified":"2020-07-02T21:47:50","modified_gmt":"2020-07-03T00:47:50","slug":"fotos-das-comunicacoes-tematicas-salas-3-e-4","status":"publish","type":"page","link":"https:\/\/blog.ufes.br\/kyriafinardi\/videos\/12o-cbla\/midias-do-12o-cbla\/fotos-do-dia-11-de-julho\/fotos-das-comunicacoes-tematicas-salas-3-e-4\/","title":{"rendered":"Fotos das Comunica\u00e7\u00f5es Tem\u00e1ticas \u2013 Salas 3 e 4"},"content":{"rendered":"\n<p><strong>Comunica\u00e7\u00f5es tem\u00e1ticas\u00a0<\/strong>do 12\u00ba CBLA no dia 11 de julho de 2019 .<\/p>\n\n\n\n<h2 class=\"wp-block-heading\">Fotos da\u00a0<em><strong>Sala <\/strong><\/em>3<\/h2>\n\n\n\n<p><em>Fotos: Rafaela Oliveira<\/em><\/p>\n\n\n\n<div class=\"wp-block-image\"><figure class=\"aligncenter size-large is-resized\"><img loading=\"lazy\" decoding=\"async\" src=\"https:\/\/blog.ufes.br\/kyriafinardi\/files\/2020\/07\/image1-min.jpeg\" alt=\"\" class=\"wp-image-3106\" width=\"538\" height=\"403\" \/><\/figure><\/div>\n\n\n\n<div class=\"wp-block-image\"><figure class=\"aligncenter size-large is-resized\"><img loading=\"lazy\" decoding=\"async\" src=\"https:\/\/blog.ufes.br\/kyriafinardi\/files\/2020\/07\/image2-min.jpeg\" alt=\"\" class=\"wp-image-3107\" width=\"559\" height=\"418\" \/><\/figure><\/div>\n\n\n\n<div class=\"wp-block-image\"><figure class=\"aligncenter size-large is-resized\"><img loading=\"lazy\" decoding=\"async\" src=\"https:\/\/blog.ufes.br\/kyriafinardi\/files\/2020\/07\/image6-min.jpeg\" alt=\"\" class=\"wp-image-3108\" width=\"565\" height=\"423\" \/><\/figure><\/div>\n\n\n\n<div class=\"wp-block-image\"><figure class=\"aligncenter size-large is-resized\"><img loading=\"lazy\" decoding=\"async\" src=\"https:\/\/blog.ufes.br\/kyriafinardi\/files\/2020\/07\/image8-min.jpeg\" alt=\"\" class=\"wp-image-3109\" width=\"560\" height=\"421\" \/><\/figure><\/div>\n\n\n\n<div class=\"wp-block-image\"><figure class=\"aligncenter size-large is-resized\"><img loading=\"lazy\" decoding=\"async\" src=\"https:\/\/blog.ufes.br\/kyriafinardi\/files\/2020\/07\/IMG_9500-min.jpg\" alt=\"\" class=\"wp-image-3110\" width=\"553\" height=\"415\" \/><\/figure><\/div>\n\n\n\n<div class=\"wp-block-image\"><figure class=\"aligncenter size-large is-resized\"><img loading=\"lazy\" decoding=\"async\" src=\"https:\/\/blog.ufes.br\/kyriafinardi\/files\/2020\/07\/IMG_9501-min.jpg\" alt=\"\" class=\"wp-image-3111\" width=\"550\" height=\"413\" \/><\/figure><\/div>\n\n\n\n<p>.<\/p>\n\n\n\n<h2 class=\"wp-block-heading\">Fotos da\u00a0<em><strong>Sala <\/strong><\/em>4<\/h2>\n\n\n\n<p><em>Fotos: Sarah Drago<\/em><\/p>\n\n\n\n<div class=\"wp-block-image\"><figure class=\"aligncenter size-large is-resized\"><img loading=\"lazy\" decoding=\"async\" src=\"https:\/\/blog.ufes.br\/kyriafinardi\/files\/2020\/07\/20190711_135641-min.jpg\" alt=\"\" class=\"wp-image-3114\" width=\"371\" height=\"658\" \/><\/figure><\/div>\n\n\n\n<div class=\"wp-block-image\"><figure class=\"aligncenter size-large is-resized\"><img loading=\"lazy\" decoding=\"async\" src=\"https:\/\/blog.ufes.br\/kyriafinardi\/files\/2020\/07\/20190711_141626-min.jpg\" alt=\"\" class=\"wp-image-3115\" width=\"578\" height=\"325\" \/><\/figure><\/div>\n\n\n\n<div class=\"wp-block-image\"><figure class=\"aligncenter size-large is-resized\"><img loading=\"lazy\" decoding=\"async\" src=\"https:\/\/blog.ufes.br\/kyriafinardi\/files\/2020\/07\/20190711_143612-min.jpg\" alt=\"\" class=\"wp-image-3116\" width=\"341\" height=\"605\" \/><\/figure><\/div>\n\n\n\n<div class=\"wp-block-image\"><figure class=\"aligncenter size-large is-resized\"><img loading=\"lazy\" decoding=\"async\" src=\"https:\/\/blog.ufes.br\/kyriafinardi\/files\/2020\/07\/20190711_144544-min.jpg\" alt=\"\" class=\"wp-image-3117\" width=\"575\" height=\"323\" \/><\/figure><\/div>\n\n\n\n<div class=\"wp-block-image\"><figure class=\"aligncenter size-large is-resized\"><img loading=\"lazy\" decoding=\"async\" src=\"https:\/\/blog.ufes.br\/kyriafinardi\/files\/2020\/07\/20190711_150527-min.jpg\" alt=\"\" class=\"wp-image-3118\" width=\"356\" height=\"634\" \/><\/figure><\/div>\n\n\n\n<div class=\"wp-block-image\"><figure class=\"aligncenter size-large is-resized\"><img loading=\"lazy\" decoding=\"async\" src=\"https:\/\/blog.ufes.br\/kyriafinardi\/files\/2020\/07\/20190711_153514-min.jpg\" alt=\"\" class=\"wp-image-3119\" width=\"354\" height=\"628\" \/><\/figure><\/div>\n\n\n\n<div class=\"wp-block-image\"><figure class=\"aligncenter size-large is-resized\"><img loading=\"lazy\" decoding=\"async\" src=\"https:\/\/blog.ufes.br\/kyriafinardi\/files\/2020\/07\/20190711_154421-min.jpg\" alt=\"\" class=\"wp-image-3120\" width=\"340\" height=\"603\" \/><\/figure><\/div>\n\n\n\n<div class=\"wp-block-image\"><figure class=\"aligncenter size-large is-resized\"><img loading=\"lazy\" decoding=\"async\" src=\"https:\/\/blog.ufes.br\/kyriafinardi\/files\/2020\/07\/20190711_160735-min.jpg\" alt=\"\" class=\"wp-image-3121\" width=\"330\" height=\"586\" \/><\/figure><\/div>\n\n\n\n<div class=\"wp-block-image\"><figure class=\"aligncenter size-large is-resized\"><img loading=\"lazy\" decoding=\"async\" src=\"https:\/\/blog.ufes.br\/kyriafinardi\/files\/2020\/07\/20190711_162148-min.jpg\" alt=\"\" class=\"wp-image-3122\" width=\"324\" height=\"573\" \/><\/figure><\/div>\n\n\n\n<p>.<\/p>\n\n\n\n<p>@ Copyright \u00a9 2020\u00a012\u00ba CBLA \u2013 12\u00ba Congresso Brasileiro de Lingu\u00edstica Aplicada<\/p>\n","protected":false},"excerpt":{"rendered":"<p>Comunica\u00e7\u00f5es tem\u00e1ticas\u00a0do 12\u00ba CBLA no dia 11 de julho de 2019 . Fotos da\u00a0Sala 3 Fotos: Rafaela Oliveira . Fotos da\u00a0Sala 4 Fotos: Sarah Drago . @ Copyright \u00a9 2020\u00a012\u00ba CBLA \u2013 12\u00ba Congresso Brasileiro de Lingu\u00edstica Aplicada<\/p>\n","protected":false},"author":151,"featured_media":0,"parent":2350,"menu_order":0,"comment_status":"closed","ping_status":"closed","template":"","meta":{"_bbp_topic_count":0,"_bbp_reply_count":0,"_bbp_total_topic_count":0,"_bbp_total_reply_count":0,"_bbp_voice_count":0,"_bbp_anonymous_reply_count":0,"_bbp_topic_count_hidden":0,"_bbp_reply_count_hidden":0,"_bbp_forum_subforum_count":0,"_uag_custom_page_level_css":"","footnotes":""},"class_list":["post-3105","page","type-page","status-publish","hentry"],"uagb_featured_image_src":{"full":false,"thumbnail":false,"medium":false,"medium_large":false,"large":false,"1536x1536":false,"2048x2048":false,"post-thumbnail":false},"uagb_author_info":{"display_name":"carlos.hildeblando","author_link":"https:\/\/blog.ufes.br\/kyriafinardi\/author\/carlos_alberto-hildeblando-junior\/"},"uagb_comment_info":0,"uagb_excerpt":"Comunica\u00e7\u00f5es tem\u00e1ticas\u00a0do 12\u00ba CBLA no dia 11 de julho de 2019 . Fotos da\u00a0Sala 3 Fotos: Rafaela Oliveira . Fotos da\u00a0Sala 4 Fotos: Sarah Drago . @ Copyright \u00a9 2020\u00a012\u00ba CBLA \u2013 12\u00ba Congresso Brasileiro de Lingu\u00edstica Aplicada","_links":{"self":[{"href":"https:\/\/blog.ufes.br\/kyriafinardi\/wp-json\/wp\/v2\/pages\/3105","targetHints":{"allow":["GET"]}}],"collection":[{"href":"https:\/\/blog.ufes.br\/kyriafinardi\/wp-json\/wp\/v2\/pages"}],"about":[{"href":"https:\/\/blog.ufes.br\/kyriafinardi\/wp-json\/wp\/v2\/types\/page"}],"author":[{"embeddable":true,"href":"https:\/\/blog.ufes.br\/kyriafinardi\/wp-json\/wp\/v2\/users\/151"}],"replies":[{"embeddable":true,"href":"https:\/\/blog.ufes.br\/kyriafinardi\/wp-json\/wp\/v2\/comments?post=3105"}],"version-history":[{"count":3,"href":"https:\/\/blog.ufes.br\/kyriafinardi\/wp-json\/wp\/v2\/pages\/3105\/revisions"}],"predecessor-version":[{"id":3113,"href":"https:\/\/blog.ufes.br\/kyriafinardi\/wp-json\/wp\/v2\/pages\/3105\/revisions\/3113"}],"up":[{"embeddable":true,"href":"https:\/\/blog.ufes.br\/kyriafinardi\/wp-json\/wp\/v2\/pages\/2350"}],"wp:attachment":[{"href":"https:\/\/blog.ufes.br\/kyriafinardi\/wp-json\/wp\/v2\/media?parent=3105"}],"curies":[{"name":"wp","href":"https:\/\/api.w.org\/{rel}","templated":true}]}}