{"id":3172,"date":"2020-07-03T16:58:00","date_gmt":"2020-07-03T19:58:00","guid":{"rendered":"http:\/\/blog.ufes.br\/kyriafinardi\/?page_id=3172"},"modified":"2020-07-10T16:07:11","modified_gmt":"2020-07-10T19:07:11","slug":"local-do-evento-espirito-santo","status":"publish","type":"page","link":"https:\/\/blog.ufes.br\/kyriafinardi\/videos\/12o-cbla\/local-do-evento-espirito-santo\/","title":{"rendered":"Local do Evento: Esp\u00edrito Santo"},"content":{"rendered":"\n<p>A cidade de Vit\u00f3ria, ES foi a sede do evento do 12\u00ba CBLA em 2019. Para saber mais sobre o Estado a empresa de turismos<em> Tia Zirinha Turismos <\/em>disponibilizou belas imagens de cidades do Esp\u00edrito Santo e e informa\u00e7\u00f5es adicionais (que podem ser acessadas ao clicar nos nomes das cidades): <\/p>\n\n\n\n<h2 class=\"wp-block-heading\"><a href=\"https:\/\/drive.google.com\/file\/d\/1zvTKR_cqFfRQcFtmHWB4_lJqt5muH5TI\/view?usp=sharing\" target=\"_blank\" rel=\"noreferrer noopener\">VIT\u00d3RIA E VILA VELHA<\/a><\/h2>\n\n\n\n<div class=\"wp-block-image\"><figure class=\"aligncenter size-large is-resized\"><img loading=\"lazy\" decoding=\"async\" src=\"https:\/\/blog.ufes.br\/kyriafinardi\/files\/2020\/07\/1-300x158-1.jpg\" alt=\"\" class=\"wp-image-3174\" width=\"410\" height=\"216\" \/><\/figure><\/div>\n\n\n\n<p>.<\/p>\n\n\n\n<h2 class=\"wp-block-heading\"><strong><strong>REGI\u00c3O SERRANA \u2013<a href=\"https:\/\/drive.google.com\/file\/d\/1892l4ipiZJstIMljawRf_-FhRojdV1TW\/view?usp=sharing\" target=\"_blank\" rel=\"noreferrer noopener\"> VENDA NOVA DO IMIGRANTE<\/a><\/strong><\/strong><\/h2>\n\n\n\n<div class=\"wp-block-image\"><figure class=\"aligncenter size-large is-resized\"><img loading=\"lazy\" decoding=\"async\" src=\"https:\/\/blog.ufes.br\/kyriafinardi\/files\/2020\/07\/2.jpg\" alt=\"\" class=\"wp-image-3178\" width=\"410\" height=\"218\" \/><\/figure><\/div>\n\n\n\n<p>.<\/p>\n\n\n\n<h2 class=\"wp-block-heading\"><strong>REGI\u00c3O SERRANA CAPIXABA \u2013 ROTA DO LAGARTO \u2013 <a href=\"https:\/\/drive.google.com\/file\/d\/1-BjOyJ_RizQSxKC8pvzFWW7bVgIAkjME\/view?usp=sharing\" target=\"_blank\" rel=\"noreferrer noopener\">DOMINGOS MARTINS E PEDRA AZUL<\/a><\/strong><\/h2>\n\n\n\n<div class=\"wp-block-image\"><figure class=\"aligncenter size-large is-resized\"><img loading=\"lazy\" decoding=\"async\" src=\"https:\/\/blog.ufes.br\/kyriafinardi\/files\/2020\/07\/3.jpg\" alt=\"\" class=\"wp-image-3175\" width=\"416\" height=\"219\" \/><\/figure><\/div>\n\n\n\n<p>.<\/p>\n\n\n\n<h2 class=\"wp-block-heading\"><strong>REGI\u00c3O SERRANA CAPIXABA \u2013 ROTA CARAVAGGIO \u2013 <a href=\"https:\/\/drive.google.com\/file\/d\/1XBzdTZBjn9ah4QAKQHbCfw7dEU39wG7Y\/view?usp=sharing\" target=\"_blank\" rel=\"noreferrer noopener\">SANTA TEREZA<\/a><\/strong><\/h2>\n\n\n\n<div class=\"wp-block-image\"><figure class=\"aligncenter size-large is-resized\"><img loading=\"lazy\" decoding=\"async\" src=\"https:\/\/blog.ufes.br\/kyriafinardi\/files\/2020\/07\/4.jpg\" alt=\"\" class=\"wp-image-3180\" width=\"435\" height=\"230\" \/><\/figure><\/div>\n\n\n\n<p>.<\/p>\n\n\n\n<h2 class=\"wp-block-heading\"><strong>REGI\u00c3O NORTE CAPIXABA \u2013 <a href=\"https:\/\/drive.google.com\/file\/d\/1NQ9s77GUE5Mdv6UbpP3M5ZRkoizF0Ybq\/view?usp=sharing\" target=\"_blank\" rel=\"noreferrer noopener\">ITA\u00daNAS<\/a><\/strong><\/h2>\n\n\n\n<div class=\"wp-block-image\"><figure class=\"aligncenter size-large is-resized\"><img loading=\"lazy\" decoding=\"async\" src=\"https:\/\/blog.ufes.br\/kyriafinardi\/files\/2020\/07\/5.jpg\" alt=\"\" class=\"wp-image-3182\" width=\"440\" height=\"233\" \/><\/figure><\/div>\n\n\n\n<p>.<\/p>\n\n\n\n<h2 class=\"wp-block-heading\"><strong>LITORAL SUL CAPIXABA \u2013 ROTA DO SOL \u2013 PRAIAS DE <a href=\"https:\/\/drive.google.com\/file\/d\/1KehtATAIGa0tDSH0AizeWQ2H8rZizlbN\/view?usp=sharing\" target=\"_blank\" rel=\"noreferrer noopener\">GUARAPARI E MEA\u00cdPE<\/a><\/strong><\/h2>\n\n\n\n<div class=\"wp-block-image\"><figure class=\"aligncenter size-large is-resized\"><img loading=\"lazy\" decoding=\"async\" src=\"https:\/\/blog.ufes.br\/kyriafinardi\/files\/2020\/07\/6.jpg\" alt=\"\" class=\"wp-image-3183\" width=\"445\" height=\"235\" \/><\/figure><\/div>\n\n\n\n<p>.<\/p>\n\n\n\n<h2 class=\"wp-block-heading\"><strong>LITORAL SUL CAPIXABA \u2013 PRAIAS DE <a href=\"https:\/\/drive.google.com\/file\/d\/1JNlBFLEGNhtO4m4CoggsCnczpzhRCpno\/view?usp=sharing\" target=\"_blank\" rel=\"noreferrer noopener\">ANCHIETA E IRIRI<\/a><\/strong><\/h2>\n\n\n\n<div class=\"wp-block-image\"><figure class=\"aligncenter size-large is-resized\"><img loading=\"lazy\" decoding=\"async\" src=\"https:\/\/blog.ufes.br\/kyriafinardi\/files\/2020\/07\/7.jpg\" alt=\"\" class=\"wp-image-3184\" width=\"443\" height=\"233\" \/><\/figure><\/div>\n\n\n\n<p>.<\/p>\n\n\n\n<h2 class=\"wp-block-heading\"><strong>LITORAL NORTE CAPIXABA \u2013 PRAIAS EM <a href=\"https:\/\/drive.google.com\/file\/d\/14J0thJ-P7s3cZ0Yqht2R5_X2DAMa-Jz5\/view?usp=sharing\" target=\"_blank\" rel=\"noreferrer noopener\">ARACRUZ E EM SERRA<\/a><\/strong><\/h2>\n\n\n\n<div class=\"wp-block-image\"><figure class=\"aligncenter size-large is-resized\"><img loading=\"lazy\" decoding=\"async\" src=\"https:\/\/blog.ufes.br\/kyriafinardi\/files\/2020\/07\/8.jpg\" alt=\"\" class=\"wp-image-3185\" width=\"448\" height=\"236\" \/><figcaption><br><\/figcaption><\/figure><\/div>\n\n\n\n<p>.<\/p>\n\n\n\n<h2 class=\"wp-block-heading\"><strong>REGI\u00c3O SUL CAPIXABA \u2013 <a href=\"http:\/\/www.tiazirinha.com.br\/\" target=\"_blank\" rel=\"noreferrer noopener\">ALFREDO CHAVES E CACHOEIRO DO ITAPEMIRIM<\/a><\/strong><\/h2>\n\n\n\n<div class=\"wp-block-image\"><figure class=\"aligncenter size-large is-resized\"><img loading=\"lazy\" decoding=\"async\" src=\"https:\/\/blog.ufes.br\/kyriafinardi\/files\/2020\/07\/Pedra_o_Frade_e_a_Freira.jpg\" alt=\"\" class=\"wp-image-3186\" width=\"470\" height=\"313\" \/><\/figure><\/div>\n\n\n\n<p>.<\/p>\n\n\n\n<p>@ Copyright \u00a9 2020\u00a012\u00ba CBLA \u2013 12\u00ba Congresso Brasileiro de Lingu\u00edstica Aplicada<\/p>\n","protected":false},"excerpt":{"rendered":"<p>A cidade de Vit\u00f3ria, ES foi a sede do evento do 12\u00ba CBLA em 2019. Para saber mais sobre o Estado a empresa de turismos Tia Zirinha Turismos disponibilizou belas imagens de cidades do Esp\u00edrito Santo e e informa\u00e7\u00f5es adicionais (que podem ser acessadas ao clicar nos nomes das cidades): VIT\u00d3RIA E VILA VELHA . [&hellip;]<\/p>\n","protected":false},"author":151,"featured_media":0,"parent":2252,"menu_order":0,"comment_status":"closed","ping_status":"closed","template":"","meta":{"_bbp_topic_count":0,"_bbp_reply_count":0,"_bbp_total_topic_count":0,"_bbp_total_reply_count":0,"_bbp_voice_count":0,"_bbp_anonymous_reply_count":0,"_bbp_topic_count_hidden":0,"_bbp_reply_count_hidden":0,"_bbp_forum_subforum_count":0,"_uag_custom_page_level_css":"","footnotes":""},"class_list":["post-3172","page","type-page","status-publish","hentry"],"uagb_featured_image_src":{"full":false,"thumbnail":false,"medium":false,"medium_large":false,"large":false,"1536x1536":false,"2048x2048":false,"post-thumbnail":false},"uagb_author_info":{"display_name":"carlos.hildeblando","author_link":"https:\/\/blog.ufes.br\/kyriafinardi\/author\/carlos_alberto-hildeblando-junior\/"},"uagb_comment_info":0,"uagb_excerpt":"A cidade de Vit\u00f3ria, ES foi a sede do evento do 12\u00ba CBLA em 2019. Para saber mais sobre o Estado a empresa de turismos Tia Zirinha Turismos disponibilizou belas imagens de cidades do Esp\u00edrito Santo e e informa\u00e7\u00f5es adicionais (que podem ser acessadas ao clicar nos nomes das cidades): VIT\u00d3RIA E VILA VELHA .&hellip;","_links":{"self":[{"href":"https:\/\/blog.ufes.br\/kyriafinardi\/wp-json\/wp\/v2\/pages\/3172","targetHints":{"allow":["GET"]}}],"collection":[{"href":"https:\/\/blog.ufes.br\/kyriafinardi\/wp-json\/wp\/v2\/pages"}],"about":[{"href":"https:\/\/blog.ufes.br\/kyriafinardi\/wp-json\/wp\/v2\/types\/page"}],"author":[{"embeddable":true,"href":"https:\/\/blog.ufes.br\/kyriafinardi\/wp-json\/wp\/v2\/users\/151"}],"replies":[{"embeddable":true,"href":"https:\/\/blog.ufes.br\/kyriafinardi\/wp-json\/wp\/v2\/comments?post=3172"}],"version-history":[{"count":13,"href":"https:\/\/blog.ufes.br\/kyriafinardi\/wp-json\/wp\/v2\/pages\/3172\/revisions"}],"predecessor-version":[{"id":3245,"href":"https:\/\/blog.ufes.br\/kyriafinardi\/wp-json\/wp\/v2\/pages\/3172\/revisions\/3245"}],"up":[{"embeddable":true,"href":"https:\/\/blog.ufes.br\/kyriafinardi\/wp-json\/wp\/v2\/pages\/2252"}],"wp:attachment":[{"href":"https:\/\/blog.ufes.br\/kyriafinardi\/wp-json\/wp\/v2\/media?parent=3172"}],"curies":[{"name":"wp","href":"https:\/\/api.w.org\/{rel}","templated":true}]}}