{"id":3232,"date":"2020-07-10T15:09:19","date_gmt":"2020-07-10T18:09:19","guid":{"rendered":"http:\/\/blog.ufes.br\/kyriafinardi\/?page_id=3232"},"modified":"2020-07-10T15:09:19","modified_gmt":"2020-07-10T18:09:19","slug":"caderno-de-resumos-e-certificados-do-12o-cbla","status":"publish","type":"page","link":"https:\/\/blog.ufes.br\/kyriafinardi\/videos\/12o-cbla\/caderno-de-resumos-e-certificados-do-12o-cbla\/","title":{"rendered":"Caderno de resumos e certificados do 12\u00ba CBLA"},"content":{"rendered":"\n<h3 class=\"wp-block-heading\">Caderno de Resumos<\/h3>\n\n\n\n<div class=\"wp-block-media-text alignwide is-stacked-on-mobile\" style=\"grid-template-columns:38% auto\"><figure class=\"wp-block-media-text__media\"><img decoding=\"async\" src=\"https:\/\/alab.org.br\/wp-content\/uploads\/2018\/05\/LOGO-CBLA.png\" alt=\"12\u00ba CBLA - ALAB - Associa\u00e7\u00e3o de Lingu\u00edstica Aplicada do Brasil\" \/><\/figure><div class=\"wp-block-media-text__content\">\n<p>A ALAB e n\u00f3s disponibilizamos a<strong> Programa\u00e7\u00e3o Final e o Caderno de Resumos<\/strong> do <strong>12\u00ba Congresso Brasileiro de Lingu\u00edstica Aplicada<\/strong>, que aconteceu em Vit\u00f3ria-ES. Tivemos 4 confer\u00eancias, 8 simp\u00f3sios convidados, 3 mesas redondas, 315 comunica\u00e7\u00f5es tem\u00e1ticas e 6 apresenta\u00e7\u00f5es de p\u00f4steres. Eles podem ser acessados em: <a rel=\"noreferrer noopener\" href=\"http:\/\/blog.ufes.br\/kyriafinardi\/files\/2020\/05\/caderno_CBLA_vf1_compressed-1.pdf\" target=\"_blank\">caderno_CBLA<\/a>.<\/p>\n<\/div><\/div>\n\n\n\n<p>.<\/p>\n\n\n\n<h3 class=\"wp-block-heading\">Certificados<\/h3>\n\n\n\n<div class=\"wp-block-media-text alignwide has-media-on-the-right is-stacked-on-mobile\" style=\"grid-template-columns:auto 40%\"><figure class=\"wp-block-media-text__media\"><img decoding=\"async\" src=\"https:\/\/encrypted-tbn0.gstatic.com\/images?q=tbn:ANd9GcRf1wBdGRpj0wJv4eU1uUC1zSa9YfJAQ6lArJnIFQU2DMo_Uh8&amp;s\" alt=\"\" \/><\/figure><div class=\"wp-block-media-text__content\">\n<p>Os certificados dos participantes do evento podem ser encontrados online no seguinte link: <a rel=\"noreferrer noopener\" href=\"http:\/\/interevent.com.br\/evento\/cbla2019\" target=\"_blank\">http:\/\/interevent.com.br\/evento\/cbla2019<\/a>.<\/p>\n<\/div><\/div>\n\n\n\n<p>.<\/p>\n\n\n\n<p>@ Copyright \u00a9 2020\u00a012\u00ba CBLA \u2013 12\u00ba Congresso Brasileiro de Lingu\u00edstica Aplicada<\/p>\n","protected":false},"excerpt":{"rendered":"<p>Caderno de Resumos A ALAB e n\u00f3s disponibilizamos a Programa\u00e7\u00e3o Final e o Caderno de Resumos do 12\u00ba Congresso Brasileiro de Lingu\u00edstica Aplicada, que aconteceu em Vit\u00f3ria-ES. Tivemos 4 confer\u00eancias, 8 simp\u00f3sios convidados, 3 mesas redondas, 315 comunica\u00e7\u00f5es tem\u00e1ticas e 6 apresenta\u00e7\u00f5es de p\u00f4steres. Eles podem ser acessados em: caderno_CBLA. . Certificados Os certificados dos [&hellip;]<\/p>\n","protected":false},"author":151,"featured_media":0,"parent":2252,"menu_order":0,"comment_status":"closed","ping_status":"closed","template":"","meta":{"_bbp_topic_count":0,"_bbp_reply_count":0,"_bbp_total_topic_count":0,"_bbp_total_reply_count":0,"_bbp_voice_count":0,"_bbp_anonymous_reply_count":0,"_bbp_topic_count_hidden":0,"_bbp_reply_count_hidden":0,"_bbp_forum_subforum_count":0,"_uag_custom_page_level_css":"","footnotes":""},"class_list":["post-3232","page","type-page","status-publish","hentry"],"uagb_featured_image_src":{"full":false,"thumbnail":false,"medium":false,"medium_large":false,"large":false,"1536x1536":false,"2048x2048":false,"post-thumbnail":false},"uagb_author_info":{"display_name":"carlos.hildeblando","author_link":"https:\/\/blog.ufes.br\/kyriafinardi\/author\/carlos_alberto-hildeblando-junior\/"},"uagb_comment_info":0,"uagb_excerpt":"Caderno de Resumos A ALAB e n\u00f3s disponibilizamos a Programa\u00e7\u00e3o Final e o Caderno de Resumos do 12\u00ba Congresso Brasileiro de Lingu\u00edstica Aplicada, que aconteceu em Vit\u00f3ria-ES. Tivemos 4 confer\u00eancias, 8 simp\u00f3sios convidados, 3 mesas redondas, 315 comunica\u00e7\u00f5es tem\u00e1ticas e 6 apresenta\u00e7\u00f5es de p\u00f4steres. Eles podem ser acessados em: caderno_CBLA. . Certificados Os certificados dos&hellip;","_links":{"self":[{"href":"https:\/\/blog.ufes.br\/kyriafinardi\/wp-json\/wp\/v2\/pages\/3232","targetHints":{"allow":["GET"]}}],"collection":[{"href":"https:\/\/blog.ufes.br\/kyriafinardi\/wp-json\/wp\/v2\/pages"}],"about":[{"href":"https:\/\/blog.ufes.br\/kyriafinardi\/wp-json\/wp\/v2\/types\/page"}],"author":[{"embeddable":true,"href":"https:\/\/blog.ufes.br\/kyriafinardi\/wp-json\/wp\/v2\/users\/151"}],"replies":[{"embeddable":true,"href":"https:\/\/blog.ufes.br\/kyriafinardi\/wp-json\/wp\/v2\/comments?post=3232"}],"version-history":[{"count":2,"href":"https:\/\/blog.ufes.br\/kyriafinardi\/wp-json\/wp\/v2\/pages\/3232\/revisions"}],"predecessor-version":[{"id":3241,"href":"https:\/\/blog.ufes.br\/kyriafinardi\/wp-json\/wp\/v2\/pages\/3232\/revisions\/3241"}],"up":[{"embeddable":true,"href":"https:\/\/blog.ufes.br\/kyriafinardi\/wp-json\/wp\/v2\/pages\/2252"}],"wp:attachment":[{"href":"https:\/\/blog.ufes.br\/kyriafinardi\/wp-json\/wp\/v2\/media?parent=3232"}],"curies":[{"name":"wp","href":"https:\/\/api.w.org\/{rel}","templated":true}]}}