{"id":3889,"date":"2020-10-22T15:08:50","date_gmt":"2020-10-22T18:08:50","guid":{"rendered":"http:\/\/blog.ufes.br\/kyriafinardi\/?page_id=3889"},"modified":"2025-03-27T20:21:57","modified_gmt":"2025-03-27T23:21:57","slug":"decolonial-mate","status":"publish","type":"page","link":"https:\/\/blog.ufes.br\/kyriafinardi\/projetos-em-andamento\/decolonial-mate\/","title":{"rendered":"Decolonial mate"},"content":{"rendered":"\n<div class=\"wp-block-media-text is-stacked-on-mobile is-vertically-aligned-center\" style=\"grid-template-columns:21% auto\"><figure class=\"wp-block-media-text__media\"><img loading=\"lazy\" decoding=\"async\" width=\"258\" height=\"195\" src=\"https:\/\/blog.ufes.br\/kyriafinardi\/files\/2025\/03\/images.jpeg\" alt=\"\" class=\"wp-image-8166 size-full\" \/><\/figure><div class=\"wp-block-media-text__content\">\n<p>O <strong><em>Decolonial Mate<\/em><\/strong> foi um grupo de estudos formado por pesquisadores e professores de diversas universidades, tanto do Brasil quanto do exterior, que se reuniam em videochamadas para discutir textos decoloniais. <\/p>\n<\/div><\/div>\n\n\n\n<p>O nome do grupo tem um significado simb\u00f3lico: enquanto o caf\u00e9 \u00e9 historicamente associado \u00e0 coloniza\u00e7\u00e3o, o ch\u00e1 mate tem ra\u00edzes mais ligadas a pr\u00e1ticas e saberes ind\u00edgenas e populares. Assim, o que poderia ter sido um &#8220;Caf\u00e9 Decolonial&#8221; transformou-se em um <strong>Mate Decolonial<\/strong> (em ingl\u00eas: <em>Decolonial Mate<\/em>), refletindo a proposta de questionar e reimaginar epistemologias a partir de perspectivas decoloniais.<\/p>\n\n\n\n<p class=\"has-white-color has-text-color has-link-color wp-elements-7e4ac651328708ea719ac0894fa30934\">.<\/p>\n\n\n\n<h2 class=\"wp-block-heading\">2023<\/h2>\n\n\n\n<div class=\"wp-block-media-text is-stacked-on-mobile\" style=\"grid-template-columns:28% auto\"><figure class=\"wp-block-media-text__media\"><img loading=\"lazy\" decoding=\"async\" width=\"1024\" height=\"544\" src=\"https:\/\/blog.ufes.br\/kyriafinardi\/files\/2023\/03\/DEcolonial-21-03-23-1-1024x544.jpeg\" alt=\"\" class=\"wp-image-7608 size-full\" srcset=\"https:\/\/blog.ufes.br\/kyriafinardi\/files\/2023\/03\/DEcolonial-21-03-23-1-1024x544.jpeg 1024w, https:\/\/blog.ufes.br\/kyriafinardi\/files\/2023\/03\/DEcolonial-21-03-23-1-300x159.jpeg 300w, https:\/\/blog.ufes.br\/kyriafinardi\/files\/2023\/03\/DEcolonial-21-03-23-1-768x408.jpeg 768w, https:\/\/blog.ufes.br\/kyriafinardi\/files\/2023\/03\/DEcolonial-21-03-23-1-1536x816.jpeg 1536w, https:\/\/blog.ufes.br\/kyriafinardi\/files\/2023\/03\/DEcolonial-21-03-23-1-624x331.jpeg 624w, https:\/\/blog.ufes.br\/kyriafinardi\/files\/2023\/03\/DEcolonial-21-03-23-1.jpeg 1582w\" sizes=\"auto, (max-width: 1024px) 100vw, 1024px\" \/><\/figure><div class=\"wp-block-media-text__content\">\n<p><strong>Mar\u00e7o: <\/strong><a href=\"https:\/\/drive.google.com\/file\/d\/1riRdGj9NtnMVXpLyMfUOgzpGspSND5kB\/view\" target=\"_blank\" rel=\"noreferrer noopener\">https:\/\/drive.google.com\/file\/d\/1riRdGj9NtnMVXpLyMfUOgzpGspSND5kB\/view<\/a><\/p>\n<\/div><\/div>\n\n\n\n<div class=\"wp-block-media-text is-stacked-on-mobile\" style=\"grid-template-columns:28% auto\"><figure class=\"wp-block-media-text__media\"><img loading=\"lazy\" decoding=\"async\" width=\"1024\" height=\"582\" src=\"https:\/\/blog.ufes.br\/kyriafinardi\/files\/2025\/03\/Sem-t.itulo_-1024x582.png\" alt=\"\" class=\"wp-image-8170 size-full\" srcset=\"https:\/\/blog.ufes.br\/kyriafinardi\/files\/2025\/03\/Sem-t.itulo_-1024x582.png 1024w, https:\/\/blog.ufes.br\/kyriafinardi\/files\/2025\/03\/Sem-t.itulo_-300x170.png 300w, https:\/\/blog.ufes.br\/kyriafinardi\/files\/2025\/03\/Sem-t.itulo_-768x436.png 768w, https:\/\/blog.ufes.br\/kyriafinardi\/files\/2025\/03\/Sem-t.itulo_-624x354.png 624w, https:\/\/blog.ufes.br\/kyriafinardi\/files\/2025\/03\/Sem-t.itulo_.png 1090w\" sizes=\"auto, (max-width: 1024px) 100vw, 1024px\" \/><\/figure><div class=\"wp-block-media-text__content\">\n<p><strong>Julho: <\/strong><a href=\"https:\/\/drive.google.com\/file\/d\/1XRXKcgwU9YysZEJNCVi5KipUTiNAvZwb\/view?usp=sharing\" target=\"_blank\" rel=\"noreferrer noopener\">https:\/\/drive.google.com\/file\/d\/1XRXKcgwU9YysZEJNCVi5KipUTiNAvZwb\/view?usp=sharing<\/a><\/p>\n<\/div><\/div>\n\n\n\n<p class=\"has-white-color has-text-color has-link-color wp-elements-7e4ac651328708ea719ac0894fa30934\">.<\/p>\n\n\n\n<h2 class=\"wp-block-heading\">2022<\/h2>\n\n\n\n<div class=\"wp-block-media-text is-stacked-on-mobile\" style=\"grid-template-columns:31% auto\"><figure class=\"wp-block-media-text__media\"><img loading=\"lazy\" decoding=\"async\" width=\"642\" height=\"334\" src=\"https:\/\/blog.ufes.br\/kyriafinardi\/files\/2025\/03\/Decolonial-21-06_page-0001.jpg\" alt=\"\" class=\"wp-image-8171 size-full\" srcset=\"https:\/\/blog.ufes.br\/kyriafinardi\/files\/2025\/03\/Decolonial-21-06_page-0001.jpg 642w, https:\/\/blog.ufes.br\/kyriafinardi\/files\/2025\/03\/Decolonial-21-06_page-0001-300x156.jpg 300w, https:\/\/blog.ufes.br\/kyriafinardi\/files\/2025\/03\/Decolonial-21-06_page-0001-624x325.jpg 624w\" sizes=\"auto, (max-width: 642px) 100vw, 642px\" \/><\/figure><div class=\"wp-block-media-text__content\">\n<p><strong>Junho: <\/strong><a href=\"https:\/\/drive.google.com\/file\/d\/1od5AJljbLCRdbeAFy6_ZKENiYEb11yHL\/view\" target=\"_blank\" rel=\"noreferrer noopener\">https:\/\/drive.google.com\/file\/d\/1od5AJljbLCRdbeAFy6_ZKENiYEb11yHL\/view<\/a><\/p>\n<\/div><\/div>\n\n\n\n<div class=\"wp-block-media-text is-stacked-on-mobile\" style=\"grid-template-columns:32% auto\"><figure class=\"wp-block-media-text__media\"><img loading=\"lazy\" decoding=\"async\" width=\"654\" height=\"314\" src=\"https:\/\/blog.ufes.br\/kyriafinardi\/files\/2025\/03\/Imagem-encontro-Decolonial_page-0001.jpg\" alt=\"\" class=\"wp-image-8172 size-full\" srcset=\"https:\/\/blog.ufes.br\/kyriafinardi\/files\/2025\/03\/Imagem-encontro-Decolonial_page-0001.jpg 654w, https:\/\/blog.ufes.br\/kyriafinardi\/files\/2025\/03\/Imagem-encontro-Decolonial_page-0001-300x144.jpg 300w, https:\/\/blog.ufes.br\/kyriafinardi\/files\/2025\/03\/Imagem-encontro-Decolonial_page-0001-624x300.jpg 624w\" sizes=\"auto, (max-width: 654px) 100vw, 654px\" \/><\/figure><div class=\"wp-block-media-text__content\">\n<p><strong>Abril:<\/strong> <a href=\"https:\/\/drive.google.com\/file\/d\/18-PpQfFiawon_qaSRxg6xbUV5edadchi\/view?usp=sharing\" target=\"_blank\" rel=\"noreferrer noopener\">https:\/\/drive.google.com\/file\/d\/18-PpQfFiawon_qaSRxg6xbUV5edadchi\/view?usp=sharing<\/a><\/p>\n<\/div><\/div>\n\n\n\n<p class=\"has-white-color has-text-color has-link-color wp-elements-7e4ac651328708ea719ac0894fa30934\">.<\/p>\n\n\n\n<h2 class=\"wp-block-heading\">2021<\/h2>\n\n\n\n<div class=\"wp-block-media-text is-stacked-on-mobile is-vertically-aligned-top\" style=\"grid-template-columns:32% auto\"><figure class=\"wp-block-media-text__media\"><img loading=\"lazy\" decoding=\"async\" width=\"1024\" height=\"576\" src=\"https:\/\/blog.ufes.br\/kyriafinardi\/files\/2021\/11\/Decolonial-mate-november-2021-part-1-1-1024x576.jpg\" alt=\"\" class=\"wp-image-6254 size-full\" srcset=\"https:\/\/blog.ufes.br\/kyriafinardi\/files\/2021\/11\/Decolonial-mate-november-2021-part-1-1-1024x576.jpg 1024w, https:\/\/blog.ufes.br\/kyriafinardi\/files\/2021\/11\/Decolonial-mate-november-2021-part-1-1-300x169.jpg 300w, https:\/\/blog.ufes.br\/kyriafinardi\/files\/2021\/11\/Decolonial-mate-november-2021-part-1-1-768x432.jpg 768w, https:\/\/blog.ufes.br\/kyriafinardi\/files\/2021\/11\/Decolonial-mate-november-2021-part-1-1-624x351.jpg 624w, https:\/\/blog.ufes.br\/kyriafinardi\/files\/2021\/11\/Decolonial-mate-november-2021-part-1-1.jpg 1366w\" sizes=\"auto, (max-width: 1024px) 100vw, 1024px\" \/><\/figure><div class=\"wp-block-media-text__content\">\n<p><strong>Novembro:<\/strong><br>Parte 1: <a href=\"https:\/\/drive.google.com\/file\/d\/1DqhB4Cn9gFZIgkYmIm_-VgAf5nSj-Bqm\/view\" target=\"_blank\" rel=\"noreferrer noopener\">https:\/\/drive.google.com\/file\/d\/1DqhB4Cn9gFZIgkYmIm_-VgAf5nSj-Bqm\/view<\/a><br>Parte 2: <a href=\"https:\/\/drive.google.com\/file\/d\/1qyKltKfSB_PENevYnsf9T-h38GafD-V8\/view\" target=\"_blank\" rel=\"noreferrer noopener\">https:\/\/drive.google.com\/file\/d\/1qyKltKfSB_PENevYnsf9T-h38GafD-V8\/view<\/a><\/p>\n<\/div><\/div>\n\n\n\n<div class=\"wp-block-media-text is-stacked-on-mobile\" style=\"grid-template-columns:33% auto\"><figure class=\"wp-block-media-text__media\"><img loading=\"lazy\" decoding=\"async\" width=\"1024\" height=\"575\" src=\"https:\/\/blog.ufes.br\/kyriafinardi\/files\/2021\/08\/decolonial-mate-julho_Easy-Resize.com-1-1024x575.jpg\" alt=\"\" class=\"wp-image-5977 size-full\" srcset=\"https:\/\/blog.ufes.br\/kyriafinardi\/files\/2021\/08\/decolonial-mate-julho_Easy-Resize.com-1-1024x575.jpg 1024w, https:\/\/blog.ufes.br\/kyriafinardi\/files\/2021\/08\/decolonial-mate-julho_Easy-Resize.com-1-300x169.jpg 300w, https:\/\/blog.ufes.br\/kyriafinardi\/files\/2021\/08\/decolonial-mate-julho_Easy-Resize.com-1-768x431.jpg 768w, https:\/\/blog.ufes.br\/kyriafinardi\/files\/2021\/08\/decolonial-mate-julho_Easy-Resize.com-1-624x351.jpg 624w, https:\/\/blog.ufes.br\/kyriafinardi\/files\/2021\/08\/decolonial-mate-julho_Easy-Resize.com-1.jpg 1280w\" sizes=\"auto, (max-width: 1024px) 100vw, 1024px\" \/><\/figure><div class=\"wp-block-media-text__content\">\n<p><strong>Agosto:<\/strong> <a href=\"https:\/\/drive.google.com\/file\/d\/19acq1_E-WtMdmZuEdYyTEDHXQQrsdDYu\/view\" target=\"_blank\" rel=\"noreferrer noopener\">https:\/\/drive.google.com\/file\/d\/19acq1_E-WtMdmZuEdYyTEDHXQQrsdDYu\/view<\/a><\/p>\n<\/div><\/div>\n\n\n\n<div class=\"wp-block-media-text is-stacked-on-mobile\" style=\"grid-template-columns:33% auto\"><figure class=\"wp-block-media-text__media\"><img loading=\"lazy\" decoding=\"async\" width=\"1024\" height=\"576\" src=\"https:\/\/blog.ufes.br\/kyriafinardi\/files\/2021\/06\/image-5-1024x576.jpg\" alt=\"\" class=\"wp-image-5598 size-full\" srcset=\"https:\/\/blog.ufes.br\/kyriafinardi\/files\/2021\/06\/image-5-1024x576.jpg 1024w, https:\/\/blog.ufes.br\/kyriafinardi\/files\/2021\/06\/image-5-300x169.jpg 300w, https:\/\/blog.ufes.br\/kyriafinardi\/files\/2021\/06\/image-5-768x432.jpg 768w, https:\/\/blog.ufes.br\/kyriafinardi\/files\/2021\/06\/image-5-624x351.jpg 624w, https:\/\/blog.ufes.br\/kyriafinardi\/files\/2021\/06\/image-5.jpg 1366w\" sizes=\"auto, (max-width: 1024px) 100vw, 1024px\" \/><\/figure><div class=\"wp-block-media-text__content\">\n<p><strong>Junho: <\/strong><a href=\"https:\/\/drive.google.com\/file\/d\/184iwbsISgbMdFSltAw4X94RM_FD4n6H3\/view?usp=sharing\" target=\"_blank\" rel=\"noreferrer noopener\">https:\/\/drive.google.com\/file\/d\/184iwbsISgbMdFSltAw4X94RM_FD4n6H3\/view?usp=sharing<\/a><\/p>\n<\/div><\/div>\n\n\n\n<div class=\"wp-block-media-text is-stacked-on-mobile\" style=\"grid-template-columns:33% auto\"><figure class=\"wp-block-media-text__media\"><img loading=\"lazy\" decoding=\"async\" width=\"1024\" height=\"382\" src=\"https:\/\/blog.ufes.br\/kyriafinardi\/files\/2021\/05\/Decolonial-Mate-May-18-2021_Easy-Resize.com_-1024x382.jpg\" alt=\"\" class=\"wp-image-5454 size-full\" srcset=\"https:\/\/blog.ufes.br\/kyriafinardi\/files\/2021\/05\/Decolonial-Mate-May-18-2021_Easy-Resize.com_-1024x382.jpg 1024w, https:\/\/blog.ufes.br\/kyriafinardi\/files\/2021\/05\/Decolonial-Mate-May-18-2021_Easy-Resize.com_-300x112.jpg 300w, https:\/\/blog.ufes.br\/kyriafinardi\/files\/2021\/05\/Decolonial-Mate-May-18-2021_Easy-Resize.com_-768x286.jpg 768w, https:\/\/blog.ufes.br\/kyriafinardi\/files\/2021\/05\/Decolonial-Mate-May-18-2021_Easy-Resize.com_-624x233.jpg 624w, https:\/\/blog.ufes.br\/kyriafinardi\/files\/2021\/05\/Decolonial-Mate-May-18-2021_Easy-Resize.com_.jpg 1280w\" sizes=\"auto, (max-width: 1024px) 100vw, 1024px\" \/><\/figure><div class=\"wp-block-media-text__content\">\n<p><strong>Maio: <\/strong><a href=\"https:\/\/drive.google.com\/file\/d\/1lZjfl5L4lYH-3UTMA6HZU5wocttc4Bwa\/view\" target=\"_blank\" rel=\"noreferrer noopener\">https:\/\/drive.google.com\/file\/d\/1lZjfl5L4lYH-3UTMA6HZU5wocttc4Bwa\/view<\/a><\/p>\n<\/div><\/div>\n\n\n\n<div class=\"wp-block-media-text is-stacked-on-mobile is-vertically-aligned-top\" style=\"grid-template-columns:32% auto\"><figure class=\"wp-block-media-text__media\"><img loading=\"lazy\" decoding=\"async\" width=\"921\" height=\"523\" src=\"https:\/\/blog.ufes.br\/kyriafinardi\/files\/2021\/05\/image.jpg\" alt=\"\" class=\"wp-image-5416 size-full\" srcset=\"https:\/\/blog.ufes.br\/kyriafinardi\/files\/2021\/05\/image.jpg 921w, https:\/\/blog.ufes.br\/kyriafinardi\/files\/2021\/05\/image-300x170.jpg 300w, https:\/\/blog.ufes.br\/kyriafinardi\/files\/2021\/05\/image-768x436.jpg 768w, https:\/\/blog.ufes.br\/kyriafinardi\/files\/2021\/05\/image-624x354.jpg 624w\" sizes=\"auto, (max-width: 921px) 100vw, 921px\" \/><\/figure><div class=\"wp-block-media-text__content\">\n<p><strong>Abril<\/strong>:<br>Parte 1: <a href=\"https:\/\/drive.google.com\/file\/d\/11hZAHqHTSxULYJFTRTjnAbdC7tNfe7eJ\/view\" target=\"_blank\" rel=\"noreferrer noopener\">https:\/\/drive.google.com\/file\/d\/11hZAHqHTSxULYJFTRTjnAbdC7tNfe7eJ\/view<\/a><br>Parte 2: <a href=\"https:\/\/drive.google.com\/file\/d\/158VBL4cZ7GgcGeyq3bDm54GFbcDnYqUy\/view\" target=\"_blank\" rel=\"noreferrer noopener\">https:\/\/drive.google.com\/file\/d\/158VBL4cZ7GgcGeyq3bDm54GFbcDnYqUy\/view<\/a><\/p>\n<\/div><\/div>\n\n\n\n<div class=\"wp-block-media-text is-stacked-on-mobile\" style=\"grid-template-columns:33% auto\"><figure class=\"wp-block-media-text__media\"><img loading=\"lazy\" decoding=\"async\" width=\"1024\" height=\"556\" src=\"https:\/\/blog.ufes.br\/kyriafinardi\/files\/2021\/03\/decolonial-mate-3_Easy-Resize.com_-1024x556.jpg\" alt=\"\" class=\"wp-image-5054 size-full\" srcset=\"https:\/\/blog.ufes.br\/kyriafinardi\/files\/2021\/03\/decolonial-mate-3_Easy-Resize.com_-1024x556.jpg 1024w, https:\/\/blog.ufes.br\/kyriafinardi\/files\/2021\/03\/decolonial-mate-3_Easy-Resize.com_-300x163.jpg 300w, https:\/\/blog.ufes.br\/kyriafinardi\/files\/2021\/03\/decolonial-mate-3_Easy-Resize.com_-768x417.jpg 768w, https:\/\/blog.ufes.br\/kyriafinardi\/files\/2021\/03\/decolonial-mate-3_Easy-Resize.com_-624x339.jpg 624w, https:\/\/blog.ufes.br\/kyriafinardi\/files\/2021\/03\/decolonial-mate-3_Easy-Resize.com_.jpg 1280w\" sizes=\"auto, (max-width: 1024px) 100vw, 1024px\" \/><\/figure><div class=\"wp-block-media-text__content\">\n<p><strong>Mar\u00e7o: <\/strong><a href=\"https:\/\/drive.google.com\/file\/d\/1kzloh7LWu0ZV7DH5c8FWP7Phy9n1XZhb\/view\" target=\"_blank\" rel=\"noreferrer noopener\">https:\/\/drive.google.com\/file\/d\/1kzloh7LWu0ZV7DH5c8FWP7Phy9n1XZhb\/view<\/a><\/p>\n<\/div><\/div>\n\n\n\n<div class=\"wp-block-media-text is-stacked-on-mobile\" style=\"grid-template-columns:33% auto\"><figure class=\"wp-block-media-text__media\"><img loading=\"lazy\" decoding=\"async\" width=\"1280\" height=\"1071\" src=\"https:\/\/blog.ufes.br\/kyriafinardi\/files\/2021\/02\/Decolonial-mate_Easy-Resize.com_.jpg\" alt=\"\" class=\"wp-image-4433 size-full\" \/><\/figure><div class=\"wp-block-media-text__content\">\n<p><strong>Fevereiro: <\/strong><a href=\"https:\/\/drive.google.com\/file\/d\/1U0YFrHjfGwS9MTKjbJ7YDOlqn82_i-zG\/view\" target=\"_blank\" rel=\"noreferrer noopener\">https:\/\/drive.google.com\/file\/d\/1U0YFrHjfGwS9MTKjbJ7YDOlqn82_i-zG\/view<\/a><\/p>\n<\/div><\/div>\n\n\n\n<p class=\"has-white-color has-text-color has-link-color wp-elements-7e4ac651328708ea719ac0894fa30934\">.<\/p>\n\n\n\n<div class=\"wp-block-media-text is-stacked-on-mobile\" style=\"grid-template-columns:15% auto\"><figure class=\"wp-block-media-text__media\"><img loading=\"lazy\" decoding=\"async\" width=\"870\" height=\"944\" src=\"https:\/\/blog.ufes.br\/kyriafinardi\/files\/2025\/03\/Temas-e-atividades-6.jpg\" alt=\"\" class=\"wp-image-8185 size-full\" srcset=\"https:\/\/blog.ufes.br\/kyriafinardi\/files\/2025\/03\/Temas-e-atividades-6.jpg 870w, https:\/\/blog.ufes.br\/kyriafinardi\/files\/2025\/03\/Temas-e-atividades-6-276x300.jpg 276w, https:\/\/blog.ufes.br\/kyriafinardi\/files\/2025\/03\/Temas-e-atividades-6-768x833.jpg 768w, https:\/\/blog.ufes.br\/kyriafinardi\/files\/2025\/03\/Temas-e-atividades-6-624x677.jpg 624w\" sizes=\"auto, (max-width: 870px) 100vw, 870px\" \/><\/figure><div class=\"wp-block-media-text__content\">\n<p><strong>Slide<\/strong>: <a href=\"https:\/\/drive.google.com\/file\/d\/1cuGnIpzK1arSoFddLlzeffaaD05xrhvz\/view?usp=sharing\" target=\"_blank\" rel=\"noreferrer noopener\">https:\/\/drive.google.com\/file\/d\/1cuGnIpzK1arSoFddLlzeffaaD05xrhvz\/view?usp=sharing<\/a><\/p>\n<\/div><\/div>\n\n\n\n<p class=\"has-white-color has-text-color has-link-color wp-elements-7e4ac651328708ea719ac0894fa30934\">.<\/p>\n\n\n\n<ul class=\"wp-block-list\"><\/ul>\n\n\n\n<ul class=\"wp-block-list\"><\/ul>\n\n\n\n<ul class=\"wp-block-list\"><\/ul>\n\n\n\n<ul class=\"wp-block-list\"><\/ul>\n\n\n\n<ul class=\"wp-block-list\"><\/ul>\n\n\n\n<ul class=\"wp-block-list\"><\/ul>\n\n\n\n<h2 class=\"wp-block-heading\" id=\"bibliography\">Bibliografia<\/h2>\n\n\n\n<p><a href=\"https:\/\/www.scielo.br\/scielo.php?script=sci_arttext&amp;pid=S1984-63982020000200301&amp;tlng=en\" data-type=\"URL\" data-id=\"https:\/\/www.scielo.br\/scielo.php?script=sci_arttext&amp;pid=S1984-63982020000200301&amp;tlng=en\" target=\"_blank\" rel=\"noreferrer noopener\">BORELLI, Julma D. V. P.; SILVESTRE, Viviane P. V.; PESSOA, Rosane R.. Towards a Decolonial Language Teacher Education. <strong>Rev. Bras. Lingu\u00edst. Apl.<\/strong>, v. 20, n. 2, p. 301-324, 2020. <\/a><\/p>\n\n\n\n<p><a href=\"https:\/\/drive.google.com\/file\/d\/1R0wun3-Zx0VV_ao4wjy6pfzb0cUqAZYw\/view?usp=sharing\" target=\"_blank\" rel=\"noreferrer noopener\">CASTRO-G\u00d3MEZ, Santiago; GROSFOGUEL, Ram\u00f3n (ed.).&nbsp;<strong>El giro decolonial<\/strong>: reflexiones para una diversidad epist\u00e9mica m\u00e1s all\u00e1 del capitalismo global \/ compiladores. 21. ed. Bogot\u00e1: Siglo del Hombre Editores, 2007. 308 p. ISBN 978-958-665-096-0.<\/a><\/p>\n\n\n\n<p><a href=\"https:\/\/drive.google.com\/file\/d\/1xxBQsGMDORvIVp54GhOTlOSg0hZEQRVP\/view?usp=sharing\" target=\"_blank\" rel=\"noreferrer noopener\">CHIAPPA, Roxana; FINARDI, Kyria. Coloniality Prints in Internationalization of Higher Education: The Case of Brazilian and Chilean International Scholarships.\u00a0<strong>Scholarship of Teaching and Learning in the South<\/strong>, v.5, n.1, p.25-45. DOI: 10.36615\/sotls.v5i1.161.<\/a><\/p>\n\n\n\n<p><em>Escobar, A. (2007). El giro decolonial: reflexiones para una diversidad epist\u00e9mica m\u00e1s all\u00e1 del capitalismo global. <\/em><\/p>\n\n\n\n<p><a href=\"https:\/\/drive.google.com\/file\/d\/1rwGn1LyPO3WUf7QZo5cyaNmCMCc-4ib1\/view?usp=sharing\" target=\"_blank\" rel=\"noreferrer noopener\">Garc\u00eda, O., Flores, N., Seltzer, K., Wei, L., Otheguy, R., &amp; Rosa, J. (2021).<\/a>\u00a0<a href=\"https:\/\/www.tandfonline.com\/doi\/epub\/10.1080\/15427587.2021.1935957?needAccess=true\" target=\"_blank\" rel=\"noreferrer noopener\">Rejecting abyssal thinking in the language and education of racialized bilinguals: A manifesto. Critical Inquiry in Language Studie<\/a>s, 1-26.<\/p>\n\n\n\n<p>Hamel, R. E., Diniz, G., Araujo, D., &amp; Kaminski, L. (2017). Enfrentando las estrategias del imperio: hacia pol\u00edticas del lenguaje en las ciencias y la educaci\u00f3n superior en Am\u00e9rica Latina.\u00a0<em>Po\u00e9ticas e pol\u00edticas da linguagem em vias de descoloniza\u00e7\u00e3o. S\u00e3o Carlos, SP: Pedro &amp; Jo\u00e3o Editores<\/em>, 229-261.<\/p>\n\n\n\n<p><a href=\"https:\/\/drive.google.com\/file\/d\/1xjdqZWgkBKwNkaVfzCjNtrX_17Hv1sMj\/view?usp=sharing\" target=\"_blank\" rel=\"noreferrer noopener\">JORD\u00c3O, Clarissa Menezes; MARTINEZ, Juliana Zeggio.  Wines, Bottles, Crises: A Decolonial Perspective on Brazilian Higher Education. <strong>Rev. Bras. Lingu\u00edst. Apl<\/strong>., v. 21, n. 2, p. 1-28, 2021<\/a><\/p>\n\n\n\n<p><a href=\"https:\/\/drive.google.com\/file\/d\/1znRQk5Z08Hn4AxoVBvIzlHeCeVa1LkyN\/view?usp=sharing\" target=\"_blank\" rel=\"noreferrer noopener\">LIBERALI, Fernanda; SWANWICK, Ruth. Translanguaging as a Tool for Decolonizingn teractions in a Space for Confronting Inequalities. D.E.L.T.A., 36-3, p.1-26, 2020.<\/a><\/p>\n\n\n\n<p><a href=\"https:\/\/drive.google.com\/file\/d\/1PSSS9tti87GaGRv_cDkYzBJtTFXi1CN0\/view?usp=sharing\" target=\"_blank\" rel=\"noreferrer noopener\">LOSACCO, Jos\u00e9 Romero (org.).&nbsp;<strong>Pensar distinto, pensar de(s)colonial<\/strong>. 1. ed. Caracas &#8211; Venezuela: El perro y la rana, 2020. 226 p. ISBN 978-980-14-4733-7.<\/a><\/p>\n\n\n\n<p><a href=\"https:\/\/drive.google.com\/file\/d\/1XKY7zQPJN3TBlZhyJgCLv87oL0hPKsDd\/view?usp=sharing\" target=\"_blank\" rel=\"noreferrer noopener\">PREEZ, P. d.. On decolonisation and internationalisation of university curricula: What can we learn from Rosi Braidotti?. <strong>Journal of Education<\/strong>, Issue 74, p. 19-31, 2018. doi: http:\/\/dx.doi.org\/10.17159\/2520-9868\/i74a02.<\/a><\/p>\n\n\n\n<p> <a href=\"https:\/\/drive.google.com\/file\/d\/1JRLgqYMiFkFGnIYCgIhFnIcpp7wM7Hmt\/view?usp=sharing\" target=\"_blank\" rel=\"noreferrer noopener\">STENGERS, Isabelle. The cosmopolitical proposal.<\/a><\/p>\n\n\n\n<p><a href=\"https:\/\/drive.google.com\/file\/d\/1eFPG_n88ug6YQEaSK6mnujWXue5gl1yd\/view?usp=sharing\" target=\"_blank\" rel=\"noreferrer noopener\">TUCK, E.; YANG, K. W.. Decolonization is not a metaphor. <strong>Decolonization: Indigeneity, Education &amp; Society<\/strong>, Vol. 1, No. 1, pp. 1-\u00ad\u201040, 2012. <\/a><\/p>\n\n\n\n<p><\/p>\n","protected":false},"excerpt":{"rendered":"<p>O Decolonial Mate foi um grupo de estudos formado por pesquisadores e professores de diversas universidades, tanto do Brasil quanto do exterior, que se reuniam em videochamadas para discutir textos decoloniais. O nome do grupo tem um significado simb\u00f3lico: enquanto o caf\u00e9 \u00e9 historicamente associado \u00e0 coloniza\u00e7\u00e3o, o ch\u00e1 mate tem ra\u00edzes mais ligadas a [&hellip;]<\/p>\n","protected":false},"author":151,"featured_media":8187,"parent":4687,"menu_order":0,"comment_status":"closed","ping_status":"closed","template":"","meta":{"_bbp_topic_count":0,"_bbp_reply_count":0,"_bbp_total_topic_count":0,"_bbp_total_reply_count":0,"_bbp_voice_count":0,"_bbp_anonymous_reply_count":0,"_bbp_topic_count_hidden":0,"_bbp_reply_count_hidden":0,"_bbp_forum_subforum_count":0,"_uag_custom_page_level_css":"","footnotes":""},"class_list":["post-3889","page","type-page","status-publish","has-post-thumbnail","hentry"],"uagb_featured_image_src":{"full":["https:\/\/blog.ufes.br\/kyriafinardi\/files\/2025\/03\/1_nk0fDuEAvKP5N1Ju8MTmuw.jpg",512,240,false],"thumbnail":["https:\/\/blog.ufes.br\/kyriafinardi\/files\/2025\/03\/1_nk0fDuEAvKP5N1Ju8MTmuw-150x150.jpg",150,150,true],"medium":["https:\/\/blog.ufes.br\/kyriafinardi\/files\/2025\/03\/1_nk0fDuEAvKP5N1Ju8MTmuw-300x141.jpg",300,141,true],"medium_large":["https:\/\/blog.ufes.br\/kyriafinardi\/files\/2025\/03\/1_nk0fDuEAvKP5N1Ju8MTmuw.jpg",512,240,false],"large":["https:\/\/blog.ufes.br\/kyriafinardi\/files\/2025\/03\/1_nk0fDuEAvKP5N1Ju8MTmuw.jpg",512,240,false],"1536x1536":["https:\/\/blog.ufes.br\/kyriafinardi\/files\/2025\/03\/1_nk0fDuEAvKP5N1Ju8MTmuw.jpg",512,240,false],"2048x2048":["https:\/\/blog.ufes.br\/kyriafinardi\/files\/2025\/03\/1_nk0fDuEAvKP5N1Ju8MTmuw.jpg",512,240,false],"post-thumbnail":["https:\/\/blog.ufes.br\/kyriafinardi\/files\/2025\/03\/1_nk0fDuEAvKP5N1Ju8MTmuw.jpg",512,240,false]},"uagb_author_info":{"display_name":"carlos.hildeblando","author_link":"https:\/\/blog.ufes.br\/kyriafinardi\/author\/carlos_alberto-hildeblando-junior\/"},"uagb_comment_info":0,"uagb_excerpt":"O Decolonial Mate foi um grupo de estudos formado por pesquisadores e professores de diversas universidades, tanto do Brasil quanto do exterior, que se reuniam em videochamadas para discutir textos decoloniais. O nome do grupo tem um significado simb\u00f3lico: enquanto o caf\u00e9 \u00e9 historicamente associado \u00e0 coloniza\u00e7\u00e3o, o ch\u00e1 mate tem ra\u00edzes mais ligadas a&hellip;","_links":{"self":[{"href":"https:\/\/blog.ufes.br\/kyriafinardi\/wp-json\/wp\/v2\/pages\/3889","targetHints":{"allow":["GET"]}}],"collection":[{"href":"https:\/\/blog.ufes.br\/kyriafinardi\/wp-json\/wp\/v2\/pages"}],"about":[{"href":"https:\/\/blog.ufes.br\/kyriafinardi\/wp-json\/wp\/v2\/types\/page"}],"author":[{"embeddable":true,"href":"https:\/\/blog.ufes.br\/kyriafinardi\/wp-json\/wp\/v2\/users\/151"}],"replies":[{"embeddable":true,"href":"https:\/\/blog.ufes.br\/kyriafinardi\/wp-json\/wp\/v2\/comments?post=3889"}],"version-history":[{"count":65,"href":"https:\/\/blog.ufes.br\/kyriafinardi\/wp-json\/wp\/v2\/pages\/3889\/revisions"}],"predecessor-version":[{"id":8186,"href":"https:\/\/blog.ufes.br\/kyriafinardi\/wp-json\/wp\/v2\/pages\/3889\/revisions\/8186"}],"up":[{"embeddable":true,"href":"https:\/\/blog.ufes.br\/kyriafinardi\/wp-json\/wp\/v2\/pages\/4687"}],"wp:featuredmedia":[{"embeddable":true,"href":"https:\/\/blog.ufes.br\/kyriafinardi\/wp-json\/wp\/v2\/media\/8187"}],"wp:attachment":[{"href":"https:\/\/blog.ufes.br\/kyriafinardi\/wp-json\/wp\/v2\/media?parent=3889"}],"curies":[{"name":"wp","href":"https:\/\/api.w.org\/{rel}","templated":true}]}}