{"id":4535,"date":"2021-03-06T00:34:23","date_gmt":"2021-03-06T03:34:23","guid":{"rendered":"http:\/\/blog.ufes.br\/kyriafinardi\/?page_id=4535"},"modified":"2025-05-23T09:24:07","modified_gmt":"2025-05-23T12:24:07","slug":"academic-writing","status":"publish","type":"page","link":"https:\/\/blog.ufes.br\/kyriafinardi\/recursos-online-que-ajudam-a-aprender-idiomas\/academic-writing\/","title":{"rendered":"Escrita Acad\u00eamica"},"content":{"rendered":"\n<p>Aqui voc\u00ea encontrar\u00e1 recursos e bibliografia que o ajudar\u00e3o na sua escrita acad\u00eamica.<\/p>\n\n\n\n<div class=\"wp-block-media-text is-stacked-on-mobile\" style=\"grid-template-columns:15% auto\"><figure class=\"wp-block-media-text__media\"><img loading=\"lazy\" decoding=\"async\" width=\"785\" height=\"787\" src=\"https:\/\/blog.ufes.br\/kyriafinardi\/files\/2025\/05\/Temas-e-atividades-6.jpg\" alt=\"\" class=\"wp-image-8599 size-full\" srcset=\"https:\/\/blog.ufes.br\/kyriafinardi\/files\/2025\/05\/Temas-e-atividades-6.jpg 785w, https:\/\/blog.ufes.br\/kyriafinardi\/files\/2025\/05\/Temas-e-atividades-6-300x300.jpg 300w, https:\/\/blog.ufes.br\/kyriafinardi\/files\/2025\/05\/Temas-e-atividades-6-150x150.jpg 150w, https:\/\/blog.ufes.br\/kyriafinardi\/files\/2025\/05\/Temas-e-atividades-6-768x770.jpg 768w, https:\/\/blog.ufes.br\/kyriafinardi\/files\/2025\/05\/Temas-e-atividades-6-624x626.jpg 624w\" sizes=\"auto, (max-width: 785px) 100vw, 785px\" \/><\/figure><div class=\"wp-block-media-text__content\">\n<figure class=\"wp-block-embed is-type-wp-embed is-provider-kyria-finardi wp-block-embed-kyria-finardi\"><div class=\"wp-block-embed__wrapper\">\n<blockquote class=\"wp-embedded-content\" data-secret=\"XlUPEwhwUX\"><a href=\"https:\/\/blog.ufes.br\/kyriafinardi\/recursos-online-que-ajudam-a-aprender-idiomas\/academic-writing\/videos-orientacoes-busca-em-bd\/\">V\u00eddeos &#8211; Orienta\u00e7\u00f5es busca em BD<\/a><\/blockquote><iframe loading=\"lazy\" class=\"wp-embedded-content\" sandbox=\"allow-scripts\" security=\"restricted\" style=\"position: absolute; visibility: hidden;\" title=\"&#8220;V\u00eddeos &#8211; Orienta\u00e7\u00f5es busca em BD&#8221; &#8212; Kyria Finardi\" src=\"https:\/\/blog.ufes.br\/kyriafinardi\/recursos-online-que-ajudam-a-aprender-idiomas\/academic-writing\/videos-orientacoes-busca-em-bd\/embed\/#?secret=dQURwY1hg8#?secret=XlUPEwhwUX\" data-secret=\"XlUPEwhwUX\" width=\"600\" height=\"338\" frameborder=\"0\" marginwidth=\"0\" marginheight=\"0\" scrolling=\"no\"><\/iframe>\n<\/div><\/figure>\n<\/div><\/div>\n\n\n\n<p class=\"has-white-color has-text-color\">&#8230;C<\/p>\n\n\n\n<div class=\"wp-block-media-text alignwide is-stacked-on-mobile\" style=\"grid-template-columns:23% auto\"><figure class=\"wp-block-media-text__media\"><a href=\"dicas de seguran\u00e7a online (STI\/UFES)\" target=\"_blank\" rel=\"noopener\"><img decoding=\"async\" src=\"https:\/\/www.saberviver.pt\/wp-content\/uploads\/2018\/11\/seguranca-internet.jpg\" alt=\"Seguran\u00e7a na internet: dicas para navegar sem problemas\" \/><\/a><\/figure><div class=\"wp-block-media-text__content\">\n<p>Clicar aqui para:&nbsp;<a rel=\"noreferrer noopener\" href=\"https:\/\/drive.google.com\/file\/d\/1kFMnGH8xhHdyBWis5oWJ5sfuhFYUKMBS\/view?usp=sharing\" target=\"_blank\">dicas de seguran\u00e7a online (STI\/UFES)<\/a>.<\/p>\n<\/div><\/div>\n\n\n\n<p class=\"has-white-color has-text-color\">&#8230;<\/p>\n\n\n\n<div class=\"wp-block-media-text alignwide is-stacked-on-mobile\" style=\"grid-template-columns:23% auto\"><figure class=\"wp-block-media-text__media\"><a href=\"http:\/\/www.ref-n-write.com\/trial\/research-paper-example-writing-abstract-section-academic-phrasebank-vocabulary\/\" target=\"_blank\" rel=\"noopener\"><img decoding=\"async\" src=\"https:\/\/www.ref-n-write.com\/trial\/wp-content\/uploads\/2015\/04\/logo.png\" alt=\"Ref-n-Write: Scientific Research Paper Writing Software Tool - Improve Academic English Writing Skills\" \/><\/a><\/figure><div class=\"wp-block-media-text__content\">\n<p>Frases acad\u00eamicas para escrita de resumos &#8211;<strong> <\/strong><a rel=\"noreferrer noopener\" href=\"http:\/\/www.ref-n-write.com\/trial\/research-paper-example-writing-abstract-section-academic-phrasebank-vocabulary\/\" target=\"_blank\"> http:\/\/www.ref-n-write.com\/trial\/research-paper-example-writing-abstract-section-academic-phrasebank-vocabulary\/<\/a><\/p>\n<\/div><\/div>\n\n\n\n<p class=\"has-white-color has-text-color\">&#8230;<\/p>\n\n\n\n<div class=\"wp-block-media-text alignwide is-stacked-on-mobile\" style=\"grid-template-columns:23% auto\"><figure class=\"wp-block-media-text__media\"><a href=\"https:\/\/libguides.coventry.ac.uk\/apa\" target=\"_blank\" rel=\"noopener\"><img decoding=\"async\" src=\"https:\/\/blog.springshare.com\/wp-content\/uploads\/2013\/06\/libguides-icon.png\" alt=\"Essential LibGuides and Ones You Didn't Know You Needed | Springshare Blog\" \/><\/a><\/figure><div class=\"wp-block-media-text__content\">\n<p>Guia refer\u00eancias APA (Coventry University): <a rel=\"noreferrer noopener\" href=\"https:\/\/libguides.coventry.ac.uk\/apa\" target=\"_blank\">https:\/\/libguides.coventry.ac.uk\/apa<\/a><\/p>\n<\/div><\/div>\n\n\n\n<div class=\"wp-block-media-text alignwide is-stacked-on-mobile\" style=\"grid-template-columns:23% auto\"><figure class=\"wp-block-media-text__media\"><a href=\"https:\/\/www.coventry.ac.uk\/study-at-coventry\/student-support\/academic-support\/centre-for-academic-writing\/?theme=main\" target=\"_blank\" rel=\"noopener\"><img decoding=\"async\" src=\"https:\/\/yt3.ggpht.com\/a\/AATXAJzzfA981RHFH7iUDU0Y72g18YkVLPLWLqgXV9EG1g=s900-c-k-c0x00ffffff-no-rj\" alt=\"Coventry University - YouTube\" \/><\/a><\/figure><div class=\"wp-block-media-text__content\">\n<p> Centro de escrita acad\u00eamica da Universidade de Coventry <a rel=\"noreferrer noopener\" href=\"https:\/\/www.coventry.ac.uk\/study-at-coventry\/student-support\/academic-support\/centre-for-academic-writing\/?theme=main\" target=\"_blank\">https:\/\/www.coventry.ac.uk\/study-at-coventry\/student-support\/academic-support\/centre-for-academic-writing\/?theme=main<\/a><\/p>\n<\/div><\/div>\n\n\n\n<p class=\"has-white-color has-text-color\">&#8230;.<\/p>\n\n\n\n<div class=\"wp-block-media-text alignwide is-stacked-on-mobile is-vertically-aligned-center\" style=\"grid-template-columns:23% auto\"><figure class=\"wp-block-media-text__media\"><a href=\"http:\/\/cienciadotreinamento.com.br\/usp-disponibiliza-material-gratuito-ensinando-a-escrever-artigo-cientifico\/\" target=\"_blank\" rel=\"noopener\"><img decoding=\"async\" src=\"http:\/\/cienciadotreinamento.com.br\/wp-content\/themes\/cdtnew\/images\/logo.png\" alt=\"\" \/><\/a><\/figure><div class=\"wp-block-media-text__content\">\n<p id=\"usp-state-university-of-sao-paulo-makes-available-some-free-material-on-how-to-write-scientific-papers\">USP (Universidade de S\u00e3o Paulo) disponibiliza material sobre como escrever artigos cient\u00edficos <a rel=\"noreferrer noopener\" href=\"http:\/\/cienciadotreinamento.com.br\/usp-disponibiliza-material-gratuito-ensinando-a-escrever-artigo-cientifico\/\" target=\"_blank\">http:\/\/cienciadotreinamento.com.br\/usp-disponibiliza-material-gratuito-ensinando-a-escrever-artigo-cientifico\/<\/a><\/p>\n<\/div><\/div>\n\n\n\n<div class=\"wp-block-media-text alignwide is-stacked-on-mobile\" style=\"grid-template-columns:24% auto\"><figure class=\"wp-block-media-text__media\"><a href=\"https:\/\/www.edx.org\/course\/toefl-test-preparation-the-insiders-guide#\" target=\"_blank\" rel=\"noopener\"><img decoding=\"async\" src=\"https:\/\/prod-discovery.edx-cdn.org\/organization\/logos\/9d9e1a30-c34d-4ad1-8c5a-d2410db8c123-e81ff505f3ce.png\" alt=\"Educational Testing Service Logo\" \/><\/a><\/figure><div class=\"wp-block-media-text__content\">\n<p id=\"toefl-test-preparation-the-insider-s-guide\">Prepara\u00e7\u00e3o para o teste TOEFL<br><a rel=\"noreferrer noopener\" href=\"https:\/\/www.edx.org\/course\/toefl-test-preparation-the-insiders-guide#\" target=\"_blank\">https:\/\/www.edx.org\/course\/toefl-test-preparation-the-insiders-guide#<\/a><\/p>\n<\/div><\/div>\n\n\n\n<div class=\"wp-block-media-text alignwide is-stacked-on-mobile\" style=\"grid-template-columns:24% auto\"><figure class=\"wp-block-media-text__media\"><a href=\"https:\/\/www.wgtn.ac.nz\/lals\/resources\/academicwordlist\" target=\"_blank\" rel=\"noopener\"><img loading=\"lazy\" decoding=\"async\" width=\"307\" height=\"104\" src=\"https:\/\/blog.ufes.br\/kyriafinardi\/files\/2021\/03\/image-23.png\" alt=\"\" class=\"wp-image-4852 size-full\" \/><\/a><\/figure><div class=\"wp-block-media-text__content\">\n<p id=\"the-academic-word-list\">Lista de palavras para uso acad\u00eamico (Universidade de Wellington).<br><a rel=\"noreferrer noopener\" href=\"https:\/\/www.wgtn.ac.nz\/lals\/resources\/academicwordlist\" target=\"_blank\">https:\/\/www.wgtn.ac.nz\/lals\/resources\/academicwordlist<\/a><\/p>\n<\/div><\/div>\n\n\n\n<div class=\"wp-block-media-text alignwide is-stacked-on-mobile\" style=\"grid-template-columns:24% auto\"><figure class=\"wp-block-media-text__media\"><a href=\"https:\/\/www.engvid.com\/12-common-errors-in-academic-english\/\" target=\"_blank\" rel=\"noopener\"><img decoding=\"async\" src=\"https:\/\/www.engvid.com\/wp-content\/themes\/engvid2\/images\/engvid.png\" alt=\"engVid - Free English Video Lessons\" \/><\/a><\/figure><div class=\"wp-block-media-text__content\">\n<p id=\"12-common-errors-in-academic-english-and-how-to-fix-them\">12 Erros comuns no Ingl\u00eas Acad\u00eamico \u2013 e como consert\u00e1-los! <a rel=\"noreferrer noopener\" href=\"https:\/\/www.engvid.com\/12-common-errors-in-academic-english\/\" target=\"_blank\">https:\/\/www.engvid.com\/12-common-errors-in-academic-english\/<\/a>.<\/p>\n<\/div><\/div>\n\n\n\n<h2 class=\"wp-block-heading\" id=\"bibliography\">Bibliografia<\/h2>\n\n\n\n<h3 class=\"wp-block-heading\" id=\"articles\">Artigos<\/h3>\n\n\n\n<ul class=\"wp-block-list\">\n<li><a href=\"https:\/\/drive.google.com\/file\/d\/1d6pdaYMtmJBm_facqqwCycBzi6wotBNY\/view?usp=sharing\" target=\"_blank\" rel=\"noreferrer noopener\">JALONGO, Mary Renck; SARACHO, Olivia N.\u00a0<strong>Writing for Publication<\/strong>: Transitions and Tools that Support Scholars\u2019 Success. Indiana , PA , USA: Springer, 2016. 315 p. ISBN 978-3-319-31650-5.<\/a><\/li>\n<\/ul>\n\n\n\n<ul class=\"wp-block-list\">\n<li>LI, Yongyan; FLOWERDEW, John. <strong>Teaching English for Research Publication Purposes (ERPP): A review of language teachers\u2019 pedagogical initiatives. Elsevier,v. 59, p.<\/strong> 29-41. 2020. <a href=\"https:\/\/doi.org\/10.1016\/j.esp.2020.03.002\" target=\"_blank\" rel=\"noreferrer noopener\">https:\/\/doi.org\/10.1016\/j.esp.2020.03.002<\/a>. Dispon\u00edvel em: <a href=\"https:\/\/www.sciencedirect.com\/science\/article\/abs\/pii\/S0889490620300156\" target=\"_blank\" rel=\"noreferrer noopener\">https:\/\/www.sciencedirect.com\/science\/article\/abs\/pii\/S0889490620300156<\/a>.<\/li>\n<\/ul>\n\n\n\n<h3 class=\"wp-block-heading\" id=\"books\">Livros<\/h3>\n\n\n\n<ul class=\"wp-block-list\">\n<li><a href=\"https:\/\/drive.google.com\/file\/d\/1eIW-q4BtAHQNv65MAKiy-_-urlPBaW2V\/view?usp=sharing\" target=\"_blank\" rel=\"noreferrer noopener\">APOLLIN\u00c1RIO, Fabr\u00edcio.\u00a0<strong>Metodologia da ci\u00eancia<\/strong>: Filosofia e Pr\u00e1tica da Pesquisa. 2. ed. S\u00e3o Paulo: Cengage Learning, 2012. 226 p. ISBN 13 978-85-221-1471-9.<\/a><\/li>\n<\/ul>\n\n\n\n<ul class=\"wp-block-list\">\n<li><a href=\"https:\/\/drive.google.com\/file\/d\/1uJMEMn4sP5rRVetux_f1ztdAPj1VpY1O\/view?usp=sharing\" target=\"_blank\" rel=\"noreferrer noopener\">BOTELHO, Joacy Machado; CRUZ, Vilma Aparecida Gimenes da.\u00a0<strong>Metodologia cient\u00edfica<\/strong>. S\u00e3o Paulo: Metodologia cient\u00edfica, 2013. 140 p. ISBN 978-85-430-0006-0.<\/a><\/li>\n<\/ul>\n\n\n\n<ul class=\"wp-block-list\">\n<li><a href=\"https:\/\/drive.google.com\/file\/d\/1Pa6G8klEVL_ZwctJ-fFoiFVAwS5QbkGj\/view?usp=sharing\" target=\"_blank\" rel=\"noreferrer noopener\">BRYMAN, Alan.\u00a0<strong>Social research methods<\/strong>. 4. ed. New York: Oxford University Press, 2012. 766 p. ISBN 978\u20130\u201319\u2013958805\u20133.<\/a><\/li>\n<\/ul>\n\n\n\n<ul class=\"wp-block-list\">\n<li><a href=\"https:\/\/drive.google.com\/file\/d\/14KfG-OYHsfJrcMlygIRgA5ymyZ3lBBSH\/view?usp=sharing\" target=\"_blank\" rel=\"noreferrer noopener\">CRESWELL, John W.\u00a0<strong>PROJETO DE PESQUISA<\/strong>: M\u00e9todos qualitativo, quantitativo e misto. 2. ed. Porto Alegre: Artmed, 2007. 248 p. ISBN 0-7619-2442-6.<\/a><\/li>\n<\/ul>\n\n\n\n<ul class=\"wp-block-list\">\n<li><a href=\"https:\/\/drive.google.com\/file\/d\/1u__PD34Nx6BE4Q2Z6j0GKKIy2ArOYHGe\/view?usp=sharing\" target=\"_blank\" rel=\"noreferrer noopener\">CRESWELL, John W.\u00a0<strong>Projeto de pesquisa<\/strong>: m\u00e9todos qualitativo, quantitativo e misto. 3. ed. Porto Alegre: SAGE, 2010. 296 p. ISBN 978-85-363-2300-8.<\/a><\/li>\n<\/ul>\n\n\n\n<ul class=\"wp-block-list\">\n<li><a href=\"https:\/\/drive.google.com\/file\/d\/1M0SsptEkUDHypxpJCUBNo_S2ccwaGWch\/view?usp=sharing\" target=\"_blank\" rel=\"noreferrer noopener\">DEMO, Pedro.\u00a0<strong>Metodologia Cient\u00edfica em Ci\u00eancias Sociais<\/strong>. 3. ed. S\u00e3o Paulo: EDITORA ATLAS S.A., 1995. 293 p. ISBN 85-224-1241-3.<\/a><\/li>\n<\/ul>\n\n\n\n<ul class=\"wp-block-list\">\n<li><a href=\"https:\/\/drive.google.com\/file\/d\/1WNHLfatCh_U52qojKqRzLs2Yi0GF9K45\/view?usp=sharing\" target=\"_blank\" rel=\"noreferrer noopener\">DENZIN, Norman K.; LINCOLN, Yvonna S. (ed.).\u00a0<strong>The SAGE Handbook of Qualitative Research<\/strong>. 5. ed. Los Angeles | London | New Delhi | Singapore | Washington DC | Melbourne: SAGE, 2018. 1694 p. ISBN 978-1-4833-4980-0.<\/a><\/li>\n<\/ul>\n\n\n\n<ul class=\"wp-block-list\">\n<li><a href=\"https:\/\/drive.google.com\/file\/d\/1BUrc7C34-w8PPlQfTItaSrIbihvPEqOJ\/view?usp=sharing\" target=\"_blank\" rel=\"noreferrer noopener\">FLICK, Uwe.\u00a0<strong>Introdu\u00e7\u00e3o \u00e0 Metodologia de Pesquisa<\/strong>: um guia para iniciantes. Porto Alegre: Penso, 2013. 256 p. ISBN 978-85-65848-08-4.<\/a><\/li>\n<\/ul>\n\n\n\n<ul class=\"wp-block-list\">\n<li><a href=\"https:\/\/drive.google.com\/file\/d\/1vpTiBMg9F1M1GyE7ubmzFrN49i4WGVI-\/view?usp=sharing\" target=\"_blank\" rel=\"noreferrer noopener\">GAISER, Ted J.; SCHREINER, Anthony E.\u00a0<strong>A Guide to Conducting Online Research<\/strong>. Los Angeles | London | New Delhi | Singapore | Washington DC: SAGE, 2009. 177 p.<\/a><\/li>\n<\/ul>\n\n\n\n<ul class=\"wp-block-list\">\n<li><a href=\"https:\/\/drive.google.com\/file\/d\/15NOWelbmvmrfGzo0nb-RutDxa3QEYgPM\/view?usp=sharing\" target=\"_blank\" rel=\"noreferrer noopener\">GIL, Ant\u00f4nio Carlos.\u00a0<strong>Como Elaborar Projetos de Pesquisa<\/strong>. 4. ed. S\u00e3o Paulo: EDITORA ATLAS S.A., 2002. 176 p. ISBN 85-224-3169-8.<\/a><\/li>\n<\/ul>\n\n\n\n<ul class=\"wp-block-list\">\n<li><a href=\"https:\/\/drive.google.com\/file\/d\/1bA4VbTdRFhNZimMcz4tGJyaoiVRQNr5U\/view?usp=sharing\" target=\"_blank\" rel=\"noreferrer noopener\">GIL, Antonio Carlos.\u00a0<strong>M\u00e9todos e t\u00e9cnicas de pesquisa social<\/strong>. 6. ed. S\u00e3o Paulo: EDITORA ATLAS S.A., 2008. 201 p.<\/a><\/li>\n<\/ul>\n\n\n\n<ul class=\"wp-block-list\">\n<li><a href=\"https:\/\/drive.google.com\/file\/d\/1iK4ZWe3OiMRIx0E_CPrWXcv7ZAj6WFbn\/view?usp=sharing\" target=\"_blank\" rel=\"noreferrer noopener\">HARDY, Melissa; BRYMAN, Alan (ed.).\u00a0<strong>Handbook of Data Analysis<\/strong>. Los Angeles | London | New Delhi | Singapore | Washington DC: SAGE, 2009. 729 p.<\/a><\/li>\n<\/ul>\n\n\n\n<ul class=\"wp-block-list\">\n<li><a href=\"https:\/\/drive.google.com\/file\/d\/1DaD8581DYXnaY3f9Z5o3zBxo-aLFtwVa\/view?usp=sharing\" target=\"_blank\" rel=\"noreferrer noopener\">HINE, CHRISTINE.\u00a0<strong>Virtual Ethnography<\/strong>. London \/ Thousand Oaks \/ New Delhi: SAGE Publications, 2000. 179 p. ISBN 0 7619 5895 9.<\/a><\/li>\n<\/ul>\n\n\n\n<ul class=\"wp-block-list\">\n<li><a href=\"https:\/\/drive.google.com\/file\/d\/1_wiP2n6P3ir4sceZ0Pr0OTpCWUvDrwUL\/view?usp=sharing\" target=\"_blank\" rel=\"noreferrer noopener\">KERLINGER, Fred Nichols.\u00a0<strong>Metodologia da Pesquisa em Ci\u00eancias Sociais<\/strong>: Um tratamento conceituai. S\u00e3o Paulo: E.P.U., 2007. 379 p. ISBN 978-85-12-60340-7.<\/a><\/li>\n<\/ul>\n\n\n\n<ul class=\"wp-block-list\">\n<li><a href=\"https:\/\/drive.google.com\/file\/d\/1YEEPEJx14u3Y7VzJ91Jbf1JgPUhE-42u\/view?usp=sharing\" target=\"_blank\" rel=\"noreferrer noopener\">KOZINETS, Robert V.\u00a0<strong>Netnography<\/strong>: Redefined. 2. ed. London \/ Thousand Oaks \/ New Delhi: SAGE, 2015. ISBN 978-1-4462-8574-9.<\/a><\/li>\n<\/ul>\n\n\n\n<ul class=\"wp-block-list\">\n<li><a href=\"https:\/\/drive.google.com\/file\/d\/1ECLWEMkgeCKJQD9PyPlqKV9T5HwAX0lu\/view?usp=sharing\" target=\"_blank\" rel=\"noreferrer noopener\">MARCONI, Marina de Andrade; LAKATOS, Eva Maria.\u00a0<strong>Fundamentos de metodologia cient\u00edfica<\/strong>. 8. ed. S\u00e3o Paulo: Atlas, 2017. ISBN 978-85-970-1076-3.<\/a><\/li>\n<\/ul>\n\n\n\n<ul class=\"wp-block-list\">\n<li><a href=\"https:\/\/drive.google.com\/file\/d\/1oiol57-Hx9Uw0KQg_FWznrHTSnJ47uCK\/view?usp=sharing\" target=\"_blank\" rel=\"noreferrer noopener\">MARCONI, Marina de Andrade; LAKATOS, Eva Maria.\u00a0<strong>Fundamentos de metodologia cient\u00edfica<\/strong>. 5. ed. S\u00e3o Paulo: Atlas, 2003. 312 p. ISBN 85-224-3397-6.<\/a><\/li>\n<\/ul>\n\n\n\n<ul class=\"wp-block-list\">\n<li><a href=\"https:\/\/drive.google.com\/file\/d\/1FC0lzqjCo_YsdNUsTyjRB-ixmTg9KbES\/view?usp=sharing\" target=\"_blank\" rel=\"noreferrer noopener\">PRODANOV, Cleber Cristiano; FREITAS, Ernani Cesar de.\u00a0<strong>Metodologia do Trabalho Cient\u00edfico<\/strong>: M\u00e9todos e T\u00e9cnicas da Pesquisa e do Trabalho Acad\u00eamico. 2. ed. Novo Hamburgo: EDITORA FEEVALE, 2013. 276 p. ISBN 978-85-7717-158-3.<\/a><\/li>\n<\/ul>\n\n\n\n<ul class=\"wp-block-list\">\n<li><a href=\"https:\/\/drive.google.com\/file\/d\/1vpFrIbKcat_6NsCINfbKQAik1s7A05_T\/view?usp=sharing\" target=\"_blank\" rel=\"noreferrer noopener\">SAMPIERI, Roberto Hern\u00e1ndez; COLLADO, Carlos Fern\u00e1ndez; LUCIO, Mar\u00eda Del Pilar Baptista.\u00a0<strong>Metodologia de Pesquisa<\/strong>. 5. ed. Porto Alegre: Penso, 2013. 624 p. ISBN 978-85-65848-36-7.<\/a><\/li>\n<\/ul>\n","protected":false},"excerpt":{"rendered":"<p>Aqui voc\u00ea encontrar\u00e1 recursos e bibliografia que o ajudar\u00e3o na sua escrita acad\u00eamica. &#8230;C Clicar aqui para:&nbsp;dicas de seguran\u00e7a online (STI\/UFES). &#8230; Frases acad\u00eamicas para escrita de resumos &#8211; http:\/\/www.ref-n-write.com\/trial\/research-paper-example-writing-abstract-section-academic-phrasebank-vocabulary\/ &#8230; Guia refer\u00eancias APA (Coventry University): https:\/\/libguides.coventry.ac.uk\/apa Centro de escrita acad\u00eamica da Universidade de Coventry https:\/\/www.coventry.ac.uk\/study-at-coventry\/student-support\/academic-support\/centre-for-academic-writing\/?theme=main &#8230;. USP (Universidade de S\u00e3o Paulo) disponibiliza material sobre [&hellip;]<\/p>\n","protected":false},"author":151,"featured_media":0,"parent":2189,"menu_order":0,"comment_status":"closed","ping_status":"closed","template":"","meta":{"_bbp_topic_count":0,"_bbp_reply_count":0,"_bbp_total_topic_count":0,"_bbp_total_reply_count":0,"_bbp_voice_count":0,"_bbp_anonymous_reply_count":0,"_bbp_topic_count_hidden":0,"_bbp_reply_count_hidden":0,"_bbp_forum_subforum_count":0,"_uag_custom_page_level_css":"","footnotes":""},"class_list":["post-4535","page","type-page","status-publish","hentry"],"uagb_featured_image_src":{"full":false,"thumbnail":false,"medium":false,"medium_large":false,"large":false,"1536x1536":false,"2048x2048":false,"post-thumbnail":false},"uagb_author_info":{"display_name":"carlos.hildeblando","author_link":"https:\/\/blog.ufes.br\/kyriafinardi\/author\/carlos_alberto-hildeblando-junior\/"},"uagb_comment_info":0,"uagb_excerpt":"Aqui voc\u00ea encontrar\u00e1 recursos e bibliografia que o ajudar\u00e3o na sua escrita acad\u00eamica. &#8230;C Clicar aqui para:&nbsp;dicas de seguran\u00e7a online (STI\/UFES). &#8230; Frases acad\u00eamicas para escrita de resumos &#8211; http:\/\/www.ref-n-write.com\/trial\/research-paper-example-writing-abstract-section-academic-phrasebank-vocabulary\/ &#8230; Guia refer\u00eancias APA (Coventry University): https:\/\/libguides.coventry.ac.uk\/apa Centro de escrita acad\u00eamica da Universidade de Coventry https:\/\/www.coventry.ac.uk\/study-at-coventry\/student-support\/academic-support\/centre-for-academic-writing\/?theme=main &#8230;. USP (Universidade de S\u00e3o Paulo) disponibiliza material sobre&hellip;","_links":{"self":[{"href":"https:\/\/blog.ufes.br\/kyriafinardi\/wp-json\/wp\/v2\/pages\/4535","targetHints":{"allow":["GET"]}}],"collection":[{"href":"https:\/\/blog.ufes.br\/kyriafinardi\/wp-json\/wp\/v2\/pages"}],"about":[{"href":"https:\/\/blog.ufes.br\/kyriafinardi\/wp-json\/wp\/v2\/types\/page"}],"author":[{"embeddable":true,"href":"https:\/\/blog.ufes.br\/kyriafinardi\/wp-json\/wp\/v2\/users\/151"}],"replies":[{"embeddable":true,"href":"https:\/\/blog.ufes.br\/kyriafinardi\/wp-json\/wp\/v2\/comments?post=4535"}],"version-history":[{"count":59,"href":"https:\/\/blog.ufes.br\/kyriafinardi\/wp-json\/wp\/v2\/pages\/4535\/revisions"}],"predecessor-version":[{"id":8601,"href":"https:\/\/blog.ufes.br\/kyriafinardi\/wp-json\/wp\/v2\/pages\/4535\/revisions\/8601"}],"up":[{"embeddable":true,"href":"https:\/\/blog.ufes.br\/kyriafinardi\/wp-json\/wp\/v2\/pages\/2189"}],"wp:attachment":[{"href":"https:\/\/blog.ufes.br\/kyriafinardi\/wp-json\/wp\/v2\/media?parent=4535"}],"curies":[{"name":"wp","href":"https:\/\/api.w.org\/{rel}","templated":true}]}}