{"id":4814,"date":"2021-03-10T20:08:40","date_gmt":"2021-03-10T23:08:40","guid":{"rendered":"http:\/\/blog.ufes.br\/kyriafinardi\/?page_id=4814"},"modified":"2022-08-18T07:58:57","modified_gmt":"2022-08-18T10:58:57","slug":"ingles-sites-sugeridos-apoio-aprendizado-e-uso-de-idiomas","status":"publish","type":"page","link":"https:\/\/blog.ufes.br\/kyriafinardi\/recursos-online-que-ajudam-a-aprender-idiomas\/sites-sugeridos-apoio-ao-aprendizado-e-uso-de-idiomas\/ingles-sites-sugeridos-apoio-aprendizado-e-uso-de-idiomas\/","title":{"rendered":"Ingl\u00eas (Sites sugeridos \u2013 Apoio aprendizado e uso de idiomas)"},"content":{"rendered":"\n<p>Aqui voc\u00ea encontrar\u00e1 sites com recursos para o aprendizado da l\u00edngua inglesa.&nbsp;<strong>Clique na imagem ou no nome ao lado para acess\u00e1-los<\/strong>:<\/p>\n\n\n\n<p class=\"has-white-color has-text-color\">&#8230;.<\/p>\n\n\n\n<div class=\"wp-block-media-text alignwide is-stacked-on-mobile\"><figure class=\"wp-block-media-text__media\"><img loading=\"lazy\" decoding=\"async\" width=\"500\" height=\"142\" src=\"https:\/\/blog.ufes.br\/kyriafinardi\/files\/2022\/08\/ZenGengo.png\" alt=\"\" class=\"wp-image-7477 size-full\" srcset=\"https:\/\/blog.ufes.br\/kyriafinardi\/files\/2022\/08\/ZenGengo.png 500w, https:\/\/blog.ufes.br\/kyriafinardi\/files\/2022\/08\/ZenGengo-300x85.png 300w\" sizes=\"auto, (max-width: 500px) 100vw, 500px\" \/><\/figure><div class=\"wp-block-media-text__content\">\n<p><strong><a href=\"https:\/\/www.zengengo.com\/lesson-library\" target=\"_blank\" rel=\"noreferrer noopener\">ZenGengo Lesson Library<\/a><\/strong><\/p>\n<\/div><\/div>\n\n\n\n<p><\/p>\n\n\n\n<div class=\"wp-block-media-text alignwide is-stacked-on-mobile\"><figure class=\"wp-block-media-text__media\"><a href=\"https:\/\/www.engvid.com\/12-common-errors-in-academic-english\/\" target=\"_blank\" rel=\"noopener\"><img decoding=\"async\" src=\"https:\/\/www.engvid.com\/wp-content\/themes\/engvid2\/images\/engvid.png\" alt=\"engVid - Free English Video Lessons\" \/><\/a><\/figure><div class=\"wp-block-media-text__content\">\n<h4 class=\"wp-block-heading\"><a href=\"https:\/\/www.engvid.com\/12-common-errors-in-academic-english\/\" target=\"_blank\" rel=\"noreferrer noopener\">12 Common Errors in Academic English \u2013 and how to fix them!<\/a><\/h4>\n\n\n\n<p>V\u00eddeo sobre os &#8220;12 erros mais comuns em <em>Ingl\u00eas<\/em> Acad\u00eamico&#8221;<\/p>\n<\/div><\/div>\n\n\n\n<p class=\"has-white-color has-text-color\">&#8230;.<br>&#8230;.<\/p>\n\n\n\n<div class=\"wp-block-media-text alignwide is-stacked-on-mobile\" style=\"grid-template-columns:33% auto\"><figure class=\"wp-block-media-text__media\"><a href=\"http:\/\/www.ref-n-write.com\/trial\/research-paper-example-writing-abstract-section-academic-phrasebank-vocabulary\/\" target=\"_blank\" rel=\"noopener\"><img decoding=\"async\" src=\"https:\/\/www.ref-n-write.com\/trial\/wp-content\/uploads\/2015\/04\/logo.png\" alt=\"Ref-n-Write: Scientific Research Paper Writing Software Tool - Improve Academic English Writing Skills\" \/><\/a><\/figure><div class=\"wp-block-media-text__content\">\n<h4 class=\"wp-block-heading\"><a href=\"http:\/\/www.ref-n-write.com\/trial\/research-paper-example-writing-abstract-section-academic-phrasebank-vocabulary\/\" target=\"_blank\" rel=\"noreferrer noopener\">Academic Phrases for Writing Abstract Section of a Research Paper<\/a><\/h4>\n\n\n\n<p>Site de Ingl\u00eas para escrita de artigos cient\u00edficos.<\/p>\n<\/div><\/div>\n\n\n\n<p class=\"has-white-color has-text-color\">&#8230;.<\/p>\n\n\n\n<div class=\"wp-block-media-text alignwide is-stacked-on-mobile\" style=\"grid-template-columns:46% auto\"><figure class=\"wp-block-media-text__media\"><a href=\"https:\/\/www.examenglish.com\/\" target=\"_blank\" rel=\"noopener\"><img loading=\"lazy\" decoding=\"async\" width=\"232\" height=\"55\" src=\"https:\/\/blog.ufes.br\/kyriafinardi\/files\/2021\/03\/image-15.png\" alt=\"\" class=\"wp-image-4817 size-full\" \/><\/a><\/figure><div class=\"wp-block-media-text__content\">\n<h4 class=\"wp-block-heading\"><a href=\"https:\/\/www.examenglish.com\/\" target=\"_blank\" rel=\"noreferrer noopener\">Exam English Home Page<\/a><\/h4>\n\n\n\n<p>Site disponibiliza testes gratuitos de exames famosos de profici\u00eancia em&nbsp;<em>Ingl\u00eas<\/em>.<\/p>\n<\/div><\/div>\n\n\n\n<p class=\"has-white-color has-text-color\">&#8230;.<br>&#8230;.<\/p>\n\n\n\n<p><strong>P\u00e1gina de empregos para candidatos com Certifica\u00e7\u00e3o Internacional em <em>Ingl\u00eas<\/em><\/strong><\/p>\n\n\n\n<p><a rel=\"noreferrer noopener\" aria-label=\" (abre numa nova aba)\" href=\"http:\/\/www.mastertestvagas.com.br\/\" target=\"_blank\">http:\/\/www.mastertestvagas.com.br\/<\/a><\/p>\n\n\n\n<p class=\"has-white-color has-text-color\">&#8230;..<br>&#8230;.<\/p>\n\n\n\n<div class=\"wp-block-media-text alignwide is-stacked-on-mobile\"><figure class=\"wp-block-media-text__media\"><a href=\"https:\/\/www.wgtn.ac.nz\/lals\/resources\/academicwordlist\" target=\"_blank\" rel=\"noopener\"><img loading=\"lazy\" decoding=\"async\" width=\"307\" height=\"104\" src=\"https:\/\/blog.ufes.br\/kyriafinardi\/files\/2021\/03\/image-23.png\" alt=\"\" class=\"wp-image-4852 size-full\" \/><\/a><\/figure><div class=\"wp-block-media-text__content\">\n<h4 class=\"wp-block-heading\"><a href=\"https:\/\/www.wgtn.ac.nz\/lals\/resources\/academicwordlist\" target=\"_blank\" rel=\"noreferrer noopener\">The Academic Word List<\/a><\/h4>\n\n\n\n<p>Lista de Palavras para uso em contexto Acad\u00eamico (University of Wellington).<\/p>\n<\/div><\/div>\n","protected":false},"excerpt":{"rendered":"<p>Aqui voc\u00ea encontrar\u00e1 sites com recursos para o aprendizado da l\u00edngua inglesa.&nbsp;Clique na imagem ou no nome ao lado para acess\u00e1-los: &#8230;. ZenGengo Lesson Library 12 Common Errors in Academic English \u2013 and how to fix them! V\u00eddeo sobre os &#8220;12 erros mais comuns em Ingl\u00eas Acad\u00eamico&#8221; &#8230;.&#8230;. Academic Phrases for Writing Abstract Section of [&hellip;]<\/p>\n","protected":false},"author":151,"featured_media":0,"parent":4770,"menu_order":0,"comment_status":"closed","ping_status":"closed","template":"","meta":{"_bbp_topic_count":0,"_bbp_reply_count":0,"_bbp_total_topic_count":0,"_bbp_total_reply_count":0,"_bbp_voice_count":0,"_bbp_anonymous_reply_count":0,"_bbp_topic_count_hidden":0,"_bbp_reply_count_hidden":0,"_bbp_forum_subforum_count":0,"_uag_custom_page_level_css":"","footnotes":""},"class_list":["post-4814","page","type-page","status-publish","hentry"],"uagb_featured_image_src":{"full":false,"thumbnail":false,"medium":false,"medium_large":false,"large":false,"1536x1536":false,"2048x2048":false,"post-thumbnail":false},"uagb_author_info":{"display_name":"carlos.hildeblando","author_link":"https:\/\/blog.ufes.br\/kyriafinardi\/author\/carlos_alberto-hildeblando-junior\/"},"uagb_comment_info":0,"uagb_excerpt":"Aqui voc\u00ea encontrar\u00e1 sites com recursos para o aprendizado da l\u00edngua inglesa.&nbsp;Clique na imagem ou no nome ao lado para acess\u00e1-los: &#8230;. ZenGengo Lesson Library 12 Common Errors in Academic English \u2013 and how to fix them! V\u00eddeo sobre os &#8220;12 erros mais comuns em Ingl\u00eas Acad\u00eamico&#8221; &#8230;.&#8230;. Academic Phrases for Writing Abstract Section of&hellip;","_links":{"self":[{"href":"https:\/\/blog.ufes.br\/kyriafinardi\/wp-json\/wp\/v2\/pages\/4814","targetHints":{"allow":["GET"]}}],"collection":[{"href":"https:\/\/blog.ufes.br\/kyriafinardi\/wp-json\/wp\/v2\/pages"}],"about":[{"href":"https:\/\/blog.ufes.br\/kyriafinardi\/wp-json\/wp\/v2\/types\/page"}],"author":[{"embeddable":true,"href":"https:\/\/blog.ufes.br\/kyriafinardi\/wp-json\/wp\/v2\/users\/151"}],"replies":[{"embeddable":true,"href":"https:\/\/blog.ufes.br\/kyriafinardi\/wp-json\/wp\/v2\/comments?post=4814"}],"version-history":[{"count":9,"href":"https:\/\/blog.ufes.br\/kyriafinardi\/wp-json\/wp\/v2\/pages\/4814\/revisions"}],"predecessor-version":[{"id":7482,"href":"https:\/\/blog.ufes.br\/kyriafinardi\/wp-json\/wp\/v2\/pages\/4814\/revisions\/7482"}],"up":[{"embeddable":true,"href":"https:\/\/blog.ufes.br\/kyriafinardi\/wp-json\/wp\/v2\/pages\/4770"}],"wp:attachment":[{"href":"https:\/\/blog.ufes.br\/kyriafinardi\/wp-json\/wp\/v2\/media?parent=4814"}],"curies":[{"name":"wp","href":"https:\/\/api.w.org\/{rel}","templated":true}]}}