{"id":6185,"date":"2021-10-09T23:00:19","date_gmt":"2021-10-10T02:00:19","guid":{"rendered":"https:\/\/blog.ufes.br\/kyriafinardi\/?page_id=6185"},"modified":"2022-06-13T08:35:32","modified_gmt":"2022-06-13T11:35:32","slug":"barbara-cortat-simoneli","status":"publish","type":"page","link":"https:\/\/blog.ufes.br\/kyriafinardi\/membros-colaboradores\/group-members\/barbara-cortat-simoneli\/","title":{"rendered":"Barbara Cortat Simoneli"},"content":{"rendered":"\n<div class=\"wp-block-media-text alignwide is-stacked-on-mobile is-vertically-aligned-center\" style=\"grid-template-columns:59% auto\"><figure class=\"wp-block-media-text__media\"><img loading=\"lazy\" decoding=\"async\" width=\"1024\" height=\"686\" src=\"http:\/\/blog.ufes.br\/kyriafinardi\/files\/2021\/10\/6d7fcdee-7fc0-4a6d-857b-5dccc00e514f-1024x686.jpg\" alt=\"\" class=\"wp-image-6186 size-full\" srcset=\"https:\/\/blog.ufes.br\/kyriafinardi\/files\/2021\/10\/6d7fcdee-7fc0-4a6d-857b-5dccc00e514f-1024x686.jpg 1024w, https:\/\/blog.ufes.br\/kyriafinardi\/files\/2021\/10\/6d7fcdee-7fc0-4a6d-857b-5dccc00e514f-300x201.jpg 300w, https:\/\/blog.ufes.br\/kyriafinardi\/files\/2021\/10\/6d7fcdee-7fc0-4a6d-857b-5dccc00e514f-768x515.jpg 768w, https:\/\/blog.ufes.br\/kyriafinardi\/files\/2021\/10\/6d7fcdee-7fc0-4a6d-857b-5dccc00e514f-624x418.jpg 624w, https:\/\/blog.ufes.br\/kyriafinardi\/files\/2021\/10\/6d7fcdee-7fc0-4a6d-857b-5dccc00e514f.jpg 1280w\" sizes=\"auto, (max-width: 1024px) 100vw, 1024px\" \/><\/figure><div class=\"wp-block-media-text__content\">\n<p>Barbara Cortat Simoneli \u00e9 mestranda em Educa\u00e7\u00e3o na Universidade Federal do Esp\u00edrito Santo (PPGE-UFES), orientanda da Prof\u00aa Dr\u00aa Kyria Finardi.<\/p>\n\n\n\n<p>Barbara \u00e9 graduada em Letras Ingl\u00eas pela UFES. Atuou no primeiro semestre do ano de 2019 como volunt\u00e1ria no <strong>Programa Institucional de Bolsa de Inicia\u00e7\u00e3o \u00e0 Doc\u00eancia<\/strong> (PIBID) coordenados pelas professoras<\/p>\n<\/div><\/div>\n\n\n\n<p>Dr\u00aas Luciana Ferrari e L\u00edvia Fortes, volunt\u00e1ria interna do <strong>projeto de extens\u00e3o UFES e CBLA<\/strong> (CBLA: Congresso Brasileiro de Lingu\u00edstica Aplicada) em 2019\/2 coordenado pela professora Dr\u00aa Christine Almeida, no programa de extens\u00e3o <strong>Constru\u00e7\u00e3o de Cidadania Por Meio da L\u00edngua <\/strong>coordenado pela professora Dr\u00aa Kyria Finardi. <\/p>\n\n\n\n<p><strong>Lattes:<\/strong> <a href=\"http:\/\/lattes.cnpq.br\/8767629188917920\" target=\"_blank\" rel=\"noreferrer noopener\">http:\/\/lattes.cnpq.br\/8767629188917920<\/a><\/p>\n\n\n\n<p><\/p>\n\n\n\n<h2 class=\"wp-block-heading\">Publica\u00e7\u00e3o:<\/h2>\n\n\n\n<p><strong><a rel=\"noreferrer noopener\" href=\"http:\/\/lattes.cnpq.br\/8767629188917920\" target=\"_blank\">SIMONELI, B.<\/a><\/strong>; FINARDI, K. . Meeting the Other in Literature and ELT through the critical analysis of a short story. Studies in English Language Teaching, v. 8, p. 1-21, 2020.<\/p>\n\n\n\n<p>&#8230;<\/p>\n\n\n\n<h2 class=\"wp-block-heading\">English:<\/h2>\n\n\n\n<p>Barbara Cortat Simoneli is a Master&#8217;s student in Education at the Federal University of Esp\u00edrito Santo (PPGE-UFES), advisor to Prof. Dr. Kyria Finardi.<\/p>\n\n\n\n<p>Barbara Cortat Simoneli is a graduated in Letras Ingl\u00eas (English Letters) by the Federal University of Esp\u00edrito Santo (UFES).She worked in the first semester of 2019 as a volunteer in the Programa Institucional de Bolsa de Inicia\u00e7\u00e3o \u00e0 Doc\u00eancia (PIBID) (free English translation:Institutional Teaching Initiation Scholarship Program) coordinated by the professors Dr Luciana Ferrari and Dr L\u00edvia Fortes, internal volunteer of the UFES and CBLA (CBLA: Brazilian Assossiation of Applied Linguistics) extension project in 2019\/02 coordinated by professor Dr Chistine Almeida, and in the extension program Building Citizenship Through Language coordinated by the professor Dr Kyria Finardi. She is currently a volunteer in the extension project: Terceiro Espa\u00e7o na Constru\u00e7\u00e3o de Cidadania Glonacal: uma experi\u00eancia de internacionaliza\u00e7\u00e3o da Extens\u00e3o coordinated by the professor Dr. Kyria Finardi.<\/p>\n","protected":false},"excerpt":{"rendered":"<p>Barbara Cortat Simoneli \u00e9 mestranda em Educa\u00e7\u00e3o na Universidade Federal do Esp\u00edrito Santo (PPGE-UFES), orientanda da Prof\u00aa Dr\u00aa Kyria Finardi. Barbara \u00e9 graduada em Letras Ingl\u00eas pela UFES. Atuou no primeiro semestre do ano de 2019 como volunt\u00e1ria no Programa Institucional de Bolsa de Inicia\u00e7\u00e3o \u00e0 Doc\u00eancia (PIBID) coordenados pelas professoras Dr\u00aas Luciana Ferrari e [&hellip;]<\/p>\n","protected":false},"author":151,"featured_media":0,"parent":4606,"menu_order":0,"comment_status":"closed","ping_status":"closed","template":"","meta":{"_bbp_topic_count":0,"_bbp_reply_count":0,"_bbp_total_topic_count":0,"_bbp_total_reply_count":0,"_bbp_voice_count":0,"_bbp_anonymous_reply_count":0,"_bbp_topic_count_hidden":0,"_bbp_reply_count_hidden":0,"_bbp_forum_subforum_count":0,"_uag_custom_page_level_css":"","footnotes":""},"class_list":["post-6185","page","type-page","status-publish","hentry"],"uagb_featured_image_src":{"full":false,"thumbnail":false,"medium":false,"medium_large":false,"large":false,"1536x1536":false,"2048x2048":false,"post-thumbnail":false},"uagb_author_info":{"display_name":"carlos.hildeblando","author_link":"https:\/\/blog.ufes.br\/kyriafinardi\/author\/carlos_alberto-hildeblando-junior\/"},"uagb_comment_info":0,"uagb_excerpt":"Barbara Cortat Simoneli \u00e9 mestranda em Educa\u00e7\u00e3o na Universidade Federal do Esp\u00edrito Santo (PPGE-UFES), orientanda da Prof\u00aa Dr\u00aa Kyria Finardi. Barbara \u00e9 graduada em Letras Ingl\u00eas pela UFES. Atuou no primeiro semestre do ano de 2019 como volunt\u00e1ria no Programa Institucional de Bolsa de Inicia\u00e7\u00e3o \u00e0 Doc\u00eancia (PIBID) coordenados pelas professoras Dr\u00aas Luciana Ferrari e&hellip;","_links":{"self":[{"href":"https:\/\/blog.ufes.br\/kyriafinardi\/wp-json\/wp\/v2\/pages\/6185","targetHints":{"allow":["GET"]}}],"collection":[{"href":"https:\/\/blog.ufes.br\/kyriafinardi\/wp-json\/wp\/v2\/pages"}],"about":[{"href":"https:\/\/blog.ufes.br\/kyriafinardi\/wp-json\/wp\/v2\/types\/page"}],"author":[{"embeddable":true,"href":"https:\/\/blog.ufes.br\/kyriafinardi\/wp-json\/wp\/v2\/users\/151"}],"replies":[{"embeddable":true,"href":"https:\/\/blog.ufes.br\/kyriafinardi\/wp-json\/wp\/v2\/comments?post=6185"}],"version-history":[{"count":8,"href":"https:\/\/blog.ufes.br\/kyriafinardi\/wp-json\/wp\/v2\/pages\/6185\/revisions"}],"predecessor-version":[{"id":6461,"href":"https:\/\/blog.ufes.br\/kyriafinardi\/wp-json\/wp\/v2\/pages\/6185\/revisions\/6461"}],"up":[{"embeddable":true,"href":"https:\/\/blog.ufes.br\/kyriafinardi\/wp-json\/wp\/v2\/pages\/4606"}],"wp:attachment":[{"href":"https:\/\/blog.ufes.br\/kyriafinardi\/wp-json\/wp\/v2\/media?parent=6185"}],"curies":[{"name":"wp","href":"https:\/\/api.w.org\/{rel}","templated":true}]}}