{"id":8484,"date":"2025-05-07T17:50:09","date_gmt":"2025-05-07T20:50:09","guid":{"rendered":"https:\/\/blog.ufes.br\/kyriafinardi\/?page_id=8484"},"modified":"2026-03-30T10:52:55","modified_gmt":"2026-03-30T13:52:55","slug":"artificial-intelligence","status":"publish","type":"page","link":"https:\/\/blog.ufes.br\/kyriafinardi\/estagio-supervisionado-i\/artificial-intelligence\/","title":{"rendered":"Artificial Intelligence"},"content":{"rendered":"\n<p>Hello! This page provides contents related to <strong>Artificial Intelligence<\/strong>, including concepts, tools, and discussions about its applications in different areas, especially in education and language studies.<\/p>\n\n\n\n<p>Here you will find curated materials such as articles, guides, examples, and resources focused on the <strong>ethical, critical, and responsible use of AI<\/strong>.<\/p>\n\n\n\n<h2 class=\"wp-block-heading has-medium-font-size\">Explore AI Tools: a curated selection of Artificial Intelligence tools to enhance your work, learning, and creativity.<br><strong><a href=\"https:\/\/blog.ufes.br\/kyriafinardi\/estagio-supervisionado-i\/ai-tools\/\" data-type=\"page\" data-id=\"8546\">AI Tools<\/a><\/strong><\/h2>\n\n\n\n<p class=\"has-white-color has-text-color has-link-color wp-elements-3bc6e41ba816d71db82bbf0f080b3d05\">_____________________________________________________________________________________________<\/p>\n\n\n\n<h2 class=\"wp-block-heading\"><a href=\"https:\/\/drive.google.com\/drive\/folders\/1J3fVz6COxDl4xWj5LCDuR-dlZ6aXpDp6?usp=sharing\" target=\"_blank\" rel=\"noreferrer noopener\">AI 4 Teaching &#8211; IMPACT<\/a><\/h2>\n\n\n\n<p class=\"has-white-color has-text-color has-link-color wp-elements-3bc6e41ba816d71db82bbf0f080b3d05\">_____________________________________________________________________________________________<\/p>\n\n\n\n<h2 class=\"wp-block-heading\">Mat\u00e9ria de jornal<\/h2>\n\n\n\n<p>Homenagem a Kafka prop\u00f5e reflex\u00f5es sobre a Intelig\u00eancia Artificial &#8211; Estado de Minas: <a href=\"http:\/\/blog.ufes.br\/kyriafinardi\/files\/2025\/05\/Homenagem-a-Kafka-propo\u0303e-reflexo\u0303es-sobre-a-Intelige\u0302ncia-Artificial-Virgi\u0301lio-Almeida-Estado-de-Minas-21-12-2024.pdf\" target=\"_blank\" rel=\"noreferrer noopener\">http:\/\/blog.ufes.br\/kyriafinardi\/files\/2025\/05\/Homenagem-a-Kafka-propo\u0303e-reflexo\u0303es-sobre-a-Intelige\u0302ncia-Artificial-Virgi\u0301lio-Almeida-Estado-de-Minas-21-12-2024.pdf<\/a><\/p>\n\n\n\n<p class=\"has-white-color has-text-color has-link-color wp-elements-7e4ac651328708ea719ac0894fa30934\">.<\/p>\n\n\n\n<h2 class=\"wp-block-heading\">Slides<\/h2>\n\n\n\n<p>AI for research and education &#8211; Dr. Ronit Rozenszajn: <a href=\"http:\/\/blog.ufes.br\/kyriafinardi\/files\/2025\/05\/Slides-Ronit-AI-for-Education.pdf\" target=\"_blank\" rel=\"noreferrer noopener\">http:\/\/blog.ufes.br\/kyriafinardi\/files\/2025\/05\/Slides-Ronit-AI-for-Education.pdf<\/a><\/p>\n\n\n\n<p>AI IN APPLIED LINGUISTICS:CHATGPT AND LANGUAGETEACHING &#8211; Presented by Dr Lucas Kohnke: <a href=\"http:\/\/blog.ufes.br\/kyriafinardi\/files\/2025\/05\/AAAL-Webinar-Jan-21-2025.pdf\" target=\"_blank\" rel=\"noreferrer noopener\">http:\/\/blog.ufes.br\/kyriafinardi\/files\/2025\/05\/AAAL-Webinar-Jan-21-2025.pdf<\/a><\/p>\n\n\n\n<p class=\"has-white-color has-text-color has-link-color wp-elements-c645e628e62f8fbab9d9726851472d16\"><\/p>\n\n\n\n<h2 class=\"wp-block-heading\">Artigos e Livros<\/h2>\n\n\n\n<p><strong>AL-QURASHI, Khalid; AL-QURASHI, Abdulrahman; ZHAO, Yunchuan.<\/strong> The role of design thinking skills in artificial-intelligence language learning (DEAILL) in shaping language learners\u2019 L2 grit: the mediator and moderator roles of foreign language anxiety and perceived learning. <em>Education and Information Technologies<\/em>, [S. l.], v. 29, p. 1815\u20131842, 2024. <a href=\"http:\/\/blog.ufes.br\/kyriafinardi\/files\/2025\/05\/The-role-of-design-thinking-skills-in-artificial-intelligence-language-learning-DEAILL-in-shaping-language-learners-L2-grit-the-mediator-and-moder.pdf\" target=\"_blank\" rel=\"noreferrer noopener\">http:\/\/blog.ufes.br\/kyriafinardi\/files\/2025\/05\/The-role-of-design-thinking-skills-in-artificial-intelligence-language-learning-DEAILL-in-shaping-language-learners-L2-grit-the-mediator-and-moder.pdf<\/a><\/p>\n\n\n\n<p>ATHANASIOU, Androulla; HADJICONSTANTINOU, Stavroulla; CHRISTOFOROU, Maria (Ed.). <em>Innovative language teaching practices in higher education in a post-COVID era<\/em>. London: Ubiquity Press, 2024. <a href=\"http:\/\/blog.ufes.br\/kyriafinardi\/files\/2025\/05\/Innovative-Language-Teaching-Practices-in-Higher-Education-in-a-Post-COVID-Era.pdf\" target=\"_blank\" rel=\"noreferrer noopener\">http:\/\/blog.ufes.br\/kyriafinardi\/files\/2025\/05\/Innovative-Language-Teaching-Practices-in-Higher-Education-in-a-Post-COVID-Era.pdf<\/a><\/p>\n\n\n\n<p>BAIDOO-ANU, David; OWUSU ANSAH, Leticia. <em>Education in the era of generative artificial intelligence (AI): understanding the potential benefits of ChatGPT in promoting teaching and learning<\/em>. Journal of AI, v. 7, n. 1, p. 52\u201362, jan.\/dez. 2023. <a href=\"http:\/\/blog.ufes.br\/kyriafinardi\/files\/2025\/05\/Education-in-the-Era-of-Generative-Artificial-Intelligence-AI-Understanding-the-Potential-Benefits-of-ChatGPT-in-Promoting-Teaching-and-Learning.pdf\" target=\"_blank\" rel=\"noreferrer noopener\">http:\/\/blog.ufes.br\/kyriafinardi\/files\/2025\/05\/Education-in-the-Era-of-Generative-Artificial-Intelligence-AI-Understanding-the-Potential-Benefits-of-ChatGPT-in-Promoting-Teaching-and-Learning.pdf<\/a><\/p>\n\n\n\n<p>CHAN, Cecilia Ka Yuk; COLLOTON, Tom. <em>Generative AI in Higher Education: The ChatGPT Effect<\/em>. Abingdon: Routledge, 2024. Dispon\u00edvel em: <a href=\"https:\/\/www.taylorfrancis.com\/books\/oa-mono\/10.4324\/9781003459026\" target=\"_blank\" rel=\"noreferrer noopener\">https:\/\/www.taylorfrancis.com\/books\/oa-mono\/10.4324\/9781003459026<\/a>. Acesso em: 7 maio 2025.<\/p>\n\n\n\n<p><strong>FITRIA, Tira Nur.<\/strong> Artificial Intelligence (AI) in education: using AI tools for teaching and learning process. <em>Proceeding Seminar Nasional &amp; Call For Papers<\/em>, [S.l.], p. 134\u2013136, 20 dez. 2021. ISSN Online: 2654-6590. ISSN Impresso: 2654-5306. <a href=\"http:\/\/blog.ufes.br\/kyriafinardi\/files\/2025\/05\/admin14-TiraNurFitria.pdf\" target=\"_blank\" rel=\"noreferrer noopener\">http:\/\/blog.ufes.br\/kyriafinardi\/files\/2025\/05\/admin14-TiraNurFitria.pdf<\/a><\/p>\n\n\n\n<p>GAO, Yuan; WANG, Xuechun; LIU, Xu. <em>Mapping higher education internationalisation as a research space via Natural Language Processing (NLP) techniques<\/em>. <em>Journal of Studies in International Education<\/em>, [S. l.], v. 0, p. 1\u201324, 2024. <a href=\"http:\/\/blog.ufes.br\/kyriafinardi\/files\/2025\/05\/gao-et-al-2024-mapping-higher-education-internationalisation-as-a-research-space-via-natural-language-processing-nlp.pdf\" target=\"_blank\" rel=\"noreferrer noopener\">http:\/\/blog.ufes.br\/kyriafinardi\/files\/2025\/05\/gao-et-al-2024-mapping-higher-education-internationalisation-as-a-research-space-via-natural-language-processing-nlp.pdf<\/a><\/p>\n\n\n\n<p>GAUTAM, Shreya; JOSHI, Priya. <em>Generative AI in academic research: a descriptive study on awareness, gender usage, and views among pre-service teachers<\/em>. SSRN Electronic Journal, 2024. <a href=\"http:\/\/blog.ufes.br\/kyriafinardi\/files\/2025\/05\/Generative-AI-in-Academic-Research-A-Descriptive-Study-on-Awareness-Gender-Usage-and-Views-among-Pre-Service-Teachers.pdf\" target=\"_blank\" rel=\"noreferrer noopener\">http:\/\/blog.ufes.br\/kyriafinardi\/files\/2025\/05\/Generative-AI-in-Academic-Research-A-Descriptive-Study-on-Awareness-Gender-Usage-and-Views-among-Pre-Service-Teachers.pdf<\/a><\/p>\n\n\n\n<p><strong>KALAITZIDIS, T. J.<\/strong> <em>How generative AI fixes what higher education broke: a \u201cwhite paper\u201d for reimagining pedagogy in a world of thinking machines<\/em>. April 2025. Publicado no SocArXiv. Dispon\u00edvel em:<a href=\"https:\/\/osf.io\/preprints\/socarxiv\/yh6rs_v2?view_only=\" target=\"_blank\" rel=\"noreferrer noopener\"> https:\/\/osf.io\/preprints\/socarxiv\/yh6rs_v2?view_only=<\/a>. <\/p>\n\n\n\n<p>KUKULSKA-HULME, Agnes et al. <em>Innovating pedagogy 2024: exploring new forms of teaching, learning and assessment to guide educators and policy makers<\/em>. Milton Keynes: The Open University, 2024. (Open University Innovation Report, 12). 2025.<a href=\"http:\/\/blog.ufes.br\/kyriafinardi\/files\/2025\/05\/innovating-pedagogy-2024.pdf\" target=\"_blank\" rel=\"noreferrer noopener\">http:\/\/blog.ufes.br\/kyriafinardi\/files\/2025\/05\/innovating-pedagogy-2024.pdf<\/a><\/p>\n\n\n\n<p>Mutalib, A. A., Mokshein, S. E., Abdullah, M. Y., Ghani, A. A., &amp; Rahmat, N. H. (2023). <em>Artificial Intelligence in Language Teaching: A Review on Challenges and Future Directions<\/em>. International Journal of Academic Research in Progressive Education and Development, 12(1), 324\u2013334. <a href=\"http:\/\/blog.ufes.br\/kyriafinardi\/files\/2025\/05\/AI-in-Lge-Teaching.pdf\" target=\"_blank\" rel=\"noreferrer noopener\">http:\/\/blog.ufes.br\/kyriafinardi\/files\/2025\/05\/AI-in-Lge-Teaching.pdf<\/a><\/p>\n\n\n\n<p>NIEKERK, Johan van; DELPORT, Petrus M. J.; SUTHERLAND, Iain. <em>Addressing the use of generative AI in academic writing<\/em>. Computers and Education: Artificial Intelligence, [S.l.], v. 8, 2025. <a href=\"http:\/\/blog.ufes.br\/kyriafinardi\/files\/2025\/05\/the-use-of-Gen-AI-in-academic-writing.pdf\" target=\"_blank\" rel=\"noreferrer noopener\">http:\/\/blog.ufes.br\/kyriafinardi\/files\/2025\/05\/the-use-of-Gen-AI-in-academic-writing.pdf<\/a><\/p>\n\n\n\n<p>NYAABA, Matthew; ZHAI, Xiaoming. <em>Generative AI Professional Development Needs for Teacher Educators<\/em>. Journal of AI, v. 8, n. 1, p. 1\u201313, jan.\/dez. 2024. DOI: 10.61969\/jai.1385915. <a href=\"http:\/\/blog.ufes.br\/kyriafinardi\/files\/2025\/05\/Generative-AI-Professional-Development-Needs-for-Teacher-Educators.pdf\" target=\"_blank\" rel=\"noreferrer noopener\">http:\/\/blog.ufes.br\/kyriafinardi\/files\/2025\/05\/Generative-AI-Professional-Development-Needs-for-Teacher-Educators.pdf<\/a><\/p>\n\n\n\n<p>SHARMA, Priya; KUMAR, Sanjay. <em>Artificial Intelligence\u2019s (AI) Role in Higher Education: Challenges and Applications<\/em>. SSRN, 2023. <a href=\"http:\/\/blog.ufes.br\/kyriafinardi\/files\/2025\/05\/ArtificialIntelligencesAIRoleinHigherEducation-ChallengesandApplications.pdf\" target=\"_blank\" rel=\"noreferrer noopener\">http:\/\/blog.ufes.br\/kyriafinardi\/files\/2025\/05\/ArtificialIntelligencesAIRoleinHigherEducation-ChallengesandApplications.pdf<\/a><\/p>\n\n\n\n<p>THE ROYAL SOCIETY. <em>Science in the age of AI: how artificial intelligence is changing the nature and method of scientific research<\/em>. London: The Royal Society, 2024. ISBN 978-1-78252-712-1. <a href=\"http:\/\/blog.ufes.br\/kyriafinardi\/files\/2025\/05\/science-in-the-age-of-ai-report.pdf\" target=\"_blank\" rel=\"noreferrer noopener\">http:\/\/blog.ufes.br\/kyriafinardi\/files\/2025\/05\/science-in-the-age-of-ai-report.pdf<\/a><\/p>\n\n\n\n<p>UNESCO. <em>Consenso de Beijing sobre a intelig\u00eancia artificial e a educa\u00e7\u00e3o<\/em>. Paris: Organiza\u00e7\u00e3o das Na\u00e7\u00f5es Unidas para a Educa\u00e7\u00e3o, a Ci\u00eancia e a Cultura, 2019. <a href=\"http:\/\/blog.ufes.br\/kyriafinardi\/files\/2025\/05\/Consenso-de-Beijing-sobre-IA.pdf\" target=\"_blank\" rel=\"noreferrer noopener\">http:\/\/blog.ufes.br\/kyriafinardi\/files\/2025\/05\/Consenso-de-Beijing-sobre-IA.pdf<\/a><\/p>\n\n\n\n<p><\/p>\n","protected":false},"excerpt":{"rendered":"<p>Hello! This page provides contents related to Artificial Intelligence, including concepts, tools, and discussions about its applications in different areas, especially in education and language studies. Here you will find curated materials such as articles, guides, examples, and resources focused on the ethical, critical, and responsible use of AI. Explore AI Tools: a curated selection [&hellip;]<\/p>\n","protected":false},"author":151,"featured_media":0,"parent":4931,"menu_order":0,"comment_status":"closed","ping_status":"closed","template":"","meta":{"_bbp_topic_count":0,"_bbp_reply_count":0,"_bbp_total_topic_count":0,"_bbp_total_reply_count":0,"_bbp_voice_count":0,"_bbp_anonymous_reply_count":0,"_bbp_topic_count_hidden":0,"_bbp_reply_count_hidden":0,"_bbp_forum_subforum_count":0,"_uag_custom_page_level_css":"","footnotes":""},"class_list":["post-8484","page","type-page","status-publish","hentry"],"uagb_featured_image_src":{"full":false,"thumbnail":false,"medium":false,"medium_large":false,"large":false,"1536x1536":false,"2048x2048":false,"post-thumbnail":false},"uagb_author_info":{"display_name":"carlos.hildeblando","author_link":"https:\/\/blog.ufes.br\/kyriafinardi\/author\/carlos_alberto-hildeblando-junior\/"},"uagb_comment_info":0,"uagb_excerpt":"Hello! This page provides contents related to Artificial Intelligence, including concepts, tools, and discussions about its applications in different areas, especially in education and language studies. Here you will find curated materials such as articles, guides, examples, and resources focused on the ethical, critical, and responsible use of AI. Explore AI Tools: a curated selection&hellip;","_links":{"self":[{"href":"https:\/\/blog.ufes.br\/kyriafinardi\/wp-json\/wp\/v2\/pages\/8484","targetHints":{"allow":["GET"]}}],"collection":[{"href":"https:\/\/blog.ufes.br\/kyriafinardi\/wp-json\/wp\/v2\/pages"}],"about":[{"href":"https:\/\/blog.ufes.br\/kyriafinardi\/wp-json\/wp\/v2\/types\/page"}],"author":[{"embeddable":true,"href":"https:\/\/blog.ufes.br\/kyriafinardi\/wp-json\/wp\/v2\/users\/151"}],"replies":[{"embeddable":true,"href":"https:\/\/blog.ufes.br\/kyriafinardi\/wp-json\/wp\/v2\/comments?post=8484"}],"version-history":[{"count":7,"href":"https:\/\/blog.ufes.br\/kyriafinardi\/wp-json\/wp\/v2\/pages\/8484\/revisions"}],"predecessor-version":[{"id":8763,"href":"https:\/\/blog.ufes.br\/kyriafinardi\/wp-json\/wp\/v2\/pages\/8484\/revisions\/8763"}],"up":[{"embeddable":true,"href":"https:\/\/blog.ufes.br\/kyriafinardi\/wp-json\/wp\/v2\/pages\/4931"}],"wp:attachment":[{"href":"https:\/\/blog.ufes.br\/kyriafinardi\/wp-json\/wp\/v2\/media?parent=8484"}],"curies":[{"name":"wp","href":"https:\/\/api.w.org\/{rel}","templated":true}]}}