{"id":677,"date":"2025-06-11T10:14:42","date_gmt":"2025-06-11T13:14:42","guid":{"rendered":"https:\/\/blog.ufes.br\/labfilme\/?page_id=677"},"modified":"2025-08-20T00:58:44","modified_gmt":"2025-08-20T03:58:44","slug":"nosso-acervo","status":"publish","type":"page","link":"https:\/\/blog.ufes.br\/labfilme\/nosso-acervo\/","title":{"rendered":"Nosso Acervo"},"content":{"rendered":"<p><a href=\"https:\/\/blog.ufes.br\/labfilme\/\"><br \/>\n\t\t\t\t\t\t\t<img loading=\"lazy\" decoding=\"async\" width=\"296\" height=\"51\" src=\"https:\/\/blog.ufes.br\/labfilme\/files\/2024\/12\/logo-labfilme-01.png\" alt=\"\" \/>\t\t\t\t\t\t\t\t<\/a><\/p>\n<ul>\n<li>\n\t\t\t\t\t\t\t\t\t\t\t<a href=\"https:\/\/blog.ufes.br\/labfilme\/nosso-acervo\/\"><br \/>\n\t\t\t\t\t\t\t\t\t\t\tNosso Acervo<br \/>\n\t\t\t\t\t\t\t\t\t\t\t<\/a>\n\t\t\t\t\t\t\t\t\t<\/li>\n<li>\n\t\t\t\t\t\t\t\t\t\t\t<a href=\"https:\/\/blog.ufes.br\/labfilme\/guias\/\"><br \/>\n\t\t\t\t\t\t\t\t\t\t\tGuias<br \/>\n\t\t\t\t\t\t\t\t\t\t\t<\/a>\n\t\t\t\t\t\t\t\t\t<\/li>\n<li>\n\t\t\t\t\t\t\t\t\t\t\t<a href=\"https:\/\/blog.ufes.br\/labfilme\/?page_id=681\"><br \/>\n\t\t\t\t\t\t\t\t\t\t\tIndica\u00e7\u00f5es<br \/>\n\t\t\t\t\t\t\t\t\t\t\t<\/a>\n\t\t\t\t\t\t\t\t\t<\/li>\n<li>\n\t\t\t\t\t\t\t\t\t\t\t<a href=\"https:\/\/blog.ufes.br\/labfilme\/fale-conosco\/\"><br \/>\n\t\t\t\t\t\t\t\t\t\t\tFale Conosco<br \/>\n\t\t\t\t\t\t\t\t\t\t\t<\/a>\n\t\t\t\t\t\t\t\t\t<\/li>\n<\/ul>\n<p>\t\t\t\t\t\t\t\t\t\t\t\t\t\t\t<img loading=\"lazy\" decoding=\"async\" width=\"625\" height=\"422\" src=\"https:\/\/blog.ufes.br\/labfilme\/files\/2025\/08\/WhatsApp-Image-2025-08-19-at-22.20.37.jpeg\" alt=\"\" \/><br \/>\n\t\t\t\t\t\t\t\t\t\t\t\t\t\t\t<img loading=\"lazy\" decoding=\"async\" width=\"625\" height=\"422\" src=\"https:\/\/blog.ufes.br\/labfilme\/files\/2025\/08\/WhatsApp-Image-2025-08-19-at-22.20.37.jpeg\" alt=\"\" \/><br \/>\n\t\t\t\t\t\t\t\t\t\t\t\t\t\t\t<img loading=\"lazy\" decoding=\"async\" width=\"625\" height=\"422\" src=\"https:\/\/blog.ufes.br\/labfilme\/files\/2025\/08\/WhatsApp-Image-2025-08-19-at-22.20.37.jpeg\" alt=\"\" \/><br \/>\n\t\t\t\t\t\t\t\t\t\t\t\t\t\t\t<img loading=\"lazy\" decoding=\"async\" width=\"625\" height=\"422\" src=\"https:\/\/blog.ufes.br\/labfilme\/files\/2025\/08\/WhatsApp-Image-2025-08-19-at-22.20.37.jpeg\" alt=\"\" \/><br \/>\n\t\t\t\t\t\t\t\t\t\t\t\t\t\t\t<img loading=\"lazy\" decoding=\"async\" width=\"625\" height=\"422\" src=\"https:\/\/blog.ufes.br\/labfilme\/files\/2025\/08\/WhatsApp-Image-2025-08-19-at-22.20.37.jpeg\" alt=\"\" \/><br \/>\n\t\t\t\t\t\t\t\t\t\t\t\t\t\t\t<img loading=\"lazy\" decoding=\"async\" width=\"625\" height=\"422\" src=\"https:\/\/blog.ufes.br\/labfilme\/files\/2025\/08\/WhatsApp-Image-2025-08-19-at-22.20.37.jpeg\" alt=\"\" \/><br \/>\n\t\t\t\t\t<a href=\"https:\/\/www.instagram.com\/labfilme_ufes\/\" target=\"_blank\"><br \/>\n\t\t\t\t\t\tInstagram<br \/>\n\t\t\t\t\t\t\t\t\t\t\t<\/a><br \/>\n\t\t\t\t\t\t\t\t\t\t\t\t\t\t\t\t<a href=\"https:\/\/blog.ufes.br\/labfilme\/\"><br \/>\n\t\t\t\t\t\t\t<img loading=\"lazy\" decoding=\"async\" width=\"296\" height=\"51\" src=\"https:\/\/blog.ufes.br\/labfilme\/files\/2024\/12\/logo-labfilme-01.png\" alt=\"\" \/>\t\t\t\t\t\t\t\t<\/a><\/p>\n<p><a href=\"https:\/\/blog.ufes.br\/labfilme\/\">Home<\/a><\/p>\n<p><a href=\"https:\/\/blog.ufes.br\/labfilme\/nosso-acervo\/\">Nosso Acervo<\/a><\/p>\n<p><a href=\"https:\/\/blog.ufes.br\/labfilme\/guias\/\">Guias<\/a><\/p>\n<p><a href=\"https:\/\/blog.ufes.br\/labfilme\/indicacoes\/\">Indica\u00e7\u00f5es<\/a><\/p>\n<p><a href=\"https:\/\/blog.ufes.br\/labfilme\/fale-conosco\/\">Fale Conosco<\/a><\/p>\n","protected":false},"excerpt":{"rendered":"<p>Nosso Acervo Guias Indica\u00e7\u00f5es Fale Conosco Instagram Home Nosso Acervo Guias Indica\u00e7\u00f5es Fale Conosco<\/p>\n","protected":false},"author":479,"featured_media":0,"parent":0,"menu_order":0,"comment_status":"closed","ping_status":"closed","template":"","meta":{"_bbp_topic_count":0,"_bbp_reply_count":0,"_bbp_total_topic_count":0,"_bbp_total_reply_count":0,"_bbp_voice_count":0,"_bbp_anonymous_reply_count":0,"_bbp_topic_count_hidden":0,"_bbp_reply_count_hidden":0,"_bbp_forum_subforum_count":0,"_uag_custom_page_level_css":"","footnotes":""},"class_list":["post-677","page","type-page","status-publish","hentry"],"uagb_featured_image_src":{"full":false,"thumbnail":false,"medium":false,"medium_large":false,"large":false,"1536x1536":false,"2048x2048":false,"post-thumbnail":false},"uagb_author_info":{"display_name":"Igor Mereles Cerri","author_link":"https:\/\/blog.ufes.br\/labfilme\/author\/igor_mereles-cerri\/"},"uagb_comment_info":0,"uagb_excerpt":"Nosso Acervo Guias Indica\u00e7\u00f5es Fale Conosco Instagram Home Nosso Acervo Guias Indica\u00e7\u00f5es Fale Conosco","_links":{"self":[{"href":"https:\/\/blog.ufes.br\/labfilme\/wp-json\/wp\/v2\/pages\/677","targetHints":{"allow":["GET"]}}],"collection":[{"href":"https:\/\/blog.ufes.br\/labfilme\/wp-json\/wp\/v2\/pages"}],"about":[{"href":"https:\/\/blog.ufes.br\/labfilme\/wp-json\/wp\/v2\/types\/page"}],"author":[{"embeddable":true,"href":"https:\/\/blog.ufes.br\/labfilme\/wp-json\/wp\/v2\/users\/479"}],"replies":[{"embeddable":true,"href":"https:\/\/blog.ufes.br\/labfilme\/wp-json\/wp\/v2\/comments?post=677"}],"version-history":[{"count":130,"href":"https:\/\/blog.ufes.br\/labfilme\/wp-json\/wp\/v2\/pages\/677\/revisions"}],"predecessor-version":[{"id":988,"href":"https:\/\/blog.ufes.br\/labfilme\/wp-json\/wp\/v2\/pages\/677\/revisions\/988"}],"wp:attachment":[{"href":"https:\/\/blog.ufes.br\/labfilme\/wp-json\/wp\/v2\/media?parent=677"}],"curies":[{"name":"wp","href":"https:\/\/api.w.org\/{rel}","templated":true}]}}