{"id":681,"date":"2025-06-11T10:19:24","date_gmt":"2025-06-11T13:19:24","guid":{"rendered":"https:\/\/blog.ufes.br\/labfilme\/?page_id=681"},"modified":"2025-07-02T00:36:37","modified_gmt":"2025-07-02T03:36:37","slug":"indicacoes","status":"publish","type":"page","link":"https:\/\/blog.ufes.br\/labfilme\/indicacoes\/","title":{"rendered":"Indica\u00e7\u00f5es"},"content":{"rendered":"<p><a href=\"https:\/\/blog.ufes.br\/labfilme\/\"><br \/>\n\t\t\t\t\t\t\t<img loading=\"lazy\" decoding=\"async\" width=\"296\" height=\"51\" src=\"https:\/\/blog.ufes.br\/labfilme\/files\/2024\/12\/logo-labfilme-01.png\" alt=\"\" \/>\t\t\t\t\t\t\t\t<\/a><\/p>\n<ul>\n<li>\n\t\t\t\t\t\t\t\t\t\t\t<a href=\"https:\/\/blog.ufes.br\/labfilme\/nosso-acervo\/\"><br \/>\n\t\t\t\t\t\t\t\t\t\t\tNosso Acervo<br \/>\n\t\t\t\t\t\t\t\t\t\t\t<\/a>\n\t\t\t\t\t\t\t\t\t<\/li>\n<li>\n\t\t\t\t\t\t\t\t\t\t\t<a href=\"https:\/\/blog.ufes.br\/labfilme\/guias\/\"><br \/>\n\t\t\t\t\t\t\t\t\t\t\tGuias<br \/>\n\t\t\t\t\t\t\t\t\t\t\t<\/a>\n\t\t\t\t\t\t\t\t\t<\/li>\n<li>\n\t\t\t\t\t\t\t\t\t\t\t<a href=\"https:\/\/blog.ufes.br\/labfilme\/?page_id=681\"><br \/>\n\t\t\t\t\t\t\t\t\t\t\tIndica\u00e7\u00f5es<br \/>\n\t\t\t\t\t\t\t\t\t\t\t<\/a>\n\t\t\t\t\t\t\t\t\t<\/li>\n<li>\n\t\t\t\t\t\t\t\t\t\t\t<a href=\"https:\/\/blog.ufes.br\/labfilme\/fale-conosco\/\"><br \/>\n\t\t\t\t\t\t\t\t\t\t\tFale Conosco<br \/>\n\t\t\t\t\t\t\t\t\t\t\t<\/a>\n\t\t\t\t\t\t\t\t\t<\/li>\n<\/ul>\n<h3>Indica\u00e7\u00f5es<\/h3>\n<h3 data-start=\"182\" data-end=\"216\"><strong>Bem-vindo ao LabFilme \ud83d\udcf8<\/strong><\/h3>\n<h3 data-start=\"182\" data-end=\"216\"><\/h3>\n<h3 data-start=\"182\" data-end=\"216\">Um espa\u00e7o dedicado \u00e0 experimenta\u00e7\u00e3o, pesquisa e cria\u00e7\u00e3o com <strong style=\"letter-spacing: 0px;font-size: 16px\" data-start=\"277\" data-end=\"301\">fotografia anal\u00f3gica<\/strong>!<\/h3>\n<h3 data-start=\"182\" data-end=\"216\"><\/h3>\n<h3 data-start=\"182\" data-end=\"216\">O <strong style=\"font-size: 16px;letter-spacing: 0px\" data-start=\"306\" data-end=\"318\">LabFilme<\/strong> nasce com o prop\u00f3sito de explorar t\u00e9cnicas antigas e contempor\u00e2neas da fotografia qu\u00edmica, revivendo o laborat\u00f3rio como um territ\u00f3rio f\u00e9rtil para a descoberta de m\u00e9todos alternativos de revela\u00e7\u00e3o, impress\u00e3o e produ\u00e7\u00e3o fotogr\u00e1fica.<\/h3>\n<p><\/p>\n<h3 data-start=\"182\" data-end=\"216\">Mais do que um projeto acad\u00eamico, o LabFilme \u00e9 um convite \u00e0 comunidade: oficinas, viv\u00eancias e a\u00e7\u00f5es abertas ao p\u00fablico ser\u00e3o parte dessa jornada, aproximando mais pessoas da hist\u00f3ria e da pr\u00e1tica fotogr\u00e1fica anal\u00f3gica.<\/h3>\n<p><\/p>\n<h3 data-start=\"182\" data-end=\"216\">Com a participa\u00e7\u00e3o ativa de estudantes, buscamos democratizar o acesso ao conhecimento e manter viva a magia da fotografia feita \u00e0 m\u00e3o.<\/h3>\n<p><\/p>\n<h3 data-start=\"182\" data-end=\"216\"><strong style=\"font-size: 16px;letter-spacing: 0px\" data-start=\"908\" data-end=\"970\">Fique de olho nas novidades e venha construir com a gente!<\/strong><\/h3>\n<p>\t\t\t\t\t<a href=\"https:\/\/blog.ufes.br\/labfime\/sobre\/\"><br \/>\n\t\t\t\t\t\t\t\t\tConhe\u00e7a mais<br \/>\n\t\t\t\t\t<\/a><br \/>\n\t\t\t\t\t<a href=\"https:\/\/www.instagram.com\/labfilme_ufes\/\" target=\"_blank\"><br \/>\n\t\t\t\t\t\tInstagram<br \/>\n\t\t\t\t\t\t\t\t\t\t\t<\/a><br \/>\n\t\t\t\t\t\t\t\t\t\t\t\t\t\t\t\t<a href=\"https:\/\/blog.ufes.br\/labfilme\/\"><br \/>\n\t\t\t\t\t\t\t<img loading=\"lazy\" decoding=\"async\" width=\"296\" height=\"51\" src=\"https:\/\/blog.ufes.br\/labfilme\/files\/2024\/12\/logo-labfilme-01.png\" alt=\"\" \/>\t\t\t\t\t\t\t\t<\/a><\/p>\n<p><a href=\"https:\/\/blog.ufes.br\/labfilme\/\">Home<\/a><\/p>\n<p><a href=\"https:\/\/blog.ufes.br\/labfilme\/nosso-acervo\/\">Nosso Acervo<\/a><\/p>\n<p><a href=\"https:\/\/blog.ufes.br\/labfilme\/guias\/\">Guias<\/a><\/p>\n<p><a href=\"https:\/\/blog.ufes.br\/labfilme\/indicacoes\/\">Indica\u00e7\u00f5es<\/a><\/p>\n<p><a href=\"https:\/\/blog.ufes.br\/labfilme\/fale-conosco\/\">Fale Conosco<\/a><\/p>\n","protected":false},"excerpt":{"rendered":"<p>Nosso Acervo Guias Indica\u00e7\u00f5es Fale Conosco Indica\u00e7\u00f5es Bem-vindo ao LabFilme \ud83d\udcf8 Um espa\u00e7o dedicado \u00e0 experimenta\u00e7\u00e3o, pesquisa e cria\u00e7\u00e3o com fotografia anal\u00f3gica! O LabFilme nasce com o prop\u00f3sito de explorar t\u00e9cnicas antigas e contempor\u00e2neas da fotografia qu\u00edmica, revivendo o laborat\u00f3rio como um territ\u00f3rio f\u00e9rtil para a descoberta de m\u00e9todos alternativos de revela\u00e7\u00e3o, impress\u00e3o e produ\u00e7\u00e3o [&hellip;]<\/p>\n","protected":false},"author":479,"featured_media":0,"parent":0,"menu_order":0,"comment_status":"closed","ping_status":"closed","template":"","meta":{"_bbp_topic_count":0,"_bbp_reply_count":0,"_bbp_total_topic_count":0,"_bbp_total_reply_count":0,"_bbp_voice_count":0,"_bbp_anonymous_reply_count":0,"_bbp_topic_count_hidden":0,"_bbp_reply_count_hidden":0,"_bbp_forum_subforum_count":0,"_uag_custom_page_level_css":"","footnotes":""},"class_list":["post-681","page","type-page","status-publish","hentry"],"uagb_featured_image_src":{"full":false,"thumbnail":false,"medium":false,"medium_large":false,"large":false,"1536x1536":false,"2048x2048":false,"post-thumbnail":false},"uagb_author_info":{"display_name":"Igor Mereles Cerri","author_link":"https:\/\/blog.ufes.br\/labfilme\/author\/igor_mereles-cerri\/"},"uagb_comment_info":0,"uagb_excerpt":"Nosso Acervo Guias Indica\u00e7\u00f5es Fale Conosco Indica\u00e7\u00f5es Bem-vindo ao LabFilme \ud83d\udcf8 Um espa\u00e7o dedicado \u00e0 experimenta\u00e7\u00e3o, pesquisa e cria\u00e7\u00e3o com fotografia anal\u00f3gica! O LabFilme nasce com o prop\u00f3sito de explorar t\u00e9cnicas antigas e contempor\u00e2neas da fotografia qu\u00edmica, revivendo o laborat\u00f3rio como um territ\u00f3rio f\u00e9rtil para a descoberta de m\u00e9todos alternativos de revela\u00e7\u00e3o, impress\u00e3o e produ\u00e7\u00e3o&hellip;","_links":{"self":[{"href":"https:\/\/blog.ufes.br\/labfilme\/wp-json\/wp\/v2\/pages\/681","targetHints":{"allow":["GET"]}}],"collection":[{"href":"https:\/\/blog.ufes.br\/labfilme\/wp-json\/wp\/v2\/pages"}],"about":[{"href":"https:\/\/blog.ufes.br\/labfilme\/wp-json\/wp\/v2\/types\/page"}],"author":[{"embeddable":true,"href":"https:\/\/blog.ufes.br\/labfilme\/wp-json\/wp\/v2\/users\/479"}],"replies":[{"embeddable":true,"href":"https:\/\/blog.ufes.br\/labfilme\/wp-json\/wp\/v2\/comments?post=681"}],"version-history":[{"count":13,"href":"https:\/\/blog.ufes.br\/labfilme\/wp-json\/wp\/v2\/pages\/681\/revisions"}],"predecessor-version":[{"id":833,"href":"https:\/\/blog.ufes.br\/labfilme\/wp-json\/wp\/v2\/pages\/681\/revisions\/833"}],"wp:attachment":[{"href":"https:\/\/blog.ufes.br\/labfilme\/wp-json\/wp\/v2\/media?parent=681"}],"curies":[{"name":"wp","href":"https:\/\/api.w.org\/{rel}","templated":true}]}}