{"id":1080,"date":"2021-09-28T19:10:27","date_gmt":"2021-09-28T22:10:27","guid":{"rendered":"https:\/\/blog.ufes.br\/laburp\/?page_id=1080"},"modified":"2021-09-28T19:43:33","modified_gmt":"2021-09-28T22:43:33","slug":"observatorio-artigos","status":"publish","type":"page","link":"https:\/\/blog.ufes.br\/laburp\/observatorio-artigos\/","title":{"rendered":"Artigos"},"content":{"rendered":"\t\t<div data-elementor-type=\"wp-page\" data-elementor-id=\"1080\" class=\"elementor elementor-1080\">\n\t\t\t\t\t\t<section class=\"elementor-section elementor-top-section elementor-element elementor-element-7dd1945 elementor-section-boxed elementor-section-height-default elementor-section-height-default\" data-id=\"7dd1945\" data-element_type=\"section\" data-e-type=\"section\">\n\t\t\t\t\t\t<div class=\"elementor-container elementor-column-gap-default\">\n\t\t\t\t\t<div class=\"elementor-column elementor-col-100 elementor-top-column elementor-element elementor-element-d0dd447\" data-id=\"d0dd447\" data-element_type=\"column\" data-e-type=\"column\">\n\t\t\t<div class=\"elementor-widget-wrap elementor-element-populated\">\n\t\t\t\t\t\t<div class=\"elementor-element elementor-element-ea92d68 elementor-widget elementor-widget-heading\" data-id=\"ea92d68\" data-element_type=\"widget\" data-e-type=\"widget\" data-widget_type=\"heading.default\">\n\t\t\t\t<div class=\"elementor-widget-container\">\n\t\t\t\t\t<h2 class=\"elementor-heading-title elementor-size-default\">OBSERVAT\u00d3RIO<\/h2>\t\t\t\t<\/div>\n\t\t\t\t<\/div>\n\t\t\t\t\t<\/div>\n\t\t<\/div>\n\t\t\t\t\t<\/div>\n\t\t<\/section>\n\t\t\t\t<section class=\"elementor-section elementor-top-section elementor-element elementor-element-decfbd0 elementor-section-boxed elementor-section-height-default elementor-section-height-default\" data-id=\"decfbd0\" data-element_type=\"section\" data-e-type=\"section\">\n\t\t\t\t\t\t<div class=\"elementor-container elementor-column-gap-default\">\n\t\t\t\t\t<div class=\"elementor-column elementor-col-100 elementor-top-column elementor-element elementor-element-87e4a74\" data-id=\"87e4a74\" data-element_type=\"column\" data-e-type=\"column\">\n\t\t\t<div class=\"elementor-widget-wrap elementor-element-populated\">\n\t\t\t\t\t\t<div class=\"elementor-element elementor-element-246560e elementor-widget elementor-widget-heading\" data-id=\"246560e\" data-element_type=\"widget\" data-e-type=\"widget\" data-widget_type=\"heading.default\">\n\t\t\t\t<div class=\"elementor-widget-container\">\n\t\t\t\t\t<h2 class=\"elementor-heading-title elementor-size-default\">Artigos<\/h2>\t\t\t\t<\/div>\n\t\t\t\t<\/div>\n\t\t\t\t\t<\/div>\n\t\t<\/div>\n\t\t\t\t\t<\/div>\n\t\t<\/section>\n\t\t\t\t<section class=\"elementor-section elementor-top-section elementor-element elementor-element-de6186e elementor-section-boxed elementor-section-height-default elementor-section-height-default\" data-id=\"de6186e\" data-element_type=\"section\" data-e-type=\"section\">\n\t\t\t\t\t\t<div class=\"elementor-container elementor-column-gap-default\">\n\t\t\t\t\t<div class=\"elementor-column elementor-col-100 elementor-top-column elementor-element elementor-element-d128fdc\" data-id=\"d128fdc\" data-element_type=\"column\" data-e-type=\"column\" data-settings=\"{&quot;animation&quot;:&quot;none&quot;}\">\n\t\t\t<div class=\"elementor-widget-wrap elementor-element-populated\">\n\t\t\t\t\t\t<div class=\"elementor-element elementor-element-19d1544 elementor-widget elementor-widget-text-editor\" data-id=\"19d1544\" data-element_type=\"widget\" data-e-type=\"widget\" data-widget_type=\"text-editor.default\">\n\t\t\t\t<div class=\"elementor-widget-container\">\n\t\t\t\t\t\t\t\t\t<p>Unextractable fossil fuels in a 1.5\u2009\u00b0C world<\/p>\t\t\t\t\t\t\t\t<\/div>\n\t\t\t\t<\/div>\n\t\t\t\t<div class=\"elementor-element elementor-element-493bcf0 elementor-widget elementor-widget-text-editor\" data-id=\"493bcf0\" data-element_type=\"widget\" data-e-type=\"widget\" data-widget_type=\"text-editor.default\">\n\t\t\t\t<div class=\"elementor-widget-container\">\n\t\t\t\t\t\t\t\t\t<p>As partes do <em>2015 Paris Agreement <\/em>comprometeram-se a n\u00e3o medir esfor\u00e7os para limitar o aumento da temperatura a 1,5 \u00b0C em rela\u00e7\u00e3o aos tempos pr\u00e9-industriais. No entanto, os combust\u00edveis f\u00f3sseis continuam a dominar o sistema global de energia e um decl\u00ednio acentuado em seu uso deve ser realizado para manter o aumento da temperatura abaixo desses 1,5\u00b0C. Welsby et al. (2021), apresentam um modelo de sistema de energia global para avaliar a quantidade de combust\u00edveis f\u00f3sseis que precisariam ser deixados no solo, regional e globalmente, a fim de permitir uma probabilidade de 50% de limitar o aquecimento a 1,5\u00b0C.\u00a0<\/p>\t\t\t\t\t\t\t\t<\/div>\n\t\t\t\t<\/div>\n\t\t\t\t<div class=\"elementor-element elementor-element-5d38961 elementor-align-center elementor-widget elementor-widget-button\" data-id=\"5d38961\" data-element_type=\"widget\" data-e-type=\"widget\" data-widget_type=\"button.default\">\n\t\t\t\t<div class=\"elementor-widget-container\">\n\t\t\t\t\t\t\t\t\t<div class=\"elementor-button-wrapper\">\n\t\t\t\t\t<a class=\"elementor-button elementor-button-link elementor-size-xs\" href=\"https:\/\/www.nature.com\/articles\/s41586-021-03821-8\" target=\"_blank\">\n\t\t\t\t\t\t<span class=\"elementor-button-content-wrapper\">\n\t\t\t\t\t\t<span class=\"elementor-button-icon\">\n\t\t\t\t<i aria-hidden=\"true\" class=\"fas fa-angle-right\"><\/i>\t\t\t<\/span>\n\t\t\t\t\t\t\t\t\t<span class=\"elementor-button-text\">Leia mais<\/span>\n\t\t\t\t\t<\/span>\n\t\t\t\t\t<\/a>\n\t\t\t\t<\/div>\n\t\t\t\t\t\t\t\t<\/div>\n\t\t\t\t<\/div>\n\t\t\t\t\t<\/div>\n\t\t<\/div>\n\t\t\t\t\t<\/div>\n\t\t<\/section>\n\t\t\t\t<\/div>\n\t\t","protected":false},"excerpt":{"rendered":"<p>OBSERVAT\u00d3RIO Artigos Unextractable fossil fuels in a 1.5\u2009\u00b0C world As partes do 2015 Paris Agreement comprometeram-se a n\u00e3o medir esfor\u00e7os para limitar o aumento da temperatura a 1,5 \u00b0C em rela\u00e7\u00e3o aos tempos pr\u00e9-industriais. No entanto, os combust\u00edveis f\u00f3sseis continuam &hellip; <a href=\"https:\/\/blog.ufes.br\/laburp\/observatorio-artigos\/\">Continue lendo <span class=\"meta-nav\">&rarr;<\/span><\/a><\/p>\n","protected":false},"author":398,"featured_media":0,"parent":0,"menu_order":0,"comment_status":"closed","ping_status":"closed","template":"","meta":{"_bbp_topic_count":0,"_bbp_reply_count":0,"_bbp_total_topic_count":0,"_bbp_total_reply_count":0,"_bbp_voice_count":0,"_bbp_anonymous_reply_count":0,"_bbp_topic_count_hidden":0,"_bbp_reply_count_hidden":0,"_bbp_forum_subforum_count":0,"_uag_custom_page_level_css":"","footnotes":""},"class_list":["post-1080","page","type-page","status-publish","hentry"],"uagb_featured_image_src":{"full":false,"thumbnail":false,"medium":false,"medium_large":false,"large":false,"1536x1536":false,"2048x2048":false,"post-thumbnail":false},"uagb_author_info":{"display_name":"Ana F\u00e9lix","author_link":"https:\/\/blog.ufes.br\/laburp\/author\/ana_paula-flix-de-carvalho-silva\/"},"uagb_comment_info":0,"uagb_excerpt":"OBSERVAT\u00d3RIO Artigos Unextractable fossil fuels in a 1.5\u2009\u00b0C world As partes do 2015 Paris Agreement comprometeram-se a n\u00e3o medir esfor\u00e7os para limitar o aumento da temperatura a 1,5 \u00b0C em rela\u00e7\u00e3o aos tempos pr\u00e9-industriais. No entanto, os combust\u00edveis f\u00f3sseis continuam &hellip; Continue lendo &rarr;","_links":{"self":[{"href":"https:\/\/blog.ufes.br\/laburp\/wp-json\/wp\/v2\/pages\/1080","targetHints":{"allow":["GET"]}}],"collection":[{"href":"https:\/\/blog.ufes.br\/laburp\/wp-json\/wp\/v2\/pages"}],"about":[{"href":"https:\/\/blog.ufes.br\/laburp\/wp-json\/wp\/v2\/types\/page"}],"author":[{"embeddable":true,"href":"https:\/\/blog.ufes.br\/laburp\/wp-json\/wp\/v2\/users\/398"}],"replies":[{"embeddable":true,"href":"https:\/\/blog.ufes.br\/laburp\/wp-json\/wp\/v2\/comments?post=1080"}],"version-history":[{"count":18,"href":"https:\/\/blog.ufes.br\/laburp\/wp-json\/wp\/v2\/pages\/1080\/revisions"}],"predecessor-version":[{"id":1140,"href":"https:\/\/blog.ufes.br\/laburp\/wp-json\/wp\/v2\/pages\/1080\/revisions\/1140"}],"wp:attachment":[{"href":"https:\/\/blog.ufes.br\/laburp\/wp-json\/wp\/v2\/media?parent=1080"}],"curies":[{"name":"wp","href":"https:\/\/api.w.org\/{rel}","templated":true}]}}