{"id":1318,"date":"2022-02-14T16:16:02","date_gmt":"2022-02-14T19:16:02","guid":{"rendered":"https:\/\/blog.ufes.br\/laburp\/?page_id=1318"},"modified":"2022-08-26T09:54:43","modified_gmt":"2022-08-26T12:54:43","slug":"livros","status":"publish","type":"page","link":"https:\/\/blog.ufes.br\/laburp\/livros\/","title":{"rendered":"Livros"},"content":{"rendered":"\t\t<div data-elementor-type=\"wp-page\" data-elementor-id=\"1318\" class=\"elementor elementor-1318\">\n\t\t\t\t\t\t<section class=\"elementor-section elementor-top-section elementor-element elementor-element-5226671 elementor-section-boxed elementor-section-height-default elementor-section-height-default\" data-id=\"5226671\" data-element_type=\"section\" data-e-type=\"section\">\n\t\t\t\t\t\t<div class=\"elementor-container elementor-column-gap-default\">\n\t\t\t\t\t<div class=\"elementor-column elementor-col-100 elementor-top-column elementor-element elementor-element-01db021\" data-id=\"01db021\" data-element_type=\"column\" data-e-type=\"column\">\n\t\t\t<div class=\"elementor-widget-wrap elementor-element-populated\">\n\t\t\t\t\t\t<div class=\"elementor-element elementor-element-00859aa elementor-widget elementor-widget-heading\" data-id=\"00859aa\" data-element_type=\"widget\" data-e-type=\"widget\" data-widget_type=\"heading.default\">\n\t\t\t\t<div class=\"elementor-widget-container\">\n\t\t\t\t\t<h2 class=\"elementor-heading-title elementor-size-default\">LIVROS<\/h2>\t\t\t\t<\/div>\n\t\t\t\t<\/div>\n\t\t\t\t\t<\/div>\n\t\t<\/div>\n\t\t\t\t\t<\/div>\n\t\t<\/section>\n\t\t\t\t<section class=\"elementor-section elementor-top-section elementor-element elementor-element-9a49709 elementor-section-boxed elementor-section-height-default elementor-section-height-default\" data-id=\"9a49709\" data-element_type=\"section\" data-e-type=\"section\">\n\t\t\t\t\t\t<div class=\"elementor-container elementor-column-gap-default\">\n\t\t\t\t\t<div class=\"elementor-column elementor-col-50 elementor-top-column elementor-element elementor-element-1d5ca56\" data-id=\"1d5ca56\" data-element_type=\"column\" data-e-type=\"column\">\n\t\t\t<div class=\"elementor-widget-wrap elementor-element-populated\">\n\t\t\t\t\t\t<div class=\"elementor-element elementor-element-9cf2708 elementor-position-top elementor-widget elementor-widget-image-box\" data-id=\"9cf2708\" data-element_type=\"widget\" data-e-type=\"widget\" data-widget_type=\"image-box.default\">\n\t\t\t\t<div class=\"elementor-widget-container\">\n\t\t\t\t\t<div class=\"elementor-image-box-wrapper\"><figure class=\"elementor-image-box-img\"><img fetchpriority=\"high\" decoding=\"async\" width=\"382\" height=\"581\" src=\"https:\/\/blog.ufes.br\/laburp\/files\/2022\/02\/imagem_2022-02-14_154442.jpg\" class=\"elementor-animation-grow attachment-full size-full wp-image-1320\" alt=\"\" srcset=\"https:\/\/blog.ufes.br\/laburp\/files\/2022\/02\/imagem_2022-02-14_154442.jpg 382w, https:\/\/blog.ufes.br\/laburp\/files\/2022\/02\/imagem_2022-02-14_154442-197x300.jpg 197w\" sizes=\"(max-width: 382px) 100vw, 382px\" \/><\/figure><div class=\"elementor-image-box-content\"><h3 class=\"elementor-image-box-title\">GEOGRAFIA URBANA Cidades, revolu\u00e7\u00f5es e injusti\u00e7as: entre espa\u00e7os privados, p\u00fablicos, direito \u00e0 cidade e comuns urbanos<\/h3><p class=\"elementor-image-box-description\">\nAna Maria Leite de Barros, Cl\u00e1udio Luiz Zanotelli e Vivian Albani (Organizadores)<\/p><\/div><\/div>\t\t\t\t<\/div>\n\t\t\t\t<\/div>\n\t\t\t\t\t<\/div>\n\t\t<\/div>\n\t\t\t\t<div class=\"elementor-column elementor-col-50 elementor-top-column elementor-element elementor-element-5c87d34\" data-id=\"5c87d34\" data-element_type=\"column\" data-e-type=\"column\">\n\t\t\t<div class=\"elementor-widget-wrap\">\n\t\t\t\t\t\t\t<\/div>\n\t\t<\/div>\n\t\t\t\t\t<\/div>\n\t\t<\/section>\n\t\t\t\t<section class=\"elementor-section elementor-top-section elementor-element elementor-element-29c26d3 elementor-section-boxed elementor-section-height-default elementor-section-height-default\" data-id=\"29c26d3\" data-element_type=\"section\" data-e-type=\"section\">\n\t\t\t\t\t\t<div class=\"elementor-container elementor-column-gap-default\">\n\t\t\t\t\t<div class=\"elementor-column elementor-col-50 elementor-top-column elementor-element elementor-element-8831076\" data-id=\"8831076\" data-element_type=\"column\" data-e-type=\"column\">\n\t\t\t<div class=\"elementor-widget-wrap elementor-element-populated\">\n\t\t\t\t\t\t<div class=\"elementor-element elementor-element-ae96ed9 elementor-position-top elementor-widget elementor-widget-image-box\" data-id=\"ae96ed9\" data-element_type=\"widget\" data-e-type=\"widget\" data-widget_type=\"image-box.default\">\n\t\t\t\t<div class=\"elementor-widget-container\">\n\t\t\t\t\t<div class=\"elementor-image-box-wrapper\"><figure class=\"elementor-image-box-img\"><a href=\"https:\/\/www.editoracrv.com.br\/produtos\/detalhes\/36498-coletanea-analiticabr-programa-de-educacao-ambiental-redes-de-cidadaniabr-brcolecao-redes-de-cidadania-volume-3\" target=\"_blank\" tabindex=\"-1\"><img decoding=\"async\" width=\"627\" height=\"902\" src=\"https:\/\/blog.ufes.br\/laburp\/files\/2022\/02\/imagem_2022-02-14_160628.jpg\" class=\"elementor-animation-grow attachment-full size-full wp-image-1333\" alt=\"\" srcset=\"https:\/\/blog.ufes.br\/laburp\/files\/2022\/02\/imagem_2022-02-14_160628.jpg 627w, https:\/\/blog.ufes.br\/laburp\/files\/2022\/02\/imagem_2022-02-14_160628-209x300.jpg 209w\" sizes=\"(max-width: 627px) 100vw, 627px\" \/><\/a><\/figure><div class=\"elementor-image-box-content\"><h3 class=\"elementor-image-box-title\"><a href=\"https:\/\/www.editoracrv.com.br\/produtos\/detalhes\/36498-coletanea-analiticabr-programa-de-educacao-ambiental-redes-de-cidadaniabr-brcolecao-redes-de-cidadania-volume-3\" target=\"_blank\">Colet\u00e2nea anal\u00edtica: programa de Educa\u00e7\u00e3o Ambiental Redes de Cidadania<\/a><\/h3><p class=\"elementor-image-box-description\">Vinicius Francisco Marchese, Augusto Cesar Salom\u00e3o Mozine, Viviane Mozine Rodrigues (Organizadores)<\/p><\/div><\/div>\t\t\t\t<\/div>\n\t\t\t\t<\/div>\n\t\t\t\t\t<\/div>\n\t\t<\/div>\n\t\t\t\t<div class=\"elementor-column elementor-col-50 elementor-top-column elementor-element elementor-element-a3c74dd\" data-id=\"a3c74dd\" data-element_type=\"column\" data-e-type=\"column\">\n\t\t\t<div class=\"elementor-widget-wrap elementor-element-populated\">\n\t\t\t\t\t\t<div class=\"elementor-element elementor-element-7b3329e elementor-position-top elementor-widget elementor-widget-image-box\" data-id=\"7b3329e\" data-element_type=\"widget\" data-e-type=\"widget\" data-widget_type=\"image-box.default\">\n\t\t\t\t<div class=\"elementor-widget-container\">\n\t\t\t\t\t<div class=\"elementor-image-box-wrapper\"><figure class=\"elementor-image-box-img\"><a href=\"https:\/\/edufes.ufes.br\/items\/show\/590\" target=\"_blank\" tabindex=\"-1\"><img decoding=\"async\" width=\"584\" height=\"805\" src=\"https:\/\/blog.ufes.br\/laburp\/files\/2022\/02\/imagem_2022-02-14_161334.png\" class=\"elementor-animation-grow attachment-full size-full wp-image-1337\" alt=\"\" srcset=\"https:\/\/blog.ufes.br\/laburp\/files\/2022\/02\/imagem_2022-02-14_161334.png 584w, https:\/\/blog.ufes.br\/laburp\/files\/2022\/02\/imagem_2022-02-14_161334-218x300.png 218w\" sizes=\"(max-width: 584px) 100vw, 584px\" \/><\/a><\/figure><div class=\"elementor-image-box-content\"><h3 class=\"elementor-image-box-title\"><a href=\"https:\/\/edufes.ufes.br\/items\/show\/590\" target=\"_blank\">Envelhecimento e migra\u00e7\u00e3o no Esp\u00edrito Santo: din\u00e2mica espacial e sociodemogr\u00e1fica para pol\u00edticas p\u00fablicas<\/a><\/h3><p class=\"elementor-image-box-description\">Ednelson Mariano Dota, Andr\u00e9 Luiz Nascentes Coelho, Rennan Moraes Rodrigues e Marcone Henrique Freitas<\/p><\/div><\/div>\t\t\t\t<\/div>\n\t\t\t\t<\/div>\n\t\t\t\t\t<\/div>\n\t\t<\/div>\n\t\t\t\t\t<\/div>\n\t\t<\/section>\n\t\t\t\t<section class=\"elementor-section elementor-top-section elementor-element elementor-element-2f20cf3 elementor-section-boxed elementor-section-height-default elementor-section-height-default\" data-id=\"2f20cf3\" data-element_type=\"section\" data-e-type=\"section\">\n\t\t\t\t\t\t<div class=\"elementor-container elementor-column-gap-default\">\n\t\t\t\t\t<div class=\"elementor-column elementor-col-50 elementor-top-column elementor-element elementor-element-3a4e822\" data-id=\"3a4e822\" data-element_type=\"column\" data-e-type=\"column\">\n\t\t\t<div class=\"elementor-widget-wrap elementor-element-populated\">\n\t\t\t\t\t\t<div class=\"elementor-element elementor-element-c66e87a elementor-position-top elementor-widget elementor-widget-image-box\" data-id=\"c66e87a\" data-element_type=\"widget\" data-e-type=\"widget\" data-widget_type=\"image-box.default\">\n\t\t\t\t<div class=\"elementor-widget-container\">\n\t\t\t\t\t<div class=\"elementor-image-box-wrapper\"><figure class=\"elementor-image-box-img\"><a href=\"https:\/\/repositorio.ufes.br\/bitstream\/10\/12125\/1\/digital_a-noticia-como-maquina-de-guerra.pdf\" target=\"_blank\" tabindex=\"-1\"><img loading=\"lazy\" decoding=\"async\" width=\"542\" height=\"695\" src=\"https:\/\/blog.ufes.br\/laburp\/files\/2022\/08\/db8c4247e8eda6391b9a083a4f238d28.jpg\" class=\"elementor-animation-grow attachment-full size-full wp-image-1480\" alt=\"\" srcset=\"https:\/\/blog.ufes.br\/laburp\/files\/2022\/08\/db8c4247e8eda6391b9a083a4f238d28.jpg 542w, https:\/\/blog.ufes.br\/laburp\/files\/2022\/08\/db8c4247e8eda6391b9a083a4f238d28-234x300.jpg 234w\" sizes=\"(max-width: 542px) 100vw, 542px\" \/><\/a><\/figure><div class=\"elementor-image-box-content\"><h3 class=\"elementor-image-box-title\"><a href=\"https:\/\/repositorio.ufes.br\/bitstream\/10\/12125\/1\/digital_a-noticia-como-maquina-de-guerra.pdf\" target=\"_blank\">A NOT\u00cdCIA COMO M\u00c1QUINA DE GUERRA  An\u00e1lise dos discursos sobre a Petrobras e a produ\u00e7\u00e3o de petr\u00f3leo e g\u00e1s nos jornais: um enfoque no Esp\u00edrito Santo<\/a><\/h3><p class=\"elementor-image-box-description\">Cl\u00e1udio Luiz Zanotelli, Jorge Lellis Bomfim Medina, Francismar Cunha Ferreira e Matheus Oliveira Fernandes Ad\u00e3o<\/p><\/div><\/div>\t\t\t\t<\/div>\n\t\t\t\t<\/div>\n\t\t\t\t\t<\/div>\n\t\t<\/div>\n\t\t\t\t<div class=\"elementor-column elementor-col-50 elementor-top-column elementor-element elementor-element-0f20c7e\" data-id=\"0f20c7e\" data-element_type=\"column\" data-e-type=\"column\">\n\t\t\t<div class=\"elementor-widget-wrap elementor-element-populated\">\n\t\t\t\t\t\t<div class=\"elementor-element elementor-element-7910396 elementor-position-top elementor-widget elementor-widget-image-box\" data-id=\"7910396\" data-element_type=\"widget\" data-e-type=\"widget\" data-widget_type=\"image-box.default\">\n\t\t\t\t<div class=\"elementor-widget-container\">\n\t\t\t\t\t<div class=\"elementor-image-box-wrapper\"><figure class=\"elementor-image-box-img\"><img loading=\"lazy\" decoding=\"async\" width=\"783\" height=\"899\" src=\"https:\/\/blog.ufes.br\/laburp\/files\/2022\/02\/imagem_2022-02-14_154851.jpg\" class=\"elementor-animation-grow attachment-full size-full wp-image-1321\" alt=\"\" srcset=\"https:\/\/blog.ufes.br\/laburp\/files\/2022\/02\/imagem_2022-02-14_154851.jpg 783w, https:\/\/blog.ufes.br\/laburp\/files\/2022\/02\/imagem_2022-02-14_154851-261x300.jpg 261w, https:\/\/blog.ufes.br\/laburp\/files\/2022\/02\/imagem_2022-02-14_154851-768x882.jpg 768w\" sizes=\"(max-width: 783px) 100vw, 783px\" \/><\/figure><div class=\"elementor-image-box-content\"><h3 class=\"elementor-image-box-title\">A NOT\u00cdCIA COMO M\u00c1QUINA DE GUERRA  An\u00e1lise dos discursos sobre a Petrobras e a produ\u00e7\u00e3o de petr\u00f3leo e g\u00e1s nos jornais: um enfoque no Esp\u00edrito Santo.<\/h3><p class=\"elementor-image-box-description\">Cl\u00e1udio Luiz Zanotelli, Jorge Lellis Bomfim Medina, Francismar Cunha Ferreira e Matheus Oliveira Fernandes Ad\u00e3o<\/p><\/div><\/div>\t\t\t\t<\/div>\n\t\t\t\t<\/div>\n\t\t\t\t\t<\/div>\n\t\t<\/div>\n\t\t\t\t\t<\/div>\n\t\t<\/section>\n\t\t\t\t<\/div>\n\t\t","protected":false},"excerpt":{"rendered":"<p>LIVROS GEOGRAFIA URBANA Cidades, revolu\u00e7\u00f5es e injusti\u00e7as: entre espa\u00e7os privados, p\u00fablicos, direito \u00e0 cidade e comuns urbanos Ana Maria Leite de Barros, Cl\u00e1udio Luiz Zanotelli e Vivian Albani (Organizadores) Colet\u00e2nea anal\u00edtica: programa de Educa\u00e7\u00e3o Ambiental Redes de Cidadania Vinicius Francisco &hellip; <a href=\"https:\/\/blog.ufes.br\/laburp\/livros\/\">Continue lendo <span class=\"meta-nav\">&rarr;<\/span><\/a><\/p>\n","protected":false},"author":398,"featured_media":0,"parent":0,"menu_order":0,"comment_status":"closed","ping_status":"closed","template":"","meta":{"_bbp_topic_count":0,"_bbp_reply_count":0,"_bbp_total_topic_count":0,"_bbp_total_reply_count":0,"_bbp_voice_count":0,"_bbp_anonymous_reply_count":0,"_bbp_topic_count_hidden":0,"_bbp_reply_count_hidden":0,"_bbp_forum_subforum_count":0,"_uag_custom_page_level_css":"","footnotes":""},"class_list":["post-1318","page","type-page","status-publish","hentry"],"uagb_featured_image_src":{"full":false,"thumbnail":false,"medium":false,"medium_large":false,"large":false,"1536x1536":false,"2048x2048":false,"post-thumbnail":false},"uagb_author_info":{"display_name":"Ana F\u00e9lix","author_link":"https:\/\/blog.ufes.br\/laburp\/author\/ana_paula-flix-de-carvalho-silva\/"},"uagb_comment_info":0,"uagb_excerpt":"LIVROS GEOGRAFIA URBANA Cidades, revolu\u00e7\u00f5es e injusti\u00e7as: entre espa\u00e7os privados, p\u00fablicos, direito \u00e0 cidade e comuns urbanos Ana Maria Leite de Barros, Cl\u00e1udio Luiz Zanotelli e Vivian Albani (Organizadores) Colet\u00e2nea anal\u00edtica: programa de Educa\u00e7\u00e3o Ambiental Redes de Cidadania Vinicius Francisco &hellip; Continue lendo &rarr;","_links":{"self":[{"href":"https:\/\/blog.ufes.br\/laburp\/wp-json\/wp\/v2\/pages\/1318","targetHints":{"allow":["GET"]}}],"collection":[{"href":"https:\/\/blog.ufes.br\/laburp\/wp-json\/wp\/v2\/pages"}],"about":[{"href":"https:\/\/blog.ufes.br\/laburp\/wp-json\/wp\/v2\/types\/page"}],"author":[{"embeddable":true,"href":"https:\/\/blog.ufes.br\/laburp\/wp-json\/wp\/v2\/users\/398"}],"replies":[{"embeddable":true,"href":"https:\/\/blog.ufes.br\/laburp\/wp-json\/wp\/v2\/comments?post=1318"}],"version-history":[{"count":11,"href":"https:\/\/blog.ufes.br\/laburp\/wp-json\/wp\/v2\/pages\/1318\/revisions"}],"predecessor-version":[{"id":1494,"href":"https:\/\/blog.ufes.br\/laburp\/wp-json\/wp\/v2\/pages\/1318\/revisions\/1494"}],"wp:attachment":[{"href":"https:\/\/blog.ufes.br\/laburp\/wp-json\/wp\/v2\/media?parent=1318"}],"curies":[{"name":"wp","href":"https:\/\/api.w.org\/{rel}","templated":true}]}}