{"id":1522,"date":"2023-03-31T15:43:49","date_gmt":"2023-03-31T18:43:49","guid":{"rendered":"https:\/\/blog.ufes.br\/laburp\/?page_id=1522"},"modified":"2024-01-29T21:15:41","modified_gmt":"2024-01-30T00:15:41","slug":"impactos-do-petro","status":"publish","type":"page","link":"https:\/\/blog.ufes.br\/laburp\/impactos-do-petro\/","title":{"rendered":"Impactos do Petr\u00f3leo"},"content":{"rendered":"\t\t<div data-elementor-type=\"wp-page\" data-elementor-id=\"1522\" class=\"elementor elementor-1522\">\n\t\t\t\t\t\t<section class=\"elementor-section elementor-top-section elementor-element elementor-element-64e5cfb1 elementor-section-content-middle elementor-reverse-mobile elementor-section-boxed elementor-section-height-default elementor-section-height-default\" data-id=\"64e5cfb1\" data-element_type=\"section\" data-e-type=\"section\">\n\t\t\t\t\t\t<div class=\"elementor-container elementor-column-gap-no\">\n\t\t\t\t\t<div class=\"elementor-column elementor-col-50 elementor-top-column elementor-element elementor-element-1550bd0f\" data-id=\"1550bd0f\" data-element_type=\"column\" data-e-type=\"column\">\n\t\t\t<div class=\"elementor-widget-wrap elementor-element-populated\">\n\t\t\t\t\t\t<div class=\"elementor-element elementor-element-4af51070 elementor-widget elementor-widget-text-editor\" data-id=\"4af51070\" data-element_type=\"widget\" data-e-type=\"widget\" data-widget_type=\"text-editor.default\">\n\t\t\t\t<div class=\"elementor-widget-container\">\n\t\t\t\t\t\t\t\t\t<p>Impactos e estresses provocados no meio pelo petr\u00f3leo<\/p>\t\t\t\t\t\t\t\t<\/div>\n\t\t\t\t<\/div>\n\t\t\t\t<div class=\"elementor-element elementor-element-6f0cdcf5 elementor-widget elementor-widget-heading\" data-id=\"6f0cdcf5\" data-element_type=\"widget\" data-e-type=\"widget\" data-widget_type=\"heading.default\">\n\t\t\t\t<div class=\"elementor-widget-container\">\n\t\t\t\t\t<h3 class=\"elementor-heading-title elementor-size-default\">Den\u00fancia: vazamento de \u00f3leo no Norte do Esp\u00edrito Santo<\/h3>\t\t\t\t<\/div>\n\t\t\t\t<\/div>\n\t\t\t\t<div class=\"elementor-element elementor-element-294c5908 elementor-widget elementor-widget-text-editor\" data-id=\"294c5908\" data-element_type=\"widget\" data-e-type=\"widget\" data-widget_type=\"text-editor.default\">\n\t\t\t\t<div class=\"elementor-widget-container\">\n\t\t\t\t\t\t\t\t\t<p>O Sindipetro\/ES publicou, em suas redes, mais uma den\u00fancia grave de vazamento de \u00f3leo, desta vez em \u00e1rea operada pela empresa Seacrest, no Polo Cricar\u00e9, no Norte do Esp\u00edrito Santo.<\/p>\t\t\t\t\t\t\t\t<\/div>\n\t\t\t\t<\/div>\n\t\t\t\t\t<\/div>\n\t\t<\/div>\n\t\t\t\t<div class=\"elementor-column elementor-col-50 elementor-top-column elementor-element elementor-element-7d5b81a\" data-id=\"7d5b81a\" data-element_type=\"column\" data-e-type=\"column\">\n\t\t\t<div class=\"elementor-widget-wrap elementor-element-populated\">\n\t\t\t\t\t\t<div class=\"elementor-element elementor-element-4eaabb71 elementor-widget elementor-widget-image\" data-id=\"4eaabb71\" data-element_type=\"widget\" data-e-type=\"widget\" data-widget_type=\"image.default\">\n\t\t\t\t<div class=\"elementor-widget-container\">\n\t\t\t\t\t\t\t\t\t\t\t\t\t\t\t<img fetchpriority=\"high\" decoding=\"async\" width=\"1156\" height=\"614\" src=\"https:\/\/blog.ufes.br\/laburp\/files\/2023\/03\/imagem_2023-03-31_154040991.png\" class=\"attachment-full size-full wp-image-1527\" alt=\"\" srcset=\"https:\/\/blog.ufes.br\/laburp\/files\/2023\/03\/imagem_2023-03-31_154040991.png 1156w, https:\/\/blog.ufes.br\/laburp\/files\/2023\/03\/imagem_2023-03-31_154040991-300x159.png 300w, https:\/\/blog.ufes.br\/laburp\/files\/2023\/03\/imagem_2023-03-31_154040991-1024x544.png 1024w, https:\/\/blog.ufes.br\/laburp\/files\/2023\/03\/imagem_2023-03-31_154040991-768x408.png 768w\" sizes=\"(max-width: 1156px) 100vw, 1156px\" \/>\t\t\t\t\t\t\t\t\t\t\t\t\t\t\t<\/div>\n\t\t\t\t<\/div>\n\t\t\t\t\t<\/div>\n\t\t<\/div>\n\t\t\t\t\t<\/div>\n\t\t<\/section>\n\t\t\t\t<section class=\"elementor-section elementor-top-section elementor-element elementor-element-5779535 elementor-section-boxed elementor-section-height-default elementor-section-height-default\" data-id=\"5779535\" data-element_type=\"section\" data-e-type=\"section\">\n\t\t\t\t\t\t<div class=\"elementor-container elementor-column-gap-default\">\n\t\t\t\t\t<div class=\"elementor-column elementor-col-100 elementor-top-column elementor-element elementor-element-b1e4dbb\" data-id=\"b1e4dbb\" data-element_type=\"column\" data-e-type=\"column\">\n\t\t\t<div class=\"elementor-widget-wrap elementor-element-populated\">\n\t\t\t\t\t\t<div class=\"elementor-element elementor-element-dc8f4b9 elementor-align-center elementor-widget elementor-widget-button\" data-id=\"dc8f4b9\" data-element_type=\"widget\" data-e-type=\"widget\" data-widget_type=\"button.default\">\n\t\t\t\t<div class=\"elementor-widget-container\">\n\t\t\t\t\t\t\t\t\t<div class=\"elementor-button-wrapper\">\n\t\t\t\t\t<a class=\"elementor-button elementor-button-link elementor-size-sm elementor-animation-grow\" href=\"https:\/\/fup.org.br\/denuncia-seacrest-provoca-mais-um-vazamento-de-oleo-no-norte-do-espirito-santo\/\">\n\t\t\t\t\t\t<span class=\"elementor-button-content-wrapper\">\n\t\t\t\t\t\t\t\t\t<span class=\"elementor-button-text\">Saiba mais<\/span>\n\t\t\t\t\t<\/span>\n\t\t\t\t\t<\/a>\n\t\t\t\t<\/div>\n\t\t\t\t\t\t\t\t<\/div>\n\t\t\t\t<\/div>\n\t\t\t\t\t<\/div>\n\t\t<\/div>\n\t\t\t\t\t<\/div>\n\t\t<\/section>\n\t\t\t\t<\/div>\n\t\t","protected":false},"excerpt":{"rendered":"<p>Impactos e estresses provocados no meio pelo petr\u00f3leo Den\u00fancia: vazamento de \u00f3leo no Norte do Esp\u00edrito Santo O Sindipetro\/ES publicou, em suas redes, mais uma den\u00fancia grave de vazamento de \u00f3leo, desta vez em \u00e1rea operada pela empresa Seacrest, no &hellip; <a href=\"https:\/\/blog.ufes.br\/laburp\/impactos-do-petro\/\">Continue lendo <span class=\"meta-nav\">&rarr;<\/span><\/a><\/p>\n","protected":false},"author":398,"featured_media":0,"parent":0,"menu_order":0,"comment_status":"closed","ping_status":"closed","template":"","meta":{"_bbp_topic_count":0,"_bbp_reply_count":0,"_bbp_total_topic_count":0,"_bbp_total_reply_count":0,"_bbp_voice_count":0,"_bbp_anonymous_reply_count":0,"_bbp_topic_count_hidden":0,"_bbp_reply_count_hidden":0,"_bbp_forum_subforum_count":0,"_uag_custom_page_level_css":"","footnotes":""},"class_list":["post-1522","page","type-page","status-publish","hentry"],"uagb_featured_image_src":{"full":false,"thumbnail":false,"medium":false,"medium_large":false,"large":false,"1536x1536":false,"2048x2048":false,"post-thumbnail":false},"uagb_author_info":{"display_name":"Ana F\u00e9lix","author_link":"https:\/\/blog.ufes.br\/laburp\/author\/ana_paula-flix-de-carvalho-silva\/"},"uagb_comment_info":0,"uagb_excerpt":"Impactos e estresses provocados no meio pelo petr\u00f3leo Den\u00fancia: vazamento de \u00f3leo no Norte do Esp\u00edrito Santo O Sindipetro\/ES publicou, em suas redes, mais uma den\u00fancia grave de vazamento de \u00f3leo, desta vez em \u00e1rea operada pela empresa Seacrest, no &hellip; Continue lendo &rarr;","_links":{"self":[{"href":"https:\/\/blog.ufes.br\/laburp\/wp-json\/wp\/v2\/pages\/1522","targetHints":{"allow":["GET"]}}],"collection":[{"href":"https:\/\/blog.ufes.br\/laburp\/wp-json\/wp\/v2\/pages"}],"about":[{"href":"https:\/\/blog.ufes.br\/laburp\/wp-json\/wp\/v2\/types\/page"}],"author":[{"embeddable":true,"href":"https:\/\/blog.ufes.br\/laburp\/wp-json\/wp\/v2\/users\/398"}],"replies":[{"embeddable":true,"href":"https:\/\/blog.ufes.br\/laburp\/wp-json\/wp\/v2\/comments?post=1522"}],"version-history":[{"count":11,"href":"https:\/\/blog.ufes.br\/laburp\/wp-json\/wp\/v2\/pages\/1522\/revisions"}],"predecessor-version":[{"id":1811,"href":"https:\/\/blog.ufes.br\/laburp\/wp-json\/wp\/v2\/pages\/1522\/revisions\/1811"}],"wp:attachment":[{"href":"https:\/\/blog.ufes.br\/laburp\/wp-json\/wp\/v2\/media?parent=1522"}],"curies":[{"name":"wp","href":"https:\/\/api.w.org\/{rel}","templated":true}]}}