{"id":2,"date":"2012-03-27T14:13:55","date_gmt":"2012-03-27T14:13:55","guid":{"rendered":"http:\/\/blog.ufes.br\/estudosmetropolitanos\/?page_id=2"},"modified":"2020-09-30T15:04:28","modified_gmt":"2020-09-30T18:04:28","slug":"pagina-exemplo","status":"publish","type":"page","link":"https:\/\/blog.ufes.br\/laburp\/pagina-exemplo\/","title":{"rendered":"Sobre"},"content":{"rendered":"\n<div class=\"wp-block-group\"><div class=\"wp-block-group__inner-container is-layout-flow wp-block-group-is-layout-flow\">\n<p><strong>Introdu\u00e7\u00e3o<\/strong><\/p>\n<p>Os estudos regionais e urbanos, sobre as paisagens e os territ\u00f3rios que realizamos h\u00e1 v\u00e1rios anos nos quadros do Departamento de Geografia e do Programa de P\u00f3s-Gradua\u00e7\u00e3o em Geografia da Universidade Federal do Esp\u00edrito Santo, bem como no Programa de P\u00f3s-Gradua\u00e7\u00e3o em Arquitetura e Urbanismo da UFES, malgrado a exist\u00eancia de projetos de pesquisas, de orienta\u00e7\u00f5es voltadas para essas tem\u00e1ticas e de coopera\u00e7\u00f5es que se organizam, bem como de publica\u00e7\u00f5es relativas \u00e0 tem\u00e1tica, careciam de um quadro institucional estruturado e de um espa\u00e7o que permitisse o enquadramento e a fecunda\u00e7\u00e3o dessas pesquisas, dando, assim, maior amplitude aos estudos e pesquisas que organizamos. Dessa forma constitu\u00edmos o LABURP<\/p>\n<p><strong>Objetivos gerais<\/strong><\/p>\n<p>Realizar pesquisas sobre as regi\u00f5es e os fen\u00f4menos de regionaliza\u00e7\u00e3o, sobre polariza\u00e7\u00f5es e distritos industriais e a constitui\u00e7\u00e3o de espa\u00e7os e de territ\u00f3rios ligados aos equipamentos e infraestruturas industriais e portu\u00e1rias (Geoeconomia) e sobre o fen\u00f4meno urbano em sua acep\u00e7\u00e3o mais larga associando aspectos ligados \u00e0s popula\u00e7\u00f5es e \u00e0 demografia. O laborat\u00f3rio ser\u00e1 tamb\u00e9m o lugar de pesquisadores com o foco em perspectivas das an\u00e1lises relativas \u00e0s paisagens e aos territ\u00f3rios.<\/p>\n<p><strong>Objetivos espec\u00edficos<\/strong><\/p>\n<p>Diante da import\u00e2ncia que assumem no Brasil e em particular no Esp\u00edrito Santo as implanta\u00e7\u00f5es e polariza\u00e7\u00f5es exercidas pelas cidades, mas tamb\u00e9m pelas implanta\u00e7\u00f5es industriais e portu\u00e1rias, notadamente os p\u00f3los industriais sider\u00fargicos, papeleiro e, sobretudo, nos \u00faltimos anos, os ligados \u00e0 cadeia do petr\u00f3leo, os estudos regionais se tornam fundamentais para podermos compreender os efeitos espaciais e territoriais dessas implanta\u00e7\u00f5es. Assim, o \u201cretorno da regi\u00e3o\u201d, em particular da regi\u00e3o urbana, como M\u00e9todo \u00e9 de import\u00e2ncia \u00edmpar, pelo fato de buscar associar tanto os aspectos das atividades econ\u00f4micas e da organiza\u00e7\u00e3o social quanto os aspectos espaciais e territoriais em sua forma e em sua estrutura.<\/p>\n<p>Busca-se com o laborat\u00f3rio desenvolver pesquisas para compreender a estrutura regional e o fen\u00f4meno urbano em sua totalidade definidos por fluxos e processos que os comp\u00f5em e recomp\u00f5em de maneira aberta e generativa. Portanto pensamos a regi\u00e3o e o urbano como uma estrutura aberta e em constante recomposi\u00e7\u00e3o em fun\u00e7\u00e3o das infraestruturas, dos equipamentos, da circula\u00e7\u00e3o, das mobilidades e dos aspectos sociais e econ\u00f4micos que permitem uma configura\u00e7\u00e3o \u00e0 geometria vari\u00e1vel dos espa\u00e7os e territ\u00f3rios regionais.<\/p>\n<p>As paisagens comp\u00f5em o quadro estrutural das regi\u00f5es e s\u00e3o abordadas em seus aspectos tanto sociais quanto econ\u00f4micos e f\u00edsicos.<\/p>\n<\/div><\/div>\n\n\n\n<p><\/p>\n","protected":false},"excerpt":{"rendered":"<p>Introdu\u00e7\u00e3o Os estudos regionais e urbanos, sobre as paisagens e os territ\u00f3rios que realizamos h\u00e1 v\u00e1rios anos nos quadros do Departamento de Geografia e do Programa de P\u00f3s-Gradua\u00e7\u00e3o em Geografia da Universidade Federal do Esp\u00edrito Santo, bem como no Programa &hellip; <a href=\"https:\/\/blog.ufes.br\/laburp\/pagina-exemplo\/\">Continue lendo <span class=\"meta-nav\">&rarr;<\/span><\/a><\/p>\n","protected":false},"author":64,"featured_media":0,"parent":0,"menu_order":0,"comment_status":"open","ping_status":"open","template":"","meta":{"_bbp_topic_count":0,"_bbp_reply_count":0,"_bbp_total_topic_count":0,"_bbp_total_reply_count":0,"_bbp_voice_count":0,"_bbp_anonymous_reply_count":0,"_bbp_topic_count_hidden":0,"_bbp_reply_count_hidden":0,"_bbp_forum_subforum_count":0,"_uag_custom_page_level_css":"","footnotes":""},"class_list":["post-2","page","type-page","status-publish","hentry"],"uagb_featured_image_src":{"full":false,"thumbnail":false,"medium":false,"medium_large":false,"large":false,"1536x1536":false,"2048x2048":false,"post-thumbnail":false},"uagb_author_info":{"display_name":"claudio.zanotelli","author_link":"https:\/\/blog.ufes.br\/laburp\/author\/claudio-zanotelli\/"},"uagb_comment_info":1,"uagb_excerpt":"Introdu\u00e7\u00e3o Os estudos regionais e urbanos, sobre as paisagens e os territ\u00f3rios que realizamos h\u00e1 v\u00e1rios anos nos quadros do Departamento de Geografia e do Programa de P\u00f3s-Gradua\u00e7\u00e3o em Geografia da Universidade Federal do Esp\u00edrito Santo, bem como no Programa &hellip; Continue lendo &rarr;","_links":{"self":[{"href":"https:\/\/blog.ufes.br\/laburp\/wp-json\/wp\/v2\/pages\/2","targetHints":{"allow":["GET"]}}],"collection":[{"href":"https:\/\/blog.ufes.br\/laburp\/wp-json\/wp\/v2\/pages"}],"about":[{"href":"https:\/\/blog.ufes.br\/laburp\/wp-json\/wp\/v2\/types\/page"}],"author":[{"embeddable":true,"href":"https:\/\/blog.ufes.br\/laburp\/wp-json\/wp\/v2\/users\/64"}],"replies":[{"embeddable":true,"href":"https:\/\/blog.ufes.br\/laburp\/wp-json\/wp\/v2\/comments?post=2"}],"version-history":[{"count":10,"href":"https:\/\/blog.ufes.br\/laburp\/wp-json\/wp\/v2\/pages\/2\/revisions"}],"predecessor-version":[{"id":498,"href":"https:\/\/blog.ufes.br\/laburp\/wp-json\/wp\/v2\/pages\/2\/revisions\/498"}],"wp:attachment":[{"href":"https:\/\/blog.ufes.br\/laburp\/wp-json\/wp\/v2\/media?parent=2"}],"curies":[{"name":"wp","href":"https:\/\/api.w.org\/{rel}","templated":true}]}}