{"id":280,"date":"2016-05-09T11:15:40","date_gmt":"2016-05-09T14:15:40","guid":{"rendered":"http:\/\/blog.ufes.br\/estudosmetropolitanos\/?page_id=280"},"modified":"2021-02-05T09:59:48","modified_gmt":"2021-02-05T12:59:48","slug":"parceriascooperacoes","status":"publish","type":"page","link":"https:\/\/blog.ufes.br\/laburp\/pagina-exemplo\/parceriascooperacoes\/","title":{"rendered":"Parcerias\/coopera\u00e7\u00f5es existentes e propostas"},"content":{"rendered":"<p><strong>Parcerias\/coopera\u00e7\u00f5es existentes e propostas<\/strong><\/p>\n<p>1 &#8211; Coopera\u00e7\u00e3o com o Laborat\u00f3rio Mosaiqe \u2013 La Vue e Universidade Paris Ouest, Nanterre, La Defense.<\/p>\n<p>2 &#8211; Coopera\u00e7\u00f5es Existentes: Laborat\u00f3rio de Estudos do Espa\u00e7o Antr\u00f3pico da Universidade Estadual do Norte Fluminense Darcy Ribeiro \u2013 UENF; Laborat\u00f3rio QUAP\u00c1 \u2013 Universidade de S\u00e3o Paulo \u2013 USP; Rede de pesquisa inter institucional Urbanismo no Brasil \u2013 coordenada pela Universidade de S\u00e3o Paulo \u2013 USP; Grupo de Pesquisa Patrim\u00f4nio Urbano da Universidade Federal Fluminense &#8211; UFF e N\u00facleo Interdisciplinar de Pesquisas em Paisagismo da Universidade Federal do Rio de Janeiro &#8211; UFRJ<\/p>\n","protected":false},"excerpt":{"rendered":"<p>Parcerias\/coopera\u00e7\u00f5es existentes e propostas 1 &#8211; Coopera\u00e7\u00e3o com o Laborat\u00f3rio Mosaiqe \u2013 La Vue e Universidade Paris Ouest, Nanterre, La Defense. 2 &#8211; Coopera\u00e7\u00f5es Existentes: Laborat\u00f3rio de Estudos do Espa\u00e7o Antr\u00f3pico da Universidade Estadual do Norte Fluminense Darcy Ribeiro \u2013 &hellip; <a href=\"https:\/\/blog.ufes.br\/laburp\/pagina-exemplo\/parceriascooperacoes\/\">Continue lendo <span class=\"meta-nav\">&rarr;<\/span><\/a><\/p>\n","protected":false},"author":274,"featured_media":0,"parent":2,"menu_order":2,"comment_status":"closed","ping_status":"closed","template":"","meta":{"_bbp_topic_count":0,"_bbp_reply_count":0,"_bbp_total_topic_count":0,"_bbp_total_reply_count":0,"_bbp_voice_count":0,"_bbp_anonymous_reply_count":0,"_bbp_topic_count_hidden":0,"_bbp_reply_count_hidden":0,"_bbp_forum_subforum_count":0,"_uag_custom_page_level_css":"","footnotes":""},"class_list":["post-280","page","type-page","status-publish","hentry"],"uagb_featured_image_src":{"full":false,"thumbnail":false,"medium":false,"medium_large":false,"large":false,"1536x1536":false,"2048x2048":false,"post-thumbnail":false},"uagb_author_info":{"display_name":"jefica.barros","author_link":"https:\/\/blog.ufes.br\/laburp\/author\/jefica-barros\/"},"uagb_comment_info":0,"uagb_excerpt":"Parcerias\/coopera\u00e7\u00f5es existentes e propostas 1 &#8211; Coopera\u00e7\u00e3o com o Laborat\u00f3rio Mosaiqe \u2013 La Vue e Universidade Paris Ouest, Nanterre, La Defense. 2 &#8211; Coopera\u00e7\u00f5es Existentes: Laborat\u00f3rio de Estudos do Espa\u00e7o Antr\u00f3pico da Universidade Estadual do Norte Fluminense Darcy Ribeiro \u2013 &hellip; Continue lendo &rarr;","_links":{"self":[{"href":"https:\/\/blog.ufes.br\/laburp\/wp-json\/wp\/v2\/pages\/280","targetHints":{"allow":["GET"]}}],"collection":[{"href":"https:\/\/blog.ufes.br\/laburp\/wp-json\/wp\/v2\/pages"}],"about":[{"href":"https:\/\/blog.ufes.br\/laburp\/wp-json\/wp\/v2\/types\/page"}],"author":[{"embeddable":true,"href":"https:\/\/blog.ufes.br\/laburp\/wp-json\/wp\/v2\/users\/274"}],"replies":[{"embeddable":true,"href":"https:\/\/blog.ufes.br\/laburp\/wp-json\/wp\/v2\/comments?post=280"}],"version-history":[{"count":7,"href":"https:\/\/blog.ufes.br\/laburp\/wp-json\/wp\/v2\/pages\/280\/revisions"}],"predecessor-version":[{"id":721,"href":"https:\/\/blog.ufes.br\/laburp\/wp-json\/wp\/v2\/pages\/280\/revisions\/721"}],"up":[{"embeddable":true,"href":"https:\/\/blog.ufes.br\/laburp\/wp-json\/wp\/v2\/pages\/2"}],"wp:attachment":[{"href":"https:\/\/blog.ufes.br\/laburp\/wp-json\/wp\/v2\/media?parent=280"}],"curies":[{"name":"wp","href":"https:\/\/api.w.org\/{rel}","templated":true}]}}