{"id":538,"date":"2020-10-13T15:56:30","date_gmt":"2020-10-13T18:56:30","guid":{"rendered":"http:\/\/blog.ufes.br\/laburp\/?page_id=538"},"modified":"2023-04-15T18:26:40","modified_gmt":"2023-04-15T21:26:40","slug":"em-andamento","status":"publish","type":"page","link":"https:\/\/blog.ufes.br\/laburp\/propostas-de-pesquisas\/em-andamento\/","title":{"rendered":"Em andamento"},"content":{"rendered":"\t\t<div data-elementor-type=\"wp-page\" data-elementor-id=\"538\" class=\"elementor elementor-538\">\n\t\t\t\t\t\t<section class=\"elementor-section elementor-top-section elementor-element elementor-element-ce9366c elementor-section-full_width elementor-section-height-default elementor-section-height-default\" data-id=\"ce9366c\" data-element_type=\"section\" data-e-type=\"section\">\n\t\t\t\t\t\t<div class=\"elementor-container elementor-column-gap-default\">\n\t\t\t\t\t<div class=\"elementor-column elementor-col-100 elementor-top-column elementor-element elementor-element-792e1599\" data-id=\"792e1599\" data-element_type=\"column\" data-e-type=\"column\">\n\t\t\t<div class=\"elementor-widget-wrap elementor-element-populated\">\n\t\t\t\t\t\t<div class=\"elementor-element elementor-element-39c5fa6f elementor-widget elementor-widget-toggle\" data-id=\"39c5fa6f\" data-element_type=\"widget\" data-e-type=\"widget\" data-widget_type=\"toggle.default\">\n\t\t\t\t<div class=\"elementor-widget-container\">\n\t\t\t\t\t\t\t<div class=\"elementor-toggle\">\n\t\t\t\t\t\t\t<div class=\"elementor-toggle-item\">\n\t\t\t\t\t<div id=\"elementor-tab-title-9691\" class=\"elementor-tab-title\" data-tab=\"1\" role=\"button\" aria-controls=\"elementor-tab-content-9691\" aria-expanded=\"false\">\n\t\t\t\t\t\t\t\t\t\t\t\t<span class=\"elementor-toggle-icon elementor-toggle-icon-left\" aria-hidden=\"true\">\n\t\t\t\t\t\t\t\t\t\t\t\t\t\t\t<span class=\"elementor-toggle-icon-closed\"><i class=\"fas fa-caret-right\"><\/i><\/span>\n\t\t\t\t\t\t\t\t<span class=\"elementor-toggle-icon-opened\"><i class=\"elementor-toggle-icon-opened fas fa-caret-up\"><\/i><\/span>\n\t\t\t\t\t\t\t\t\t\t\t\t\t<\/span>\n\t\t\t\t\t\t\t\t\t\t\t\t<a class=\"elementor-toggle-title\" tabindex=\"0\">Projeto geoeconomia<\/a>\n\t\t\t\t\t<\/div>\n\n\t\t\t\t\t<div id=\"elementor-tab-content-9691\" class=\"elementor-tab-content elementor-clearfix\" data-tab=\"1\" role=\"region\" aria-labelledby=\"elementor-tab-title-9691\"><p><strong>Pesquisa intitulada<\/strong>:<br \/><em>\u201cGeopol\u00edtica, Geoeconomia e paisagens da infraestrutura do petr\u00f3leo na regi\u00e3o costeira do Sudeste do Brasil\u201d.<\/em><\/p>\n<p>Equipe:<br \/>Claudio Luiz Zanotelli (Coordenador);<br \/>Francismar Cunha Ferreira;<br \/>Ednelson Mariano Dota;<br \/>Rennan Moraes Rodrigues;<br \/>Vinicius Marchese;<br \/>Eneida Maria de Souza Mendon\u00e7a;<br \/>Carlos Ant\u00f4nio Brand\u00e3o;<br \/>Ana Maria Leite de Barros;<br \/>Roberto Sim\u00f5es;<br \/>Zandor Gomes Mesquita;<br \/>Ana Paula F\u00e9lix de Carvalho Silva;<br \/>Angela Beatriz Rosa da Silva de Oliveira.<\/p>\n<p>Objetivos:<br \/>Pretende-se com esse projeto dar continuidade e aprofundar os estudos j\u00e1 iniciados sobre o setor petr\u00f3leo e seus \u201cefeitos\u201d e impactos socioecon\u00f4micos e socioterritoriais (conforme o item contextualiza\u00e7\u00e3o mais abaixo). Objetivamos investigar mais detalhadamente as infraestruturas e os capitais fixos e os fluxos em suas diferentes abordagens escalares e paisagens modificadas, em particular na zona costeira do Sudeste e mais especificamente nos territ\u00f3rios do Esp\u00edrito Santo e do Rio de Janeiro, onde a explora\u00e7\u00e3o e produ\u00e7\u00e3o do petr\u00f3leo s\u00e3o extremamente importantes para a economia regional. Visa-se entender, para al\u00e9m da percep\u00e7\u00e3o vulgar e apressada, como que h\u00e1 uma configura\u00e7\u00e3o socioterritorial associada ao petr\u00f3leo que \u00e9 extremamente complexa e envolve diferentes atores\/agentes em diferentes inst\u00e2ncias e escalas, esta configura\u00e7\u00e3o est\u00e1 em franca muta\u00e7\u00e3o porque associada \u00e0s recentes modifica\u00e7\u00f5es por que passa o setor no Brasil e no mundo. Pretendemos demonstrar que a forte penetra\u00e7\u00e3o das multinacionais atualmente no territ\u00f3rio brasileiro tem provocado novas regula\u00e7\u00f5es e media\u00e7\u00f5es estatais que externalizam de maneira radical os interesses inscritos no territ\u00f3rio nacional e ampliam as zonas de conflitos potenciais com os grupos sociais que usam os territ\u00f3rios.<\/p>\n<p>Informa\u00e7\u00f5es adicionais:<br \/>Projeto financiado pela Fapes-CNPq por meio do edital n\u00ba06\/2019 \u2013 Programa de Apoio a N\u00facleos Emergentes (PRONEM).<\/p><\/div>\n\t\t\t\t<\/div>\n\t\t\t\t\t\t\t\t<\/div>\n\t\t\t\t\t\t<\/div>\n\t\t\t\t<\/div>\n\t\t\t\t<div class=\"elementor-element elementor-element-46593c8 elementor-widget elementor-widget-toggle\" data-id=\"46593c8\" data-element_type=\"widget\" data-e-type=\"widget\" data-widget_type=\"toggle.default\">\n\t\t\t\t<div class=\"elementor-widget-container\">\n\t\t\t\t\t\t\t<div class=\"elementor-toggle\">\n\t\t\t\t\t\t\t<div class=\"elementor-toggle-item\">\n\t\t\t\t\t<div id=\"elementor-tab-title-7371\" class=\"elementor-tab-title\" data-tab=\"1\" role=\"button\" aria-controls=\"elementor-tab-content-7371\" aria-expanded=\"false\">\n\t\t\t\t\t\t\t\t\t\t\t\t<span class=\"elementor-toggle-icon elementor-toggle-icon-left\" aria-hidden=\"true\">\n\t\t\t\t\t\t\t\t\t\t\t\t\t\t\t<span class=\"elementor-toggle-icon-closed\"><i class=\"fas fa-caret-right\"><\/i><\/span>\n\t\t\t\t\t\t\t\t<span class=\"elementor-toggle-icon-opened\"><i class=\"elementor-toggle-icon-opened fas fa-caret-up\"><\/i><\/span>\n\t\t\t\t\t\t\t\t\t\t\t\t\t<\/span>\n\t\t\t\t\t\t\t\t\t\t\t\t<a class=\"elementor-toggle-title\" tabindex=\"0\">Luiz Henrique Vieira (Doutorado)<\/a>\n\t\t\t\t\t<\/div>\n\n\t\t\t\t\t<div id=\"elementor-tab-content-7371\" class=\"elementor-tab-content elementor-clearfix\" data-tab=\"1\" role=\"region\" aria-labelledby=\"elementor-tab-title-7371\"><p><strong>Resumo da Tese de Doutorado em elabora\u00e7\u00e3o por\u00a0<em>Luiz Henrique Vieira<\/em>, intitulada:\u00a0<\/strong><br \/><em>\u201cNeoextrativismo e a expans\u00e3o da minera\u00e7\u00e3o na Zona da Mata de Minas Gerais\u201d.<\/em><\/p>\n<p>Resumo:<br \/>O estudo objetiva analisar a expans\u00e3o do setor de minera\u00e7\u00e3o na Zona da Mata de Minas Gerais nas primeiras d\u00e9cadas do s\u00e9culo XXI. A minera\u00e7\u00e3o est\u00e1 inserida na economia internacional de commodities, sendo um dos setores que se destacam no arranjo neodesenvolvimentista brasileiro. Assim sendo, esse setor contribuiu para que ocorra transforma\u00e7\u00f5es regionais expressas na paisagem, economia, no ambiente das cidades ou no campo. Na mesorregi\u00e3o da Zona da Mata, diversos s\u00e3o os processos de licenciamento ambiental almejando explorar, principalmente a bauxita e a magnetita em dezenas de munic\u00edpios. Riscos socioambientais, como nos recursos h\u00eddricos, s\u00e3o percept\u00edveis desde os estudos de impactos ambientais e das experi\u00eancias passadas em outras regi\u00f5es do estado e do Brasil. Esse processo local-global de expans\u00e3o caracteriza-se pela acumula\u00e7\u00e3o por espolia\u00e7\u00e3o. Diante da expans\u00e3o de empresas do setor de minera\u00e7\u00e3o, organiza\u00e7\u00f5es sociais e comit\u00eas regionais se organizam problematizando esses empreendimentos na regi\u00e3o. Como parte da metodologia, elencamos a Pesquisa A\u00e7\u00e3o que \u00e9 concebida e realizada em estreita associa\u00e7\u00e3o com as partes envolvidas no conflito socioambiental. Ainda ressaltamos que diversas \u00e1reas onde se encontram a bauxita localizam-se pr\u00f3ximas dos limites e \u00e1rea de amortecimento do Parque Estadual Serra do Brigadeiro, relevante Unidade de Conserva\u00e7\u00e3o de Mata Atl\u00e2ntica e Campos de Altitude. Por conseguinte o neoextrativismo mineral na regi\u00e3o tem como consequ\u00eancia uma s\u00e9rie de conflitos socioambientais pertinentes de serem analisados pela Geografia, sendo fundamental construir uma leitura multiescalar, pois exprimem contradi\u00e7\u00f5es no territ\u00f3rio.<\/p><\/div>\n\t\t\t\t<\/div>\n\t\t\t\t\t\t\t<div class=\"elementor-toggle-item\">\n\t\t\t\t\t<div id=\"elementor-tab-title-7372\" class=\"elementor-tab-title\" data-tab=\"2\" role=\"button\" aria-controls=\"elementor-tab-content-7372\" aria-expanded=\"false\">\n\t\t\t\t\t\t\t\t\t\t\t\t<span class=\"elementor-toggle-icon elementor-toggle-icon-left\" aria-hidden=\"true\">\n\t\t\t\t\t\t\t\t\t\t\t\t\t\t\t<span class=\"elementor-toggle-icon-closed\"><i class=\"fas fa-caret-right\"><\/i><\/span>\n\t\t\t\t\t\t\t\t<span class=\"elementor-toggle-icon-opened\"><i class=\"elementor-toggle-icon-opened fas fa-caret-up\"><\/i><\/span>\n\t\t\t\t\t\t\t\t\t\t\t\t\t<\/span>\n\t\t\t\t\t\t\t\t\t\t\t\t<a class=\"elementor-toggle-title\" tabindex=\"0\">Mauricio Sogame (Doutorado)<\/a>\n\t\t\t\t\t<\/div>\n\n\t\t\t\t\t<div id=\"elementor-tab-content-7372\" class=\"elementor-tab-content elementor-clearfix\" data-tab=\"2\" role=\"region\" aria-labelledby=\"elementor-tab-title-7372\"><p><strong>Resumo da Tese de Doutorado em elabora\u00e7\u00e3o por Mauricio Sogame, intitulada:\u00a0<\/strong><br \/><em>\u201cEstado e territorializa\u00e7\u00e3o do capital: uma an\u00e1lise dos Planos Estrat\u00e9gicos de Desenvolvimento ES 2025 e ES 2030\u201d.<\/em><\/p><\/div>\n\t\t\t\t<\/div>\n\t\t\t\t\t\t\t<div class=\"elementor-toggle-item\">\n\t\t\t\t\t<div id=\"elementor-tab-title-7373\" class=\"elementor-tab-title\" data-tab=\"3\" role=\"button\" aria-controls=\"elementor-tab-content-7373\" aria-expanded=\"false\">\n\t\t\t\t\t\t\t\t\t\t\t\t<span class=\"elementor-toggle-icon elementor-toggle-icon-left\" aria-hidden=\"true\">\n\t\t\t\t\t\t\t\t\t\t\t\t\t\t\t<span class=\"elementor-toggle-icon-closed\"><i class=\"fas fa-caret-right\"><\/i><\/span>\n\t\t\t\t\t\t\t\t<span class=\"elementor-toggle-icon-opened\"><i class=\"elementor-toggle-icon-opened fas fa-caret-up\"><\/i><\/span>\n\t\t\t\t\t\t\t\t\t\t\t\t\t<\/span>\n\t\t\t\t\t\t\t\t\t\t\t\t<a class=\"elementor-toggle-title\" tabindex=\"0\">Roberto Garcia Sim\u00f5es (Doutorado)<\/a>\n\t\t\t\t\t<\/div>\n\n\t\t\t\t\t<div id=\"elementor-tab-content-7373\" class=\"elementor-tab-content elementor-clearfix\" data-tab=\"3\" role=\"region\" aria-labelledby=\"elementor-tab-title-7373\"><div class=\"wp-block-group\"><div class=\"wp-block-group__inner-container\"><p><strong>Resumo da Tese de Doutorado em elabora\u00e7\u00e3o por\u00a0<em>Roberto Garcia Sim\u00f5es<\/em>, intitulada:\u00a0<\/strong><br \/><em>\u201cTransescalar, Reescalar ou Desescalar? Escalando \u2018linhas\u2019 anal\u00edticas de as \u2018caixas de ferramentas\u2019 de fil\u00f3sofos da iman\u00eancia\u201d.<\/em><\/p><\/div><\/div><p>Resumo:<br \/>Escalar quest\u00f5es da escala geogr\u00e1fica (medida, limite, tamanhos e n\u00edveis hier\u00e1rquicos, \u201crede urbana\u201d, a universalidade da sua presen\u00e7a em an\u00e1lises de movimentos sociais, do Estado, de \u201cepistemologias descoloniais\u201d) e do seu recente debate (\u201cconstru\u00e7\u00e3o social\u201d, rela\u00e7\u00f5es escalares multi, trans, dualismo global- local), experimentar articul\u00e1-las com \u201cferramentas\u201d das \u201ccaixas\u201d de fil\u00f3sofos da iman\u00eancia (pot\u00eancia \u2013 ato, representa\u00e7\u00e3o, clich\u00ea, perspectivismos, multiplicidades extensiva e intensiva, \u201credes\u201d, transversalidade, diagrama, agenciamentos \u2013 linhas), e tamb\u00e9m com atualiza\u00e7\u00f5es advindas de novas epistemologias (p\u00f3s-coloniais, feministas, na antropologia), visando a superar contraposi\u00e7\u00f5es entre escala e \u201csem escala\u201d e contribuir para abrir espa\u00e7os n\u00e3o s\u00f3 para emaranhamentos da escala com outras categorias cl\u00e1ssicas (lugar, paisagem, posi\u00e7\u00e3o, quadro, \u201credes\u201d, territ\u00f3rio), e seus poss\u00edveis conflitos, como tamb\u00e9m para avaliar o seu uso ou n\u00e3o diante de outras perspectivas epistemol\u00f3gicas (multissituada, \u201cmarcadores territoriais\u201d, l\u00e9xico espacial pr\u00f3prio).<\/p><\/div>\n\t\t\t\t<\/div>\n\t\t\t\t\t\t\t<div class=\"elementor-toggle-item\">\n\t\t\t\t\t<div id=\"elementor-tab-title-7374\" class=\"elementor-tab-title\" data-tab=\"4\" role=\"button\" aria-controls=\"elementor-tab-content-7374\" aria-expanded=\"false\">\n\t\t\t\t\t\t\t\t\t\t\t\t<span class=\"elementor-toggle-icon elementor-toggle-icon-left\" aria-hidden=\"true\">\n\t\t\t\t\t\t\t\t\t\t\t\t\t\t\t<span class=\"elementor-toggle-icon-closed\"><i class=\"fas fa-caret-right\"><\/i><\/span>\n\t\t\t\t\t\t\t\t<span class=\"elementor-toggle-icon-opened\"><i class=\"elementor-toggle-icon-opened fas fa-caret-up\"><\/i><\/span>\n\t\t\t\t\t\t\t\t\t\t\t\t\t<\/span>\n\t\t\t\t\t\t\t\t\t\t\t\t<a class=\"elementor-toggle-title\" tabindex=\"0\">Vinicius Francisco Marchese (Doutorado)<\/a>\n\t\t\t\t\t<\/div>\n\n\t\t\t\t\t<div id=\"elementor-tab-content-7374\" class=\"elementor-tab-content elementor-clearfix\" data-tab=\"4\" role=\"region\" aria-labelledby=\"elementor-tab-title-7374\"><p><strong>Resumo da Tese de Doutorado em elabora\u00e7\u00e3o por <em>Vinicius Francisco Marchese,<\/em> intitulada:\u00a0<\/strong><br \/><em>\u201cIndustria do petr\u00f3leo e pescadores: entre espa\u00e7o industrial e espa\u00e7o comum\u201d.<\/em><\/p><\/div>\n\t\t\t\t<\/div>\n\t\t\t\t\t\t\t<div class=\"elementor-toggle-item\">\n\t\t\t\t\t<div id=\"elementor-tab-title-7375\" class=\"elementor-tab-title\" data-tab=\"5\" role=\"button\" aria-controls=\"elementor-tab-content-7375\" aria-expanded=\"false\">\n\t\t\t\t\t\t\t\t\t\t\t\t<span class=\"elementor-toggle-icon elementor-toggle-icon-left\" aria-hidden=\"true\">\n\t\t\t\t\t\t\t\t\t\t\t\t\t\t\t<span class=\"elementor-toggle-icon-closed\"><i class=\"fas fa-caret-right\"><\/i><\/span>\n\t\t\t\t\t\t\t\t<span class=\"elementor-toggle-icon-opened\"><i class=\"elementor-toggle-icon-opened fas fa-caret-up\"><\/i><\/span>\n\t\t\t\t\t\t\t\t\t\t\t\t\t<\/span>\n\t\t\t\t\t\t\t\t\t\t\t\t<a class=\"elementor-toggle-title\" tabindex=\"0\">Mateus Ribeiro de Souza (Inicia\u00e7\u00e3o cient\u00edfica)<\/a>\n\t\t\t\t\t<\/div>\n\n\t\t\t\t\t<div id=\"elementor-tab-content-7375\" class=\"elementor-tab-content elementor-clearfix\" data-tab=\"5\" role=\"region\" aria-labelledby=\"elementor-tab-title-7375\"><p><strong>Resumo do Relat\u00f3rio de Inicia\u00e7\u00e3o Cient\u00edfica em elabora\u00e7\u00e3o por <em>Mateus Ribeiro de Souza,<\/em> intitulada:\u00a0<\/strong><br \/><em>\u201cTerrit\u00f3rio-rede do setor do g\u00e1s e seus impactos no Esp\u00edrito Santo\u201d.<\/em><\/p><\/div>\n\t\t\t\t<\/div>\n\t\t\t\t\t\t\t\t<\/div>\n\t\t\t\t\t\t<\/div>\n\t\t\t\t<\/div>\n\t\t\t\t\t<\/div>\n\t\t<\/div>\n\t\t\t\t\t<\/div>\n\t\t<\/section>\n\t\t\t\t<\/div>\n\t\t","protected":false},"excerpt":{"rendered":"<p>Projeto geoeconomia Pesquisa intitulada:\u201cGeopol\u00edtica, Geoeconomia e paisagens da infraestrutura do petr\u00f3leo na regi\u00e3o costeira do Sudeste do Brasil\u201d. Equipe:Claudio Luiz Zanotelli (Coordenador);Francismar Cunha Ferreira;Ednelson Mariano Dota;Rennan Moraes Rodrigues;Vinicius Marchese;Eneida Maria de Souza Mendon\u00e7a;Carlos Ant\u00f4nio Brand\u00e3o;Ana Maria Leite de Barros;Roberto Sim\u00f5es;Zandor &hellip; <a href=\"https:\/\/blog.ufes.br\/laburp\/propostas-de-pesquisas\/em-andamento\/\">Continue lendo <span class=\"meta-nav\">&rarr;<\/span><\/a><\/p>\n","protected":false},"author":385,"featured_media":0,"parent":51,"menu_order":0,"comment_status":"closed","ping_status":"closed","template":"","meta":{"_bbp_topic_count":0,"_bbp_reply_count":0,"_bbp_total_topic_count":0,"_bbp_total_reply_count":0,"_bbp_voice_count":0,"_bbp_anonymous_reply_count":0,"_bbp_topic_count_hidden":0,"_bbp_reply_count_hidden":0,"_bbp_forum_subforum_count":0,"_uag_custom_page_level_css":"","footnotes":""},"class_list":["post-538","page","type-page","status-publish","hentry"],"uagb_featured_image_src":{"full":false,"thumbnail":false,"medium":false,"medium_large":false,"large":false,"1536x1536":false,"2048x2048":false,"post-thumbnail":false},"uagb_author_info":{"display_name":"amanda.braga","author_link":"https:\/\/blog.ufes.br\/laburp\/author\/amanda-braga\/"},"uagb_comment_info":0,"uagb_excerpt":"Projeto geoeconomia Pesquisa intitulada:\u201cGeopol\u00edtica, Geoeconomia e paisagens da infraestrutura do petr\u00f3leo na regi\u00e3o costeira do Sudeste do Brasil\u201d. Equipe:Claudio Luiz Zanotelli (Coordenador);Francismar Cunha Ferreira;Ednelson Mariano Dota;Rennan Moraes Rodrigues;Vinicius Marchese;Eneida Maria de Souza Mendon\u00e7a;Carlos Ant\u00f4nio Brand\u00e3o;Ana Maria Leite de Barros;Roberto Sim\u00f5es;Zandor &hellip; Continue lendo &rarr;","_links":{"self":[{"href":"https:\/\/blog.ufes.br\/laburp\/wp-json\/wp\/v2\/pages\/538","targetHints":{"allow":["GET"]}}],"collection":[{"href":"https:\/\/blog.ufes.br\/laburp\/wp-json\/wp\/v2\/pages"}],"about":[{"href":"https:\/\/blog.ufes.br\/laburp\/wp-json\/wp\/v2\/types\/page"}],"author":[{"embeddable":true,"href":"https:\/\/blog.ufes.br\/laburp\/wp-json\/wp\/v2\/users\/385"}],"replies":[{"embeddable":true,"href":"https:\/\/blog.ufes.br\/laburp\/wp-json\/wp\/v2\/comments?post=538"}],"version-history":[{"count":21,"href":"https:\/\/blog.ufes.br\/laburp\/wp-json\/wp\/v2\/pages\/538\/revisions"}],"predecessor-version":[{"id":1584,"href":"https:\/\/blog.ufes.br\/laburp\/wp-json\/wp\/v2\/pages\/538\/revisions\/1584"}],"up":[{"embeddable":true,"href":"https:\/\/blog.ufes.br\/laburp\/wp-json\/wp\/v2\/pages\/51"}],"wp:attachment":[{"href":"https:\/\/blog.ufes.br\/laburp\/wp-json\/wp\/v2\/media?parent=538"}],"curies":[{"name":"wp","href":"https:\/\/api.w.org\/{rel}","templated":true}]}}