{"id":48,"date":"2016-07-18T13:02:57","date_gmt":"2016-07-18T13:02:57","guid":{"rendered":"http:\/\/blog.ufes.br\/lamab\/?page_id=48"},"modified":"2021-05-14T17:57:08","modified_gmt":"2021-05-14T20:57:08","slug":"sobre","status":"publish","type":"page","link":"https:\/\/blog.ufes.br\/lamab\/?page_id=48","title":{"rendered":"Sobre"},"content":{"rendered":"\n<div class=\"wp-block-image is-style-default\"><figure class=\"alignleft size-medium\"><a href=\"http:\/\/blog.ufes.br\/lamab\/files\/2016\/07\/gracilinanus.jpg\"><img loading=\"lazy\" decoding=\"async\" width=\"300\" height=\"214\" src=\"https:\/\/blog.ufes.br\/lamab\/files\/2016\/07\/gracilinanus-300x214.jpg\" alt=\"gracilinanus\" class=\"wp-image-157\" srcset=\"https:\/\/blog.ufes.br\/lamab\/files\/2016\/07\/gracilinanus-300x214.jpg 300w, https:\/\/blog.ufes.br\/lamab\/files\/2016\/07\/gracilinanus-1024x732.jpg 1024w, https:\/\/blog.ufes.br\/lamab\/files\/2016\/07\/gracilinanus.jpg 1978w\" sizes=\"auto, (max-width: 300px) 100vw, 300px\" \/><\/a><\/figure><\/div>\n\n\n\n<p>Bem vindo ao s\u00edtio do Laborat\u00f3rio de Mastozoologia e Biogeografia (LaMaB), no <a rel=\"noopener noreferrer\" href=\"http:\/\/www.cienciasbiologicas.ufes.br\/\" target=\"_blank\">Departamento de Ci\u00eancias Biol\u00f3gicas<\/a> do Centro de <a rel=\"noopener noreferrer\" href=\"http:\/\/www.cchn.ufes.br\/\" target=\"_blank\">Ci\u00eancias Humanas e Naturais (CCHN)<\/a> da <a rel=\"noopener noreferrer\" href=\"http:\/\/www.ufes.br\/\" target=\"_blank\">Universidade Federal do Esp\u00edrito Santo (UFES)<\/a>, em&nbsp;<a href=\"http:\/\/descubraoespiritosanto.es.gov.br\/pt\/cidade\/vitoria.html\" target=\"_blank\" rel=\"noreferrer noopener\">Vit\u00f3ria<\/a>, <a rel=\"noopener noreferrer\" href=\"http:\/\/descubraoespiritosanto.es.gov.br\/pt\/\" target=\"_blank\">Esp\u00edrito Santo<\/a>, Brasil. N\u00f3s desenvolvemos <a href=\"http:\/\/blog.ufes.br\/lamab\/pesquisa\/\">pesquisas cient\u00edficas<\/a> sobre evolu\u00e7\u00e3o e conserva\u00e7\u00e3o da fauna, com \u00eanfase nos mam\u00edferos da regi\u00e3o neotropical. Utilizamos uma abordagem integrativa no estudo da diversidade biol\u00f3gica, enfocando sistem\u00e1tica, filogenia, <a rel=\"noopener noreferrer\" href=\"http:\/\/blog.ufes.br\/ngacb\/\" target=\"_blank\">gen\u00e9tica<\/a>, biogeografia e hist\u00f3ria natural das esp\u00e9cies, principalmente de pequenos roedores e marsupiais.<\/p>\n\n\n\n<div class=\"wp-block-image is-style-default\"><figure class=\"alignright is-resized\"><a href=\"http:\/\/blog.ufes.br\/lamab\/files\/2016\/07\/Tamanduatetradactyla_1.jpg\"><img loading=\"lazy\" decoding=\"async\" src=\"http:\/\/blog.ufes.br\/lamab\/files\/2016\/07\/Tamanduatetradactyla_1-300x276.jpg\" alt=\"Tamandua+tetradactyla_+(1)\" class=\"wp-image-133\" width=\"297\" height=\"273\" srcset=\"https:\/\/blog.ufes.br\/lamab\/files\/2016\/07\/Tamanduatetradactyla_1-300x276.jpg 300w, https:\/\/blog.ufes.br\/lamab\/files\/2016\/07\/Tamanduatetradactyla_1-1024x942.jpg 1024w, https:\/\/blog.ufes.br\/lamab\/files\/2016\/07\/Tamanduatetradactyla_1.jpg 1540w\" sizes=\"auto, (max-width: 297px) 100vw, 297px\" \/><\/a><\/figure><\/div>\n\n\n\n<p>Nosso trabalho come\u00e7a com expedi\u00e7\u00f5es em campo, onde coletamos e preparamos esp\u00e9cimes e catalogamos informa\u00e7\u00f5es relevantes sobre o habitat. Todos os esp\u00e9cimes coletados s\u00e3o depositados em <a href=\"http:\/\/blog.ufes.br\/lamab\/?page_id=338\">cole\u00e7\u00f5es cient\u00edficas<\/a>, servindo como testemunho permanente da diversidade biol\u00f3gica. No <a href=\"http:\/\/blog.ufes.br\/lamab\/?page_id=83\">laborat\u00f3rio<\/a>, estudamos anatomia e gen\u00e9tica para inferir o grau de parentesco entre as esp\u00e9cies, avaliamos n\u00edveis de varia\u00e7\u00e3o <a href=\"http:\/\/blog.ufes.br\/ngacb\/\" target=\"_blank\" rel=\"noopener noreferrer\">gen\u00e9tica<\/a> e morfol\u00f3gica, compreendemos padr\u00f5es de distribui\u00e7\u00e3o geogr\u00e1fica, reconstruimos a evolu\u00e7\u00e3o de caracteres e identificamos elementos importantes para conserva\u00e7\u00e3o.<\/p>\n\n\n\n<div class=\"wp-block-columns are-vertically-aligned-top is-layout-flex wp-container-core-columns-is-layout-9d6595d7 wp-block-columns-is-layout-flex\">\n<div class=\"wp-block-column is-vertically-aligned-top is-layout-flow wp-block-column-is-layout-flow\" style=\"flex-basis:100%\">\n<div class=\"wp-block-image is-style-default\"><figure class=\"aligncenter size-large is-resized\"><img decoding=\"async\" src=\"http:\/\/blog.ufes.br\/lamab\/files\/2020\/07\/predio_Biologia_UFES_Goiabeiras.jpg\" alt=\"\" class=\"wp-image-359\" width=\"-69\" height=\"-29\" \/><figcaption><strong>Endere\u00e7o<\/strong>:&nbsp;<a rel=\"noreferrer noopener\" href=\"https:\/\/goo.gl\/maps\/xyDDCEMRmWC2\" target=\"_blank\">Av. Fernando Ferrari, 514 &#8211; Goiabeiras | Vit\u00f3ria, ES -Brasil | CEP 29075-910<\/a><\/figcaption><\/figure><\/div>\n<\/div>\n<\/div>\n","protected":false},"excerpt":{"rendered":"<p>Bem vindo ao s\u00edtio do Laborat\u00f3rio de Mastozoologia e Biogeografia (LaMaB), no Departamento de Ci\u00eancias Biol\u00f3gicas do Centro de Ci\u00eancias Humanas e Naturais (CCHN) da Universidade Federal do Esp\u00edrito Santo (UFES), em&nbsp;Vit\u00f3ria, Esp\u00edrito Santo, Brasil. N\u00f3s desenvolvemos pesquisas cient\u00edficas sobre &hellip; <a href=\"https:\/\/blog.ufes.br\/lamab\/?page_id=48\">Continue lendo <span class=\"meta-nav\">&rarr;<\/span><\/a><\/p>\n","protected":false},"author":243,"featured_media":0,"parent":0,"menu_order":0,"comment_status":"closed","ping_status":"closed","template":"","meta":{"_bbp_topic_count":0,"_bbp_reply_count":0,"_bbp_total_topic_count":0,"_bbp_total_reply_count":0,"_bbp_voice_count":0,"_bbp_anonymous_reply_count":0,"_bbp_topic_count_hidden":0,"_bbp_reply_count_hidden":0,"_bbp_forum_subforum_count":0,"_uag_custom_page_level_css":"","footnotes":""},"class_list":["post-48","page","type-page","status-publish","hentry"],"uagb_featured_image_src":{"full":false,"thumbnail":false,"medium":false,"medium_large":false,"large":false,"1536x1536":false,"2048x2048":false,"post-thumbnail":false},"uagb_author_info":{"display_name":"Yuri Leite","author_link":"https:\/\/blog.ufes.br\/lamab\/?author=243"},"uagb_comment_info":0,"uagb_excerpt":"Bem vindo ao s\u00edtio do Laborat\u00f3rio de Mastozoologia e Biogeografia (LaMaB), no Departamento de Ci\u00eancias Biol\u00f3gicas do Centro de Ci\u00eancias Humanas e Naturais (CCHN) da Universidade Federal do Esp\u00edrito Santo (UFES), em&nbsp;Vit\u00f3ria, Esp\u00edrito Santo, Brasil. N\u00f3s desenvolvemos pesquisas cient\u00edficas sobre &hellip; Continue lendo &rarr;","_links":{"self":[{"href":"https:\/\/blog.ufes.br\/lamab\/index.php?rest_route=\/wp\/v2\/pages\/48","targetHints":{"allow":["GET"]}}],"collection":[{"href":"https:\/\/blog.ufes.br\/lamab\/index.php?rest_route=\/wp\/v2\/pages"}],"about":[{"href":"https:\/\/blog.ufes.br\/lamab\/index.php?rest_route=\/wp\/v2\/types\/page"}],"author":[{"embeddable":true,"href":"https:\/\/blog.ufes.br\/lamab\/index.php?rest_route=\/wp\/v2\/users\/243"}],"replies":[{"embeddable":true,"href":"https:\/\/blog.ufes.br\/lamab\/index.php?rest_route=%2Fwp%2Fv2%2Fcomments&post=48"}],"version-history":[{"count":21,"href":"https:\/\/blog.ufes.br\/lamab\/index.php?rest_route=\/wp\/v2\/pages\/48\/revisions"}],"predecessor-version":[{"id":468,"href":"https:\/\/blog.ufes.br\/lamab\/index.php?rest_route=\/wp\/v2\/pages\/48\/revisions\/468"}],"wp:attachment":[{"href":"https:\/\/blog.ufes.br\/lamab\/index.php?rest_route=%2Fwp%2Fv2%2Fmedia&parent=48"}],"curies":[{"name":"wp","href":"https:\/\/api.w.org\/{rel}","templated":true}]}}