{"id":56,"date":"2020-07-20T18:10:00","date_gmt":"2020-07-20T21:10:00","guid":{"rendered":"http:\/\/blog.ufes.br\/lamab\/?page_id=56"},"modified":"2025-10-14T16:12:22","modified_gmt":"2025-10-14T19:12:22","slug":"equipe","status":"publish","type":"page","link":"https:\/\/blog.ufes.br\/lamab\/?page_id=56","title":{"rendered":"Equipe atual"},"content":{"rendered":"\n<div class=\"wp-block-group\"><div class=\"wp-block-group__inner-container is-layout-flow wp-block-group-is-layout-flow\">\n<div class=\"wp-block-group\"><div class=\"wp-block-group__inner-container is-layout-flow wp-block-group-is-layout-flow\">\n<h3 class=\"wp-block-heading\">Coordenadores<\/h3>\n\n\n\n<ul class=\"wp-block-list\">\n<li><a href=\"http:\/\/lattes.cnpq.br\/2579577549150613\" target=\"_blank\" rel=\"noreferrer noopener\">Leonora Pires Costa<\/a><\/li>\n\n\n\n<li><a href=\"http:\/\/lattes.cnpq.br\/8973606745193293\" target=\"_blank\" rel=\"noreferrer noopener\">Yuri Luiz Reis Leite<\/a><\/li>\n<\/ul>\n\n\n\n<h3 class=\"wp-block-heading\">Doutorandos<\/h3>\n\n\n\n<ul class=\"wp-block-list\">\n<li><a href=\"http:\/\/lattes.cnpq.br\/2148637349277416\" target=\"_blank\" rel=\"noreferrer noopener\">Ang\u00e9lica Aparecida Sim\u00f5es Bolzan<\/a><\/li>\n\n\n\n<li><a href=\"http:\/\/lattes.cnpq.br\/8644359005105178\">Bruna Malavazi Dell&#8217; Antonio<\/a><\/li>\n\n\n\n<li><a href=\"http:\/\/lattes.cnpq.br\/0605968256599404\">Gustavo Lazarini Forreque<\/a><\/li>\n\n\n\n<li><a href=\"http:\/\/lattes.cnpq.br\/2168621148392863\">Juliana Alves<\/a><\/li>\n\n\n\n<li><a href=\"http:\/\/lattes.cnpq.br\/9684281324127461\" target=\"_blank\" rel=\"noreferrer noopener\">Tomas de Lima Rocha<\/a><\/li>\n<\/ul>\n\n\n\n<h3 class=\"wp-block-heading\">Mestrandos<\/h3>\n\n\n\n<ul class=\"wp-block-list\">\n<li><a href=\"http:\/\/lattes.cnpq.br\/2083537969810731\">Caio Alexandre Barbosa<\/a><\/li>\n\n\n\n<li><a href=\"http:\/\/lattes.cnpq.br\/7542271544785566\">Tainara de Alencar<\/a><\/li>\n<\/ul>\n\n\n\n<h3 class=\"wp-block-heading\">Inicia\u00e7\u00e3o Cient\u00edfica<\/h3>\n\n\n\n<ul class=\"wp-block-list\">\n<li><a href=\"http:\/\/lattes.cnpq.br\/7619807056856985\">Jo\u00e3o Marcos Fonseca Castro<\/a><\/li>\n\n\n\n<li><a href=\"http:\/\/lattes.cnpq.br\/7906065328527275\">Matheus Bonf\u00e1 Nascimento<\/a><\/li>\n<\/ul>\n\n\n\n<h3 class=\"wp-block-heading\">Pesquisadores Associados<\/h3>\n\n\n\n<ul class=\"wp-block-list\">\n<li><a rel=\"noreferrer noopener\" href=\"http:\/\/lattes.cnpq.br\/8415444657040950\" target=\"_blank\">Ana Carolina Loss<\/a><\/li>\n\n\n\n<li><a rel=\"noreferrer noopener\" href=\"http:\/\/lattes.cnpq.br\/4976227640726752\" target=\"_blank\">Ed\u00fa Baptista Guerra<\/a><\/li>\n\n\n\n<li><a rel=\"noreferrer noopener\" href=\"http:\/\/lattes.cnpq.br\/2320482686534355\" target=\"_blank\">Elisandra de Almeida Chiquito<\/a><\/li>\n\n\n\n<li><a href=\"http:\/\/lattes.cnpq.br\/0831988373556961\">Jeronymo Dalapicolla<\/a><\/li>\n\n\n\n<li><a rel=\"noreferrer noopener\" href=\"http:\/\/lattes.cnpq.br\/2819543972366537\" target=\"_blank\">Joyce Rodrigues do Prado<\/a><\/li>\n\n\n\n<li><a rel=\"noreferrer noopener\" href=\"http:\/\/lattes.cnpq.br\/3554033402212822\" target=\"_blank\">Rita Gomes Rocha<\/a><\/li>\n\n\n\n<li><a rel=\"noreferrer noopener\" href=\"http:\/\/lattes.cnpq.br\/3784484952026206\" target=\"_blank\">Roger Rodrigues Guimar\u00e3es<\/a><\/li>\n<\/ul>\n<\/div><\/div>\n<\/div><\/div>\n\n\n\n<p><\/p>\n","protected":false},"excerpt":{"rendered":"<p>Coordenadores Doutorandos Mestrandos Inicia\u00e7\u00e3o Cient\u00edfica Pesquisadores Associados<\/p>\n","protected":false},"author":243,"featured_media":0,"parent":0,"menu_order":0,"comment_status":"closed","ping_status":"closed","template":"","meta":{"_bbp_topic_count":0,"_bbp_reply_count":0,"_bbp_total_topic_count":0,"_bbp_total_reply_count":0,"_bbp_voice_count":0,"_bbp_anonymous_reply_count":0,"_bbp_topic_count_hidden":0,"_bbp_reply_count_hidden":0,"_bbp_forum_subforum_count":0,"_uag_custom_page_level_css":"","footnotes":""},"class_list":["post-56","page","type-page","status-publish","hentry"],"uagb_featured_image_src":{"full":false,"thumbnail":false,"medium":false,"medium_large":false,"large":false,"1536x1536":false,"2048x2048":false,"post-thumbnail":false},"uagb_author_info":{"display_name":"Yuri Leite","author_link":"https:\/\/blog.ufes.br\/lamab\/?author=243"},"uagb_comment_info":0,"uagb_excerpt":"Coordenadores Doutorandos Mestrandos Inicia\u00e7\u00e3o Cient\u00edfica Pesquisadores Associados","_links":{"self":[{"href":"https:\/\/blog.ufes.br\/lamab\/index.php?rest_route=\/wp\/v2\/pages\/56","targetHints":{"allow":["GET"]}}],"collection":[{"href":"https:\/\/blog.ufes.br\/lamab\/index.php?rest_route=\/wp\/v2\/pages"}],"about":[{"href":"https:\/\/blog.ufes.br\/lamab\/index.php?rest_route=\/wp\/v2\/types\/page"}],"author":[{"embeddable":true,"href":"https:\/\/blog.ufes.br\/lamab\/index.php?rest_route=\/wp\/v2\/users\/243"}],"replies":[{"embeddable":true,"href":"https:\/\/blog.ufes.br\/lamab\/index.php?rest_route=%2Fwp%2Fv2%2Fcomments&post=56"}],"version-history":[{"count":51,"href":"https:\/\/blog.ufes.br\/lamab\/index.php?rest_route=\/wp\/v2\/pages\/56\/revisions"}],"predecessor-version":[{"id":605,"href":"https:\/\/blog.ufes.br\/lamab\/index.php?rest_route=\/wp\/v2\/pages\/56\/revisions\/605"}],"wp:attachment":[{"href":"https:\/\/blog.ufes.br\/lamab\/index.php?rest_route=%2Fwp%2Fv2%2Fmedia&parent=56"}],"curies":[{"name":"wp","href":"https:\/\/api.w.org\/{rel}","templated":true}]}}