{"id":281,"date":"2024-05-06T09:08:01","date_gmt":"2024-05-06T12:08:01","guid":{"rendered":"https:\/\/blog.ufes.br\/languageeducation\/?page_id=281"},"modified":"2026-03-09T09:58:04","modified_gmt":"2026-03-09T12:58:04","slug":"sobre","status":"publish","type":"page","link":"https:\/\/blog.ufes.br\/languageeducation\/sobre\/","title":{"rendered":"Sobre"},"content":{"rendered":"\t\t<div data-elementor-type=\"wp-page\" data-elementor-id=\"281\" class=\"elementor elementor-281\">\n\t\t\t\t\t\t<section class=\"elementor-section elementor-top-section elementor-element elementor-element-44b1c66a elementor-section-boxed elementor-section-height-default elementor-section-height-default\" data-id=\"44b1c66a\" data-element_type=\"section\" data-e-type=\"section\">\n\t\t\t\t\t\t<div class=\"elementor-container elementor-column-gap-default\">\n\t\t\t\t\t<div class=\"elementor-column elementor-col-100 elementor-top-column elementor-element elementor-element-2d3706b\" data-id=\"2d3706b\" data-element_type=\"column\" data-e-type=\"column\">\n\t\t\t<div class=\"elementor-widget-wrap elementor-element-populated\">\n\t\t\t\t\t\t<div class=\"elementor-element elementor-element-4b38e33b elementor-widget elementor-widget-text-editor\" data-id=\"4b38e33b\" data-element_type=\"widget\" data-e-type=\"widget\" data-widget_type=\"text-editor.default\">\n\t\t\t\t<div class=\"elementor-widget-container\">\n\t\t\t\t\t\t\t\t\t\n<figure class=\"wp-block-image size-large is-resized\"><img fetchpriority=\"high\" decoding=\"async\" width=\"1024\" height=\"576\" src=\"https:\/\/blog.ufes.br\/languageeducation\/files\/2024\/05\/pexels-mabelamber-128299-1-1024x576.jpg\" alt=\"\" class=\"wp-image-289\" style=\"width:634px;height:auto\" srcset=\"https:\/\/blog.ufes.br\/languageeducation\/files\/2024\/05\/pexels-mabelamber-128299-1-1024x576.jpg 1024w, https:\/\/blog.ufes.br\/languageeducation\/files\/2024\/05\/pexels-mabelamber-128299-1-300x169.jpg 300w, https:\/\/blog.ufes.br\/languageeducation\/files\/2024\/05\/pexels-mabelamber-128299-1-768x432.jpg 768w, https:\/\/blog.ufes.br\/languageeducation\/files\/2024\/05\/pexels-mabelamber-128299-1.jpg 1280w\" sizes=\"(max-width: 1024px) 100vw, 1024px\" \/><\/figure>\n\n\n\n<p><mark style=\"background-color:#fff\" class=\"has-inline-color has-black-color\">Este blog foi idealizado por alunas e alunos do curso de gradua\u00e7\u00e3o em Letras-Ingl\u00eas da Universidade Federal do Esp\u00edrito Santo. Tem o objetivo de compartilhar conhecimentos e recursos criados pelos estudantes em suas atividades de extens\u00e3o.<\/mark><\/p>\n\n\n\n<p><mark style=\"background-color:#fff\" class=\"has-inline-color has-black-color\">Neste blog, voc\u00ea encontrar\u00e1 materiais did\u00e1ticos, planos de aulas, v\u00eddeos, podcasts, links e diversos outros recursos para professores e aprendizes de l\u00edngua inglesa. Esses recursos t\u00eam o objetivo de auxiliar educadores e aprendizes de l\u00edngua inglesa de diversos contextos, especialmente da escola p\u00fablica.<\/mark><\/p>\n\n\n\n<p><mark style=\"background-color:#fff\" class=\"has-inline-color has-black-color\">Todo o material aqui compartilhado \u00e9 de autoria de alunos e alunas de gradua\u00e7\u00e3o em Letras-Ingl\u00eas da UFES e resulta das atividades de extens\u00e3o desenvolvidas a cada semestre. Para saber mais sobre o curso, clique <a href=\"https:\/\/letras.ufes.br\/pt-br\/apresentacao-0\" data-type=\"link\" data-id=\"https:\/\/letras.ufes.br\/pt-br\/apresentacao-0\">aqui<\/a>. Ou voc\u00ea pode acessar o Instagram do curso atrav\u00e9s deste <a href=\"https:\/\/www.instagram.com\/letrasingles.ufes\/\" data-type=\"link\" data-id=\"https:\/\/www.instagram.com\/letrasingles.ufes\/\">link<\/a> para mais informa\u00e7\u00f5es.<\/mark><\/p>\n\n\n\n<p><em>Este blog faz parte do projeto de extens\u00e3o &#8216;Educa\u00e7\u00e3o lingu\u00edstica: compartilhando saberes e pr\u00e1ticas&#8217; (registro na PROEX n\u00b0 3666).<\/em><\/p>\n\n\n\n<ul class=\"wp-block-social-links has-large-icon-size is-style-default is-content-justification-center is-layout-flex wp-container-core-social-links-is-layout-16018d1d wp-block-social-links-is-layout-flex\"><li class=\"wp-social-link wp-social-link-instagram  wp-block-social-link\"><a href=\"https:\/\/www.instagram.com\/letrasingles.ufes\/\" class=\"wp-block-social-link-anchor\"><svg width=\"24\" height=\"24\" viewBox=\"0 0 24 24\" version=\"1.1\" xmlns=\"http:\/\/www.w3.org\/2000\/svg\" aria-hidden=\"true\" focusable=\"false\"><path d=\"M12,4.622c2.403,0,2.688,0.009,3.637,0.052c0.877,0.04,1.354,0.187,1.671,0.31c0.42,0.163,0.72,0.358,1.035,0.673 c0.315,0.315,0.51,0.615,0.673,1.035c0.123,0.317,0.27,0.794,0.31,1.671c0.043,0.949,0.052,1.234,0.052,3.637 s-0.009,2.688-0.052,3.637c-0.04,0.877-0.187,1.354-0.31,1.671c-0.163,0.42-0.358,0.72-0.673,1.035 c-0.315,0.315-0.615,0.51-1.035,0.673c-0.317,0.123-0.794,0.27-1.671,0.31c-0.949,0.043-1.233,0.052-3.637,0.052 s-2.688-0.009-3.637-0.052c-0.877-0.04-1.354-0.187-1.671-0.31c-0.42-0.163-0.72-0.358-1.035-0.673 c-0.315-0.315-0.51-0.615-0.673-1.035c-0.123-0.317-0.27-0.794-0.31-1.671C4.631,14.688,4.622,14.403,4.622,12 s0.009-2.688,0.052-3.637c0.04-0.877,0.187-1.354,0.31-1.671c0.163-0.42,0.358-0.72,0.673-1.035 c0.315-0.315,0.615-0.51,1.035-0.673c0.317-0.123,0.794-0.27,1.671-0.31C9.312,4.631,9.597,4.622,12,4.622 M12,3 C9.556,3,9.249,3.01,8.289,3.054C7.331,3.098,6.677,3.25,6.105,3.472C5.513,3.702,5.011,4.01,4.511,4.511 c-0.5,0.5-0.808,1.002-1.038,1.594C3.25,6.677,3.098,7.331,3.054,8.289C3.01,9.249,3,9.556,3,12c0,2.444,0.01,2.751,0.054,3.711 c0.044,0.958,0.196,1.612,0.418,2.185c0.23,0.592,0.538,1.094,1.038,1.594c0.5,0.5,1.002,0.808,1.594,1.038 c0.572,0.222,1.227,0.375,2.185,0.418C9.249,20.99,9.556,21,12,21s2.751-0.01,3.711-0.054c0.958-0.044,1.612-0.196,2.185-0.418 c0.592-0.23,1.094-0.538,1.594-1.038c0.5-0.5,0.808-1.002,1.038-1.594c0.222-0.572,0.375-1.227,0.418-2.185 C20.99,14.751,21,14.444,21,12s-0.01-2.751-0.054-3.711c-0.044-0.958-0.196-1.612-0.418-2.185c-0.23-0.592-0.538-1.094-1.038-1.594 c-0.5-0.5-1.002-0.808-1.594-1.038c-0.572-0.222-1.227-0.375-2.185-0.418C14.751,3.01,14.444,3,12,3L12,3z M12,7.378 c-2.552,0-4.622,2.069-4.622,4.622S9.448,16.622,12,16.622s4.622-2.069,4.622-4.622S14.552,7.378,12,7.378z M12,15 c-1.657,0-3-1.343-3-3s1.343-3,3-3s3,1.343,3,3S13.657,15,12,15z M16.804,6.116c-0.596,0-1.08,0.484-1.08,1.08 s0.484,1.08,1.08,1.08c0.596,0,1.08-0.484,1.08-1.08S17.401,6.116,16.804,6.116z\"><\/path><\/svg><span class=\"wp-block-social-link-label screen-reader-text\">Instagram<\/span><\/a><\/li><\/ul>\n\t\t\t\t\t\t\t\t<\/div>\n\t\t\t\t<\/div>\n\t\t\t\t\t<\/div>\n\t\t<\/div>\n\t\t\t\t\t<\/div>\n\t\t<\/section>\n\t\t\t\t<section class=\"elementor-section elementor-top-section elementor-element elementor-element-4258ad3 elementor-section-boxed elementor-section-height-default elementor-section-height-default\" data-id=\"4258ad3\" data-element_type=\"section\" data-e-type=\"section\">\n\t\t\t\t\t\t<div class=\"elementor-container elementor-column-gap-default\">\n\t\t\t\t\t<div class=\"elementor-column elementor-col-100 elementor-top-column elementor-element elementor-element-d86f442\" data-id=\"d86f442\" data-element_type=\"column\" data-e-type=\"column\">\n\t\t\t<div class=\"elementor-widget-wrap elementor-element-populated\">\n\t\t\t\t\t\t<div class=\"elementor-element elementor-element-252df39 elementor-align-center elementor-widget elementor-widget-button\" data-id=\"252df39\" data-element_type=\"widget\" data-e-type=\"widget\" data-widget_type=\"button.default\">\n\t\t\t\t<div class=\"elementor-widget-container\">\n\t\t\t\t\t\t\t\t\t<div class=\"elementor-button-wrapper\">\n\t\t\t\t\t<a class=\"elementor-button elementor-button-link elementor-size-sm\" href=\"https:\/\/blog.ufes.br\/languageeducation\/entre-em-contato\/\">\n\t\t\t\t\t\t<span class=\"elementor-button-content-wrapper\">\n\t\t\t\t\t\t\t\t\t<span class=\"elementor-button-text\">ENTRE EM CONTATO<\/span>\n\t\t\t\t\t<\/span>\n\t\t\t\t\t<\/a>\n\t\t\t\t<\/div>\n\t\t\t\t\t\t\t\t<\/div>\n\t\t\t\t<\/div>\n\t\t\t\t\t<\/div>\n\t\t<\/div>\n\t\t\t\t\t<\/div>\n\t\t<\/section>\n\t\t\t\t<\/div>\n\t\t","protected":false},"excerpt":{"rendered":"<p>Este blog foi idealizado por alunas e alunos do curso de gradua\u00e7\u00e3o em Letras-Ingl\u00eas da Universidade Federal do Esp\u00edrito Santo. Tem o objetivo de compartilhar conhecimentos e recursos criados pelos estudantes em suas atividades de extens\u00e3o. Neste blog, voc\u00ea encontrar\u00e1 &hellip; <a href=\"https:\/\/blog.ufes.br\/languageeducation\/sobre\/\">Continue lendo <span class=\"meta-nav\">&rarr;<\/span><\/a><\/p>\n","protected":false},"author":448,"featured_media":0,"parent":0,"menu_order":0,"comment_status":"closed","ping_status":"closed","template":"","meta":{"_bbp_topic_count":0,"_bbp_reply_count":0,"_bbp_total_topic_count":0,"_bbp_total_reply_count":0,"_bbp_voice_count":0,"_bbp_anonymous_reply_count":0,"_bbp_topic_count_hidden":0,"_bbp_reply_count_hidden":0,"_bbp_forum_subforum_count":0,"_uag_custom_page_level_css":"","footnotes":""},"class_list":["post-281","page","type-page","status-publish","hentry"],"uagb_featured_image_src":{"full":false,"thumbnail":false,"medium":false,"medium_large":false,"large":false,"1536x1536":false,"2048x2048":false,"post-thumbnail":false,"large-feature":false,"small-feature":false},"uagb_author_info":{"display_name":"Marianna Cardoso Reis Merlo","author_link":"https:\/\/blog.ufes.br\/languageeducation\/author\/marianna_cardoso-reis-merlo\/"},"uagb_comment_info":0,"uagb_excerpt":"Este blog foi idealizado por alunas e alunos do curso de gradua\u00e7\u00e3o em Letras-Ingl\u00eas da Universidade Federal do Esp\u00edrito Santo. Tem o objetivo de compartilhar conhecimentos e recursos criados pelos estudantes em suas atividades de extens\u00e3o. Neste blog, voc\u00ea encontrar\u00e1 &hellip; Continue lendo &rarr;","_links":{"self":[{"href":"https:\/\/blog.ufes.br\/languageeducation\/wp-json\/wp\/v2\/pages\/281","targetHints":{"allow":["GET"]}}],"collection":[{"href":"https:\/\/blog.ufes.br\/languageeducation\/wp-json\/wp\/v2\/pages"}],"about":[{"href":"https:\/\/blog.ufes.br\/languageeducation\/wp-json\/wp\/v2\/types\/page"}],"author":[{"embeddable":true,"href":"https:\/\/blog.ufes.br\/languageeducation\/wp-json\/wp\/v2\/users\/448"}],"replies":[{"embeddable":true,"href":"https:\/\/blog.ufes.br\/languageeducation\/wp-json\/wp\/v2\/comments?post=281"}],"version-history":[{"count":10,"href":"https:\/\/blog.ufes.br\/languageeducation\/wp-json\/wp\/v2\/pages\/281\/revisions"}],"predecessor-version":[{"id":849,"href":"https:\/\/blog.ufes.br\/languageeducation\/wp-json\/wp\/v2\/pages\/281\/revisions\/849"}],"wp:attachment":[{"href":"https:\/\/blog.ufes.br\/languageeducation\/wp-json\/wp\/v2\/media?parent=281"}],"curies":[{"name":"wp","href":"https:\/\/api.w.org\/{rel}","templated":true}]}}