{"id":332,"date":"2024-05-06T10:52:30","date_gmt":"2024-05-06T13:52:30","guid":{"rendered":"https:\/\/blog.ufes.br\/languageeducation\/?page_id=332"},"modified":"2024-05-06T14:38:55","modified_gmt":"2024-05-06T17:38:55","slug":"entre-em-contato","status":"publish","type":"page","link":"https:\/\/blog.ufes.br\/languageeducation\/entre-em-contato\/","title":{"rendered":"Entre em contato"},"content":{"rendered":"\n<p><mark style=\"background-color:#fff\" class=\"has-inline-color has-black-color\">Nesta p\u00e1gina, voc\u00ea pode sugerir os materiais que gostaria de ver por aqui.<\/mark><\/p>\n\n\n\n<figure class=\"wp-block-image size-large is-resized is-style-rounded\"><img fetchpriority=\"high\" decoding=\"async\" width=\"1024\" height=\"683\" src=\"https:\/\/blog.ufes.br\/languageeducation\/files\/2024\/05\/pexels-element5-1550337-1024x683.jpg\" alt=\"\" class=\"wp-image-328\" style=\"width:421px;height:auto\" srcset=\"https:\/\/blog.ufes.br\/languageeducation\/files\/2024\/05\/pexels-element5-1550337-1024x683.jpg 1024w, https:\/\/blog.ufes.br\/languageeducation\/files\/2024\/05\/pexels-element5-1550337-300x200.jpg 300w, https:\/\/blog.ufes.br\/languageeducation\/files\/2024\/05\/pexels-element5-1550337-768x512.jpg 768w, https:\/\/blog.ufes.br\/languageeducation\/files\/2024\/05\/pexels-element5-1550337-1536x1024.jpg 1536w, https:\/\/blog.ufes.br\/languageeducation\/files\/2024\/05\/pexels-element5-1550337-2048x1366.jpg 2048w\" sizes=\"(max-width: 1024px) 100vw, 1024px\" \/><\/figure>\n\n\n\n<p><mark style=\"background-color:#fff\" class=\"has-inline-color has-black-color\">T\u00eam alguma ideia de material did\u00e1tico que gostaria de ver? <\/mark><\/p>\n\n\n\n<p><mark style=\"background-color:#fff\" class=\"has-inline-color has-black-color\">Conta pra gente nos coment\u00e1rios!<\/mark><\/p>\n","protected":false},"excerpt":{"rendered":"<p>Nesta p\u00e1gina, voc\u00ea pode sugerir os materiais que gostaria de ver por aqui. T\u00eam alguma ideia de material did\u00e1tico que gostaria de ver? Conta pra gente nos coment\u00e1rios!<\/p>\n","protected":false},"author":448,"featured_media":0,"parent":0,"menu_order":0,"comment_status":"open","ping_status":"closed","template":"","meta":{"_bbp_topic_count":0,"_bbp_reply_count":0,"_bbp_total_topic_count":0,"_bbp_total_reply_count":0,"_bbp_voice_count":0,"_bbp_anonymous_reply_count":0,"_bbp_topic_count_hidden":0,"_bbp_reply_count_hidden":0,"_bbp_forum_subforum_count":0,"_uag_custom_page_level_css":"","footnotes":""},"class_list":["post-332","page","type-page","status-publish","hentry"],"uagb_featured_image_src":{"full":false,"thumbnail":false,"medium":false,"medium_large":false,"large":false,"1536x1536":false,"2048x2048":false,"post-thumbnail":false,"large-feature":false,"small-feature":false},"uagb_author_info":{"display_name":"Marianna Cardoso Reis Merlo","author_link":"https:\/\/blog.ufes.br\/languageeducation\/author\/marianna_cardoso-reis-merlo\/"},"uagb_comment_info":0,"uagb_excerpt":"Nesta p\u00e1gina, voc\u00ea pode sugerir os materiais que gostaria de ver por aqui. T\u00eam alguma ideia de material did\u00e1tico que gostaria de ver? Conta pra gente nos coment\u00e1rios!","_links":{"self":[{"href":"https:\/\/blog.ufes.br\/languageeducation\/wp-json\/wp\/v2\/pages\/332","targetHints":{"allow":["GET"]}}],"collection":[{"href":"https:\/\/blog.ufes.br\/languageeducation\/wp-json\/wp\/v2\/pages"}],"about":[{"href":"https:\/\/blog.ufes.br\/languageeducation\/wp-json\/wp\/v2\/types\/page"}],"author":[{"embeddable":true,"href":"https:\/\/blog.ufes.br\/languageeducation\/wp-json\/wp\/v2\/users\/448"}],"replies":[{"embeddable":true,"href":"https:\/\/blog.ufes.br\/languageeducation\/wp-json\/wp\/v2\/comments?post=332"}],"version-history":[{"count":2,"href":"https:\/\/blog.ufes.br\/languageeducation\/wp-json\/wp\/v2\/pages\/332\/revisions"}],"predecessor-version":[{"id":336,"href":"https:\/\/blog.ufes.br\/languageeducation\/wp-json\/wp\/v2\/pages\/332\/revisions\/336"}],"wp:attachment":[{"href":"https:\/\/blog.ufes.br\/languageeducation\/wp-json\/wp\/v2\/media?parent=332"}],"curies":[{"name":"wp","href":"https:\/\/api.w.org\/{rel}","templated":true}]}}