{"id":694,"date":"2026-03-05T17:54:48","date_gmt":"2026-03-05T20:54:48","guid":{"rendered":"https:\/\/blog.ufes.br\/languageeducation\/?page_id=694"},"modified":"2026-03-08T23:02:45","modified_gmt":"2026-03-09T02:02:45","slug":"textos","status":"publish","type":"page","link":"https:\/\/blog.ufes.br\/languageeducation\/textos\/","title":{"rendered":"Textos"},"content":{"rendered":"\t\t<div data-elementor-type=\"wp-page\" data-elementor-id=\"694\" class=\"elementor elementor-694\">\n\t\t\t\t\t\t<section class=\"elementor-section elementor-top-section elementor-element elementor-element-757ca05 elementor-section-boxed elementor-section-height-default elementor-section-height-default\" data-id=\"757ca05\" data-element_type=\"section\" data-e-type=\"section\">\n\t\t\t\t\t\t<div class=\"elementor-container elementor-column-gap-default\">\n\t\t\t\t\t<div class=\"elementor-column elementor-col-100 elementor-top-column elementor-element elementor-element-6de50f8\" data-id=\"6de50f8\" data-element_type=\"column\" data-e-type=\"column\">\n\t\t\t<div class=\"elementor-widget-wrap elementor-element-populated\">\n\t\t\t\t\t\t<div class=\"elementor-element elementor-element-4cf8d39 elementor-widget-divider--view-line elementor-widget elementor-widget-divider\" data-id=\"4cf8d39\" data-element_type=\"widget\" data-e-type=\"widget\" data-widget_type=\"divider.default\">\n\t\t\t\t<div class=\"elementor-widget-container\">\n\t\t\t\t\t\t\t<div class=\"elementor-divider\">\n\t\t\t<span class=\"elementor-divider-separator\">\n\t\t\t\t\t\t<\/span>\n\t\t<\/div>\n\t\t\t\t\t\t<\/div>\n\t\t\t\t<\/div>\n\t\t\t\t\t<\/div>\n\t\t<\/div>\n\t\t\t\t\t<\/div>\n\t\t<\/section>\n\t\t\t\t<section class=\"elementor-section elementor-top-section elementor-element elementor-element-cfbee72 elementor-section-boxed elementor-section-height-default elementor-section-height-default\" data-id=\"cfbee72\" data-element_type=\"section\" data-e-type=\"section\">\n\t\t\t\t\t\t<div class=\"elementor-container elementor-column-gap-default\">\n\t\t\t\t\t<div class=\"elementor-column elementor-col-100 elementor-top-column elementor-element elementor-element-064ad4e\" data-id=\"064ad4e\" data-element_type=\"column\" data-e-type=\"column\">\n\t\t\t<div class=\"elementor-widget-wrap elementor-element-populated\">\n\t\t\t\t\t\t<div class=\"elementor-element elementor-element-c17a420 elementor-widget elementor-widget-text-editor\" data-id=\"c17a420\" data-element_type=\"widget\" data-e-type=\"widget\" data-widget_type=\"text-editor.default\">\n\t\t\t\t<div class=\"elementor-widget-container\">\n\t\t\t\t\t\t\t\t\t<p>Nesta aba, reunimos textos sobre diferentes temas, como sa\u00fade mental, processos de aprendizagem e escrita acad\u00eamica, al\u00e9m de ensaios produzidos por alunos do curso de Letras-Ingl\u00eas.<\/p>\t\t\t\t\t\t\t\t<\/div>\n\t\t\t\t<\/div>\n\t\t\t\t\t<\/div>\n\t\t<\/div>\n\t\t\t\t\t<\/div>\n\t\t<\/section>\n\t\t\t\t<section class=\"elementor-section elementor-top-section elementor-element elementor-element-802b70f elementor-section-boxed elementor-section-height-default elementor-section-height-default\" data-id=\"802b70f\" data-element_type=\"section\" data-e-type=\"section\">\n\t\t\t\t\t\t<div class=\"elementor-container elementor-column-gap-default\">\n\t\t\t\t\t<div class=\"elementor-column elementor-col-100 elementor-top-column elementor-element elementor-element-0f85ddf\" data-id=\"0f85ddf\" data-element_type=\"column\" data-e-type=\"column\">\n\t\t\t<div class=\"elementor-widget-wrap elementor-element-populated\">\n\t\t\t\t\t\t<div class=\"elementor-element elementor-element-cb5c0a0 elementor-grid-eael-col-1 elementor-grid-tablet-eael-col-2 elementor-grid-mobile-eael-col-1 elementor-widget elementor-widget-eael-post-grid\" data-id=\"cb5c0a0\" data-element_type=\"widget\" data-e-type=\"widget\" data-settings=\"{&quot;eael_post_grid_columns&quot;:&quot;eael-col-1&quot;,&quot;eael_post_grid_columns_tablet&quot;:&quot;eael-col-2&quot;,&quot;eael_post_grid_columns_mobile&quot;:&quot;eael-col-1&quot;}\" data-widget_type=\"eael-post-grid.default\">\n\t\t\t\t<div class=\"elementor-widget-container\">\n\t\t\t\t\t<div id=\"eael-post-grid-cb5c0a0\" class=\"eael-post-grid-container\">\n            <div class=\"eael-post-grid eael-post-appender eael-post-appender-cb5c0a0 eael-post-grid-style-three\" data-layout-mode=\"grid\"><article class=\"eael-grid-post  eael-post-grid-column eael-pg-post-926 category-sem-categoria\" data-id=\"926\">\n        <div class=\"eael-grid-post-holder\">\n            <div class=\"eael-grid-post-holder-inner\"><div class=\"eael-entry-wrapper\"><header class=\"eael-entry-header\"><h2 class=\"eael-entry-title\"><a class=\"eael-grid-post-link\" href=\"https:\/\/blog.ufes.br\/languageeducation\/the-role-of-music-in-english-language-learning\/\" title=\"The Role of Music in English Language Learning\">The Role of Music in English Language Learning<\/a><\/h2><\/header><\/div><\/div>\n        <\/div>\n    <\/article><article class=\"eael-grid-post  eael-post-grid-column eael-pg-post-916 category-sem-categoria\" data-id=\"916\">\n        <div class=\"eael-grid-post-holder\">\n            <div class=\"eael-grid-post-holder-inner\"><div class=\"eael-entry-wrapper\"><header class=\"eael-entry-header\"><h2 class=\"eael-entry-title\"><a class=\"eael-grid-post-link\" href=\"https:\/\/blog.ufes.br\/languageeducation\/unidade-didatica-the-five-sense\/\" title=\"Unidade Did\u00e1tica: The Five Senses\">Unidade Did\u00e1tica: The Five Senses<\/a><\/h2><\/header><\/div><\/div>\n        <\/div>\n    <\/article><article class=\"eael-grid-post  eael-post-grid-column eael-pg-post-903 category-sem-categoria\" data-id=\"903\">\n        <div class=\"eael-grid-post-holder\">\n            <div class=\"eael-grid-post-holder-inner\"><div class=\"eael-entry-wrapper\"><header class=\"eael-entry-header\"><h2 class=\"eael-entry-title\"><a class=\"eael-grid-post-link\" href=\"https:\/\/blog.ufes.br\/languageeducation\/the-use-of-sitcoms-in-english-language-learning\/\" title=\"THE USE OF SITCOMS IN ENGLISH LANGUAGE LEARNING\">THE USE OF SITCOMS IN ENGLISH LANGUAGE LEARNING<\/a><\/h2><\/header><\/div><\/div>\n        <\/div>\n    <\/article><article class=\"eael-grid-post  eael-post-grid-column eael-pg-post-892 category-sem-categoria\" data-id=\"892\">\n        <div class=\"eael-grid-post-holder\">\n            <div class=\"eael-grid-post-holder-inner\"><div class=\"eael-entry-wrapper\"><header class=\"eael-entry-header\"><h2 class=\"eael-entry-title\"><a class=\"eael-grid-post-link\" href=\"https:\/\/blog.ufes.br\/languageeducation\/unidade-didatica-surrealism\/\" title=\"Unidade Did\u00e1tica: Surrealism\">Unidade Did\u00e1tica: Surrealism<\/a><\/h2><\/header><\/div><\/div>\n        <\/div>\n    <\/article><\/div>\n            <div class=\"clearfix\"><\/div>\n        <\/div>            <div class=\"eael-load-more-button-wrap eael-infinity-scroll\" data-offset=\"-200\">\n                <button class=\"eael-load-more-button\" id=\"eael-load-more-btn-cb5c0a0\" data-widget-id=\"cb5c0a0\" data-widget=\"cb5c0a0\" data-page-id=\"694\" data-template=\"{&quot;dir&quot;:&quot;lite&quot;,&quot;file_name&quot;:&quot;three.php&quot;,&quot;name&quot;:&quot;Post-Grid&quot;}\" data-class=\"Essential_Addons_Elementor\\Elements\\Post_Grid\" data-layout=\"grid\" data-page=\"1\" data-args=\"orderby=date&amp;order=desc&amp;ignore_sticky_posts=1&amp;post_status=publish&amp;posts_per_page=4&amp;offset=0&amp;post_type=post\" data-max-page=\"10\">\n                    <span class=\"eael-btn-loader button__loader\"><\/span>\n                    <span class=\"eael_load_more_text\">Carregar mais<\/span>\n                <\/button>\n            <\/div>\n            \t\t\t\t<\/div>\n\t\t\t\t<\/div>\n\t\t\t\t\t<\/div>\n\t\t<\/div>\n\t\t\t\t\t<\/div>\n\t\t<\/section>\n\t\t\t\t<\/div>\n\t\t","protected":false},"excerpt":{"rendered":"<p>Nesta aba, reunimos textos sobre diferentes temas, como sa\u00fade mental, processos de aprendizagem e escrita acad\u00eamica, al\u00e9m de ensaios produzidos por alunos do curso de Letras-Ingl\u00eas. Unidade Did\u00e1tica: Animal World Ensaios sobre temas atuais Ensaio sobre linguagem Ensaios sobre tradu\u00e7\u00e3o &hellip; <a href=\"https:\/\/blog.ufes.br\/languageeducation\/unidade-didatica-surrealism\/\">Continue lendo <span class=\"meta-nav\">&rarr;<\/span><\/a><\/p>\n","protected":false},"author":448,"featured_media":689,"parent":0,"menu_order":0,"comment_status":"closed","ping_status":"closed","template":"","meta":{"_bbp_topic_count":0,"_bbp_reply_count":0,"_bbp_total_topic_count":0,"_bbp_total_reply_count":0,"_bbp_voice_count":0,"_bbp_anonymous_reply_count":0,"_bbp_topic_count_hidden":0,"_bbp_reply_count_hidden":0,"_bbp_forum_subforum_count":0,"_uag_custom_page_level_css":"","footnotes":""},"class_list":["post-694","page","type-page","status-publish","has-post-thumbnail","hentry"],"uagb_featured_image_src":{"full":["https:\/\/blog.ufes.br\/languageeducation\/files\/2026\/03\/g4d45f73bfb84b34d0253632c7bd93bb28dde5ed540c2cb13c76f1246953d95455dc814d127168ac2099bb054ff55419af22278fec7ab20f6e4b4a116cfa6e04a_1280-1251772.jpg",799,1280,false],"thumbnail":["https:\/\/blog.ufes.br\/languageeducation\/files\/2026\/03\/g4d45f73bfb84b34d0253632c7bd93bb28dde5ed540c2cb13c76f1246953d95455dc814d127168ac2099bb054ff55419af22278fec7ab20f6e4b4a116cfa6e04a_1280-1251772-94x150.jpg",94,150,true],"medium":["https:\/\/blog.ufes.br\/languageeducation\/files\/2026\/03\/g4d45f73bfb84b34d0253632c7bd93bb28dde5ed540c2cb13c76f1246953d95455dc814d127168ac2099bb054ff55419af22278fec7ab20f6e4b4a116cfa6e04a_1280-1251772-187x300.jpg",187,300,true],"medium_large":["https:\/\/blog.ufes.br\/languageeducation\/files\/2026\/03\/g4d45f73bfb84b34d0253632c7bd93bb28dde5ed540c2cb13c76f1246953d95455dc814d127168ac2099bb054ff55419af22278fec7ab20f6e4b4a116cfa6e04a_1280-1251772-768x1230.jpg",584,935,true],"large":["https:\/\/blog.ufes.br\/languageeducation\/files\/2026\/03\/g4d45f73bfb84b34d0253632c7bd93bb28dde5ed540c2cb13c76f1246953d95455dc814d127168ac2099bb054ff55419af22278fec7ab20f6e4b4a116cfa6e04a_1280-1251772-639x1024.jpg",584,936,true],"1536x1536":["https:\/\/blog.ufes.br\/languageeducation\/files\/2026\/03\/g4d45f73bfb84b34d0253632c7bd93bb28dde5ed540c2cb13c76f1246953d95455dc814d127168ac2099bb054ff55419af22278fec7ab20f6e4b4a116cfa6e04a_1280-1251772.jpg",799,1280,false],"2048x2048":["https:\/\/blog.ufes.br\/languageeducation\/files\/2026\/03\/g4d45f73bfb84b34d0253632c7bd93bb28dde5ed540c2cb13c76f1246953d95455dc814d127168ac2099bb054ff55419af22278fec7ab20f6e4b4a116cfa6e04a_1280-1251772.jpg",799,1280,false],"post-thumbnail":["https:\/\/blog.ufes.br\/languageeducation\/files\/2026\/03\/g4d45f73bfb84b34d0253632c7bd93bb28dde5ed540c2cb13c76f1246953d95455dc814d127168ac2099bb054ff55419af22278fec7ab20f6e4b4a116cfa6e04a_1280-1251772-799x198.jpg",799,198,true],"large-feature":["https:\/\/blog.ufes.br\/languageeducation\/files\/2026\/03\/g4d45f73bfb84b34d0253632c7bd93bb28dde5ed540c2cb13c76f1246953d95455dc814d127168ac2099bb054ff55419af22278fec7ab20f6e4b4a116cfa6e04a_1280-1251772.jpg",180,288,false],"small-feature":["https:\/\/blog.ufes.br\/languageeducation\/files\/2026\/03\/g4d45f73bfb84b34d0253632c7bd93bb28dde5ed540c2cb13c76f1246953d95455dc814d127168ac2099bb054ff55419af22278fec7ab20f6e4b4a116cfa6e04a_1280-1251772.jpg",187,300,false]},"uagb_author_info":{"display_name":"Marianna Cardoso Reis Merlo","author_link":"https:\/\/blog.ufes.br\/languageeducation\/author\/marianna_cardoso-reis-merlo\/"},"uagb_comment_info":0,"uagb_excerpt":"Nesta aba, reunimos textos sobre diferentes temas, como sa\u00fade mental, processos de aprendizagem e escrita acad\u00eamica, al\u00e9m de ensaios produzidos por alunos do curso de Letras-Ingl\u00eas. Unidade Did\u00e1tica: Animal World Ensaios sobre temas atuais Ensaio sobre linguagem Ensaios sobre tradu\u00e7\u00e3o &hellip; Continue lendo &rarr;","_links":{"self":[{"href":"https:\/\/blog.ufes.br\/languageeducation\/wp-json\/wp\/v2\/pages\/694","targetHints":{"allow":["GET"]}}],"collection":[{"href":"https:\/\/blog.ufes.br\/languageeducation\/wp-json\/wp\/v2\/pages"}],"about":[{"href":"https:\/\/blog.ufes.br\/languageeducation\/wp-json\/wp\/v2\/types\/page"}],"author":[{"embeddable":true,"href":"https:\/\/blog.ufes.br\/languageeducation\/wp-json\/wp\/v2\/users\/448"}],"replies":[{"embeddable":true,"href":"https:\/\/blog.ufes.br\/languageeducation\/wp-json\/wp\/v2\/comments?post=694"}],"version-history":[{"count":7,"href":"https:\/\/blog.ufes.br\/languageeducation\/wp-json\/wp\/v2\/pages\/694\/revisions"}],"predecessor-version":[{"id":825,"href":"https:\/\/blog.ufes.br\/languageeducation\/wp-json\/wp\/v2\/pages\/694\/revisions\/825"}],"wp:featuredmedia":[{"embeddable":true,"href":"https:\/\/blog.ufes.br\/languageeducation\/wp-json\/wp\/v2\/media\/689"}],"wp:attachment":[{"href":"https:\/\/blog.ufes.br\/languageeducation\/wp-json\/wp\/v2\/media?parent=694"}],"curies":[{"name":"wp","href":"https:\/\/api.w.org\/{rel}","templated":true}]}}