{"id":695,"date":"2026-03-05T17:54:48","date_gmt":"2026-03-05T20:54:48","guid":{"rendered":"https:\/\/blog.ufes.br\/languageeducation\/?page_id=695"},"modified":"2026-03-08T23:13:05","modified_gmt":"2026-03-09T02:13:05","slug":"pesquisas","status":"publish","type":"page","link":"https:\/\/blog.ufes.br\/languageeducation\/pesquisas\/","title":{"rendered":"Pesquisas"},"content":{"rendered":"\t\t<div data-elementor-type=\"wp-page\" data-elementor-id=\"695\" class=\"elementor elementor-695\">\n\t\t\t\t\t\t<section class=\"elementor-section elementor-top-section elementor-element elementor-element-344ce58 elementor-section-boxed elementor-section-height-default elementor-section-height-default\" data-id=\"344ce58\" data-element_type=\"section\" data-e-type=\"section\">\n\t\t\t\t\t\t<div class=\"elementor-container elementor-column-gap-default\">\n\t\t\t\t\t<div class=\"elementor-column elementor-col-100 elementor-top-column elementor-element elementor-element-8e0a5e5\" data-id=\"8e0a5e5\" data-element_type=\"column\" data-e-type=\"column\">\n\t\t\t<div class=\"elementor-widget-wrap elementor-element-populated\">\n\t\t\t\t\t\t<div class=\"elementor-element elementor-element-60c2635 elementor-widget elementor-widget-text-editor\" data-id=\"60c2635\" data-element_type=\"widget\" data-e-type=\"widget\" data-widget_type=\"text-editor.default\">\n\t\t\t\t<div class=\"elementor-widget-container\">\n\t\t\t\t\t\t\t\t\t<p>Nesta aba, voc\u00ea encontrar\u00e1 pesquisas e produ\u00e7\u00f5es acad\u00eamicas sobre temas diversos, desenvolvidas por discentes e docentes da Universidade Federal do Esp\u00edrito Santo. Os trabalhos aqui reunidos refletem diferentes \u00e1reas de interesse e investiga\u00e7\u00e3o, contribuindo para a divulga\u00e7\u00e3o do conhecimento, o desenvolvimento do pensamento cr\u00edtico e o di\u00e1logo entre universidade e sociedade.<\/p>\t\t\t\t\t\t\t\t<\/div>\n\t\t\t\t<\/div>\n\t\t\t\t\t<\/div>\n\t\t<\/div>\n\t\t\t\t\t<\/div>\n\t\t<\/section>\n\t\t\t\t<section class=\"elementor-section elementor-top-section elementor-element elementor-element-bac8457 elementor-section-boxed elementor-section-height-default elementor-section-height-default\" data-id=\"bac8457\" data-element_type=\"section\" data-e-type=\"section\">\n\t\t\t\t\t\t<div class=\"elementor-container elementor-column-gap-default\">\n\t\t\t\t\t<div class=\"elementor-column elementor-col-100 elementor-top-column elementor-element elementor-element-ce01fc8\" data-id=\"ce01fc8\" data-element_type=\"column\" data-e-type=\"column\">\n\t\t\t<div class=\"elementor-widget-wrap elementor-element-populated\">\n\t\t\t\t\t\t<div class=\"elementor-element elementor-element-e6cf891 elementor-align-center elementor-widget elementor-widget-button\" data-id=\"e6cf891\" data-element_type=\"widget\" data-e-type=\"widget\" data-widget_type=\"button.default\">\n\t\t\t\t<div class=\"elementor-widget-container\">\n\t\t\t\t\t\t\t\t\t<div class=\"elementor-button-wrapper\">\n\t\t\t\t\t<a class=\"elementor-button elementor-button-link elementor-size-sm\" href=\"https:\/\/blog.ufes.br\/languageeducation\/projeto-de-ic-o-uso-de-jogos-de-rpg-na-educacao-linguistica-em-lingua-inglesa-com-criancas\/\">\n\t\t\t\t\t\t<span class=\"elementor-button-content-wrapper\">\n\t\t\t\t\t\t\t\t\t<span class=\"elementor-button-text\">O uso de jogos de RPG na educa\u00e7\u00e3o lingu\u00edstica em l\u00edngua inglesa com crian\u00e7as<\/span>\n\t\t\t\t\t<\/span>\n\t\t\t\t\t<\/a>\n\t\t\t\t<\/div>\n\t\t\t\t\t\t\t\t<\/div>\n\t\t\t\t<\/div>\n\t\t\t\t<div class=\"elementor-element elementor-element-b7f6592 elementor-widget elementor-widget-button\" data-id=\"b7f6592\" data-element_type=\"widget\" data-e-type=\"widget\" data-widget_type=\"button.default\">\n\t\t\t\t<div class=\"elementor-widget-container\">\n\t\t\t\t\t\t\t\t\t<div class=\"elementor-button-wrapper\">\n\t\t\t\t\t<a class=\"elementor-button elementor-button-link elementor-size-sm\" href=\"https:\/\/blog.ufes.br\/languageeducation\/projeto-de-ic-textos-literarios-em-lingua-inglesa-como-recurso-metodologico-na-educacao-linguistica-com-criancas\/\">\n\t\t\t\t\t\t<span class=\"elementor-button-content-wrapper\">\n\t\t\t\t\t\t\t\t\t<span class=\"elementor-button-text\">Textos liter\u00e1rios em l\u00edngua inglesa como recurso metodol\u00f3gico na educa\u00e7\u00e3o lingu\u00edstica com crian\u00e7as<\/span>\n\t\t\t\t\t<\/span>\n\t\t\t\t\t<\/a>\n\t\t\t\t<\/div>\n\t\t\t\t\t\t\t\t<\/div>\n\t\t\t\t<\/div>\n\t\t\t\t<div class=\"elementor-element elementor-element-13a9191 elementor-widget elementor-widget-button\" data-id=\"13a9191\" data-element_type=\"widget\" data-e-type=\"widget\" data-widget_type=\"button.default\">\n\t\t\t\t<div class=\"elementor-widget-container\">\n\t\t\t\t\t\t\t\t\t<div class=\"elementor-button-wrapper\">\n\t\t\t\t\t<a class=\"elementor-button elementor-button-link elementor-size-sm\" href=\"https:\/\/blog.ufes.br\/languageeducation\/pesquisa-os-cursos-de-letras-ingles-em-nivel-de-graduacao-oferecidos-pelas-instituicoes-de-ensino-publicas-brasileiras\/\">\n\t\t\t\t\t\t<span class=\"elementor-button-content-wrapper\">\n\t\t\t\t\t\t\t\t\t<span class=\"elementor-button-text\">Mapeamento e an\u00e1lise de aspectos basilares de cursos de Letras-Ingl\u00eas ofertados por institui\u00e7\u00f5es p\u00fablicas no Brasil: Um Olhar sobre Similaridades, Particularidades Regionais e Diverg\u00eancias<\/span>\n\t\t\t\t\t<\/span>\n\t\t\t\t\t<\/a>\n\t\t\t\t<\/div>\n\t\t\t\t\t\t\t\t<\/div>\n\t\t\t\t<\/div>\n\t\t\t\t\t<\/div>\n\t\t<\/div>\n\t\t\t\t\t<\/div>\n\t\t<\/section>\n\t\t\t\t<\/div>\n\t\t","protected":false},"excerpt":{"rendered":"<p>Nesta aba, voc\u00ea encontrar\u00e1 pesquisas e produ\u00e7\u00f5es acad\u00eamicas sobre temas diversos, desenvolvidas por discentes e docentes da Universidade Federal do Esp\u00edrito Santo. Os trabalhos aqui reunidos refletem diferentes \u00e1reas de interesse e investiga\u00e7\u00e3o, contribuindo para a divulga\u00e7\u00e3o do conhecimento, o &hellip; <a href=\"https:\/\/blog.ufes.br\/languageeducation\/pesquisas\/\">Continue lendo <span class=\"meta-nav\">&rarr;<\/span><\/a><\/p>\n","protected":false},"author":448,"featured_media":0,"parent":0,"menu_order":0,"comment_status":"closed","ping_status":"closed","template":"","meta":{"_bbp_topic_count":0,"_bbp_reply_count":0,"_bbp_total_topic_count":0,"_bbp_total_reply_count":0,"_bbp_voice_count":0,"_bbp_anonymous_reply_count":0,"_bbp_topic_count_hidden":0,"_bbp_reply_count_hidden":0,"_bbp_forum_subforum_count":0,"_uag_custom_page_level_css":"","footnotes":""},"class_list":["post-695","page","type-page","status-publish","hentry"],"uagb_featured_image_src":{"full":false,"thumbnail":false,"medium":false,"medium_large":false,"large":false,"1536x1536":false,"2048x2048":false,"post-thumbnail":false,"large-feature":false,"small-feature":false},"uagb_author_info":{"display_name":"Marianna Cardoso Reis Merlo","author_link":"https:\/\/blog.ufes.br\/languageeducation\/author\/marianna_cardoso-reis-merlo\/"},"uagb_comment_info":0,"uagb_excerpt":"Nesta aba, voc\u00ea encontrar\u00e1 pesquisas e produ\u00e7\u00f5es acad\u00eamicas sobre temas diversos, desenvolvidas por discentes e docentes da Universidade Federal do Esp\u00edrito Santo. Os trabalhos aqui reunidos refletem diferentes \u00e1reas de interesse e investiga\u00e7\u00e3o, contribuindo para a divulga\u00e7\u00e3o do conhecimento, o &hellip; Continue lendo &rarr;","_links":{"self":[{"href":"https:\/\/blog.ufes.br\/languageeducation\/wp-json\/wp\/v2\/pages\/695","targetHints":{"allow":["GET"]}}],"collection":[{"href":"https:\/\/blog.ufes.br\/languageeducation\/wp-json\/wp\/v2\/pages"}],"about":[{"href":"https:\/\/blog.ufes.br\/languageeducation\/wp-json\/wp\/v2\/types\/page"}],"author":[{"embeddable":true,"href":"https:\/\/blog.ufes.br\/languageeducation\/wp-json\/wp\/v2\/users\/448"}],"replies":[{"embeddable":true,"href":"https:\/\/blog.ufes.br\/languageeducation\/wp-json\/wp\/v2\/comments?post=695"}],"version-history":[{"count":4,"href":"https:\/\/blog.ufes.br\/languageeducation\/wp-json\/wp\/v2\/pages\/695\/revisions"}],"predecessor-version":[{"id":829,"href":"https:\/\/blog.ufes.br\/languageeducation\/wp-json\/wp\/v2\/pages\/695\/revisions\/829"}],"wp:attachment":[{"href":"https:\/\/blog.ufes.br\/languageeducation\/wp-json\/wp\/v2\/media?parent=695"}],"curies":[{"name":"wp","href":"https:\/\/api.w.org\/{rel}","templated":true}]}}