{"id":64,"date":"2015-12-30T18:30:12","date_gmt":"2015-12-30T18:30:12","guid":{"rendered":"http:\/\/blog.ufes.br\/lariceandrade\/?page_id=64"},"modified":"2016-02-01T16:06:58","modified_gmt":"2016-02-01T16:06:58","slug":"extensao","status":"publish","type":"page","link":"https:\/\/blog.ufes.br\/lariceandrade\/extensao\/","title":{"rendered":"INFO+"},"content":{"rendered":"<div class=\"layout-cell layout-cell-9\">\n<div class=\"layout-cell-pad-5\">\n<div class=\"layout-cell layout-cell-9\">\n<h4 class=\"layout-cell-pad-5\"><strong> Inform\u00e1tica para quem quer aprender mais &#8211; INFO+<\/strong><\/h4>\n<\/div>\n<p><b>Natureza: <\/b>extens\u00e3o<\/p>\n<p><b>Financiador:<\/b> Funda\u00e7\u00e3o de Amparo \u00e0 Pesquisa do Esp\u00edrito Santo (FAPES)<\/p>\n<\/div>\n<\/div>\n<div class=\"layout-cell layout-cell-9\"><b>Processo:<\/b> 60866799<\/div>\n<div class=\"layout-cell layout-cell-9\">Financiamento: 30.000,00 (Trinta mil reais)<\/div>\n<p>Maiores informa\u00e7\u00f5es sobre o projeto INFO+ podem ser obtidas no site do projeto: <a href=\"http:\/\/infomais.alegre.ufes.br\/home\">http:\/\/infomais.alegre.ufes.br\/home<\/a><\/p>\n<p><a href=\"http:\/\/blog.ufes.br\/lariceandrade\/files\/2015\/12\/IMG_2153_7889437.jpg\"><img loading=\"lazy\" decoding=\"async\" class=\"alignnone size-thumbnail wp-image-142\" src=\"http:\/\/blog.ufes.br\/lariceandrade\/files\/2015\/12\/IMG_2153_7889437-150x150.jpg\" alt=\"IMG_2153_7889437\" width=\"150\" height=\"150\" \/><\/a> <a href=\"http:\/\/blog.ufes.br\/lariceandrade\/files\/2015\/12\/IMG_2739.jpg\"><img loading=\"lazy\" decoding=\"async\" class=\"alignnone size-thumbnail wp-image-143\" src=\"http:\/\/blog.ufes.br\/lariceandrade\/files\/2015\/12\/IMG_2739-150x150.jpg\" alt=\"IMG_2739\" width=\"150\" height=\"150\" srcset=\"https:\/\/blog.ufes.br\/lariceandrade\/files\/2015\/12\/IMG_2739-150x150.jpg 150w, https:\/\/blog.ufes.br\/lariceandrade\/files\/2015\/12\/IMG_2739-300x300.jpg 300w, https:\/\/blog.ufes.br\/lariceandrade\/files\/2015\/12\/IMG_2739-1024x1024.jpg 1024w\" sizes=\"auto, (max-width: 150px) 100vw, 150px\" \/><\/a> <a href=\"http:\/\/blog.ufes.br\/lariceandrade\/files\/2015\/12\/IMG_2737.jpg\"><img loading=\"lazy\" decoding=\"async\" class=\"alignnone size-thumbnail wp-image-144\" src=\"http:\/\/blog.ufes.br\/lariceandrade\/files\/2015\/12\/IMG_2737-150x150.jpg\" alt=\"IMG_2737\" width=\"150\" height=\"150\" srcset=\"https:\/\/blog.ufes.br\/lariceandrade\/files\/2015\/12\/IMG_2737-150x150.jpg 150w, https:\/\/blog.ufes.br\/lariceandrade\/files\/2015\/12\/IMG_2737-300x300.jpg 300w, https:\/\/blog.ufes.br\/lariceandrade\/files\/2015\/12\/IMG_2737-1024x1024.jpg 1024w\" sizes=\"auto, (max-width: 150px) 100vw, 150px\" \/><\/a><\/p>\n<h4 class=\"layout-cell-pad-5\">\u00a0<a href=\"http:\/\/blog.ufes.br\/lariceandrade\/files\/2015\/12\/IMG_2744.jpg\"><img loading=\"lazy\" decoding=\"async\" class=\"alignnone size-thumbnail wp-image-147\" src=\"http:\/\/blog.ufes.br\/lariceandrade\/files\/2015\/12\/IMG_2744-150x150.jpg\" alt=\"IMG_2744\" width=\"150\" height=\"150\" srcset=\"https:\/\/blog.ufes.br\/lariceandrade\/files\/2015\/12\/IMG_2744-150x150.jpg 150w, https:\/\/blog.ufes.br\/lariceandrade\/files\/2015\/12\/IMG_2744-300x300.jpg 300w, https:\/\/blog.ufes.br\/lariceandrade\/files\/2015\/12\/IMG_2744-1024x1024.jpg 1024w\" sizes=\"auto, (max-width: 150px) 100vw, 150px\" \/><\/a> <a href=\"http:\/\/blog.ufes.br\/lariceandrade\/files\/2015\/12\/IMG_2750.jpg\"><img loading=\"lazy\" decoding=\"async\" class=\"alignnone size-thumbnail wp-image-148\" src=\"http:\/\/blog.ufes.br\/lariceandrade\/files\/2015\/12\/IMG_2750-150x150.jpg\" alt=\"IMG_2750\" width=\"150\" height=\"150\" srcset=\"https:\/\/blog.ufes.br\/lariceandrade\/files\/2015\/12\/IMG_2750-150x150.jpg 150w, https:\/\/blog.ufes.br\/lariceandrade\/files\/2015\/12\/IMG_2750-300x300.jpg 300w, https:\/\/blog.ufes.br\/lariceandrade\/files\/2015\/12\/IMG_2750-1024x1024.jpg 1024w\" sizes=\"auto, (max-width: 150px) 100vw, 150px\" \/><\/a> <a href=\"http:\/\/blog.ufes.br\/lariceandrade\/files\/2015\/12\/2015-03-27-09.57.32.jpg\"><img loading=\"lazy\" decoding=\"async\" class=\"alignnone size-thumbnail wp-image-149\" src=\"http:\/\/blog.ufes.br\/lariceandrade\/files\/2015\/12\/2015-03-27-09.57.32-150x150.jpg\" alt=\"2015-03-27 09.57.32\" width=\"150\" height=\"150\" \/><\/a><\/h4>\n<h4 class=\"layout-cell-pad-5\"><a href=\"http:\/\/blog.ufes.br\/lariceandrade\/files\/2015\/12\/2015-05-16-09.41.21.jpg\"><img loading=\"lazy\" decoding=\"async\" class=\"alignnone size-thumbnail wp-image-155\" src=\"http:\/\/blog.ufes.br\/lariceandrade\/files\/2015\/12\/2015-05-16-09.41.21-150x150.jpg\" alt=\"2015-05-16 09.41.21\" width=\"150\" height=\"150\" \/><\/a> <a href=\"http:\/\/blog.ufes.br\/lariceandrade\/files\/2015\/12\/2015-03-28-11.00.04.jpg\"><img loading=\"lazy\" decoding=\"async\" class=\"alignnone size-thumbnail wp-image-156\" src=\"http:\/\/blog.ufes.br\/lariceandrade\/files\/2015\/12\/2015-03-28-11.00.04-150x150.jpg\" alt=\"2015-03-28 11.00.04\" width=\"150\" height=\"150\" \/><\/a> <a href=\"http:\/\/blog.ufes.br\/lariceandrade\/files\/2015\/12\/2014-06-28-09.43.25.jpg\"><img loading=\"lazy\" decoding=\"async\" class=\"alignnone size-thumbnail wp-image-154\" src=\"http:\/\/blog.ufes.br\/lariceandrade\/files\/2015\/12\/2014-06-28-09.43.25-150x150.jpg\" alt=\"2014-06-28 09.43.25\" width=\"150\" height=\"150\" \/><\/a><\/h4>\n<p><a href=\"http:\/\/blog.ufes.br\/lariceandrade\/files\/2015\/12\/2014-04-12-09.37.35.jpg\"><img loading=\"lazy\" decoding=\"async\" class=\"alignnone size-thumbnail wp-image-153\" src=\"http:\/\/blog.ufes.br\/lariceandrade\/files\/2015\/12\/2014-04-12-09.37.35-150x150.jpg\" alt=\"2014-04-12 09.37.35\" width=\"150\" height=\"150\" \/><\/a> <a href=\"http:\/\/blog.ufes.br\/lariceandrade\/files\/2015\/12\/2014-06-07-10.16.21.jpg\"><img loading=\"lazy\" decoding=\"async\" class=\"alignnone size-thumbnail wp-image-150\" src=\"http:\/\/blog.ufes.br\/lariceandrade\/files\/2015\/12\/2014-06-07-10.16.21-150x150.jpg\" alt=\"2014-06-07 10.16.21\" width=\"150\" height=\"150\" \/><\/a> <a href=\"http:\/\/blog.ufes.br\/lariceandrade\/files\/2015\/12\/2015-03-27-09.57.32.jpg\"><img loading=\"lazy\" decoding=\"async\" class=\"alignnone size-thumbnail wp-image-149\" src=\"http:\/\/blog.ufes.br\/lariceandrade\/files\/2015\/12\/2015-03-27-09.57.32-150x150.jpg\" alt=\"2015-03-27 09.57.32\" width=\"150\" height=\"150\" \/><\/a><\/p>\n<p><a href=\"http:\/\/blog.ufes.br\/lariceandrade\/files\/2015\/12\/20141213_IMG_2368.jpg\"><img loading=\"lazy\" decoding=\"async\" class=\"alignnone size-thumbnail wp-image-170\" src=\"http:\/\/blog.ufes.br\/lariceandrade\/files\/2015\/12\/20141213_IMG_2368-150x150.jpg\" alt=\"20141213_IMG_2368\" width=\"150\" height=\"150\" \/><\/a> <a href=\"http:\/\/blog.ufes.br\/lariceandrade\/files\/2015\/12\/20141213_IMG_2371.jpg\"><img loading=\"lazy\" decoding=\"async\" class=\"alignnone size-thumbnail wp-image-171\" src=\"http:\/\/blog.ufes.br\/lariceandrade\/files\/2015\/12\/20141213_IMG_2371-150x150.jpg\" alt=\"20141213_IMG_2371\" width=\"150\" height=\"150\" \/><\/a> <a href=\"http:\/\/blog.ufes.br\/lariceandrade\/files\/2015\/12\/20141213_IMG_2375.jpg\"><img loading=\"lazy\" decoding=\"async\" class=\"alignnone size-thumbnail wp-image-173\" src=\"http:\/\/blog.ufes.br\/lariceandrade\/files\/2015\/12\/20141213_IMG_2375-150x150.jpg\" alt=\"20141213_IMG_2375\" width=\"150\" height=\"150\" \/><\/a><\/p>\n<p><a href=\"http:\/\/blog.ufes.br\/lariceandrade\/files\/2015\/12\/20141213_IMG_2377.jpg\"><img loading=\"lazy\" decoding=\"async\" class=\"alignnone size-thumbnail wp-image-174\" src=\"http:\/\/blog.ufes.br\/lariceandrade\/files\/2015\/12\/20141213_IMG_2377-150x150.jpg\" alt=\"20141213_IMG_2377\" width=\"150\" height=\"150\" \/><\/a> <a href=\"http:\/\/blog.ufes.br\/lariceandrade\/files\/2015\/12\/20141213_IMG_2380.jpg\"><img loading=\"lazy\" decoding=\"async\" class=\"alignnone size-thumbnail wp-image-175\" src=\"http:\/\/blog.ufes.br\/lariceandrade\/files\/2015\/12\/20141213_IMG_2380-150x150.jpg\" alt=\"20141213_IMG_2380\" width=\"150\" height=\"150\" \/><\/a> <a href=\"http:\/\/blog.ufes.br\/lariceandrade\/files\/2015\/12\/20141213_IMG_2383.jpg\"><img loading=\"lazy\" decoding=\"async\" class=\"alignnone size-thumbnail wp-image-176\" src=\"http:\/\/blog.ufes.br\/lariceandrade\/files\/2015\/12\/20141213_IMG_2383-150x150.jpg\" alt=\"20141213_IMG_2383\" width=\"150\" height=\"150\" \/><\/a><\/p>\n<p><a href=\"http:\/\/blog.ufes.br\/lariceandrade\/files\/2015\/12\/20141213_IMG_2391.jpg\"><img loading=\"lazy\" decoding=\"async\" class=\"alignnone size-thumbnail wp-image-177\" src=\"http:\/\/blog.ufes.br\/lariceandrade\/files\/2015\/12\/20141213_IMG_2391-150x150.jpg\" alt=\"20141213_IMG_2391\" width=\"150\" height=\"150\" \/><\/a> <a href=\"http:\/\/blog.ufes.br\/lariceandrade\/files\/2015\/12\/20141213_IMG_2392.jpg\"><img loading=\"lazy\" decoding=\"async\" class=\"alignnone size-thumbnail wp-image-178\" src=\"http:\/\/blog.ufes.br\/lariceandrade\/files\/2015\/12\/20141213_IMG_2392-150x150.jpg\" alt=\"20141213_IMG_2392\" width=\"150\" height=\"150\" \/><\/a> <a href=\"http:\/\/blog.ufes.br\/lariceandrade\/files\/2015\/12\/20141213_IMG_2459.jpg\"><img loading=\"lazy\" decoding=\"async\" class=\"alignnone size-thumbnail wp-image-181\" src=\"http:\/\/blog.ufes.br\/lariceandrade\/files\/2015\/12\/20141213_IMG_2459-150x150.jpg\" alt=\"20141213_IMG_2459\" width=\"150\" height=\"150\" \/><\/a><a href=\"http:\/\/blog.ufes.br\/lariceandrade\/files\/2015\/12\/20141213_IMG_2468.jpg\"><img loading=\"lazy\" decoding=\"async\" class=\"alignnone size-thumbnail wp-image-183\" src=\"http:\/\/blog.ufes.br\/lariceandrade\/files\/2015\/12\/20141213_IMG_2468-150x150.jpg\" alt=\"20141213_IMG_2468\" width=\"150\" height=\"150\" \/><\/a><a href=\"http:\/\/blog.ufes.br\/lariceandrade\/files\/2015\/12\/20141101_IMG_2082.jpg\"><img loading=\"lazy\" decoding=\"async\" class=\"alignnone wp-image-188 size-thumbnail\" src=\"http:\/\/blog.ufes.br\/lariceandrade\/files\/2015\/12\/20141101_IMG_2082-e1454342812428-150x150.jpg\" alt=\"20141101_IMG_2082\" width=\"150\" height=\"150\" \/><\/a><a href=\"http:\/\/blog.ufes.br\/lariceandrade\/files\/2015\/12\/20141213_IMG_2398.jpg\"><img loading=\"lazy\" decoding=\"async\" class=\"alignnone size-thumbnail wp-image-179\" src=\"http:\/\/blog.ufes.br\/lariceandrade\/files\/2015\/12\/20141213_IMG_2398-150x150.jpg\" alt=\"20141213_IMG_2398\" width=\"150\" height=\"150\" \/><\/a><\/p>\n","protected":false},"excerpt":{"rendered":"<p>Inform\u00e1tica para quem quer aprender mais &#8211; INFO+ Natureza: extens\u00e3o Financiador: Funda\u00e7\u00e3o de Amparo \u00e0 Pesquisa do Esp\u00edrito Santo (FAPES) Processo: 60866799 Financiamento: 30.000,00 (Trinta mil reais) Maiores informa\u00e7\u00f5es sobre o projeto INFO+ podem ser obtidas no site do projeto: &hellip; <a href=\"https:\/\/blog.ufes.br\/lariceandrade\/extensao\/\">Continue lendo <span class=\"meta-nav\">&rarr;<\/span><\/a><\/p>\n","protected":false},"author":204,"featured_media":124,"parent":0,"menu_order":0,"comment_status":"closed","ping_status":"closed","template":"","meta":{"_bbp_topic_count":0,"_bbp_reply_count":0,"_bbp_total_topic_count":0,"_bbp_total_reply_count":0,"_bbp_voice_count":0,"_bbp_anonymous_reply_count":0,"_bbp_topic_count_hidden":0,"_bbp_reply_count_hidden":0,"_bbp_forum_subforum_count":0,"_uag_custom_page_level_css":"","footnotes":""},"class_list":["post-64","page","type-page","status-publish","has-post-thumbnail","hentry"],"uagb_featured_image_src":{"full":["https:\/\/blog.ufes.br\/lariceandrade\/files\/2015\/12\/LogotipoEscolhido.jpg",2622,960,false],"thumbnail":["https:\/\/blog.ufes.br\/lariceandrade\/files\/2015\/12\/LogotipoEscolhido-150x150.jpg",150,150,true],"medium":["https:\/\/blog.ufes.br\/lariceandrade\/files\/2015\/12\/LogotipoEscolhido-300x110.jpg",300,110,true],"medium_large":["https:\/\/blog.ufes.br\/lariceandrade\/files\/2015\/12\/LogotipoEscolhido.jpg",584,214,false],"large":["https:\/\/blog.ufes.br\/lariceandrade\/files\/2015\/12\/LogotipoEscolhido-1024x375.jpg",584,214,true],"1536x1536":["https:\/\/blog.ufes.br\/lariceandrade\/files\/2015\/12\/LogotipoEscolhido.jpg",1536,562,false],"2048x2048":["https:\/\/blog.ufes.br\/lariceandrade\/files\/2015\/12\/LogotipoEscolhido.jpg",2048,750,false],"post-thumbnail":["https:\/\/blog.ufes.br\/lariceandrade\/files\/2015\/12\/LogotipoEscolhido-1000x288.jpg",1000,288,true],"large-feature":["https:\/\/blog.ufes.br\/lariceandrade\/files\/2015\/12\/LogotipoEscolhido-1000x288.jpg",1000,288,true],"small-feature":["https:\/\/blog.ufes.br\/lariceandrade\/files\/2015\/12\/LogotipoEscolhido-500x183.jpg",500,183,true]},"uagb_author_info":{"display_name":"Rede Info+","author_link":"https:\/\/blog.ufes.br\/lariceandrade\/author\/larice-andrade\/"},"uagb_comment_info":0,"uagb_excerpt":"Inform\u00e1tica para quem quer aprender mais &#8211; INFO+ Natureza: extens\u00e3o Financiador: Funda\u00e7\u00e3o de Amparo \u00e0 Pesquisa do Esp\u00edrito Santo (FAPES) Processo: 60866799 Financiamento: 30.000,00 (Trinta mil reais) Maiores informa\u00e7\u00f5es sobre o projeto INFO+ podem ser obtidas no site do projeto: &hellip; Continue lendo &rarr;","_links":{"self":[{"href":"https:\/\/blog.ufes.br\/lariceandrade\/wp-json\/wp\/v2\/pages\/64","targetHints":{"allow":["GET"]}}],"collection":[{"href":"https:\/\/blog.ufes.br\/lariceandrade\/wp-json\/wp\/v2\/pages"}],"about":[{"href":"https:\/\/blog.ufes.br\/lariceandrade\/wp-json\/wp\/v2\/types\/page"}],"author":[{"embeddable":true,"href":"https:\/\/blog.ufes.br\/lariceandrade\/wp-json\/wp\/v2\/users\/204"}],"replies":[{"embeddable":true,"href":"https:\/\/blog.ufes.br\/lariceandrade\/wp-json\/wp\/v2\/comments?post=64"}],"version-history":[{"count":13,"href":"https:\/\/blog.ufes.br\/lariceandrade\/wp-json\/wp\/v2\/pages\/64\/revisions"}],"predecessor-version":[{"id":146,"href":"https:\/\/blog.ufes.br\/lariceandrade\/wp-json\/wp\/v2\/pages\/64\/revisions\/146"}],"wp:featuredmedia":[{"embeddable":true,"href":"https:\/\/blog.ufes.br\/lariceandrade\/wp-json\/wp\/v2\/media\/124"}],"wp:attachment":[{"href":"https:\/\/blog.ufes.br\/lariceandrade\/wp-json\/wp\/v2\/media?parent=64"}],"curies":[{"name":"wp","href":"https:\/\/api.w.org\/{rel}","templated":true}]}}