{"id":80,"date":"2015-12-30T23:19:53","date_gmt":"2015-12-30T23:19:53","guid":{"rendered":"http:\/\/blog.ufes.br\/lariceandrade\/?page_id=80"},"modified":"2016-01-26T00:48:35","modified_gmt":"2016-01-26T00:48:35","slug":"publicacoes","status":"publish","type":"page","link":"https:\/\/blog.ufes.br\/lariceandrade\/publicacoes\/","title":{"rendered":"Publica\u00e7\u00f5es"},"content":{"rendered":"<div class=\"layout-cell layout-cell-11\">\n<h1>Artigos em Revistas<\/h1>\n<div class=\"layout-cell layout-cell-1 text-align-right\"><\/div>\n<div class=\"layout-cell layout-cell-11\">\n<ul>\n<li class=\"layout-cell-pad-5\">\n<div class=\"layout-cell-pad-5\" style=\"text-align: justify\">\u00a0HOLLANDA, M. P ; <a class=\"tooltip\" href=\"http:\/\/lattes.cnpq.br\/5497084995510727\" target=\"_blank\">CEC\u00cdLIO, R.A<\/a> ; CAMPANHARO, W. A ; ZANETTI, S. S ; <b>ANDRADE, L. N.<\/b> ; GARCIA, G. O. . Avalia\u00e7\u00e3o do TOPMODEL na estimativa do escoamento superficial em microbacia hidrogr\u00e1fica em diferentes usos. Revista Brasileira de Engenharia Agr\u00edcola e Ambiental (Impresso)<sup><img decoding=\"async\" id=\"14154366_1\" class=\"ajaxJCR jcrTip\" src=\"http:\/\/buscatextual.cnpq.br\/buscatextual\/images\/curriculo\/jcr.gif\" alt=\"\" \/><\/sup>, v. 19, p. 489-496, 2015.<\/div>\n<\/li>\n<\/ul>\n<ul>\n<li class=\"layout-cell-pad-5\" style=\"text-align: justify\">ANDRADE, L. N. ; MAURI, G. R.; MENDON\u00c7A, A. S. F. . A General Multiobjective Model and a Simulated Annealing Algorithm for Waste Load Allocation. <strong>Journal of Water Resources Planning and Management<\/strong>, v. 139, p. 339-344, 2013.<\/li>\n<\/ul>\n<\/div>\n<\/div>\n<div class=\"artigo-completo\" style=\"text-align: justify\">\n<div class=\"layout-cell layout-cell-11\">\n<ul>\n<li class=\"layout-cell-pad-5\">ANDRADE, L. N. ; LEITE, M. G. P. An analysis of the human activities impact on water quantity in the Jequitinhonha Valley, MG\/Brazil. M<strong>anagement of Environmental Quality<\/strong>, v. 24, p. 383-393, 2013.<\/li>\n<\/ul>\n<ul>\n<li>ANDRADE, L. N. ; BACELLAR, L.A.P.; LEITE, M.G.P. <a href=\"http:\/\/ojs.c3sl.ufpr.br\/ojs2\/index.php\/abequa\/article\/view\/16838\" target=\"_blank\">Mineralogical composition and heavy metal contents of soils from the Itacolomi state park &#8211; Ouro Preto\/MG<\/a>. <strong>Quaternary and Enviromnmental Geosciences<\/strong>, v. 3, p. 1-8, 2012.<\/li>\n<\/ul>\n<ul>\n<li>ANDRADE, L. N. <a href=\"http:\/\/www.ib.usp.br\/revista\/node\/45#abstract\" target=\"_blank\">Autodepura\u00e7\u00e3o dos corpos d \u00e1gua<\/a>.<strong> Revista da Biologia<\/strong>, v. 5, p. 15-18, USP, 2010.<\/li>\n<\/ul>\n<ul>\n<li>ANDRADE, L. N<b>.<\/b> ; BACELLAR, L.A.P; LEITE, M.G.P. <a href=\"http:\/\/www.scielo.br\/scielo.php?pid=S0370-44672009000200005&amp;script=sci_arttext\" target=\"_blank\">Influ\u00eancia geol\u00f3gica em assinaturas qu\u00edmicas das \u00e1guas e solos do Parque Estadual do Itacolomi, Minas Gerais.<\/a> REM. <strong>Revista Escola de Minas<\/strong> (Impresso), v. 62, p. 147-154, 2009.<\/li>\n<\/ul>\n<ul>\n<li>ANDRADE, L. N<b>.<\/b> ; BACELLAR, L.A.P; LEITE, M.G.P. <a href=\"http:\/\/revistas.ung.br\/index.php\/geociencias\/article\/view\/795\" target=\"_blank\">Influ\u00eancia de condicionantes geol\u00f3gicos no potencial h\u00eddrico de trechos de rios na regi\u00e3o de Ouro Preto &#8211; MG.<\/a> <strong>Revista Universidade Guarulhos<\/strong> (Cessou em 2002. Cont. ISSN 1981-7428 Revista Universidade Guarulhos. Geoci\u00eancias (Impresso)), v. 8, p. 14-28, 2009.<\/li>\n<\/ul>\n<ul>\n<li>ANDRADE, L. N. ; BACELLAR, L.A.P; LEITE, M.G.P. An\u00e1lise Ambiental da sub-bacia do c\u00f3rrego \u00c1gua Limpa, Vale do Jequitinhonha, Semi-\u00c1rido de Minas Gerais. <strong>Revista da Pesquisa &amp; P\u00f3s-Gradua\u00e7\u00e3o<\/strong>, v. 6, p. 42-46, 2006.<\/li>\n<\/ul>\n<p><strong>Cap\u00edtulos de livros<\/strong><\/p>\n<ul>\n<li><b><a class=\"tooltip\" href=\"http:\/\/lattes.cnpq.br\/0322725035627877\" target=\"_blank\">ANDRADE, L. N.<\/a><\/b>; REIS, J. A. T. . M\u00e9todos de otimiza\u00e7\u00e3o aplicados em Recursos H\u00eddricos. In: Cristiano Poleto. (Org.). Bacias Hidrogr\u00e1ficas e Recursos H\u00eddricos. 1ed.Rio de Janeiro: Interci\u00eancia, 2014, v. 1, p. 217-247.<\/li>\n<\/ul>\n<h1>Artigos em Congressos<\/h1>\n<ul>\n<li><b><a class=\"tooltip\" href=\"http:\/\/lattes.cnpq.br\/0322725035627877\" target=\"_blank\">ANDRADE, L. N.<\/a><\/b>. Meta-heur\u00edstica simulated annealing para resolu\u00e7\u00e3o de diferentes casos de aloca\u00e7\u00e3o de cargas poluentes. In: XLVII SBPO &#8211; Simp\u00f3sio Brasileiro de Pesquisa Operacional, 2015, Porto de Galinhas, PE. Anais do XLVII SBPO, 2015.<\/li>\n<\/ul>\n<ul>\n<li class=\"layout-cell-pad-5\"><b>ANDRADE, L. N.<\/b> ; MAURI, G. R.; MENDON\u00c7A, A. S. F. . SIM-ACQUA V.1. Sistema de Suporte \u00e0 Decis\u00e3o para a Gest\u00e3o dos Recursos H\u00eddricos. In: VI Congresso de Gesti\u00f3n Ambiental \/ IX Convenci\u00f3n Internacional sobre Medio Ambiente y Desarrollo, 2013, Habana, Cuba. Anais da IX CIMAD, 2013.<b> <\/b><\/li>\n<\/ul>\n<ul>\n<li class=\"layout-cell-pad-5\"><b>ANDRADE, L. N.<\/b> ;MAURI, G. R.; MENDON\u00c7A, A. S. F. . SIM-ACQUA V.1. Sistema de Apoyo a la Decisi\u00f3n para la Gestion de los Recursos H\u00eddricos. In: I Col\u00f3quio de Regulaci\u00f3n y Control Ambiental em Las Esferas de Seguridad Biol\u00f3gica, Qu\u00edmica, Nuclear y de Medio Ambiente \/ IX Convenci\u00f3n Internacional sobre Medio Ambiente y Desarrollo, 2013, Habana, Cuba. Anais da IX CIMAD, 2013.<\/li>\n<\/ul>\n<ul>\n<li class=\"layout-cell-pad-5\">\n<div class=\"layout-cell layout-cell-11\">\n<div class=\"layout-cell-pad-5\"><b>ANDRADE, L. N.<\/b> . Modelo multiobjetivo para a determina\u00e7\u00e3o de efici\u00eancias de tratamento de esgoto utilizando Simulated Annealing. In: XLV SBPO &#8211; Simp\u00f3sio Brasileiro de Pesquisa Operacional, 2013, Natal &#8211; RN. Anais do XLV SBPO, 2013.<\/div>\n<\/div>\n<\/li>\n<\/ul>\n<\/div>\n<\/div>\n<div class=\"layout-cell layout-cell-11\" style=\"text-align: justify\">\n<ul>\n<li class=\"layout-cell-pad-5\">SARDINHA, D. S ; GODOY, L.H ; GON\u00c7ALVES, J.C.S.I ; LUZ, M.S ; ANDRADE, L. N. . Atlas geotur\u00edstico do munic\u00edpio de Uberaba (MG). Parte II &#8211; Diagn\u00f3stico Ambiental.. In: <strong>46\u00ba Congresso Brasileiro de Geologia e 1\u00ba Congresso de Geologia dos Paises de Lingua Portuguesa.2012. Santos. <\/strong>Anais do 46\u00ba CBG, Sociedade Brasileira de Geologia, v.46, 2012.<\/li>\n<\/ul>\n<\/div>\n<ul style=\"text-align: justify\">\n<li>SARDINHA, D. S ; GODOY, L.H ; GON\u00c7ALVES, J.C.S.I ; LUZ, M.S ; ANDRADE, L. N. . Atlas geotur\u00edstico do munic\u00edpio de Uberaba (MG). Parte I &#8211; Caracteriza\u00e7\u00e3o Ambiental. In: <strong>46\u00ba Congresso Brasileiro de Geologia e 1\u00ba Congresso de Geologia dos Paises de Lingua Portuguesa.2012. Santos. <\/strong>Anais do 46\u00ba CBG, Sociedade Brasileira de Geologia, v.46, 2012.<\/li>\n<\/ul>\n<ul style=\"text-align: justify\">\n<li class=\"layout-cell-pad-5\">SILVA, M. F. ; GODOY, L.H ; LUZ, M.S ; <b>ANDRADE, L. N.<\/b> ; GON\u00c7ALVES, J.C.S.I ; SARDINHA, D. S . Avalia\u00e7\u00e3o de oxig\u00eanio dissolvido (OD), temperatura e condutividade el\u00e9trica (CE) no reservat\u00f3rio do Parque das Ac\u00e1cias &#8211; Uberaba (MG). In: <strong>XX Jornada de Inicia\u00e7\u00e3o Cient\u00edfica da UFTM, 2012, Uberaba &#8211; MG. <\/strong>Anais da XX Jornada de Inicia\u00e7\u00e3o Cient\u00edfica, 2012.<\/li>\n<\/ul>\n<ul style=\"text-align: justify\">\n<li>BATISTA, M.D ; MATEUS, V.M ; GON\u00c7ALVES, J.C.S.I ; <b>ANDRADE, L. N.<\/b>\u00a0 Estudo e aplica\u00e7\u00e3o de um Sistema de Suporte \u00e0 Decis\u00e3o para an\u00e1lise de outorga e enquadramento de cursos d \u00e1gua. In: <strong>XX Jornada de Inicia\u00e7\u00e3o Cient\u00edfica da UFTM, 2012, Uberaba &#8211; MG.<\/strong> Anais da XX Jornada de Inicia\u00e7\u00e3o Cient\u00edfica, 2012.<\/li>\n<\/ul>\n<ul style=\"text-align: justify\">\n<li>ANDRADE, L. N.\u00a0 Caracter\u00edsticas f\u00edsico-qu\u00edmicas das \u00e1guas do Parque Estadual do Itacolomi fatores influentes. In:<strong> Encontro Latino Americano de P\u00f3s-Gradua\u00e7\u00e3o, 2012, S\u00e3o Jos\u00e9 dos Campos &#8211; SP<\/strong>. Anais do XII EPG, 2012.<\/li>\n<\/ul>\n<ul style=\"text-align: justify\">\n<li>ANDRADE, L. N. Modelo de Otimiza\u00e7\u00e3o Multiobjetivo para Outorga de Dilui\u00e7\u00e3o de Efluentes e Enquadramento de Corpos d\u2019\u00e1gua. 2012. Tese (Doutorado em Engenharia Ambiental) \u2013 Programa de P\u00f3s-Gradua\u00e7\u00e3o em Engenharia Ambiental, Universidade Federal do Esp\u00edrito Santo, Vit\u00f3ria, 2012.<\/li>\n<\/ul>\n<div class=\"layout-cell layout-cell-11\" style=\"text-align: justify\">\n<ul>\n<li class=\"layout-cell-pad-5\">MAURI, G.R.; ANDRADE, L. N. ; LORENA, L. A. N. . A Memetic algorithm for a continuous case of the berth allocation problem. In: <strong>International Conference on Evolutionary Computation Theory and Applications, 2011<\/strong>, Paris &#8211; France. Anais do ECTA, 2011.<\/li>\n<\/ul>\n<\/div>\n<ul style=\"text-align: justify\">\n<li>ANDRADE, L. N. ;MAURI, G. R.; MENDON\u00c7A, A. S. F. . Application of metaheuristics in waste-load allocation overview. In: <strong>XIVth IWRA World Water Water Congress, 2011, Porto de Galinhas.<\/strong> Anais do XIVth IWRA, 2011.<\/li>\n<\/ul>\n<div class=\"layout-cell layout-cell-11\" style=\"text-align: justify\">\n<ul>\n<li class=\"layout-cell-pad-5\">ANDRADE, L. N. ; MAURI, G.R; MENDON\u00c7A, A. S. F. . Multiobjective model for waste-load allocation. In: <strong>XIVth IWRA World Water Water Congress, 2011, Porto de Galinhas. <\/strong>Anais do XIVth IWRA, 2011.<\/li>\n<\/ul>\n<div class=\"layout-cell-pad-5\">\n<div class=\"layout-cell layout-cell-11\">\n<ul>\n<li class=\"layout-cell-pad-5\">ANDRADE, L. N. ; MAURI, G.R.; MENDON\u00c7A, A. S. F. . Integra\u00e7\u00e3o de modelos de simula\u00e7\u00e3o e otimiza\u00e7\u00e3o em um sistema de suporte \u00e0 decis\u00e3o para gest\u00e3o de recursos h\u00eddricos. In: <strong>1\u00ba Simp\u00f3sio de Computa\u00e7\u00e3o do Sul Capixaba, 2011, Alegre &#8211; ES. <\/strong>Anais do I SC2 (UFES), 2011.<\/li>\n<\/ul>\n<div class=\"layout-cell-pad-5\">\n<div class=\"layout-cell layout-cell-11\">\n<ul>\n<li class=\"layout-cell-pad-5\">ANDRADE, L. N. ;MAURI, G.R. Mapa auto-organiz\u00e1vel para an\u00e1lises geoqu\u00edmicas: uma aplica\u00e7\u00e3o de rede neural artificial. In: <strong>1\u00ba Simp\u00f3sio de Computa\u00e7\u00e3o do Sul Capixaba, 2011, Alegre-ES. <\/strong>Anais do I SC2 (UFES), 2011.<\/li>\n<\/ul>\n<\/div>\n<\/div>\n<\/div>\n<\/div>\n<\/div>\n<div class=\"layout-cell layout-cell-11\" style=\"text-align: justify\">\n<ul>\n<li class=\"layout-cell-pad-5\">ANDRADE, L. N.; MAURI, G.R.; ZORZAL, R. ; MENDON\u00c7A, A. S. F. . Sistemas de suporte \u00e0 decis\u00e3o para o gerenciamento da qualidade h\u00eddrica: abordagens recentes. In: <strong>X SRHN &#8211; Simp\u00f3sio de Recursos H\u00eddricos do Nordeste, 2010, Fortaleza &#8211; CE. <\/strong>Anais do X SRHN (ABRH), 2010.<\/li>\n<\/ul>\n<div class=\"layout-cell-pad-5\">\n<div class=\"layout-cell layout-cell-11\">\n<ul>\n<li class=\"layout-cell-pad-5\">ANDRADE, L. N. ;MAURI, G. R. Aplica\u00e7\u00e3o de um sistema computacional na an\u00e1lise de lan\u00e7amentos e capta\u00e7\u00f5es em cursos d \u00e1gua. In: I<strong> Simp\u00f3sio de Engenharia Sanit\u00e1ria e Meio Ambiente da Zona da Mata Mineira, 2010, Juiz de Fora &#8211; MG.<\/strong> Anais do I SESMAZ (UFJF), 2010.<\/li>\n<\/ul>\n<div class=\"layout-cell-pad-5\">\n<div class=\"layout-cell layout-cell-11\">\n<ul>\n<li class=\"layout-cell-pad-5\">ANDRADE, L. N. ; MAURI, G. R. Automatiza\u00e7\u00e3o do modelo QUAL2E para o gerenciamento da qualidade h\u00eddrica. In: <strong>I Simp\u00f3sio de Engenharia Sanit\u00e1ria e Meio Ambiente da Zona da Mata Mineira, 2010, Juiz de Fora &#8211; MG.<\/strong> Anais do I SESMAZ (UFJF), 2010.<\/li>\n<\/ul>\n<ul>\n<li class=\"layout-cell-pad-5\">SILVA, K.R ; PIROVANI, D.B ; ANDRADE, L. N. ; CEC\u00cdLIO, R. A; SANTOS, A.R ; BESTETE, J.P . Subtra\u00e7\u00e3o de imagens para detec\u00e7\u00e3o de mudan\u00e7as na cobertura vegetal da bacia hidrogr\u00e1fica do Rio Alegre Alegre\/ES. In: <strong>II Semin\u00e1rio de Recursos H\u00eddricos da Bacia Hidrogr\u00e1fica do Para\u00edba do Sul: Recupera\u00e7\u00e3o de \u00c1reas Degradadas, Servi\u00e7os Ambientais e Sustentabilidade (II Serhidro), 2009, Taubat\u00e9 &#8211; SP.<\/strong> Anais do II SERHIDRO, 2009. p. 49-56.<\/li>\n<\/ul>\n<\/div>\n<\/div>\n<\/div>\n<\/div>\n<\/div>\n<div class=\"layout-cell layout-cell-11\" style=\"text-align: justify\">\n<div class=\"layout-cell-pad-5\">\n<div class=\"layout-cell layout-cell-11\">\n<ul>\n<li class=\"layout-cell-pad-5\">ZORZAL, R. ; ANDRADE, L. N. ; COSER, M. C. ; FASSARELLA, J.A.C . Uso da interface QUAL-RIO na an\u00e1lise de localiza\u00e7\u00e3o de uma nova fonte pontual de polui\u00e7\u00e3o em rios considerando aspectos de qualidade de \u00e1gua. In: <strong>XVIII Simp\u00f3sio Brasileiro de Recursos H\u00eddricos, 2009, Campo Grande &#8211; MS. <\/strong>Anais do XVIII SBRH (ABRH), 2009.<\/li>\n<\/ul>\n<\/div>\n<\/div>\n<\/div>\n<div class=\"layout-cell layout-cell-11\" style=\"text-align: justify\">\n<ul>\n<li class=\"layout-cell-pad-5\">ROQUES, T. V. P. ; ANDRADE, L. N. ; ZORZAL, R. . Metodologia para apoio \u00e0 an\u00e1lise de solicita\u00e7\u00e3o de outorga de dilui\u00e7\u00e3o de efluentes an\u00e1lise e aplica\u00e7\u00e3o. In: I<strong>I Simp\u00f3sio de Recursos H\u00eddricos do Sul-Sudeste, 2008, Rio de Janeiro.<\/strong> Anais do II SRHSS (ABRH), 2008.<\/li>\n<\/ul>\n<ul>\n<li class=\"layout-cell-pad-5\">ANDRADE, L. N. Caracteriza\u00e7\u00e3o hidrol\u00f3gica e hidrogeoqu\u00edmica do Parque Estadual do Itacolomi (PEI), Ouro Preto\/Minas Gerais. 2008. Disserta\u00e7\u00e3o (Mestrado em Geologia Ambiental) \u2013 Programa de P\u00f3s-gradua\u00e7\u00e3o em Evolu\u00e7\u00e3o Crustal e Recursos Naturais, Universidade Federal de Ouro Preto, Ouro Preto, 2008.<\/li>\n<\/ul>\n<\/div>\n<ul>\n<li style=\"text-align: justify\">LIMA, L. S. ; ANDRADE, L. N. Caracteriza\u00e7\u00e3o textural e geoqu\u00edmica dos solos do Parque Estadual do Itacolomi, MG. In:<strong> XIV SIC &#8211; Semin\u00e1rio de Inicia\u00e7\u00e3o Cient\u00edfica, 2006, Ouro Preto<\/strong>. Anais do XIV SIC (UFOP), 2006. v. 1. p. 3-3.<\/li>\n<\/ul>\n<div class=\"layout-cell layout-cell-11\" style=\"text-align: justify\">\n<ul>\n<li class=\"layout-cell-pad-5\">\n<div class=\"layout-cell layout-cell-11\">\n<div class=\"layout-cell-pad-5\">LEITE, M.G.P; ANDRADE, L. N. ; FUJACO, M. A. G. ; CASTRO,P.T.A; NALINI JUNIOR, H.A. Geology influence in the geochemistry signature of the Itacolomi State Park. In: <strong>4th International Conference on Safe Water, 2006, Rio de Janeiro. <\/strong>Anais do 4th SAFEWATER, 2006.<\/div>\n<\/div>\n<\/li>\n<\/ul>\n<ul>\n<li class=\"layout-cell-pad-5\">\n<div class=\"layout-cell layout-cell-11\">\n<div class=\"layout-cell-pad-5\">ANDRADE, L. N<b>.<\/b> ; LEITE, M.G.P. Land use and landscape dynamics: Influence in water resources of the \u00c1gua Limpa stream basin, Jequitinhonha Valley of Minas Gerais, Brazil. In: <strong>4th International Conference on Safe Water, 2006, Rio de Janeiro.<\/strong> Anais do 4th SAFEWATER, 2006.<\/div>\n<div class=\"layout-cell-pad-5\"><\/div>\n<div class=\"layout-cell-pad-5\">ANDRADE, L. N. ; LEITE,M.G.P. An\u00e1lise Ambiental da Sub-bacia do C\u00f3rrego \u00c1gua Limpa, Vale do Jequitinhonha, Semi-\u00c1rido de Minas Gerais.. In: <strong>VIII SIC &#8211; Semin\u00e1rio de Inicia\u00e7\u00e3o Cient\u00edfica, 2005, <\/strong>Ouro Preto -MG. Anais do VIII SIC (UFOP), 2005. v. 1. p. 6-6.<\/div>\n<\/div>\n<\/li>\n<\/ul>\n<\/div>\n<ul style=\"text-align: justify\">\n<li>ANDRADE, L. N. An\u00e1lise Ambiental da Sub-bacia do C\u00f3rrego \u00c1gua Limpa, Vale do Jequitinhonha, Semi-\u00c1rido de Minas Gerais. 2005. Monografia (Gradua\u00e7\u00e3o em Engenharia Ambiental) \u2013 Escola de Minas, Universidade Federal de Ouro Preto, Ouro Preto, 2005.<\/li>\n<\/ul>\n<ul style=\"text-align: justify\">\n<li>ANDRADE, L. N. Projeto de Moderniza\u00e7\u00e3o da Refinaria Henrique Lage-Petrobr\u00e1s. Mineral Engenharia e Meio Ambiente. 2005. Monografia (Relat\u00f3rio de Est\u00e1gio) \u2013 Escola de Minas, Universidade Federal de Ouro Preto, Ouro Preto, 2005.<\/li>\n<\/ul>\n","protected":false},"excerpt":{"rendered":"<p>Artigos em Revistas \u00a0HOLLANDA, M. P ; CEC\u00cdLIO, R.A ; CAMPANHARO, W. A ; ZANETTI, S. S ; ANDRADE, L. N. ; GARCIA, G. O. . Avalia\u00e7\u00e3o do TOPMODEL na estimativa do escoamento superficial em microbacia hidrogr\u00e1fica em diferentes usos. &hellip; <a href=\"https:\/\/blog.ufes.br\/lariceandrade\/publicacoes\/\">Continue lendo <span class=\"meta-nav\">&rarr;<\/span><\/a><\/p>\n","protected":false},"author":204,"featured_media":161,"parent":0,"menu_order":0,"comment_status":"closed","ping_status":"closed","template":"","meta":{"_bbp_topic_count":0,"_bbp_reply_count":0,"_bbp_total_topic_count":0,"_bbp_total_reply_count":0,"_bbp_voice_count":0,"_bbp_anonymous_reply_count":0,"_bbp_topic_count_hidden":0,"_bbp_reply_count_hidden":0,"_bbp_forum_subforum_count":0,"_uag_custom_page_level_css":"","footnotes":""},"class_list":["post-80","page","type-page","status-publish","has-post-thumbnail","hentry"],"uagb_featured_image_src":{"full":["https:\/\/blog.ufes.br\/lariceandrade\/files\/2015\/12\/2012_09140327.jpg",3648,2736,false],"thumbnail":["https:\/\/blog.ufes.br\/lariceandrade\/files\/2015\/12\/2012_09140327-150x150.jpg",150,150,true],"medium":["https:\/\/blog.ufes.br\/lariceandrade\/files\/2015\/12\/2012_09140327-300x225.jpg",300,225,true],"medium_large":["https:\/\/blog.ufes.br\/lariceandrade\/files\/2015\/12\/2012_09140327.jpg",584,438,false],"large":["https:\/\/blog.ufes.br\/lariceandrade\/files\/2015\/12\/2012_09140327-1024x768.jpg",584,438,true],"1536x1536":["https:\/\/blog.ufes.br\/lariceandrade\/files\/2015\/12\/2012_09140327.jpg",1536,1152,false],"2048x2048":["https:\/\/blog.ufes.br\/lariceandrade\/files\/2015\/12\/2012_09140327.jpg",2048,1536,false],"post-thumbnail":["https:\/\/blog.ufes.br\/lariceandrade\/files\/2015\/12\/2012_09140327-1000x288.jpg",1000,288,true],"large-feature":["https:\/\/blog.ufes.br\/lariceandrade\/files\/2015\/12\/2012_09140327-1000x288.jpg",1000,288,true],"small-feature":["https:\/\/blog.ufes.br\/lariceandrade\/files\/2015\/12\/2012_09140327-400x300.jpg",400,300,true]},"uagb_author_info":{"display_name":"Rede Info+","author_link":"https:\/\/blog.ufes.br\/lariceandrade\/author\/larice-andrade\/"},"uagb_comment_info":0,"uagb_excerpt":"Artigos em Revistas \u00a0HOLLANDA, M. P ; CEC\u00cdLIO, R.A ; CAMPANHARO, W. A ; ZANETTI, S. S ; ANDRADE, L. N. ; GARCIA, G. O. . Avalia\u00e7\u00e3o do TOPMODEL na estimativa do escoamento superficial em microbacia hidrogr\u00e1fica em diferentes usos. &hellip; Continue lendo &rarr;","_links":{"self":[{"href":"https:\/\/blog.ufes.br\/lariceandrade\/wp-json\/wp\/v2\/pages\/80","targetHints":{"allow":["GET"]}}],"collection":[{"href":"https:\/\/blog.ufes.br\/lariceandrade\/wp-json\/wp\/v2\/pages"}],"about":[{"href":"https:\/\/blog.ufes.br\/lariceandrade\/wp-json\/wp\/v2\/types\/page"}],"author":[{"embeddable":true,"href":"https:\/\/blog.ufes.br\/lariceandrade\/wp-json\/wp\/v2\/users\/204"}],"replies":[{"embeddable":true,"href":"https:\/\/blog.ufes.br\/lariceandrade\/wp-json\/wp\/v2\/comments?post=80"}],"version-history":[{"count":5,"href":"https:\/\/blog.ufes.br\/lariceandrade\/wp-json\/wp\/v2\/pages\/80\/revisions"}],"predecessor-version":[{"id":118,"href":"https:\/\/blog.ufes.br\/lariceandrade\/wp-json\/wp\/v2\/pages\/80\/revisions\/118"}],"wp:featuredmedia":[{"embeddable":true,"href":"https:\/\/blog.ufes.br\/lariceandrade\/wp-json\/wp\/v2\/media\/161"}],"wp:attachment":[{"href":"https:\/\/blog.ufes.br\/lariceandrade\/wp-json\/wp\/v2\/media?parent=80"}],"curies":[{"name":"wp","href":"https:\/\/api.w.org\/{rel}","templated":true}]}}