{"id":14,"date":"2017-10-05T11:03:40","date_gmt":"2017-10-05T14:03:40","guid":{"rendered":"http:\/\/blog.ufes.br\/leandrocostalonga\/?page_id=14"},"modified":"2021-06-10T08:57:45","modified_gmt":"2021-06-10T11:57:45","slug":"material-de-aulas","status":"publish","type":"page","link":"https:\/\/blog.ufes.br\/leandrocostalonga\/material-de-aulas\/","title":{"rendered":"Material de Aulas"},"content":{"rendered":"<p>Prezados alunos,<\/p>\n<p>Durante o per\u00edodo de EARTE, estamos utilizando o Google Classroom. Os links convites para as disciplinas do semestre 2021\/1 (Gradua\u00e7\u00e3o) e 2021\/2 (P\u00f3s-gradua\u00e7\u00e3o) s\u00e3o:<\/p>\n<ul>\n<li><a href=\"https:\/\/classroom.google.com\/c\/Mjg5ODcyOTc1MzY2?cjc=tzeqyw5\">Programa\u00e7\u00e3o I (DCEL\/CEUNES)<\/a><\/li>\n<li><a href=\"https:\/\/classroom.google.com\/c\/Mjg5ODcyNTQ5OTU2?cjc=o6tkobl\">Intera\u00e7\u00e3o Homem-Computador (DCEL\/CEUNES)<\/a><\/li>\n<li><a href=\"https:\/\/classroom.google.com\/c\/MzQ4MjMyMDYzMzEy?cjc=u5anyid\">T\u00f3picos especiais em M\u00fasica e Novas M\u00eddias &#8211; M\u00fasica Ub\u00edqua (PPGA)<\/a><\/li>\n<\/ul>\n<p><\/p>\n","protected":false},"excerpt":{"rendered":"<p>Prezados alunos, Durante o per\u00edodo de EARTE, estamos utilizando o Google Classroom. Os links convites para as disciplinas do semestre 2021\/1 (Gradua\u00e7\u00e3o) e 2021\/2 (P\u00f3s-gradua\u00e7\u00e3o) s\u00e3o: Programa\u00e7\u00e3o I (DCEL\/CEUNES) Intera\u00e7\u00e3o Homem-Computador (DCEL\/CEUNES) T\u00f3picos especiais em M\u00fasica e Novas M\u00eddias &#8211; M\u00fasica Ub\u00edqua (PPGA)<\/p>\n","protected":false},"author":321,"featured_media":0,"parent":0,"menu_order":0,"comment_status":"closed","ping_status":"closed","template":"","meta":{"_bbp_topic_count":0,"_bbp_reply_count":0,"_bbp_total_topic_count":0,"_bbp_total_reply_count":0,"_bbp_voice_count":0,"_bbp_anonymous_reply_count":0,"_bbp_topic_count_hidden":0,"_bbp_reply_count_hidden":0,"_bbp_forum_subforum_count":0,"_uag_custom_page_level_css":"","footnotes":""},"class_list":["post-14","page","type-page","status-publish","hentry"],"uagb_featured_image_src":{"full":false,"thumbnail":false,"medium":false,"medium_large":false,"large":false,"1536x1536":false,"2048x2048":false,"post-thumbnail":false},"uagb_author_info":{"display_name":"leandro.costalonga","author_link":"https:\/\/blog.ufes.br\/leandrocostalonga\/author\/leandro-costalonga\/"},"uagb_comment_info":0,"uagb_excerpt":"Prezados alunos, Durante o per\u00edodo de EARTE, estamos utilizando o Google Classroom. Os links convites para as disciplinas do semestre 2021\/1 (Gradua\u00e7\u00e3o) e 2021\/2 (P\u00f3s-gradua\u00e7\u00e3o) s\u00e3o: Programa\u00e7\u00e3o I (DCEL\/CEUNES) Intera\u00e7\u00e3o Homem-Computador (DCEL\/CEUNES) T\u00f3picos especiais em M\u00fasica e Novas M\u00eddias &#8211; M\u00fasica Ub\u00edqua (PPGA)","_links":{"self":[{"href":"https:\/\/blog.ufes.br\/leandrocostalonga\/wp-json\/wp\/v2\/pages\/14","targetHints":{"allow":["GET"]}}],"collection":[{"href":"https:\/\/blog.ufes.br\/leandrocostalonga\/wp-json\/wp\/v2\/pages"}],"about":[{"href":"https:\/\/blog.ufes.br\/leandrocostalonga\/wp-json\/wp\/v2\/types\/page"}],"author":[{"embeddable":true,"href":"https:\/\/blog.ufes.br\/leandrocostalonga\/wp-json\/wp\/v2\/users\/321"}],"replies":[{"embeddable":true,"href":"https:\/\/blog.ufes.br\/leandrocostalonga\/wp-json\/wp\/v2\/comments?post=14"}],"version-history":[{"count":7,"href":"https:\/\/blog.ufes.br\/leandrocostalonga\/wp-json\/wp\/v2\/pages\/14\/revisions"}],"predecessor-version":[{"id":57,"href":"https:\/\/blog.ufes.br\/leandrocostalonga\/wp-json\/wp\/v2\/pages\/14\/revisions\/57"}],"wp:attachment":[{"href":"https:\/\/blog.ufes.br\/leandrocostalonga\/wp-json\/wp\/v2\/media?parent=14"}],"curies":[{"name":"wp","href":"https:\/\/api.w.org\/{rel}","templated":true}]}}