{"id":26,"date":"2021-06-10T07:49:23","date_gmt":"2021-06-10T10:49:23","guid":{"rendered":"https:\/\/blog.ufes.br\/leandrocostalonga\/?page_id=26"},"modified":"2021-06-10T08:02:32","modified_gmt":"2021-06-10T11:02:32","slug":"primeiros-passos-na-programacao-logica-e-estruturas-basicas-e-book","status":"publish","type":"page","link":"https:\/\/blog.ufes.br\/leandrocostalonga\/primeiros-passos-na-programacao-logica-e-estruturas-basicas-e-book\/","title":{"rendered":"Primeiros Passos na Programa\u00e7\u00e3o: L\u00f3gica e Estruturas B\u00e1sicas (e-book)"},"content":{"rendered":"<p><img decoding=\"async\" width=\"314\" height=\"500\" src=\"http:\/\/blog.ufes.br\/leandrocostalonga\/files\/2021\/06\/Capa.jpg\" alt=\"\" loading=\"lazy\" \/>\t\t\t\t\t\t\t\t\t\t\t<\/p>\n<p><a href=\"https:\/\/drive.google.com\/file\/d\/1kLodY8uLsc39Y75x18_U85cDiNX5cbis\/view?usp=sharing\">Download PDF.<\/a><\/p>\n<p style=\"text-indent: 28.8pt\">Esse livro \u00e9 uma compila\u00e7\u00e3o de notas de aulas de disciplinas ministradas pelo autor em diversas engenharias (civil, mec\u00e2nica, ambiental, petr\u00f3leo, produ\u00e7\u00e3o e qu\u00edmica), em diversas institui\u00e7\u00f5es de ensino, e aprimorada atrav\u00e9s da intera\u00e7\u00e3o com centenas de alunos. A formaliza\u00e7\u00e3o e disponibiliza\u00e7\u00e3o em formato de e-book veio da necessidade de oferecer material did\u00e1tico referenci\u00e1vel aos alunos da disciplina de \u201cPrograma\u00e7\u00e3o I\u201d do Campus S\u00e3o Mateus da Universidade Federal do Esp\u00edrito Santo (UFES) durante o per\u00edodo de Ensino Remoto Emergencial e Tempor\u00e1rio (EARTE) imposto em raz\u00e3o da crise sanit\u00e1ria do COVID-19. Face ao fato do car\u00e1cter emergencial, se trata de um material auto publicado, sem intuito comercial, e dispon\u00edvel gratuitamente . No entanto, caso opte por gozar das facilidades da <a href=\"https:\/\/www.amazon.com.br\/Primeiros-Passos-Programa%C3%A7%C3%A3o-Estruturas-B%C3%A1sicas-ebook\/dp\/B08H8R3JGF\/ref=sr_1_1?__mk_pt_BR=%C3%85M%C3%85%C5%BD%C3%95%C3%91&amp;dchild=1&amp;keywords=Leandro+Costalonga&amp;qid=1623321771&amp;sr=8-1\">vers\u00e3o para leitores Kindle da Amazon Brasil<\/a>, haver\u00e1 uma cobran\u00e7a simb\u00f3lica para viabilizar a hospedagem do material na plataforma.\u00a0<\/p>\n<p style=\"text-indent: 28.8pt\">\u00a0<\/p>\n","protected":false},"excerpt":{"rendered":"<p>Download PDF. Esse livro \u00e9 uma compila\u00e7\u00e3o de notas de aulas de disciplinas ministradas pelo autor em diversas engenharias (civil, mec\u00e2nica, ambiental, petr\u00f3leo, produ\u00e7\u00e3o e qu\u00edmica), em diversas institui\u00e7\u00f5es de ensino, e aprimorada atrav\u00e9s da intera\u00e7\u00e3o com centenas de alunos. A formaliza\u00e7\u00e3o e disponibiliza\u00e7\u00e3o em formato de e-book veio da necessidade de oferecer material did\u00e1tico &hellip; <a href=\"https:\/\/blog.ufes.br\/leandrocostalonga\/primeiros-passos-na-programacao-logica-e-estruturas-basicas-e-book\/\" class=\"more-link\">Continuar lendo <span class=\"screen-reader-text\">Primeiros Passos na Programa\u00e7\u00e3o: L\u00f3gica e Estruturas B\u00e1sicas (e-book)<\/span><\/a><\/p>\n","protected":false},"author":321,"featured_media":0,"parent":0,"menu_order":0,"comment_status":"closed","ping_status":"closed","template":"","meta":{"_bbp_topic_count":0,"_bbp_reply_count":0,"_bbp_total_topic_count":0,"_bbp_total_reply_count":0,"_bbp_voice_count":0,"_bbp_anonymous_reply_count":0,"_bbp_topic_count_hidden":0,"_bbp_reply_count_hidden":0,"_bbp_forum_subforum_count":0,"_uag_custom_page_level_css":"","footnotes":""},"class_list":["post-26","page","type-page","status-publish","hentry"],"uagb_featured_image_src":{"full":false,"thumbnail":false,"medium":false,"medium_large":false,"large":false,"1536x1536":false,"2048x2048":false,"post-thumbnail":false},"uagb_author_info":{"display_name":"leandro.costalonga","author_link":"https:\/\/blog.ufes.br\/leandrocostalonga\/author\/leandro-costalonga\/"},"uagb_comment_info":0,"uagb_excerpt":"Download PDF. Esse livro \u00e9 uma compila\u00e7\u00e3o de notas de aulas de disciplinas ministradas pelo autor em diversas engenharias (civil, mec\u00e2nica, ambiental, petr\u00f3leo, produ\u00e7\u00e3o e qu\u00edmica), em diversas institui\u00e7\u00f5es de ensino, e aprimorada atrav\u00e9s da intera\u00e7\u00e3o com centenas de alunos. A formaliza\u00e7\u00e3o e disponibiliza\u00e7\u00e3o em formato de e-book veio da necessidade de oferecer material did\u00e1tico&hellip;","_links":{"self":[{"href":"https:\/\/blog.ufes.br\/leandrocostalonga\/wp-json\/wp\/v2\/pages\/26","targetHints":{"allow":["GET"]}}],"collection":[{"href":"https:\/\/blog.ufes.br\/leandrocostalonga\/wp-json\/wp\/v2\/pages"}],"about":[{"href":"https:\/\/blog.ufes.br\/leandrocostalonga\/wp-json\/wp\/v2\/types\/page"}],"author":[{"embeddable":true,"href":"https:\/\/blog.ufes.br\/leandrocostalonga\/wp-json\/wp\/v2\/users\/321"}],"replies":[{"embeddable":true,"href":"https:\/\/blog.ufes.br\/leandrocostalonga\/wp-json\/wp\/v2\/comments?post=26"}],"version-history":[{"count":7,"href":"https:\/\/blog.ufes.br\/leandrocostalonga\/wp-json\/wp\/v2\/pages\/26\/revisions"}],"predecessor-version":[{"id":36,"href":"https:\/\/blog.ufes.br\/leandrocostalonga\/wp-json\/wp\/v2\/pages\/26\/revisions\/36"}],"wp:attachment":[{"href":"https:\/\/blog.ufes.br\/leandrocostalonga\/wp-json\/wp\/v2\/media?parent=26"}],"curies":[{"name":"wp","href":"https:\/\/api.w.org\/{rel}","templated":true}]}}