{"id":42,"date":"2021-06-10T08:20:48","date_gmt":"2021-06-10T11:20:48","guid":{"rendered":"https:\/\/blog.ufes.br\/leandrocostalonga\/?page_id=42"},"modified":"2021-06-10T08:38:40","modified_gmt":"2021-06-10T11:38:40","slug":"prof-leandro-costalonga","status":"publish","type":"page","link":"https:\/\/blog.ufes.br\/leandrocostalonga\/","title":{"rendered":"Prof. Leandro Costalonga"},"content":{"rendered":"<p><img decoding=\"async\" width=\"225\" height=\"329\" src=\"http:\/\/blog.ufes.br\/leandrocostalonga\/files\/2021\/06\/LeandroCostalonga.png\" alt=\"\" loading=\"lazy\" \/>\t\t\t\t\t\t\t\t\t\t\t<\/p>\n<p><a href=\"mailto:leandro.costalonga@ufes.br\">l<\/a>eandro.costalonga at ufes.br<\/p>\n<p>Leandro Costalonga\u00a0 \u00e9 graduado em computa\u00e7\u00e3o e \u00a0PhD. em Computa\u00e7\u00e3o Musical pela University of Plymouth, UK (2009). Professor adjunto da Universidade Federal do Esp\u00edrito Santo (UFES \/ Brasil) onde leciona nos programas de gradua\u00e7\u00e3o em Ci\u00eancia da Computa\u00e7\u00e3o e Engenharia da Computa\u00e7\u00e3o e no Programa de P\u00f3s-Gradua\u00e7\u00e3o em Artes. Coordenador do NESCoM Research Group que desenvolve pesquisas relacionadas \u00e0 Computa\u00e7\u00e3o Musical, especialmente relacionadas a M\u00fasica Ub\u00edqua (UbiMus).<\/p>\n<h3>Publica\u00e7\u00f5es:<\/h3>\n<p><a href=\"http:\/\/lattes.cnpq.br\/2098943864224320\">Curr\u00edculo Lattes<\/a><\/p>\n<p><a href=\"https:\/\/scholar.google.com\/citations?user=gGr682UAAAAJ&amp;hl=en&amp;oi=ao\">Google Scholar<\/a><\/p>\n<p><a href=\"https:\/\/www.researchgate.net\/profile\/Leandro-Costalonga\">Research\u00a0 Gate<\/a><\/p>\n","protected":false},"excerpt":{"rendered":"<p>leandro.costalonga at ufes.br Leandro Costalonga\u00a0 \u00e9 graduado em computa\u00e7\u00e3o e \u00a0PhD. em Computa\u00e7\u00e3o Musical pela University of Plymouth, UK (2009). Professor adjunto da Universidade Federal do Esp\u00edrito Santo (UFES \/ Brasil) onde leciona nos programas de gradua\u00e7\u00e3o em Ci\u00eancia da Computa\u00e7\u00e3o e Engenharia da Computa\u00e7\u00e3o e no Programa de P\u00f3s-Gradua\u00e7\u00e3o em Artes. Coordenador do NESCoM &hellip; <a href=\"https:\/\/blog.ufes.br\/leandrocostalonga\/\" class=\"more-link\">Continuar lendo <span class=\"screen-reader-text\">Prof. Leandro Costalonga<\/span><\/a><\/p>\n","protected":false},"author":321,"featured_media":0,"parent":0,"menu_order":0,"comment_status":"closed","ping_status":"closed","template":"","meta":{"_bbp_topic_count":0,"_bbp_reply_count":0,"_bbp_total_topic_count":0,"_bbp_total_reply_count":0,"_bbp_voice_count":0,"_bbp_anonymous_reply_count":0,"_bbp_topic_count_hidden":0,"_bbp_reply_count_hidden":0,"_bbp_forum_subforum_count":0,"_uag_custom_page_level_css":"","footnotes":""},"class_list":["post-42","page","type-page","status-publish","hentry"],"uagb_featured_image_src":{"full":false,"thumbnail":false,"medium":false,"medium_large":false,"large":false,"1536x1536":false,"2048x2048":false,"post-thumbnail":false},"uagb_author_info":{"display_name":"leandro.costalonga","author_link":"https:\/\/blog.ufes.br\/leandrocostalonga\/author\/leandro-costalonga\/"},"uagb_comment_info":0,"uagb_excerpt":"leandro.costalonga at ufes.br Leandro Costalonga\u00a0 \u00e9 graduado em computa\u00e7\u00e3o e \u00a0PhD. em Computa\u00e7\u00e3o Musical pela University of Plymouth, UK (2009). Professor adjunto da Universidade Federal do Esp\u00edrito Santo (UFES \/ Brasil) onde leciona nos programas de gradua\u00e7\u00e3o em Ci\u00eancia da Computa\u00e7\u00e3o e Engenharia da Computa\u00e7\u00e3o e no Programa de P\u00f3s-Gradua\u00e7\u00e3o em Artes. Coordenador do NESCoM&hellip;","_links":{"self":[{"href":"https:\/\/blog.ufes.br\/leandrocostalonga\/wp-json\/wp\/v2\/pages\/42","targetHints":{"allow":["GET"]}}],"collection":[{"href":"https:\/\/blog.ufes.br\/leandrocostalonga\/wp-json\/wp\/v2\/pages"}],"about":[{"href":"https:\/\/blog.ufes.br\/leandrocostalonga\/wp-json\/wp\/v2\/types\/page"}],"author":[{"embeddable":true,"href":"https:\/\/blog.ufes.br\/leandrocostalonga\/wp-json\/wp\/v2\/users\/321"}],"replies":[{"embeddable":true,"href":"https:\/\/blog.ufes.br\/leandrocostalonga\/wp-json\/wp\/v2\/comments?post=42"}],"version-history":[{"count":9,"href":"https:\/\/blog.ufes.br\/leandrocostalonga\/wp-json\/wp\/v2\/pages\/42\/revisions"}],"predecessor-version":[{"id":52,"href":"https:\/\/blog.ufes.br\/leandrocostalonga\/wp-json\/wp\/v2\/pages\/42\/revisions\/52"}],"wp:attachment":[{"href":"https:\/\/blog.ufes.br\/leandrocostalonga\/wp-json\/wp\/v2\/media?parent=42"}],"curies":[{"name":"wp","href":"https:\/\/api.w.org\/{rel}","templated":true}]}}