{"id":198,"date":"2012-02-02T18:22:43","date_gmt":"2012-02-02T20:22:43","guid":{"rendered":"http:\/\/blog.ufes.br\/lucasgf\/?page_id=198"},"modified":"2014-03-23T13:02:03","modified_gmt":"2014-03-23T15:02:03","slug":"disciplinas","status":"publish","type":"page","link":"https:\/\/blog.ufes.br\/lucasgf\/?page_id=198","title":{"rendered":"Disciplinas"},"content":{"rendered":"<ul>\n<li><strong>Bases Fisiol\u00f3gicas da Adapta\u00e7\u00e3o Neuromuscular \u00e0 Atividade F\u00edsica (FF194) &#8211; UNICAMP<\/strong><\/li>\n<\/ul>\n<p style=\"padding-left: 60px\">Artigos:<\/p>\n<p style=\"padding-left: 60px\"><a href=\"https:\/\/www.dropbox.com\/s\/ubl7cdgoklzgfod\/Bioenergetic%20provision%20of%20energy%20for%20muscular%20activity.pdf\" target=\"_blank\">Bioenergetic provision of energy for muscular activity<\/a><\/p>\n<p style=\"padding-left: 60px\"><a href=\"https:\/\/www.dropbox.com\/s\/mvle2f3wt60i3zq\/Exercise%20and%20Fatigue.pdf\" target=\"_blank\">Exercise and fatigue<\/a><\/p>\n<p style=\"padding-left: 60px\"><a href=\"https:\/\/www.dropbox.com\/s\/bqigsfzmmic707a\/Impaired%20calcium%20release%20during%20fatigue.pdf\" target=\"_blank\">Impaired calcium release during fatigue<\/a><\/p>\n<p style=\"padding-left: 60px\"><a href=\"https:\/\/www.dropbox.com\/s\/obvyk5jogmfmvet\/Unraveling%20the%20neurophysiology%20of%20muscle%20fatigue.pdf\" target=\"_blank\">Unraveling the neurophysiology of muscle fatigue<\/a><\/p>\n<p style=\"padding-left: 60px\"><a href=\"https:\/\/www.dropbox.com\/s\/z4ob9geju5e20k7\/Skeletal%20muscle%20fatigue-%20cellular%20mechanisms.pdf\" target=\"_blank\">Skeletal muscle fatigue- cellular mechanisms<\/a><\/p>\n<p style=\"padding-left: 60px\"><a href=\"https:\/\/www.dropbox.com\/s\/5kp6xrs4qvc17vt\/Caffeine%20and%20Anaerobic%20Performance%20Ergogenic%20Value%20and%20Mechanisms%20of%20Action.pdf\" target=\"_blank\">Caffeine and Anaerobic Performance Ergogenic Value and Mechanisms of Action<\/a><\/p>\n<p style=\"padding-left: 60px\"><a href=\"https:\/\/www.dropbox.com\/s\/yphtwkz506arrjf\/Caffeine%20and%20sports%20performance.pdf\" target=\"_blank\">Caffeine and sports performance<\/a><\/p>\n<p style=\"padding-left: 60px\"><a href=\"https:\/\/www.dropbox.com\/s\/458913ea25f37op\/Caffeine%20attenuates%20delayed-onset%20muscle%20pain%20and%20force%20loss%20following%20eccentric%20exercise.pdf\" target=\"_blank\">Caffeine attenuates delayed-onset muscle pain and force loss following eccentric exercise<\/a><\/p>\n<p style=\"padding-left: 60px\"><a href=\"https:\/\/www.dropbox.com\/s\/84mrizotceo3gd3\/Caffeine-containing%20energy%20drink%20improves%20physical%20performance%20in%20female%20soccer%20players.pdf\" target=\"_blank\">Caffeine-containing energy drink improves physical performance in female soccer players<\/a><\/p>\n<p style=\"padding-left: 60px\"><a href=\"https:\/\/www.dropbox.com\/s\/jgoem1yrcjlr2bb\/Coffee%20treatment%20prevents%20the%20progression%20of%20sarcopenia%20in%20aged%20mice%20in%20vivo%20and%20in%20vitro.pdf\" target=\"_blank\">Coffee treatment prevents the progression of sarcopenia in aged mice in vivo and in vitro<\/a><\/p>\n<p style=\"padding-left: 60px\"><a href=\"https:\/\/www.dropbox.com\/s\/5kmd45tmy7zq8u0\/Effect%20of%20Caffeine%20Ingestion%20on%20Muscular%20Strength%20and%20Endurance-%20A%20Meta-Analysis.pdf\" target=\"_blank\">Effect of Caffeine Ingestion on Muscular Strength and Endurance- A Meta-Analysis<\/a><\/p>\n<p style=\"padding-left: 60px\"><a href=\"https:\/\/www.dropbox.com\/s\/taxd2ioyigiklol\/Effect%20of%20caffeine%20on%20the%20neuromuscular%20system%20-%20potential%20as%20ergogenic%20aid.pdf\" target=\"_blank\">Effect of caffeine on the neuromuscular system &#8211; potential as ergogenic aid<\/a><\/p>\n<p style=\"padding-left: 60px\"><a href=\"https:\/\/www.dropbox.com\/s\/xa4hfgxe0t475b8\/EFEITO%20DA%20INGEST%C3%83O%20DE%20CAFE%C3%8DNA%20SOBRE%20O%20DESEMPENHO%20NO%20TREINAMENTO%20DE%20FOR%C3%87A.pdf\" target=\"_blank\">Efeito da ingest\u00e3o de cafe\u00edna sobre o desempenho no treinamento de for\u00e7a<\/a><\/p>\n<ul>\n<li><strong>Fisiologia Neuromuscular<br \/>\n<\/strong><\/li>\n<\/ul>\n<p style=\"text-align: justify;padding-left: 60px\">Artigos:<\/p>\n<p style=\"padding-left: 60px\"><a href=\"http:\/\/blog.ufes.br\/lucasgf\/files\/2012\/02\/The-Neuromuscular-Junction-Structure-Funcation-and-its-Role-in-the-Excitation-of-Muscle.pdf\">The Neuromuscular Junction Structure, Funcation, and its Role in the Excitation of Muscle<br \/>\n<\/a><a href=\"http:\/\/blog.ufes.br\/lucasgf\/files\/2012\/02\/Plasticity-of-human-skeletal-muscle-gene-expression-to-in-vivo-function.pdf\">Plasticity of human skeletal muscle gene expression to in vivo function<br \/>\n<\/a><a href=\"http:\/\/blog.ufes.br\/lucasgf\/files\/2012\/02\/The-molecular-regulation-of-skeletal-muscle-mass.pdf\">The molecular regulation of skeletal muscle mass<br \/>\n<\/a><a href=\"http:\/\/blog.ufes.br\/lucasgf\/files\/2012\/02\/Normal-mammalian-skeletal-muscle-and-its-phenotypic-plasticity.pdf\">Normal mammalian skeletal muscle and its phenotypic plasticity<br \/>\n<\/a><a href=\"http:\/\/blog.ufes.br\/lucasgf\/files\/2012\/02\/Satellite-cells-in-human-skeletal-muscle-from-birth-to-old-age.pdf\">Satellite cells in human skeletal muscle; from birth to old age<br \/>\n<\/a><a href=\"http:\/\/blog.ufes.br\/lucasgf\/files\/2012\/02\/Signaling-Pathways-that-Mediate-Skeletal-Muscle-Hypertrophy-Effects-of-Exercise-Training.pdf\">Signaling Pathways that Mediate Skeletal Muscle Hypertrophy- Effects of Exercise Training<br \/>\n<\/a><a href=\"http:\/\/blog.ufes.br\/lucasgf\/files\/2012\/02\/Skeletal-Muscle-Protein-Metabolism-and-Resistance-Exercise.pdf\">Skeletal Muscle Protein Metabolism and Resistance Exercise<br \/>\n<\/a><a href=\"http:\/\/blog.ufes.br\/lucasgf\/files\/2012\/02\/CURRENT-TOPICS-FOR-TEACHING-SKELETAL-MUSCLE-PHYSIOLOGY-.pdf\">Current topics for teaching skeletal muscle physiology<br \/>\n<\/a><a href=\"http:\/\/blog.ufes.br\/lucasgf\/files\/2012\/02\/Fiber-types-in-mammalian-skeletal-muscles.pdf\">Fiber types in mammalian skeletal muscles<br \/>\n<\/a><a href=\"http:\/\/blog.ufes.br\/lucasgf\/files\/2012\/02\/Fibre-types-in-skeletal-muscle-a-personal-account.pdf\">Fibre types in skeletal muscle: a personal account<br \/>\n<\/a><a href=\"http:\/\/blog.ufes.br\/lucasgf\/files\/2012\/02\/Regeneration-of-mammalian-skeletal-muscle.-Basic-mechanisms-and-clinical-implications.pdf\">Regeneration of mammalian skeletal muscle. Basic mechanisms and clinical implications<br \/>\n<\/a><a href=\"http:\/\/blog.ufes.br\/lucasgf\/files\/2012\/02\/Skeletal-muscle-fatigue-cellular-mechanisms.pdf\">Skeletal muscle fatigue- cellular mechanisms<br \/>\n<\/a><a href=\"http:\/\/blog.ufes.br\/lucasgf\/files\/2012\/02\/3-Atrophy-and-hypertrophy-of-skeletal-muscles.pdf\">Atrophy and hypertrophy of skeletal muscles<br \/>\n<\/a><a href=\"http:\/\/blog.ufes.br\/lucasgf\/files\/2012\/02\/Functional-and-clinical-significance-of-skeletal-muscle-architecture.pdf\">Functional and clinical significance of skeletal muscle architecture<br \/>\n<\/a><a href=\"http:\/\/blog.ufes.br\/lucasgf\/files\/2012\/02\/Signaling-pathways-in-skeletal-muscle-remodeling.pdf\">Signaling pathways in skeletal muscle remodeling<br \/>\n<\/a><a href=\"http:\/\/blog.ufes.br\/lucasgf\/files\/2012\/02\/The-molecular-basis-of-skeletal-muscle-atrophy.pdf\">The molecular basis of skeletal muscle atrophy<br \/>\n<\/a><a href=\"http:\/\/blog.ufes.br\/lucasgf\/files\/2012\/02\/Mechanical-signal-transduction-in-skeletal-muscle-growth-and-adaptation.pdf\">Mechanical signal transduction in skeletal muscle growth and adaptation<br \/>\n<\/a><a href=\"http:\/\/blog.ufes.br\/lucasgf\/files\/2012\/02\/Plasticity-in-Skeletal-Cardiac-and-Smooth-Muscle.pdf\">Plasticity in Skeletal, Cardiac, and Smooth Muscle<br \/>\n<\/a><a href=\"http:\/\/blog.ufes.br\/lucasgf\/files\/2012\/02\/Plasticity-of-mammalian-skeletal-muscle.pdf\">Plasticity of mammalian skeletal muscle<br \/>\n<\/a><a href=\"http:\/\/blog.ufes.br\/lucasgf\/files\/2012\/02\/Human-Skeletal-Muscle-Hypertrophy.pdf\">Human Skeletal Muscle Hypertrophy<br \/>\n<\/a><a href=\"http:\/\/blog.ufes.br\/lucasgf\/files\/2012\/02\/Skeletal-muscle-master-or-slave-of-the-cardiovascular-system.pdf\">Skeletal muscle: master or slave of the cardiovascular system<\/a><\/p>\n<p style=\"text-align: justify;padding-left: 60px\">Livros sugeridos:<\/p>\n<p style=\"padding-left: 60px\"><a href=\"http:\/\/www.amazon.com\/Skeletal-Muscle-Structure-Function-Plasticity\/dp\/0781775930\/ref=pd_sim_b_2\">LIEBER. Skeletal Muscle: Structure, Function and Plasticity. 3.ed. Lippincott Williams and Wilkins, 2009.<\/a><br \/>\n<a href=\"http:\/\/www.amazon.com\/Skeletal-Muscle-Form-Function-2nd\/dp\/0736045171\/ref=pd_cp_b_2_img\">McINTOSH et al. Skeletal Muscle: Form and Function. 2.ed. Human Kinetics, 2006.<\/a><br \/>\n<a href=\"http:\/\/www.amazon.com\/Advanced-Neuromuscular-Exercise-Physiology\/dp\/0736074678\/ref=sr_1_1?ie=UTF8&amp;qid=1389401519&amp;sr=8-1&amp;keywords=advanced+neuromuscular+physiology\" target=\"_blank\">GARDINER. Advanced Neuromuscular Exercise Physiology. 1.ed. Human Kinetics, 2011.<br \/>\n<\/a><a href=\"http:\/\/www.amazon.com\/Muscle-2--Set-Fundamental-Mechanisms-ebook\/dp\/B008I33WAQ\/ref=sr_1_3?s=books&amp;ie=UTF8&amp;qid=1389401608&amp;sr=1-3&amp;keywords=muscle+biology\" target=\"_blank\">HILL; OLSON. Muscle: Fundamental Biology and Mechanisms of Diseas. 1.ed. Academic Press, 2012.<\/a><br \/>\n<a href=\"http:\/\/www.amazon.com\/Skeletal-Muscle-Damage-Repair-Interventions\/dp\/0736058672\/ref=sr_1_1?ie=UTF8&amp;s=books&amp;qid=1280952148&amp;sr=8-1\">TIIDUS. Skeletal Muscle Damage and Repair. Human Kinetics, 2008.<\/a><br \/>\n<a href=\"http:\/\/www.submarino.com.br\/produto\/1\/1672492\/forca+e+potencia+no+esporte\">KOMI. For\u00e7a e Pot\u00eancia no Esporte. Artmed, 2006.<\/a><br \/>\n<a href=\"http:\/\/www.submarino.com.br\/produto\/1\/21332572\/histologia+basica\">CARNEIRO. Histologia B\u00e1sica. 11.ed. Guanabara Koogan, 2008.<\/a><\/p>\n","protected":false},"excerpt":{"rendered":"<p>Bases Fisiol\u00f3gicas da Adapta\u00e7\u00e3o Neuromuscular \u00e0 Atividade F\u00edsica (FF194) &#8211; UNICAMP Artigos: Bioenergetic provision of energy for muscular activity Exercise and fatigue Impaired calcium release during fatigue Unraveling the neurophysiology of muscle fatigue Skeletal muscle fatigue- cellular mechanisms Caffeine and &hellip; <a href=\"https:\/\/blog.ufes.br\/lucasgf\/?page_id=198\">Continue lendo <span class=\"meta-nav\">&rarr;<\/span><\/a><\/p>\n","protected":false},"author":9,"featured_media":0,"parent":0,"menu_order":3,"comment_status":"open","ping_status":"closed","template":"","meta":{"_bbp_topic_count":0,"_bbp_reply_count":0,"_bbp_total_topic_count":0,"_bbp_total_reply_count":0,"_bbp_voice_count":0,"_bbp_anonymous_reply_count":0,"_bbp_topic_count_hidden":0,"_bbp_reply_count_hidden":0,"_bbp_forum_subforum_count":0,"_uag_custom_page_level_css":"","footnotes":""},"class_list":["post-198","page","type-page","status-publish","hentry"],"uagb_featured_image_src":{"full":false,"thumbnail":false,"medium":false,"medium_large":false,"large":false,"1536x1536":false,"2048x2048":false,"post-thumbnail":false},"uagb_author_info":{"display_name":"Lucas Guimar\u00e3es Ferreira","author_link":"https:\/\/blog.ufes.br\/lucasgf\/?author=9"},"uagb_comment_info":21,"uagb_excerpt":"Bases Fisiol\u00f3gicas da Adapta\u00e7\u00e3o Neuromuscular \u00e0 Atividade F\u00edsica (FF194) &#8211; UNICAMP Artigos: Bioenergetic provision of energy for muscular activity Exercise and fatigue Impaired calcium release during fatigue Unraveling the neurophysiology of muscle fatigue Skeletal muscle fatigue- cellular mechanisms Caffeine and &hellip; Continue lendo &rarr;","_links":{"self":[{"href":"https:\/\/blog.ufes.br\/lucasgf\/index.php?rest_route=\/wp\/v2\/pages\/198","targetHints":{"allow":["GET"]}}],"collection":[{"href":"https:\/\/blog.ufes.br\/lucasgf\/index.php?rest_route=\/wp\/v2\/pages"}],"about":[{"href":"https:\/\/blog.ufes.br\/lucasgf\/index.php?rest_route=\/wp\/v2\/types\/page"}],"author":[{"embeddable":true,"href":"https:\/\/blog.ufes.br\/lucasgf\/index.php?rest_route=\/wp\/v2\/users\/9"}],"replies":[{"embeddable":true,"href":"https:\/\/blog.ufes.br\/lucasgf\/index.php?rest_route=%2Fwp%2Fv2%2Fcomments&post=198"}],"version-history":[{"count":53,"href":"https:\/\/blog.ufes.br\/lucasgf\/index.php?rest_route=\/wp\/v2\/pages\/198\/revisions"}],"predecessor-version":[{"id":770,"href":"https:\/\/blog.ufes.br\/lucasgf\/index.php?rest_route=\/wp\/v2\/pages\/198\/revisions\/770"}],"wp:attachment":[{"href":"https:\/\/blog.ufes.br\/lucasgf\/index.php?rest_route=%2Fwp%2Fv2%2Fmedia&parent=198"}],"curies":[{"name":"wp","href":"https:\/\/api.w.org\/{rel}","templated":true}]}}