{"id":302,"date":"2012-02-17T19:38:21","date_gmt":"2012-02-17T21:38:21","guid":{"rendered":"http:\/\/blog.ufes.br\/lucasgf\/?page_id=302"},"modified":"2013-07-09T13:45:04","modified_gmt":"2013-07-09T15:45:04","slug":"videos","status":"publish","type":"page","link":"https:\/\/blog.ufes.br\/lucasgf\/?page_id=302","title":{"rendered":"V\u00eddeos"},"content":{"rendered":"<ul>\n<li><strong>Bioqu\u00edmica:<\/strong><\/li>\n<\/ul>\n<p style=\"padding-left: 60px\"><a href=\"http:\/\/www.youtube.com\/watch?v=nl_3OjtpMrY&amp;feature=fvst\">O Ciclo de Krebs (em portugu\u00eas)<\/a><\/p>\n<p style=\"padding-left: 60px\"><a href=\"http:\/\/www.youtube.com\/watch?v=xbJ0nbzt5Kw\">A Cadeia Transportadora de El\u00e9trons (em ingl\u00eas)<\/a><\/p>\n<p style=\"padding-left: 60px\"><a href=\"http:\/\/www.youtube.com\/watch?v=8zJjoJgNV-g\">A Cadeia Transportadora de El\u00e9trons II (em portugu\u00eas)<\/a><\/p>\n<p style=\"padding-left: 60px\"><a href=\"http:\/\/www.youtube.com\/watch?v=JdjCzhAS2N8&amp;feature=related\">A ATP Sintase (legendado em portugu\u00eas)<\/a><\/p>\n<ul>\n<li><strong>Gen\u00e9tica:<\/strong><\/li>\n<\/ul>\n<p style=\"padding-left: 60px\"><a href=\"http:\/\/www.youtube.com\/watch?v=J3HVVi2k2No\">O Dogma Central (legendado em ingl\u00eas)<\/a><\/p>\n<p style=\"padding-left: 60px\"><a href=\"http:\/\/youtu.be\/Tj_6DcUTRnM\" target=\"_blank\">Epigen\u00e9tica (em ingl\u00eas)<\/a><\/p>\n<p style=\"padding-left: 60px\"><a href=\"http:\/\/www.youtube.com\/watch?v=_-9pROnSD-A\" target=\"_blank\">Fun\u00e7\u00e3o dos micro RNAs<\/a><\/p>\n<p style=\"padding-left: 60px\"><a href=\"http:\/\/www.johnkyrk.com\/index.pt.html\" target=\"_blank\">Anima\u00e7\u00f5es em Biologia Celular<\/a><\/p>\n<ul>\n<li><strong>V\u00eddeos postados no Blog: <\/strong><\/li>\n<\/ul>\n<p style=\"padding-left: 60px\"><a href=\"http:\/\/blog.ufes.br\/lucasgf\/?cat=43\">http:\/\/blog.ufes.br\/lucasgf\/?cat=43<\/a><\/p>\n","protected":false},"excerpt":{"rendered":"<p>Bioqu\u00edmica: O Ciclo de Krebs (em portugu\u00eas) A Cadeia Transportadora de El\u00e9trons (em ingl\u00eas) A Cadeia Transportadora de El\u00e9trons II (em portugu\u00eas) A ATP Sintase (legendado em portugu\u00eas) Gen\u00e9tica: O Dogma Central (legendado em ingl\u00eas) Epigen\u00e9tica (em ingl\u00eas) Fun\u00e7\u00e3o dos &hellip; <a href=\"https:\/\/blog.ufes.br\/lucasgf\/?page_id=302\">Continue lendo <span class=\"meta-nav\">&rarr;<\/span><\/a><\/p>\n","protected":false},"author":9,"featured_media":0,"parent":0,"menu_order":4,"comment_status":"open","ping_status":"closed","template":"","meta":{"_bbp_topic_count":0,"_bbp_reply_count":0,"_bbp_total_topic_count":0,"_bbp_total_reply_count":0,"_bbp_voice_count":0,"_bbp_anonymous_reply_count":0,"_bbp_topic_count_hidden":0,"_bbp_reply_count_hidden":0,"_bbp_forum_subforum_count":0,"_uag_custom_page_level_css":"","footnotes":""},"class_list":["post-302","page","type-page","status-publish","hentry"],"uagb_featured_image_src":{"full":false,"thumbnail":false,"medium":false,"medium_large":false,"large":false,"1536x1536":false,"2048x2048":false,"post-thumbnail":false},"uagb_author_info":{"display_name":"Lucas Guimar\u00e3es Ferreira","author_link":"https:\/\/blog.ufes.br\/lucasgf\/?author=9"},"uagb_comment_info":6,"uagb_excerpt":"Bioqu\u00edmica: O Ciclo de Krebs (em portugu\u00eas) A Cadeia Transportadora de El\u00e9trons (em ingl\u00eas) A Cadeia Transportadora de El\u00e9trons II (em portugu\u00eas) A ATP Sintase (legendado em portugu\u00eas) Gen\u00e9tica: O Dogma Central (legendado em ingl\u00eas) Epigen\u00e9tica (em ingl\u00eas) Fun\u00e7\u00e3o dos &hellip; Continue lendo &rarr;","_links":{"self":[{"href":"https:\/\/blog.ufes.br\/lucasgf\/index.php?rest_route=\/wp\/v2\/pages\/302","targetHints":{"allow":["GET"]}}],"collection":[{"href":"https:\/\/blog.ufes.br\/lucasgf\/index.php?rest_route=\/wp\/v2\/pages"}],"about":[{"href":"https:\/\/blog.ufes.br\/lucasgf\/index.php?rest_route=\/wp\/v2\/types\/page"}],"author":[{"embeddable":true,"href":"https:\/\/blog.ufes.br\/lucasgf\/index.php?rest_route=\/wp\/v2\/users\/9"}],"replies":[{"embeddable":true,"href":"https:\/\/blog.ufes.br\/lucasgf\/index.php?rest_route=%2Fwp%2Fv2%2Fcomments&post=302"}],"version-history":[{"count":10,"href":"https:\/\/blog.ufes.br\/lucasgf\/index.php?rest_route=\/wp\/v2\/pages\/302\/revisions"}],"predecessor-version":[{"id":403,"href":"https:\/\/blog.ufes.br\/lucasgf\/index.php?rest_route=\/wp\/v2\/pages\/302\/revisions\/403"}],"wp:attachment":[{"href":"https:\/\/blog.ufes.br\/lucasgf\/index.php?rest_route=%2Fwp%2Fv2%2Fmedia&parent=302"}],"curies":[{"name":"wp","href":"https:\/\/api.w.org\/{rel}","templated":true}]}}