{"id":2,"date":"2012-07-30T18:09:57","date_gmt":"2012-07-30T18:09:57","guid":{"rendered":"http:\/\/blog.ufes.br\/luciofassarella\/?page_id=2"},"modified":"2022-06-09T17:42:18","modified_gmt":"2022-06-09T17:42:18","slug":"home","status":"publish","type":"page","link":"https:\/\/blog.ufes.br\/luciofassarella\/","title":{"rendered":"Home"},"content":{"rendered":"<p><strong><a href=\"http:\/\/www.luciofassarella.net\/\" target=\"_blank\" rel=\"noopener noreferrer\">Prof. L\u00facio Fassarella<\/a> <\/strong><br \/>\n<a href=\"http:\/\/www.matematicaaplicada.saomateus.ufes.br\/\" target=\"_blank\" rel=\"noopener noreferrer\">DMA<\/a>\/<a href=\"http:\/\/www.ceunes.ufes.br\/\" target=\"_blank\" rel=\"noopener noreferrer\">CEUNES<\/a>\/<a href=\"http:\/\/www.ufes.br\/\" target=\"_blank\" rel=\"noopener noreferrer\">UFES<\/a><\/p>\n<ul>\n<li>Webpage: <a title=\"webpage\" href=\"http:\/\/www.luciofassarella.net\">http:\/\/www.fassarella.net<\/a><\/li>\n<li>E-mail&#8230;.: lucio.fassarella@ufes.br<\/li>\n<li>Telefone.: <em>(27)3312-1615, (27)3312-1660<br \/>\n<\/em><\/li>\n<li>Endere\u00e7o:<br \/>\n<em>Centro Universit\u00e1rio Norte do Esp\u00edrito Santo (CEUNES)<\/em><br \/>\n<em>Departamento de Matem\u00e1tica (DMA)<\/em><br \/>\n<em>Rodovia Governador M\u00e1rio Covas, Km. 60<\/em><br \/>\n<em>Bairro Litor\u00e2neo<\/em><br \/>\n<em>CEP 29932-540, S\u00e3o Mateus \u2013 ES<\/em><\/li>\n<\/ul>\n<hr \/>\n<ul>\n<li><a href=\"http:\/\/www.periodicos.capes.gov.br\/\" target=\"_blank\" rel=\"noopener noreferrer\"><strong>Peri\u00f3dicos CAPES<\/strong><\/a>!\n<ul>\n<li><a href=\"http:\/\/blog.ufes.br\/luciofassarella\/files\/2016\/10\/Capes-acesso-remoto.pdf\" target=\"_blank\" rel=\"noopener noreferrer\">Acesso Remoto<\/a><\/li>\n<li>D\u00favidas: <a href=\"mailto:e-mailacessoperiodicos@capes.gov.br\" target=\"_blank\" rel=\"noopener noreferrer\">e-mailacessoperiodicos@capes.gov.br<\/a><\/li>\n<\/ul>\n<\/li>\n<li>\u00a0<strong>UFES<\/strong> &#8211;\u00a0<a href=\"https:\/\/saomateus.ufes.br\/\" target=\"_blank\" rel=\"noopener noreferrer\">CEUNES<\/a> &#8211; <a href=\"http:\/\/www.matematicaaplicada.saomateus.ufes.br\/\" target=\"_blank\" rel=\"noopener noreferrer\">DMA<\/a>\n<ul>\n<li>Prograd<\/li>\n<li>PRPPG<\/li>\n<li>PROEX<br \/>\n&#8230;.<\/li>\n<\/ul>\n<\/li>\n<li>Gradua\u00e7\u00e3o\n<ul>\n<li><a href=\"http:\/\/graduacao.saomateus.ufes.br\/\" target=\"_blank\" rel=\"noopener noreferrer\">Sugrad<\/a>\n<ul>\n<li>Matem\u00e1tica &#8211; Bacharelado (LMC)<\/li>\n<li><a href=\"http:\/\/www.matematicaindustrial.saomateus.ufes.br\/\" target=\"_blank\" rel=\"noopener noreferrer\">Matem\u00e1tica Industrial<\/a> (LMC)<\/li>\n<li>Matem\u00e1tica &#8211; Licenciatura (<a href=\"http:\/\/blog.ufes.br\/lem\" target=\"_blank\" rel=\"noopener noreferrer\">LEM<\/a>)<\/li>\n<\/ul>\n<\/li>\n<\/ul>\n<\/li>\n<li>P\u00f3s-Gradua\u00e7\u00e3o\n<ul>\n<li><a href=\"https:\/\/ensinonaeducacaobasica.ufes.br\" target=\"_blank\" rel=\"noopener\">PPGEEB &#8211; Ensino na Educa\u00e7\u00e3o B\u00e1sica<\/a>\n<ul>\n<li><em><a href=\"https:\/\/ensinonaeducacaobasica.ufes.br\/pt-br\/user\" target=\"_blank\" rel=\"noopener\">Edi\u00e7\u00e3o da webpage<\/a><\/em>\u00a0(<em><a href=\"https:\/\/nti.ufes.br\/politicas-e-diretrizes\" target=\"_blank\" rel=\"noopener\">Diretrizes NTI<\/a><\/em>, <em><a href=\"https:\/\/sti.ufes.br\/sites\/npd.ufes.br\/files\/field\/anexo\/manualgerenciamentositios-1-24.pdf\" target=\"_blank\" rel=\"noopener\">Manual de Gerenciamento<\/a><\/em>, <a href=\"https:\/\/sti.ufes.br\/sites\/npd.ufes.br\/files\/field\/anexo\/politica_de_privacidade_sites_ufes.pdf\" target=\"_blank\" rel=\"noopener\"><em>Pol\u00edtica de Privacidade<\/em><\/a>)<\/li>\n<\/ul>\n<\/li>\n<li><a href=\"https:\/\/prppg.ufes.br\/sites\/prppg.ufes.br\/files\/field\/anexo\/resolucao_no_3.2022_-_regulamento_geral_da_pos-graduacao.pdf\" target=\"_blank\" rel=\"noopener\">Regulamento Geral<\/a>\u00a0(02\/2022)<\/li>\n<li><a href=\"http:\/\/posgraduacao.saomateus.ufes.br\/\" target=\"_blank\" rel=\"noopener noreferrer\">Supgrad<\/a><\/li>\n<\/ul>\n<\/li>\n<li><strong>Portais UFES<\/strong>\n<ul>\n<li><a href=\"http:\/\/professor.ufes.br\/\" target=\"_blank\" rel=\"noopener noreferrer\">Portal do Professor<\/a><\/li>\n<li><a href=\"http:\/\/www.prppg.ufes.br\/\" target=\"_blank\" rel=\"noopener noreferrer\">Portal PRPPG<\/a> (<a href=\"http:\/\/blog.ufes.br\/luciofassarella\/files\/2016\/12\/Sappg.pdf\" target=\"_blank\" rel=\"noopener noreferrer\"><em>lan\u00e7amento de notas<\/em><\/a>)<\/li>\n<\/ul>\n<\/li>\n<\/ul>\n<ul>\n<li style=\"list-style-type: none\">\n<ul>\n<li><a href=\"http:\/\/servidor.ufes.br\/\" target=\"_blank\" rel=\"noopener noreferrer\">Portal do Servidor<\/a><\/li>\n<li><a href=\"https:\/\/senha.ufes.br\/site\/ativaDominio\" target=\"_blank\" rel=\"noopener noreferrer\">\u00c1rea de Trabalho Remota<\/a> (<em>SIE remoto)<\/em>\n<ul>\n<li>D\u00favidas: CTI\/CEUNES\/UFES, ramais 1522,1721,1724.<\/li>\n<\/ul>\n<\/li>\n<\/ul>\n<\/li>\n<\/ul>\n<ul>\n<li><strong>Sistemas Online<\/strong>\n<ul>\n<li><a href=\"https:\/\/protocolo.ufes.br\/\" target=\"_blank\" rel=\"noopener noreferrer\">PROTOCOLO<\/a>\u00a0(<a href=\"http:\/\/blog.ufes.br\/luciofassarella\/files\/2018\/02\/Doc_protocolo-info.pdf\" target=\"_blank\" rel=\"noopener noreferrer\">tutorial<\/a>)<\/li>\n<li><a href=\"https:\/\/oferta.ufes.br\/\" target=\"_blank\" rel=\"noopener noreferrer\">Oferta Online<\/a><\/li>\n<li><a href=\"http:\/\/academico.ufes.br\" target=\"_blank\" rel=\"noopener noreferrer\">Acad\u00eamica Online<\/a><\/li>\n<li><a href=\"http:\/\/drh.portais.ufes.br\/sie-web\" target=\"_blank\" rel=\"noopener noreferrer\">DRH Online<\/a><\/li>\n<\/ul>\n<\/li>\n<\/ul>\n<ul>\n<li><strong>Ferramentas Online <\/strong>\n<ul>\n<li><a href=\"http:\/\/mail.ufes.br\/\" target=\"_blank\" rel=\"noopener noreferrer\">E-mail<\/a><\/li>\n<li><a href=\"https:\/\/nuvem.ufes.br\/\" target=\"_blank\" rel=\"noopener noreferrer\">Nuvem<\/a><\/li>\n<li><a href=\"http:\/\/ava.ufes.br\" target=\"_blank\" rel=\"noopener noreferrer\">AVA<\/a><\/li>\n<li><a href=\"http:\/\/pesquisa.ufes.br\/login.php\" target=\"_blank\" rel=\"noopener noreferrer\">Pesquisa Online<\/a><\/li>\n<li><a href=\"http:\/\/enquetes.ufes.br\/\" target=\"_blank\" rel=\"noopener noreferrer\">Enquates Online<\/a><\/li>\n<li><a href=\"http:\/\/www.npd.ufes.br\/sites\/npd.ufes.br\/files\/tutorial_windows_eduroam.pdf\" target=\"_blank\" rel=\"noopener noreferrer\">Acesso \u00e0 rede Eduroam<\/a><\/li>\n<li><a href=\"https:\/\/senha.ufes.br\/site\/ativaVoip\" target=\"_blank\" rel=\"noopener noreferrer\">Voip<\/a><\/li>\n<li><a href=\"https:\/\/atendimento.ufes.br\/\" target=\"_blank\" rel=\"noopener noreferrer\">Atendimento NIT<\/a> (Ufes)<\/li>\n<li><a href=\"http:\/\/atendimento.ceunes.ufes.br\/\" target=\"_blank\" rel=\"noopener noreferrer\">Atendimento TIC<\/a> (Ceunes)<\/li>\n<\/ul>\n<\/li>\n<\/ul>\n<ul>\n<li><a href=\"http:\/\/eventos.ufes.br\/\" target=\"_blank\" rel=\"noopener noreferrer\">Eventos<\/a><\/li>\n<\/ul>\n<ul>\n<li><strong>Recursos Administrativos<\/strong>\n<ul>\n<li><a href=\"https:\/\/autenticar.ufes.br\/\" target=\"_blank\" rel=\"noopener noreferrer\">Autenticar UFES<\/a><\/li>\n<li><a href=\"https:\/\/senha.ufes.br\/site\/ativaDominio\" target=\"_blank\" rel=\"noopener noreferrer\">Senha UFES<\/a><\/li>\n<li><a href=\"http:\/\/protocolo.ufes.br\/\" target=\"_blank\" rel=\"noopener noreferrer\">Protocolo<\/a><\/li>\n<li><a href=\"https:\/\/atas.ufes.br\/site\/login\" target=\"_blank\" rel=\"noopener noreferrer\">Sistemas de Atas<\/a><\/li>\n<li><a href=\"http:\/\/amborg.ufes.br\/\" target=\"_blank\" rel=\"noopener noreferrer\">Controle de Ambiente Organizacional<\/a><\/li>\n<li><a href=\"https:\/\/docente.ufes.br\/login\" target=\"_blank\" rel=\"noopener noreferrer\">Informa\u00e7\u00f5es Docentes<\/a><\/li>\n<\/ul>\n<\/li>\n<\/ul>\n","protected":false},"excerpt":{"rendered":"<p>Prof. L\u00facio Fassarella DMA\/CEUNES\/UFES Webpage: http:\/\/www.fassarella.net E-mail&#8230;.: lucio.fassarella@ufes.br Telefone.: (27)3312-1615, (27)3312-1660 Endere\u00e7o: Centro Universit\u00e1rio Norte do Esp\u00edrito Santo (CEUNES) Departamento de Matem\u00e1tica (DMA) Rodovia Governador M\u00e1rio Covas, Km. 60 Bairro Litor\u00e2neo CEP 29932-540, S\u00e3o Mateus \u2013 ES Peri\u00f3dicos CAPES! Acesso Remoto D\u00favidas: e-mailacessoperiodicos@capes.gov.br \u00a0UFES &#8211;\u00a0CEUNES &#8211; DMA Prograd PRPPG PROEX &#8230;. Gradua\u00e7\u00e3o Sugrad Matem\u00e1tica &#8211; &hellip; <a href=\"https:\/\/blog.ufes.br\/luciofassarella\/\">Continue reading <span class=\"meta-nav\">&rarr;<\/span><\/a><\/p>\n","protected":false},"author":73,"featured_media":0,"parent":0,"menu_order":0,"comment_status":"closed","ping_status":"closed","template":"","meta":{"_bbp_topic_count":0,"_bbp_reply_count":0,"_bbp_total_topic_count":0,"_bbp_total_reply_count":0,"_bbp_voice_count":0,"_bbp_anonymous_reply_count":0,"_bbp_topic_count_hidden":0,"_bbp_reply_count_hidden":0,"_bbp_forum_subforum_count":0,"_uag_custom_page_level_css":"","footnotes":""},"class_list":["post-2","page","type-page","status-publish","hentry"],"uagb_featured_image_src":{"full":false,"thumbnail":false,"medium":false,"medium_large":false,"large":false,"1536x1536":false,"2048x2048":false},"uagb_author_info":{"display_name":"luciofassarella","author_link":"https:\/\/blog.ufes.br\/luciofassarella\/author\/lucio_souza-fassarella\/"},"uagb_comment_info":0,"uagb_excerpt":"Prof. L\u00facio Fassarella DMA\/CEUNES\/UFES Webpage: http:\/\/www.fassarella.net E-mail&#8230;.: lucio.fassarella@ufes.br Telefone.: (27)3312-1615, (27)3312-1660 Endere\u00e7o: Centro Universit\u00e1rio Norte do Esp\u00edrito Santo (CEUNES) Departamento de Matem\u00e1tica (DMA) Rodovia Governador M\u00e1rio Covas, Km. 60 Bairro Litor\u00e2neo CEP 29932-540, S\u00e3o Mateus \u2013 ES Peri\u00f3dicos CAPES! Acesso Remoto D\u00favidas: e-mailacessoperiodicos@capes.gov.br \u00a0UFES &#8211;\u00a0CEUNES &#8211; DMA Prograd PRPPG PROEX &#8230;. Gradua\u00e7\u00e3o Sugrad Matem\u00e1tica &#8211;&hellip;","_links":{"self":[{"href":"https:\/\/blog.ufes.br\/luciofassarella\/wp-json\/wp\/v2\/pages\/2","targetHints":{"allow":["GET"]}}],"collection":[{"href":"https:\/\/blog.ufes.br\/luciofassarella\/wp-json\/wp\/v2\/pages"}],"about":[{"href":"https:\/\/blog.ufes.br\/luciofassarella\/wp-json\/wp\/v2\/types\/page"}],"author":[{"embeddable":true,"href":"https:\/\/blog.ufes.br\/luciofassarella\/wp-json\/wp\/v2\/users\/73"}],"replies":[{"embeddable":true,"href":"https:\/\/blog.ufes.br\/luciofassarella\/wp-json\/wp\/v2\/comments?post=2"}],"version-history":[{"count":38,"href":"https:\/\/blog.ufes.br\/luciofassarella\/wp-json\/wp\/v2\/pages\/2\/revisions"}],"predecessor-version":[{"id":939,"href":"https:\/\/blog.ufes.br\/luciofassarella\/wp-json\/wp\/v2\/pages\/2\/revisions\/939"}],"wp:attachment":[{"href":"https:\/\/blog.ufes.br\/luciofassarella\/wp-json\/wp\/v2\/media?parent=2"}],"curies":[{"name":"wp","href":"https:\/\/api.w.org\/{rel}","templated":true}]}}