{"id":430,"date":"2015-03-18T21:00:31","date_gmt":"2015-03-18T21:00:31","guid":{"rendered":"http:\/\/blog.ufes.br\/luciofassarella\/?page_id=430"},"modified":"2018-02-21T14:04:44","modified_gmt":"2018-02-21T14:04:44","slug":"ufes","status":"publish","type":"page","link":"https:\/\/blog.ufes.br\/luciofassarella\/ufes\/","title":{"rendered":"Ufes"},"content":{"rendered":"<p><strong>Legisla\u00e7\u00e3o Federal<\/strong><\/p>\n<ul>\n<li><a href=\"http:\/\/www.planalto.gov.br\/ccivil_03\/Constituicao\/Constituicao.htm\" target=\"_blank\" rel=\"noopener noreferrer\">Constitui\u00e7\u00e3o Federal do Brasil<\/a><\/li>\n<li><a href=\"http:\/\/www.planalto.gov.br\/ccivil_03\/Leis\/L9394.htm\" target=\"_blank\" rel=\"noopener noreferrer\">Lei de Diretrizes e Bases da Educa\u00e7\u00e3o Nacional (Lei No.9394\/1996)<\/a>.<\/li>\n<\/ul>\n<ul>\n<li><a href=\"http:\/\/www.planalto.gov.br\/ccivil_03\/_ato2011-2014\/2012\/lei\/l12772.htm\">Lei 12772<\/a> (plano de carreira &#8230;):<span style=\"color: #808080\"> &#8220;Disp\u00f5e sobre a estrutura\u00e7\u00e3o do Plano de Carreiras e Cargos de Magist\u00e9rio Federal; sobre a Carreira do Magist\u00e9rio Superior (&#8230;); sobre a contrata\u00e7\u00e3o de professores substitutos, visitantes e estrangeiros (&#8230;)&#8221; <\/span><\/li>\n<\/ul>\n<ul>\n<li><a href=\"http:\/\/www.planalto.gov.br\/ccivil_03\/leis\/l8958.htm\">Lei 8958\/94<\/a> (bolsas &#8230;): &#8220;<span style=\"color: #808080\">Disp\u00f5e sobre as rela\u00e7\u00f5es entre as institui\u00e7\u00f5es federais de ensino superior e de pesquisa cient\u00edfica e tecnol\u00f3gica e as funda\u00e7\u00f5es de apoio e d\u00e1 outras provid\u00eancias.&#8221; <\/span><\/li>\n<\/ul>\n<ul>\n<li><a href=\"http:\/\/www.planalto.gov.br\/ccivil_03\/_Ato2015-2018\/2015\/Decreto\/D8539.htm\" target=\"_blank\" rel=\"noopener noreferrer\">Decreto No.8.539 (8\/10\/2015)<\/a>: <span style=\"color: #808080\">Disp\u00f5e sobre o uso do meio eletr\u00f4nico para a realiza\u00e7\u00e3o do processo administrativo no \u00e2mbito dos \u00f3rg\u00e3os e das entidades da administra\u00e7\u00e3o p\u00fablica federal direta, aut\u00e1rquica e fundacional.<\/span><\/li>\n<\/ul>\n<p><strong>Documentos Fundamentais da UFES<\/strong><\/p>\n<ul>\n<li><a href=\"http:\/\/www.daocs.ufes.br\/estatuto-da-ufes\" target=\"_blank\" rel=\"noopener noreferrer\">Estatuto da UFES<\/a> (<a href=\"http:\/\/www2.daocs.ufes.br\/sites\/daocs.ufes.br\/files\/field\/anexo\/estatuto_da_universidade_federal_do_espirito_santo.pdf\" target=\"_blank\" rel=\"noopener noreferrer\">pdf<\/a>)<\/li>\n<li><a href=\"http:\/\/www.daocs.ufes.br\/regimento-geral-da-ufes\" target=\"_blank\" rel=\"noopener noreferrer\">Regimento da UFES<\/a> (<a href=\"http:\/\/www.daocs.ufes.br\/sites\/daocs.ufes.br\/files\/field\/anexo\/Regimento%20Geral%20da%20UFES.pdf\" target=\"_blank\" rel=\"noopener noreferrer\">pdf<\/a>)<\/li>\n<li><a href=\"http:\/\/www.progep.ufes.br\/sites\/default\/files\/Plano_de_Desenvolvimento_Institucional_da_Ufes.pdf\" target=\"_blank\" rel=\"noopener noreferrer\">PDI 2015-2019<\/a> (pdf)<\/li>\n<\/ul>\n<p><strong>ADMINISTRA\u00c7\u00c3O<\/strong><\/p>\n<ul>\n<li><a href=\"http:\/\/www.planalto.gov.br\/ccivil_03\/LEIS\/L9784.htm\" target=\"_blank\" rel=\"noopener noreferrer\">Lei No.9.784 (29\/01\/1999)<\/a>: <span style=\"color: #808080\">Regula o processo administrativo no \u00e2mbito da Administra\u00e7\u00e3o P\u00fablica Federal.<\/span><\/li>\n<\/ul>\n<p><strong>SERVIDORES<\/strong><\/p>\n<ul>\n<li>Ponto Eletr\u00f4nico\n<ul>\n<li>Boletins Progep: <a href=\"http:\/\/www.progep.ufes.br\/sites\/default\/files\/PROGEP_BOLETIM_JULHO2014.pdf\" target=\"_blank\" rel=\"noopener noreferrer\">Julho\/2014<\/a> (<a href=\"http:\/\/blog.ufes.br\/luciofassarella\/files\/2015\/12\/progep2014_sistema-eletronico-ponto.pdf\" target=\"_blank\" rel=\"noopener noreferrer\">c\u00f3pia<\/a>), <a href=\"http:\/\/www.progep.ufes.br\/sites\/default\/files\/PROGEP_Boletim_Novembro2014.pdf\" target=\"_blank\" rel=\"noopener noreferrer\">Novembro\/2014<\/a> (<a href=\"http:\/\/blog.ufes.br\/luciofassarella\/files\/2015\/12\/progep2014_sistema-eletronico-ponto-addendum.pdf\" target=\"_blank\" rel=\"noopener noreferrer\">c\u00f3pia<\/a>)<\/li>\n<\/ul>\n<\/li>\n<\/ul>\n<p><strong>DOCENTES<\/strong><\/p>\n<ul>\n<li>Atribui\u00e7\u00e3o de carga-hor\u00e1ria\n<ul>\n<li><a href=\"http:\/\/www.matematicaaplicada.saomateus.ufes.br\/sites\/matematicaaplicada.saomateus.ufes.br\/files\/field\/anexo\/DMA-resolucao_2015-01_atribuicao-carga-horaria%28assinado%29.PDF\" target=\"_blank\" rel=\"noopener noreferrer\">Resolu\u00e7\u00e3o DMA<\/a><\/li>\n<li><a href=\"http:\/\/www.daocs.ufes.br\/sites\/daocs.ufes.br\/files\/field\/anexo\/resolucao_no_23.2014_-_alteracao_da_resolucao_60.1992_do_cepe.pdf\" target=\"_blank\" rel=\"noopener noreferrer\">Resolu\u00e7\u00e3o CEPE 23\/2014<\/a>: <span style=\"color: #808080\">&#8220;Altera os Anexos III e IV da Resolu\u00e7\u00e3o 60\/92 \u2013 CEPE, acrescentando atividades desempenhadas por docentes da UFES, para efeito de contagem de carga hor\u00e1ria.&#8221;<\/span><\/li>\n<li><a href=\"http:\/\/www.daocs.ufes.br\/resolu%C3%A7%C3%A3o-n%C2%BA-601992-cepe\" target=\"_blank\" rel=\"noopener noreferrer\">Resolu\u00e7\u00e3o 60\/1992<\/a>: <span style=\"color: #808080\">&#8220;Estabelece crit\u00e9rios de atribui\u00e7\u00f5es de carga hor\u00e1ria para os docentes da UFES..&#8221;<\/span>\n<ul>\n<li><a href=\"http:\/\/blog.ufes.br\/luciofassarella\/files\/2015\/03\/DOC_Memorando-PFUFES_181-2010.pdf\" target=\"_blank\" rel=\"noopener noreferrer\">Memorando 181\/2010 &#8211; PF\/UFES<\/a><span style=\"color: #808080\">: <em>Atribui\u00e7\u00f5es did\u00e1ticas, prefer\u00eancia da gradua\u00e7\u00e3o e etc.<\/em><\/span><\/li>\n<li><a href=\"http:\/\/blog.ufes.br\/luciofassarella\/files\/2017\/06\/DOC_Parecer-PFUFES_1297-2010.pdf\" target=\"_blank\" rel=\"noopener noreferrer\">Parecer Conjunto 1297\/2010 &#8211; Procuradoria Geral Federal &amp; Procuradoria Federal\/UFES<\/a>.<span style=\"color: #808080\">: <em>Defini\u00e7\u00e3o de &#8220;aula&#8221; e etc.<\/em><\/span><\/li>\n<\/ul>\n<\/li>\n<li><a href=\"http:\/\/www.planalto.gov.br\/ccivil_03\/Leis\/L9394.htm\" target=\"_blank\" rel=\"noopener noreferrer\">LDB<\/a>\n<ul>\n<li>Artigo 57: <span style=\"color: #808080\">&#8220;Nas institui\u00e7\u00f5es p\u00fablicas de educa\u00e7\u00e3o superior, o professor ficar\u00e1 obrigado ao m\u00ednimo de oito horas semanais de aulas.&#8221;<\/span><\/li>\n<li>Decreto 2.668 (13\/07\/1998), Art. 3:<span style=\"color: #808080\"> docentes servidores ocupantes de cargo em comiss\u00e3o e fun\u00e7\u00e3o de confian\u00e7a n\u00e3o se aplica o disposto no Artigo 57 da LDB<\/span>.<\/li>\n<\/ul>\n<\/li>\n<\/ul>\n<\/li>\n<\/ul>\n<ul>\n<li><strong>Atividades Did\u00e1ticas<br \/>\n<\/strong><\/p>\n<ul>\n<li><a href=\"http:\/\/blog.ufes.br\/luciofassarella\/files\/2017\/07\/DOC_Parecer-CNE-CES_201-2006.pdf\" target=\"_blank\" rel=\"noopener\">Parecer CNE\/CES No 261\/2006<\/a> (<a href=\"http:\/\/portal.mec.gov.br\/setec\/arquivos\/pdf_legislacao\/superior\/legisla_superior_parecer261.pdf\" target=\"_blank\" rel=\"noopener\">link<\/a>): <span style=\"color: #808080\">&#8220;Disp\u00f5e sobre procedimentos a serem adotados quanto ao conceito de hora-aula e d\u00e1 outras provid\u00eancias.&#8221;<\/span><\/li>\n<\/ul>\n<\/li>\n<\/ul>\n<ul>\n<li><strong>Atividades de Ensino<\/strong>\n<ul>\n<li>Resolu\u00e7\u00e3o CEPE 8\/2013 (<a href=\"http:\/\/www.daocs.ufes.br\/sites\/daocs.ufes.br\/files\/field\/anexo\/resolucao_08_2013.pdf\" target=\"_blank\" rel=\"noopener noreferrer\">pdf<\/a>): <span style=\"color: #808080\">&#8220;Caracteriza-se como Projeto de Ensino todo projeto que vise \u00e0 melhoria do ensino da gradua\u00e7\u00e3o e esteja relacionado a uma ou mais disciplinas de interesse direto de um ou mais departamentos e colegiados de cursos de gradua\u00e7\u00e3o da Universidade Federal do Esp\u00edrito Santo (UFES), &#8230;.&#8221;<\/span>\n<ul>\n<li><a href=\"http:\/\/www2.daocs.ufes.br\/sites\/daocs.ufes.br\/files\/field\/anexo\/anexo_da_resolucao_no_08.pdf\" target=\"_blank\" rel=\"noopener noreferrer\">Anexo<\/a>!<\/li>\n<\/ul>\n<\/li>\n<\/ul>\n<\/li>\n<\/ul>\n<ul>\n<li><strong>Atividades de Pesquisa<\/strong>\n<ul>\n<li><a href=\"http:\/\/www2.daocs.ufes.br\/resolu%C3%A7%C3%A3o-n%C2%BA-212013-cepe\" target=\"_blank\" rel=\"noopener noreferrer\">Resolu\u00e7\u00e3o CEPE 21\/2013<\/a> (<a href=\"http:\/\/www.daocs.ufes.br\/sites\/daocs.ufes.br\/files\/field\/anexo\/resolucao_21.2013_0.pdf\" target=\"_blank\" rel=\"noopener noreferrer\">pdf<\/a>): <span style=\"color: #808080\">&#8220;Art. 1\u00ba. As presentes normas visam, em conjunto com o Estatuto e o Regimento Geral da Universidade Federal do Esp\u00edrito Santo (UFES), e demais dispositivos legais, regulamentar e disciplinar, em termos de sua administra\u00e7\u00e3o, as atividades de pesquisa desenvolvidas na UFES, bem como regulamentar a atribui\u00e7\u00e3o de carga hor\u00e1ria de pesquisa a docentes no Regime de 40 (quarenta) horas semanais ou Dedica\u00e7\u00e3o Exclusiva (DE).&#8221;<\/span>\n<ul>\n<li><a href=\"http:\/\/www2.daocs.ufes.br\/anexo-resolu%C3%A7%C3%A3o-n%C2%BA-212013-cepe\" target=\"_blank\" rel=\"noopener noreferrer\">Anexo<\/a>!<\/li>\n<\/ul>\n<\/li>\n<li><a href=\"http:\/\/matematicaaplicada.saomateus.ufes.br\/sites\/matematicaaplicada.saomateus.ufes.br\/files\/field\/anexo\/Normas%20para%20Atribui%C3%A7%C3%A3o%20de%20Carga%20Hor%C3%A1ria%20%C3%A0s%20Atividades%20de%20Pesquisa.pdf\" target=\"_blank\" rel=\"noopener noreferrer\">Normas do DMA para Atribui\u00e7\u00e3o de Carga-Hor\u00e1ria de Pesquisa<\/a>.<\/li>\n<\/ul>\n<\/li>\n<\/ul>\n<ul>\n<li><strong>Atividades de Extens\u00e3o<\/strong>\n<ul>\n<li><a href=\"http:\/\/www.daocs.ufes.br\/sites\/daocs.ufes.br\/files\/field\/anexo\/resolucao_no_46.2014.pdf\" target=\"_blank\" rel=\"noopener noreferrer\">Resolu\u00e7\u00e3o 46\/2014 &#8211; CEPE<\/a>: <span style=\"color: #808080\">&#8220;Disp\u00f5e sobre as normas que regulamentam a extens\u00e3o na Universidade Federal do Esp\u00edrito Santo.&#8221;<\/span><\/li>\n<\/ul>\n<\/li>\n<\/ul>\n<ul>\n<li><strong>Atividades espor\u00e1dicas<\/strong>\n<ul>\n<li><a href=\"http:\/\/www.daocs.ufes.br\/sites\/daocs.ufes.br\/files\/field\/anexo\/resolucao_13_2002.pdf\" target=\"_blank\" rel=\"noopener noreferrer\">Resolu\u00e7\u00e3o 13\/2002 &#8211; CUn<\/a>: <span style=\"color: #808080\">&#8220;Estabelece Normas para a participa\u00e7\u00e3o de Docentes em regime de Dedica\u00e7\u00e3o Exclusiva &#8220;DE&#8221;, em atividades espor\u00e1dicas, remuneradas ou n\u00e3o, em assuntos de suas respectivas especialidades.&#8221; <\/span><\/li>\n<\/ul>\n<\/li>\n<\/ul>\n<p><strong>\u00a0T\u00d3PICOS<\/strong><\/p>\n<ul>\n<li>Sobre reuni\u00f5es\n<ul>\n<li><a href=\"http:\/\/www.daocs.ufes.br\/sites\/daocs.ufes.br\/files\/field\/anexo\/resolucao_no._19_2015_-_votacao_nos_orgaos_colegiados.pdf\" target=\"_blank\" rel=\"noopener noreferrer\">Resolu\u00e7\u00e3o No.19\/2015 &#8211; CUn<\/a>: <span style=\"color: #808080\">Regulamenta os processos de vota\u00e7\u00e3o nos \u00d3rg\u00e3os Colegiados da Universidade Federal do Esp\u00edrito Santo. <\/span><\/li>\n<li><a href=\"http:\/\/www.daocs.ufes.br\/resolu%C3%A7%C3%A3o-n%C2%BA-041986-cun\" target=\"_blank\" rel=\"noopener noreferrer\">Resolu\u00e7\u00e3o No.04\/86 &#8211; CUn<\/a>:\u00a0 <span style=\"color: #808080\">Trata do comparecimento de professor e representante discente \u00e0s reuni\u00f5es de Departamento<\/span>.<\/li>\n<\/ul>\n<\/li>\n<\/ul>\n<ul>\n<li>\u00a0Comiss\u00f5es\n<ul>\n<li><a href=\"http:\/\/www.planalto.gov.br\/ccivil_03\/Leis\/L9394.htm\" target=\"_blank\" rel=\"noopener noreferrer\">LDB<\/a>: <span style=\"color: #808080\"><span style=\"color: #808080\">&#8220;Art. 56\u00ba. As institui\u00e7\u00f5es p\u00fablicas de educa\u00e7\u00e3o superior obedecer\u00e3o ao princ\u00edpio da gest\u00e3o democr\u00e1tica, assegurada a exist\u00eancia de \u00f3rg\u00e3os colegiados deliberativos, de que participar\u00e3o os segmentos da comunidade institucional, local e regional. Par\u00e1grafo \u00fanico. Em qualquer caso, os docentes ocupar\u00e3o setenta por cento dos assentos em cada \u00f3rg\u00e3o colegiado e comiss\u00e3o, inclusive nos que tratarem da elabora\u00e7\u00e3o e modifica\u00e7\u00f5es estatut\u00e1rias e regimentais, bem como da escolha de dirigentes.&#8221;<\/span><\/span><\/li>\n<\/ul>\n<\/li>\n<li>Contrata\u00e7\u00e3o de Professores Substitutos\n<ul>\n<li><a href=\"http:\/\/www.daocs.ufes.br\/sites\/daocs.ufes.br\/files\/field\/anexo\/resolucao_no_41.2011_com_anexo.pdf\" target=\"_blank\" rel=\"noopener noreferrer\">Resolu\u00e7\u00e3o CEPE 41\/2011<\/a>: Sobre a contrata\u00e7\u00e3o de professores substitutos.<\/li>\n<li><a href=\"http:\/\/www.planalto.gov.br\/ccivil_03\/_Ato2011-2014\/2011\/Decreto\/D7485.htm\" target=\"_blank\" rel=\"noopener noreferrer\">Decreto 7485 (18\/05\/2011)<\/a>: <span style=\"color: #808080\">&#8220;Disp\u00f5e sobre a constitui\u00e7\u00e3o de banco de professor-equivalente das universidades federais vinculadas ao Minist\u00e9rio da Educa\u00e7\u00e3o e regulamenta a admiss\u00e3o de professor substituto, de que trata o inciso IV do art. 2o da Lei no 8.745, de 9 de dezembro de 1993.&#8221;<\/span><\/li>\n<\/ul>\n<\/li>\n<\/ul>\n<p><strong>CARREIRA<\/strong><\/p>\n<ul>\n<li>Progress\u00e3o funcional\n<ul>\n<li><a href=\"http:\/\/daocs.ufes.br\/sites\/daocs.ufes.br\/files\/field\/anexo\/52.2017.pdf\" target=\"_blank\" rel=\"noopener noreferrer\">Resolu\u00e7\u00e3o52\/2017 &#8211; CEPE\/UFES<\/a>: <span style=\"color: #808080\"><span style=\"color: #808080\">&#8220;Estabelece crit\u00e9rios de avalia\u00e7\u00e3o de desempenho para fins de progress\u00e3o, promo\u00e7\u00e3o e acelera\u00e7\u00e3o da promo\u00e7\u00e3o na carreira do Magist\u00e9rio Superior.&#8221;<\/span><\/span>\n<ul>\n<li><a href=\"http:\/\/www.daocs.ufes.br\/sites\/daocs.ufes.br\/files\/field\/anexo\/anexo_i_da_resolucao_-48_20141.xls\" target=\"_blank\" rel=\"noopener noreferrer\">Planilha (Anexo I)<\/a>.<\/li>\n<li><a href=\"http:\/\/blog.ufes.br\/luciofassarella\/files\/2017\/10\/DOC_orientacoes-progressao.pdf\" target=\"_blank\" rel=\"noopener\">Orienta\u00e7\u00f5es<\/a>!<\/li>\n<\/ul>\n<\/li>\n<\/ul>\n<\/li>\n<\/ul>\n<ul>\n<li>Est\u00e1gio Probat\u00f3rio\n<ul>\n<li><a href=\"http:\/\/matematicaaplicada.saomateus.ufes.br\/sites\/matematicaaplicada.saomateus.ufes.br\/files\/field\/anexo\/Crit%C3%A9rios%20Est%C3%A1gio%20Probat%C3%B3rio%20DMA.PDF#overlay-context=normas-internas\" target=\"_blank\" rel=\"noopener noreferrer\">Crit\u00e9rios do DMA<\/a><\/li>\n<li><a href=\"http:\/\/www.daocs.ufes.br\/sites\/daocs.ufes.br\/files\/field\/anexo\/resolucao_44.2004.pdf\" target=\"_blank\" rel=\"noopener noreferrer\">Resolu\u00e7\u00e3o 44\/2004 &#8211; CEPE\/UFES<\/a>: &#8220;&#8221;<\/li>\n<li><a href=\"http:\/\/www.planalto.gov.br\/ccivil_03\/Constituicao\/Constituicao.htm\" target=\"_blank\" rel=\"noopener noreferrer\">Constitui\u00e7\u00e3o Federal do Brasil (Art.41)<\/a><\/li>\n<li>Lei 8.112\n<ul>\n<li><a href=\"http:\/\/blog.ufes.br\/luciofassarella\/files\/2015\/03\/DOC_nota-tecnica-118-2015_CGNOR-DENOP-SEGEP-MP.pdf\" target=\"_blank\" rel=\"noopener noreferrer\">DOC_nota-tecnica-118-2015_CGNOR-DENOP-SEGEP-MP<\/a>: <span style=\"color: #808080\">&#8220;Prorroga\u00e7\u00e3o do est\u00e1gio probat\u00f3rio nas licen\u00e7as de efetivo exerc\u00edcio.&#8221;<\/span><\/li>\n<li><em><a href=\"http:\/\/blog.ufes.br\/luciofassarella\/files\/2015\/03\/DOC_projeto-decreto-legislativo.pdf\" target=\"_blank\" rel=\"noopener noreferrer\">DOC_projeto-decreto-legislativo<\/a>. <\/em><\/li>\n<\/ul>\n<\/li>\n<\/ul>\n<\/li>\n<\/ul>\n<ul>\n<li>Licen\u00e7a Capacita\u00e7\u00e3o\n<ul>\n<li><a href=\"http:\/\/www.daocs.ufes.br\/resolu%C3%A7%C3%A3o-n%C2%BA-181997-cun\" target=\"_blank\" rel=\"noopener noreferrer\">Resolu\u00e7\u00e3o 18\/1997 &#8211; CUn<\/a>: Concess\u00e3o de licen\u00e7a para capacita\u00e7\u00e3o dos servidores docentes e t\u00e9cnico-administrativos da UFES.<\/li>\n<\/ul>\n<\/li>\n<\/ul>\n<ul>\n<li>\u00a0Afastamento\n<ul>\n<li><a href=\"http:\/\/www.daocs.ufes.br\/sites\/daocs.ufes.br\/files\/field\/anexo\/resolucao_31.2012_0.pdf\" target=\"_blank\" rel=\"noopener noreferrer\">Resolu\u00e7\u00e3o CEPE 31\/2012<\/a>: <span style=\"color: #808080\">&#8220;Fixa normas e condi\u00e7\u00f5es de afastamento de docentes da UFES para\u00a0 aperfei\u00e7oamento\u00a0 em\u00a0 institui\u00e7\u00f5es\u00a0 nacionais\u00a0 ou\u00a0 estrangeiras em n\u00edvel de p\u00f3s-gradua\u00e7\u00e3o de natureza presencial.&#8221;<\/span><\/li>\n<li>Afastamentos para o exterior\n<ul>\n<li><a href=\"http:\/\/www.prppg.ufes.br\/afastamento-de-docentes-para-eventos-no-exterior\" target=\"_blank\" rel=\"noopener noreferrer\">Informa\u00e7\u00f5es da PRPPG<\/a>.<\/li>\n<li><a href=\"http:\/\/www.prppg.ufes.br\/sites\/prppg.ufes.br\/files\/field\/anexo\/formulario_de_afastamento_1.rtf#overlay-context=afastamento-de-docentes-para-eventos-no-exterior\" target=\"_blank\" rel=\"noopener noreferrer\">Formul\u00e1rio de afastamento<\/a> (<a href=\"http:\/\/blog.ufes.br\/luciofassarella\/files\/2015\/06\/formulario-afastamento.pdf\" target=\"_blank\" rel=\"noopener noreferrer\">aqui<\/a>!).<\/li>\n<li><a href=\"http:\/\/www.prppg.ufes.br\/sites\/prppg.ufes.br\/files\/field\/anexo\/memo_08_2015_formulario_de_afastamento_0.rtf#overlay-context=afastamento-de-docentes-para-eventos-no-exterior\" target=\"_blank\" rel=\"noopener noreferrer\">Memorando circular 08\/2015 &#8211; DGP\/PRPPG\/UFES<\/a>.<\/li>\n<\/ul>\n<\/li>\n<li>Decretos federais:\n<ul>\n<li><a href=\"http:\/\/www.planalto.gov.br\/ccivil_03\/decreto\/D91800.htm\" target=\"_blank\" rel=\"noopener noreferrer\">Decreto No.91.800<\/a> (18\/10\/1985): <span style=\"color: #808080\">&#8220;Disp\u00f5e sobre viagens ao exterior, a servi\u00e7o ou com o fim de aperfei\u00e7oamento sem nomea\u00e7\u00e3o ou designa\u00e7\u00e3o, e d\u00e1 outras provid\u00eancias.&#8221;<\/span><\/li>\n<li><a href=\"http:\/\/www.planalto.gov.br\/ccivil_03\/decreto\/D1387.htm\" target=\"_blank\" rel=\"noopener noreferrer\">Decreto No.1.387<\/a> (<a href=\"http:\/\/www.prppg.ufes.br\/sites\/prppg.ufes.br\/files\/field\/anexo\/Decreto-1387-1995.pdf#overlay-context=afastamento-de-docentes-para-eventos-no-exterior\" target=\"_blank\" rel=\"noopener noreferrer\">aqui<\/a>!) (7\/02\/1995): <span style=\"color: #808080\">&#8220;Disp\u00f5e sobre o afastamento do Pa\u00eds de servidores civis da Administra\u00e7\u00e3o P\u00fablica Federal, e d\u00e1 outras provid\u00eancias.&#8221;<\/span><\/li>\n<\/ul>\n<\/li>\n<\/ul>\n<\/li>\n<\/ul>\n<p><strong>Resolu\u00e7\u00f5es do CEUNES\/UFES<\/strong><\/p>\n<ul>\n<li><a title=\"resolucao\" href=\"http:\/\/blog.ufes.br\/luciofassarella\/files\/2015\/04\/doc-ceunes_resolucao-auditorio.pdf\" target=\"_blank\" rel=\"noopener noreferrer\">Regimento do Audit\u00f3rio do CEUNES<\/a><\/li>\n<li><a href=\"http:\/\/posgraduacao.saomateus.ufes.br\/est%C3%A1gio-de-doc%C3%AAncia\" target=\"_blank\" rel=\"noopener\">Resolu\u00e7\u00e3o 31\/2017 &#8211; CEUNES<\/a> &#8211; <a href=\"http:\/\/posgraduacao.saomateus.ufes.br\/sites\/posgraduacao.saomateus.ufes.br\/files\/field\/anexo\/Resolucao%2031-2017%20-%20Est%C3%A1gio%20doc%C3%AAncia%20P%C3%B3s_0.pdf\" target=\"_blank\" rel=\"noopener\">pdf<\/a> (Est\u00e1gio de Doc\u00eancia)<\/li>\n<\/ul>\n<p>Resolu\u00e7\u00f5es do DMA<\/p>\n<ul>\n<li><a href=\"http:\/\/www.matematicaaplicada.saomateus.ufes.br\/normas-internas\" target=\"_blank\" rel=\"noopener noreferrer\">Normas Internas<\/a><\/li>\n<\/ul>\n<p><strong>DISCENTES<\/strong><\/p>\n<ul>\n<li>Resolu\u00e7\u00e3o 39\/2010:<\/li>\n<li>Resolu\u00e7\u00e3o\u00a0 58\/2008 &#8211; CEPE:\n<ul>\n<li>Art.\u00a0 17:<\/li>\n<\/ul>\n<\/li>\n<li><a href=\"http:\/\/www.daocs.ufes.br\/R25-87-CEPE\" target=\"_blank\" rel=\"noopener noreferrer\">Resolu\u00e7\u00e3o 25\/1986 &#8211; CEPE<\/a>: <span style=\"color: #808080\">&#8220;Estabelece normas para recurso das avalia\u00e7\u00f5es de trabalhos escolares escritos de disciplinas dos cursos de gradua\u00e7\u00e3o.&#8221;<\/span><\/li>\n<li><a href=\"http:\/\/www2.daocs.ufes.br\/resolu%C3%A7%C3%A3o-n%C2%BA-502013-cun\" target=\"_blank\" rel=\"noopener noreferrer\">Resolu\u00e7\u00e3o 50\/2013 &#8211; CUn<\/a>: &#8220;<span style=\"color: #808080\">Trata dos pedidos de aux\u00edlio financeiro para alunos de gradua\u00e7\u00e3o da Universidade.&#8221;<\/span><\/li>\n<\/ul>\n<p>&nbsp;<\/p>\n<h3>\u00a0EXTRAS<\/h3>\n<ul>\n<li><a href=\"http:\/\/www.prograd.ufes.br\/n%C3%BAcleo-de-apoio-%C3%A0-doc%C3%AAncia-nad\" target=\"_blank\" rel=\"noopener\">NAD &#8211; N\u00facleo de Apoio \u00e0 Doc\u00eancia (Prograd\/UFES)<\/a><\/li>\n<\/ul>\n","protected":false},"excerpt":{"rendered":"<p>Legisla\u00e7\u00e3o Federal Constitui\u00e7\u00e3o Federal do Brasil Lei de Diretrizes e Bases da Educa\u00e7\u00e3o Nacional (Lei No.9394\/1996). Lei 12772 (plano de carreira &#8230;): &#8220;Disp\u00f5e sobre a estrutura\u00e7\u00e3o do Plano de Carreiras e Cargos de Magist\u00e9rio Federal; sobre a Carreira do Magist\u00e9rio Superior (&#8230;); sobre a contrata\u00e7\u00e3o de professores substitutos, visitantes e estrangeiros (&#8230;)&#8221; Lei 8958\/94 (bolsas &hellip; <a href=\"https:\/\/blog.ufes.br\/luciofassarella\/ufes\/\">Continue reading <span class=\"meta-nav\">&rarr;<\/span><\/a><\/p>\n","protected":false},"author":73,"featured_media":0,"parent":0,"menu_order":0,"comment_status":"closed","ping_status":"closed","template":"","meta":{"_bbp_topic_count":0,"_bbp_reply_count":0,"_bbp_total_topic_count":0,"_bbp_total_reply_count":0,"_bbp_voice_count":0,"_bbp_anonymous_reply_count":0,"_bbp_topic_count_hidden":0,"_bbp_reply_count_hidden":0,"_bbp_forum_subforum_count":0,"_uag_custom_page_level_css":"","footnotes":""},"class_list":["post-430","page","type-page","status-publish","hentry"],"uagb_featured_image_src":{"full":false,"thumbnail":false,"medium":false,"medium_large":false,"large":false,"1536x1536":false,"2048x2048":false},"uagb_author_info":{"display_name":"luciofassarella","author_link":"https:\/\/blog.ufes.br\/luciofassarella\/author\/lucio_souza-fassarella\/"},"uagb_comment_info":0,"uagb_excerpt":"Legisla\u00e7\u00e3o Federal Constitui\u00e7\u00e3o Federal do Brasil Lei de Diretrizes e Bases da Educa\u00e7\u00e3o Nacional (Lei No.9394\/1996). Lei 12772 (plano de carreira &#8230;): &#8220;Disp\u00f5e sobre a estrutura\u00e7\u00e3o do Plano de Carreiras e Cargos de Magist\u00e9rio Federal; sobre a Carreira do Magist\u00e9rio Superior (&#8230;); sobre a contrata\u00e7\u00e3o de professores substitutos, visitantes e estrangeiros (&#8230;)&#8221; Lei 8958\/94 (bolsas&hellip;","_links":{"self":[{"href":"https:\/\/blog.ufes.br\/luciofassarella\/wp-json\/wp\/v2\/pages\/430","targetHints":{"allow":["GET"]}}],"collection":[{"href":"https:\/\/blog.ufes.br\/luciofassarella\/wp-json\/wp\/v2\/pages"}],"about":[{"href":"https:\/\/blog.ufes.br\/luciofassarella\/wp-json\/wp\/v2\/types\/page"}],"author":[{"embeddable":true,"href":"https:\/\/blog.ufes.br\/luciofassarella\/wp-json\/wp\/v2\/users\/73"}],"replies":[{"embeddable":true,"href":"https:\/\/blog.ufes.br\/luciofassarella\/wp-json\/wp\/v2\/comments?post=430"}],"version-history":[{"count":58,"href":"https:\/\/blog.ufes.br\/luciofassarella\/wp-json\/wp\/v2\/pages\/430\/revisions"}],"predecessor-version":[{"id":846,"href":"https:\/\/blog.ufes.br\/luciofassarella\/wp-json\/wp\/v2\/pages\/430\/revisions\/846"}],"wp:attachment":[{"href":"https:\/\/blog.ufes.br\/luciofassarella\/wp-json\/wp\/v2\/media?parent=430"}],"curies":[{"name":"wp","href":"https:\/\/api.w.org\/{rel}","templated":true}]}}