{"id":432,"date":"2015-03-18T21:02:33","date_gmt":"2015-03-18T21:02:33","guid":{"rendered":"http:\/\/blog.ufes.br\/luciofassarella\/?page_id=432"},"modified":"2020-08-25T12:03:39","modified_gmt":"2020-08-25T12:03:39","slug":"servidor","status":"publish","type":"page","link":"https:\/\/blog.ufes.br\/luciofassarella\/servidor\/","title":{"rendered":"Servidor"},"content":{"rendered":"<p><a href=\"https:\/\/www.gov.br\/economia\/pt-br\/centrais-de-conteudo\/publicacoes\/guias-e-manuais\/manual-de-conduta-do-agente-publico-civil.pdf\">Manual de Conduta do Agente P\u00fablico Civil do Poder Executivo Federal<\/a><\/p>\n<p><a href=\"http:\/\/progep.ufes.br\/manual-novo-servidor\" target=\"_blank\" rel=\"noopener noreferrer\">Manual do Servidor<\/a>: <a href=\"http:\/\/progep.ufes.br\/sites\/progep.ufes.br\/files\/field\/anexo\/manual_do_novo_servidor_versao_atualizada_14_08_2020.pdf\" target=\"_blank\" rel=\"noopener noreferrer\">PDF<\/a>.<\/p>\n<p><span style=\"color: #ff0000\"><strong>Legisla\u00e7\u00e3o Federal<\/strong><\/span><\/p>\n<ul>\n<li><strong><a href=\"http:\/\/www.planalto.gov.br\/ccivil_03\/leis\/l8112cons.htm\" target=\"_blank\" rel=\"noopener noreferrer\">Lei 8112\/1990<\/a><\/strong>: <span style=\"color: #808080\">&#8220;Disp\u00f5e sobre o regime jur\u00eddico dos servidores p\u00fablicos civis da Uni\u00e3o, das autarquias e das funda\u00e7\u00f5es p\u00fablicas federais.&#8221;<\/span>\n<ul>\n<li><a href=\"https:\/\/conlegis.planejamento.gov.br\/conlegis\/lei8112anotada\/index.htm\" target=\"_blank\" rel=\"noopener noreferrer\">Lei 8112\/1990 &#8211; Anotada<\/a>.<\/li>\n<li><a title=\"documento\" href=\"http:\/\/blog.ufes.br\/luciofassarella\/files\/2015\/04\/legis_lei-8112.pdf\" target=\"_blank\" rel=\"noopener noreferrer\">pdf<\/a>!<\/li>\n<\/ul>\n<\/li>\n<\/ul>\n<ul>\n<li><strong>Carreira de Magist\u00e9rio Superior<\/strong>\n<ul>\n<li><a href=\"http:\/\/www.planalto.gov.br\/ccivil_03\/leis\/1950-1969\/L4881A.htm\" target=\"_blank\" rel=\"noopener noreferrer\">Lei No.4881-A<\/a> (6\/12\/1965): Disp\u00f5e sobre o Estatudo do Magist\u00e9rio Superior.<\/li>\n<li><a href=\"http:\/\/www.planalto.gov.br\/ccivil_03\/leis\/1950-1969\/L5539.htm\" target=\"_blank\" rel=\"noopener noreferrer\">Lei No.5.539<\/a> (27\/11\/1968): <span style=\"color: #808080\">&#8220;Modifica dispositivos da Lei n\u00famero 4.881-A, de 6 de dezembro de 1965, que disp\u00f5e s\u00f4bre o Estatuto do Magist\u00e9rio Superior, e d\u00e1 outras provid\u00eancias.<\/span>&#8220;<\/li>\n<li><a href=\"http:\/\/www.planalto.gov.br\/ccivil_03\/_ato2011-2014\/2012\/lei\/L12772compilado.htm\" target=\"_blank\" rel=\"noopener noreferrer\">Lei No.12.772<\/a> (28\/02\/2012): <span style=\"color: #808080\">&#8220;Disp\u00f5e sobre a estrutura\u00e7\u00e3o do Plano de Carreiras e Cargos de Magist\u00e9rio Federal; sobre a Carreira do Magist\u00e9rio Superior de que trata a Lei No.7.596&#8230;&#8221;<\/span><\/li>\n<li><a href=\"http:\/\/www.planalto.gov.br\/ccivil_03\/_Ato2007-2010\/2007\/Lei\/L11526.htm\" target=\"_blank\" rel=\"noopener noreferrer\">Lei No.11.526<\/a> (04\/10\/2007): <span style=\"color: #808080\">&#8220;Fixa a remunera\u00e7\u00e3o dos cargos e fun\u00e7\u00f5es comissionadas da administra\u00e7\u00e3o p\u00fablica federal direta, aut\u00e1rquica e fundacional&#8230;&#8221;<\/span><\/li>\n<li><a href=\"http:\/\/www.planalto.gov.br\/ccivil_03\/_ato2011-2014\/2014\/Decreto\/D8239.htm\" target=\"_blank\" rel=\"noopener noreferrer\">Decreto No.8.239<\/a> de 2014: <span style=\"color: #808080\">&#8220;Regulamenta o \u00a7 4o do art. 2o da Lei no 11.526, de 4 de outubro de 2007, que trata da cess\u00e3o do docente integrante do Plano de Carreiras e Cargos de Magist\u00e9rio Federal, submetido ao regime de dedica\u00e7\u00e3o exclusiva, para ocupa\u00e7\u00e3o de cargo em comiss\u00e3o ou de natureza especial nos Estados, Distrito Federal e Munic\u00edpios, com a manuten\u00e7\u00e3o da vantagem remunerat\u00f3ria referente \u00e0quele regime.&#8221;<\/span><\/li>\n<\/ul>\n<\/li>\n<\/ul>\n<p><span style=\"color: #008000\"><strong>Servi\u00e7os<\/strong><\/span><\/p>\n<ul>\n<li><a href=\"https:\/\/www.servidor.gov.br\/\" target=\"_blank\" rel=\"noopener noreferrer\">Sigepe<\/a>!<\/li>\n<\/ul>\n","protected":false},"excerpt":{"rendered":"<p>Manual de Conduta do Agente P\u00fablico Civil do Poder Executivo Federal Manual do Servidor: PDF. Legisla\u00e7\u00e3o Federal Lei 8112\/1990: &#8220;Disp\u00f5e sobre o regime jur\u00eddico dos servidores p\u00fablicos civis da Uni\u00e3o, das autarquias e das funda\u00e7\u00f5es p\u00fablicas federais.&#8221; Lei 8112\/1990 &#8211; Anotada. pdf! Carreira de Magist\u00e9rio Superior Lei No.4881-A (6\/12\/1965): Disp\u00f5e sobre o Estatudo do Magist\u00e9rio &hellip; <a href=\"https:\/\/blog.ufes.br\/luciofassarella\/servidor\/\">Continue reading <span class=\"meta-nav\">&rarr;<\/span><\/a><\/p>\n","protected":false},"author":73,"featured_media":0,"parent":0,"menu_order":0,"comment_status":"closed","ping_status":"closed","template":"","meta":{"_bbp_topic_count":0,"_bbp_reply_count":0,"_bbp_total_topic_count":0,"_bbp_total_reply_count":0,"_bbp_voice_count":0,"_bbp_anonymous_reply_count":0,"_bbp_topic_count_hidden":0,"_bbp_reply_count_hidden":0,"_bbp_forum_subforum_count":0,"_uag_custom_page_level_css":"","footnotes":""},"class_list":["post-432","page","type-page","status-publish","hentry"],"uagb_featured_image_src":{"full":false,"thumbnail":false,"medium":false,"medium_large":false,"large":false,"1536x1536":false,"2048x2048":false},"uagb_author_info":{"display_name":"luciofassarella","author_link":"https:\/\/blog.ufes.br\/luciofassarella\/author\/lucio_souza-fassarella\/"},"uagb_comment_info":0,"uagb_excerpt":"Manual de Conduta do Agente P\u00fablico Civil do Poder Executivo Federal Manual do Servidor: PDF. Legisla\u00e7\u00e3o Federal Lei 8112\/1990: &#8220;Disp\u00f5e sobre o regime jur\u00eddico dos servidores p\u00fablicos civis da Uni\u00e3o, das autarquias e das funda\u00e7\u00f5es p\u00fablicas federais.&#8221; Lei 8112\/1990 &#8211; Anotada. pdf! Carreira de Magist\u00e9rio Superior Lei No.4881-A (6\/12\/1965): Disp\u00f5e sobre o Estatudo do Magist\u00e9rio&hellip;","_links":{"self":[{"href":"https:\/\/blog.ufes.br\/luciofassarella\/wp-json\/wp\/v2\/pages\/432","targetHints":{"allow":["GET"]}}],"collection":[{"href":"https:\/\/blog.ufes.br\/luciofassarella\/wp-json\/wp\/v2\/pages"}],"about":[{"href":"https:\/\/blog.ufes.br\/luciofassarella\/wp-json\/wp\/v2\/types\/page"}],"author":[{"embeddable":true,"href":"https:\/\/blog.ufes.br\/luciofassarella\/wp-json\/wp\/v2\/users\/73"}],"replies":[{"embeddable":true,"href":"https:\/\/blog.ufes.br\/luciofassarella\/wp-json\/wp\/v2\/comments?post=432"}],"version-history":[{"count":10,"href":"https:\/\/blog.ufes.br\/luciofassarella\/wp-json\/wp\/v2\/pages\/432\/revisions"}],"predecessor-version":[{"id":894,"href":"https:\/\/blog.ufes.br\/luciofassarella\/wp-json\/wp\/v2\/pages\/432\/revisions\/894"}],"wp:attachment":[{"href":"https:\/\/blog.ufes.br\/luciofassarella\/wp-json\/wp\/v2\/media?parent=432"}],"curies":[{"name":"wp","href":"https:\/\/api.w.org\/{rel}","templated":true}]}}