{"id":14,"date":"2017-02-02T14:27:23","date_gmt":"2017-02-02T16:27:23","guid":{"rendered":"http:\/\/blog.ufes.br\/mostradeprofissoes\/?page_id=14"},"modified":"2017-08-21T12:22:36","modified_gmt":"2017-08-21T15:22:36","slug":"sobre-a-mostra","status":"publish","type":"page","link":"https:\/\/blog.ufes.br\/mostradeprofissoes\/sobre-a-mostra\/","title":{"rendered":"Sobre a mostra"},"content":{"rendered":"<p>A Mostra de Profiss\u00f5es 2017 ser\u00e1 realizada nos quatro campi da Universidade: em Alegre, no dia 23 de outubro; em Goiabeiras e Maru\u00edpe, em Vit\u00f3ria, nos dias 25 e 26 de outubro; e em S\u00e3o Mateus, no dia 09 de novembro.<\/p>\n<p>A Ufes estar\u00e1 aberta \u00e0 visita\u00e7\u00e3o dos estudantes do ensino m\u00e9dio \u2013 rede p\u00fablica e<br \/>\nprivada \u2013 para que todos conhe\u00e7am de perto os cursos e a forma\u00e7\u00e3o profissional<br \/>\noferecida por cada um deles. Cada curso est\u00e1 organizando a sua programa\u00e7\u00e3o e o<br \/>\ncircuito de visitas para os dias da Mostra. Os estudantes poder\u00e3o visitar laborat\u00f3-<br \/>\nrios, salas de aulas e conhecer projetos e programas desenvolvidos nos cursos,<br \/>\nal\u00e9m de participar de eventos art\u00edsticos, palestras, exposi\u00e7\u00e3o de livros e salas de<br \/>\nbate-papo com autores, apresenta\u00e7\u00e3o de v\u00eddeos e outros ambientes informativos.<\/p>\n<p>Todos os estudantes est\u00e3o convidados para participar da Mostra de Profiss\u00f5es<br \/>\ne conhecer os nossos cursos, como funcionam, seus conte\u00fados, processos de<br \/>\naprendizagem e as perspectivas de atua\u00e7\u00e3o no mundo do trabalho.<\/p>\n<p>Na Ufes oferecemos forma\u00e7\u00e3o acad\u00eamica para atua\u00e7\u00e3o em diversas carreiras<br \/>\nprofissionais nas grandes \u00e1reas do conhecimento: Ci\u00eancias Exatas e da Terra,<br \/>\nCi\u00eancias Biol\u00f3gicas, Engenharias, Ci\u00eancias da Sa\u00fade, Ci\u00eancias Agr\u00e1rias, Ci\u00eancias<br \/>\nSociais Aplicadas, Ci\u00eancias Humanas, Lingu\u00edstica, Letras e Artes.<\/p>\n<p>Em breve divulgaremos a programa\u00e7\u00e3o das visitas e demais atividades.<br \/>\nContamos com sua presen\u00e7a!<br \/>\nPr\u00f3-Reitoria de Gradua\u00e7\u00e3o<br \/>\nPr\u00f3-Reitoria de Assuntos Estudantis e Cidadania<img loading=\"lazy\" decoding=\"async\" class=\"alignnone size-medium wp-image-452\" src=\"http:\/\/blog.ufes.br\/mostradeprofissoes\/files\/2017\/02\/mostra-de-profiss\u00f5es-300x156.jpg\" alt=\"\" width=\"300\" height=\"156\" srcset=\"https:\/\/blog.ufes.br\/mostradeprofissoes\/files\/2017\/02\/mostra-de-profiss\u00f5es-300x156.jpg 300w, https:\/\/blog.ufes.br\/mostradeprofissoes\/files\/2017\/02\/mostra-de-profiss\u00f5es-768x400.jpg 768w, https:\/\/blog.ufes.br\/mostradeprofissoes\/files\/2017\/02\/mostra-de-profiss\u00f5es-1024x533.jpg 1024w, https:\/\/blog.ufes.br\/mostradeprofissoes\/files\/2017\/02\/mostra-de-profiss\u00f5es-500x260.jpg 500w, https:\/\/blog.ufes.br\/mostradeprofissoes\/files\/2017\/02\/mostra-de-profiss\u00f5es.jpg 2048w\" sizes=\"auto, (max-width: 300px) 100vw, 300px\" \/><\/p>\n","protected":false},"excerpt":{"rendered":"<p>A Mostra de Profiss\u00f5es 2017 ser\u00e1 realizada nos quatro campi da Universidade: em Alegre, no dia 23 de outubro; em Goiabeiras e Maru\u00edpe, em Vit\u00f3ria, nos dias 25 e 26 de outubro; e em S\u00e3o Mateus, no dia 09 de &hellip; <a href=\"https:\/\/blog.ufes.br\/mostradeprofissoes\/sobre-a-mostra\/\">Continue lendo <span class=\"meta-nav\">&rarr;<\/span><\/a><\/p>\n","protected":false},"author":291,"featured_media":0,"parent":0,"menu_order":0,"comment_status":"closed","ping_status":"closed","template":"","meta":{"_bbp_topic_count":0,"_bbp_reply_count":0,"_bbp_total_topic_count":0,"_bbp_total_reply_count":0,"_bbp_voice_count":0,"_bbp_anonymous_reply_count":0,"_bbp_topic_count_hidden":0,"_bbp_reply_count_hidden":0,"_bbp_forum_subforum_count":0,"_uag_custom_page_level_css":"","footnotes":""},"class_list":["post-14","page","type-page","status-publish","hentry"],"uagb_featured_image_src":{"full":false,"thumbnail":false,"medium":false,"medium_large":false,"large":false,"1536x1536":false,"2048x2048":false,"post-thumbnail":false,"large-feature":false,"small-feature":false},"uagb_author_info":{"display_name":"kleyton.oliveira","author_link":"https:\/\/blog.ufes.br\/mostradeprofissoes\/author\/kleyton_barcelos-rangel-de-oliveira\/"},"uagb_comment_info":0,"uagb_excerpt":"A Mostra de Profiss\u00f5es 2017 ser\u00e1 realizada nos quatro campi da Universidade: em Alegre, no dia 23 de outubro; em Goiabeiras e Maru\u00edpe, em Vit\u00f3ria, nos dias 25 e 26 de outubro; e em S\u00e3o Mateus, no dia 09 de &hellip; Continue lendo &rarr;","_links":{"self":[{"href":"https:\/\/blog.ufes.br\/mostradeprofissoes\/wp-json\/wp\/v2\/pages\/14","targetHints":{"allow":["GET"]}}],"collection":[{"href":"https:\/\/blog.ufes.br\/mostradeprofissoes\/wp-json\/wp\/v2\/pages"}],"about":[{"href":"https:\/\/blog.ufes.br\/mostradeprofissoes\/wp-json\/wp\/v2\/types\/page"}],"author":[{"embeddable":true,"href":"https:\/\/blog.ufes.br\/mostradeprofissoes\/wp-json\/wp\/v2\/users\/291"}],"replies":[{"embeddable":true,"href":"https:\/\/blog.ufes.br\/mostradeprofissoes\/wp-json\/wp\/v2\/comments?post=14"}],"version-history":[{"count":12,"href":"https:\/\/blog.ufes.br\/mostradeprofissoes\/wp-json\/wp\/v2\/pages\/14\/revisions"}],"predecessor-version":[{"id":464,"href":"https:\/\/blog.ufes.br\/mostradeprofissoes\/wp-json\/wp\/v2\/pages\/14\/revisions\/464"}],"wp:attachment":[{"href":"https:\/\/blog.ufes.br\/mostradeprofissoes\/wp-json\/wp\/v2\/media?parent=14"}],"curies":[{"name":"wp","href":"https:\/\/api.w.org\/{rel}","templated":true}]}}