{"id":35,"date":"2017-02-02T14:40:04","date_gmt":"2017-02-02T16:40:04","guid":{"rendered":"http:\/\/blog.ufes.br\/mostradeprofissoes\/?page_id=35"},"modified":"2018-09-03T18:11:41","modified_gmt":"2018-09-03T21:11:41","slug":"home","status":"publish","type":"page","link":"https:\/\/blog.ufes.br\/mostradeprofissoes\/","title":{"rendered":"Venha ser aluno da Ufes &#8211; Campus de Alegre!!!"},"content":{"rendered":"<p>A Mostra das Profiss\u00f5es da UFES \u00e9 realizada desde 2016 com o objetivo orientar futuros universit\u00e1rios em suas escolhas profissionais.\u00a0O evento est\u00e1 se inaugurando em formato virtual em 2017.<\/p>\n<p>A III Mostra de Profiss\u00f5es presencial em Alegre ser\u00e1 no dia 19 de outubro de 2018, das 9h \u00e0s 17h.<\/p>\n<p><img loading=\"lazy\" decoding=\"async\" class=\"alignnone size-full wp-image-480\" src=\"http:\/\/blog.ufes.br\/mostradeprofissoes\/files\/2018\/08\/Convite.png\" alt=\"\" width=\"1328\" height=\"992\" \/><\/p>\n<p>&nbsp;<\/p>\n<p>&nbsp;<\/p>\n<p>&nbsp;<\/p>\n","protected":false},"excerpt":{"rendered":"<p>A Mostra das Profiss\u00f5es da UFES \u00e9 realizada desde 2016 com o objetivo orientar futuros universit\u00e1rios em suas escolhas profissionais.\u00a0O evento est\u00e1 se inaugurando em formato virtual em 2017. A III Mostra de Profiss\u00f5es presencial em Alegre ser\u00e1 no dia &hellip; <a href=\"https:\/\/blog.ufes.br\/mostradeprofissoes\/\">Continue lendo <span class=\"meta-nav\">&rarr;<\/span><\/a><\/p>\n","protected":false},"author":291,"featured_media":0,"parent":0,"menu_order":0,"comment_status":"closed","ping_status":"closed","template":"","meta":{"_bbp_topic_count":0,"_bbp_reply_count":0,"_bbp_total_topic_count":0,"_bbp_total_reply_count":0,"_bbp_voice_count":0,"_bbp_anonymous_reply_count":0,"_bbp_topic_count_hidden":0,"_bbp_reply_count_hidden":0,"_bbp_forum_subforum_count":0,"_uag_custom_page_level_css":"","footnotes":""},"class_list":["post-35","page","type-page","status-publish","hentry"],"uagb_featured_image_src":{"full":false,"thumbnail":false,"medium":false,"medium_large":false,"large":false,"1536x1536":false,"2048x2048":false,"post-thumbnail":false,"large-feature":false,"small-feature":false},"uagb_author_info":{"display_name":"kleyton.oliveira","author_link":"https:\/\/blog.ufes.br\/mostradeprofissoes\/author\/kleyton_barcelos-rangel-de-oliveira\/"},"uagb_comment_info":0,"uagb_excerpt":"A Mostra das Profiss\u00f5es da UFES \u00e9 realizada desde 2016 com o objetivo orientar futuros universit\u00e1rios em suas escolhas profissionais.\u00a0O evento est\u00e1 se inaugurando em formato virtual em 2017. A III Mostra de Profiss\u00f5es presencial em Alegre ser\u00e1 no dia &hellip; Continue lendo &rarr;","_links":{"self":[{"href":"https:\/\/blog.ufes.br\/mostradeprofissoes\/wp-json\/wp\/v2\/pages\/35","targetHints":{"allow":["GET"]}}],"collection":[{"href":"https:\/\/blog.ufes.br\/mostradeprofissoes\/wp-json\/wp\/v2\/pages"}],"about":[{"href":"https:\/\/blog.ufes.br\/mostradeprofissoes\/wp-json\/wp\/v2\/types\/page"}],"author":[{"embeddable":true,"href":"https:\/\/blog.ufes.br\/mostradeprofissoes\/wp-json\/wp\/v2\/users\/291"}],"replies":[{"embeddable":true,"href":"https:\/\/blog.ufes.br\/mostradeprofissoes\/wp-json\/wp\/v2\/comments?post=35"}],"version-history":[{"count":25,"href":"https:\/\/blog.ufes.br\/mostradeprofissoes\/wp-json\/wp\/v2\/pages\/35\/revisions"}],"predecessor-version":[{"id":496,"href":"https:\/\/blog.ufes.br\/mostradeprofissoes\/wp-json\/wp\/v2\/pages\/35\/revisions\/496"}],"wp:attachment":[{"href":"https:\/\/blog.ufes.br\/mostradeprofissoes\/wp-json\/wp\/v2\/media?parent=35"}],"curies":[{"name":"wp","href":"https:\/\/api.w.org\/{rel}","templated":true}]}}