{"id":49,"date":"2017-02-22T10:10:04","date_gmt":"2017-02-22T13:10:04","guid":{"rendered":"http:\/\/blog.ufes.br\/mostradeprofissoes\/?page_id=49"},"modified":"2017-02-22T10:10:04","modified_gmt":"2017-02-22T13:10:04","slug":"agronomia","status":"publish","type":"page","link":"https:\/\/blog.ufes.br\/mostradeprofissoes\/agronomia\/","title":{"rendered":"Agronomia"},"content":{"rendered":"<p style=\"text-align: left\">O curso de Agronomia do CCAE- UFES busca a forma\u00e7\u00e3o de um profissional que tenha habilidades e compet\u00eancias para:<\/p>\n<ul style=\"text-align: left\">\n<li>Projetar, coordenar, analisar, fiscalizar, assessorar, supervisionar e especificar t\u00e9cnicas e economicamente projetos agroindustriais e do agroneg\u00f3cio, aplicando padr\u00f5es, medidas e controle de qualidade; Realizar vistorias ,per\u00edcias, avalia\u00e7\u00f5es, arbitramentos, laudos e pareceres t\u00e9cnicos, com condutas, atitudes e responsabilidade t\u00e9cnica e social, respeitando a fauna e a flora e promovendo a conserva\u00e7\u00e3o e\/ou recupera\u00e7\u00e3o da qualidade do solo, d ar e da \u00e1gua, com uso de tecnologias integradas e sustent\u00e1veis do ambiente;<\/li>\n<li>Atuar na organiza\u00e7\u00e3o e gerenciamento empresarial e comunit\u00e1rio interagindo e influenciando nos processos decis\u00f3rios de agentes e institui\u00e7\u00f5es na gest\u00e3o de pol\u00edticas setoriais;<\/li>\n<li>Produzir, conservar e comercializar alimentos, fibras e outros produtos agropecu\u00e1rios;<\/li>\n<li>Participar e atuar em todos os segmentos das cadeias produtivas do agroneg\u00f3cio;<\/li>\n<li>Exercer atividades de doc\u00eancia, pesquisa e extens\u00e3o no ensino t\u00e9cnico profissional, ensino superior, pesquisa, an\u00e1lise, experimenta\u00e7\u00e3o, ensaios e divulga\u00e7\u00e3o t\u00e9cnica e extens\u00e3o;<\/li>\n<li>Enfrentar os desafios das r\u00e1pidas transforma\u00e7\u00f5es da sociedade, do mundo, d trabalho, adaptando-se \u00e0s situa\u00e7\u00f5es novas e emergentes.<\/li>\n<\/ul>\n<p style=\"text-align: left\"><strong>Mercado de Trabalho<\/strong><br \/>\nO engenheiro agr\u00f4nomo atua em ind\u00fastrias de alimentos, em Minist\u00e9rios e Secret\u00e1rias de Agricultura e Meio Ambiente, em empresas de biotecnologia, em institui\u00e7\u00f5es banc\u00e1rias, em institutos de pesquisas em universidades, em escola t\u00e9cnicas, entre outros .<\/p>\n<p style=\"text-align: left\"><strong>Per\u00edodo Integral.<\/strong><br \/>\n<strong> Dura\u00e7\u00e3o de 5 anos (10 semestres).<\/strong><\/p>\n","protected":false},"excerpt":{"rendered":"<p>O curso de Agronomia do CCAE- UFES busca a forma\u00e7\u00e3o de um profissional que tenha habilidades e compet\u00eancias para: Projetar, coordenar, analisar, fiscalizar, assessorar, supervisionar e especificar t\u00e9cnicas e economicamente projetos agroindustriais e do agroneg\u00f3cio, aplicando padr\u00f5es, medidas e controle &hellip; <a href=\"https:\/\/blog.ufes.br\/mostradeprofissoes\/agronomia\/\">Continue lendo <span class=\"meta-nav\">&rarr;<\/span><\/a><\/p>\n","protected":false},"author":289,"featured_media":0,"parent":0,"menu_order":0,"comment_status":"closed","ping_status":"closed","template":"","meta":{"_bbp_topic_count":0,"_bbp_reply_count":0,"_bbp_total_topic_count":0,"_bbp_total_reply_count":0,"_bbp_voice_count":0,"_bbp_anonymous_reply_count":0,"_bbp_topic_count_hidden":0,"_bbp_reply_count_hidden":0,"_bbp_forum_subforum_count":0,"_uag_custom_page_level_css":"","footnotes":""},"class_list":["post-49","page","type-page","status-publish","hentry"],"uagb_featured_image_src":{"full":false,"thumbnail":false,"medium":false,"medium_large":false,"large":false,"1536x1536":false,"2048x2048":false,"post-thumbnail":false,"large-feature":false,"small-feature":false},"uagb_author_info":{"display_name":"josileia.oliveira","author_link":"https:\/\/blog.ufes.br\/mostradeprofissoes\/author\/josilia_curty-de-oliveira\/"},"uagb_comment_info":0,"uagb_excerpt":"O curso de Agronomia do CCAE- UFES busca a forma\u00e7\u00e3o de um profissional que tenha habilidades e compet\u00eancias para: Projetar, coordenar, analisar, fiscalizar, assessorar, supervisionar e especificar t\u00e9cnicas e economicamente projetos agroindustriais e do agroneg\u00f3cio, aplicando padr\u00f5es, medidas e controle &hellip; Continue lendo &rarr;","_links":{"self":[{"href":"https:\/\/blog.ufes.br\/mostradeprofissoes\/wp-json\/wp\/v2\/pages\/49","targetHints":{"allow":["GET"]}}],"collection":[{"href":"https:\/\/blog.ufes.br\/mostradeprofissoes\/wp-json\/wp\/v2\/pages"}],"about":[{"href":"https:\/\/blog.ufes.br\/mostradeprofissoes\/wp-json\/wp\/v2\/types\/page"}],"author":[{"embeddable":true,"href":"https:\/\/blog.ufes.br\/mostradeprofissoes\/wp-json\/wp\/v2\/users\/289"}],"replies":[{"embeddable":true,"href":"https:\/\/blog.ufes.br\/mostradeprofissoes\/wp-json\/wp\/v2\/comments?post=49"}],"version-history":[{"count":1,"href":"https:\/\/blog.ufes.br\/mostradeprofissoes\/wp-json\/wp\/v2\/pages\/49\/revisions"}],"predecessor-version":[{"id":50,"href":"https:\/\/blog.ufes.br\/mostradeprofissoes\/wp-json\/wp\/v2\/pages\/49\/revisions\/50"}],"wp:attachment":[{"href":"https:\/\/blog.ufes.br\/mostradeprofissoes\/wp-json\/wp\/v2\/media?parent=49"}],"curies":[{"name":"wp","href":"https:\/\/api.w.org\/{rel}","templated":true}]}}