{"id":52,"date":"2017-02-22T10:15:39","date_gmt":"2017-02-22T13:15:39","guid":{"rendered":"http:\/\/blog.ufes.br\/mostradeprofissoes\/?page_id=52"},"modified":"2017-02-22T10:15:39","modified_gmt":"2017-02-22T13:15:39","slug":"ciencias-biologicas","status":"publish","type":"page","link":"https:\/\/blog.ufes.br\/mostradeprofissoes\/ciencias-biologicas\/","title":{"rendered":"Ci\u00eancias Biol\u00f3gicas"},"content":{"rendered":"<p>Os cursos de Ci\u00eancias Biol\u00f3gicas da UFES t\u00eam dura\u00e7\u00e3o de 4,5 anos, sendo oferecidas em duas modalidades: Bacharelado e Licenciatura.<\/p>\n<p>O Curso de Bacharelado apresenta disciplinas do ciclo b\u00e1sico e do profissionalizante (com \u00eanfase em biotecnologia), sendo o \u00faltimo ano desenvolvido na forma de Trabalho de Conclus\u00e3o de Curso e est\u00e1gio Supervisionado.<\/p>\n<p>O Curso Licenciatura oferece disciplinas das \u00e1reas biol\u00f3gicas e pedag\u00f3gicas, sendo o ultimo ano desenvolvido na forma de Est\u00e1gio Supervisionado e Pratica de Ensino e Trabalho de Conclus\u00e3o de Curso.<\/p>\n<p>Os Cursos contam com laborat\u00f3rios de ensino e pesquisa nas \u00e1reas de Anatomia e Histologia Animal, Biologia Celular, Biotecnologia, Bot\u00e2nica, Microbiologia, Zoologia, entre outros.<\/p>\n<p>As perspectivas do profissional em Biologia encontram um mercado de trabalho em franco crescimento. No campo de atua\u00e7\u00e3o do bi\u00f3logo est\u00e3o as institui\u00e7\u00f5es de ensino, instituto e laborat\u00f3rios de pesquisa, \u00f3rg\u00e3os governamentais, ind\u00fastrias, museus, jardins bot\u00e2nicos e zool\u00f3gicos, herb\u00e1rios, turismo ecol\u00f3gico, entre outros.<\/p>\n<p><strong>Bacharelado: Per\u00edodo Integral<\/strong><br \/>\n<strong> Licenciatura: Per\u00edodo Noturno<\/strong><\/p>\n","protected":false},"excerpt":{"rendered":"<p>Os cursos de Ci\u00eancias Biol\u00f3gicas da UFES t\u00eam dura\u00e7\u00e3o de 4,5 anos, sendo oferecidas em duas modalidades: Bacharelado e Licenciatura. O Curso de Bacharelado apresenta disciplinas do ciclo b\u00e1sico e do profissionalizante (com \u00eanfase em biotecnologia), sendo o \u00faltimo ano &hellip; <a href=\"https:\/\/blog.ufes.br\/mostradeprofissoes\/ciencias-biologicas\/\">Continue lendo <span class=\"meta-nav\">&rarr;<\/span><\/a><\/p>\n","protected":false},"author":289,"featured_media":0,"parent":0,"menu_order":0,"comment_status":"closed","ping_status":"closed","template":"","meta":{"_bbp_topic_count":0,"_bbp_reply_count":0,"_bbp_total_topic_count":0,"_bbp_total_reply_count":0,"_bbp_voice_count":0,"_bbp_anonymous_reply_count":0,"_bbp_topic_count_hidden":0,"_bbp_reply_count_hidden":0,"_bbp_forum_subforum_count":0,"_uag_custom_page_level_css":"","footnotes":""},"class_list":["post-52","page","type-page","status-publish","hentry"],"uagb_featured_image_src":{"full":false,"thumbnail":false,"medium":false,"medium_large":false,"large":false,"1536x1536":false,"2048x2048":false,"post-thumbnail":false,"large-feature":false,"small-feature":false},"uagb_author_info":{"display_name":"josileia.oliveira","author_link":"https:\/\/blog.ufes.br\/mostradeprofissoes\/author\/josilia_curty-de-oliveira\/"},"uagb_comment_info":0,"uagb_excerpt":"Os cursos de Ci\u00eancias Biol\u00f3gicas da UFES t\u00eam dura\u00e7\u00e3o de 4,5 anos, sendo oferecidas em duas modalidades: Bacharelado e Licenciatura. O Curso de Bacharelado apresenta disciplinas do ciclo b\u00e1sico e do profissionalizante (com \u00eanfase em biotecnologia), sendo o \u00faltimo ano &hellip; Continue lendo &rarr;","_links":{"self":[{"href":"https:\/\/blog.ufes.br\/mostradeprofissoes\/wp-json\/wp\/v2\/pages\/52","targetHints":{"allow":["GET"]}}],"collection":[{"href":"https:\/\/blog.ufes.br\/mostradeprofissoes\/wp-json\/wp\/v2\/pages"}],"about":[{"href":"https:\/\/blog.ufes.br\/mostradeprofissoes\/wp-json\/wp\/v2\/types\/page"}],"author":[{"embeddable":true,"href":"https:\/\/blog.ufes.br\/mostradeprofissoes\/wp-json\/wp\/v2\/users\/289"}],"replies":[{"embeddable":true,"href":"https:\/\/blog.ufes.br\/mostradeprofissoes\/wp-json\/wp\/v2\/comments?post=52"}],"version-history":[{"count":1,"href":"https:\/\/blog.ufes.br\/mostradeprofissoes\/wp-json\/wp\/v2\/pages\/52\/revisions"}],"predecessor-version":[{"id":53,"href":"https:\/\/blog.ufes.br\/mostradeprofissoes\/wp-json\/wp\/v2\/pages\/52\/revisions\/53"}],"wp:attachment":[{"href":"https:\/\/blog.ufes.br\/mostradeprofissoes\/wp-json\/wp\/v2\/media?parent=52"}],"curies":[{"name":"wp","href":"https:\/\/api.w.org\/{rel}","templated":true}]}}